{"id":12725,"date":"2023-11-06T12:56:00","date_gmt":"2023-11-06T11:56:00","guid":{"rendered":"https:\/\/huidenlaserkliniekzeeland.nl\/?page_id=12725"},"modified":"2023-11-06T12:58:25","modified_gmt":"2023-11-06T11:58:25","slug":"mediceuticals-voor-hoofdhuidproblemen","status":"publish","type":"page","link":"https:\/\/huidenlaserkliniekzeeland.nl\/fr\/mediceuticals-voor-hoofdhuidproblemen\/","title":{"rendered":"M\u00e9dicaments pour les probl\u00e8mes de cuir chevelu"},"content":{"rendered":"<div data-elementor-type=\"wp-page\" data-elementor-id=\"12725\" class=\"elementor elementor-12725\" data-elementor-post-type=\"page\">\n\t\t\t\t<div class=\"elementor-element elementor-element-7950547 e-flex e-con-boxed e-con e-parent\" data-id=\"7950547\" data-element_type=\"container\" data-e-type=\"container\">\n\t\t\t\t\t<div class=\"e-con-inner\">\n\t\t<div class=\"elementor-element elementor-element-acbc489 e-con-full e-flex e-con e-child\" data-id=\"acbc489\" data-element_type=\"container\" data-e-type=\"container\">\n\t\t\t\t<div class=\"elementor-element elementor-element-df711c1 elementor-widget elementor-widget-spacer\" data-id=\"df711c1\" data-element_type=\"widget\" data-e-type=\"widget\" data-widget_type=\"spacer.default\">\n\t\t\t\t<div class=\"elementor-widget-container\">\n\t\t\t\t\t\t\t<div class=\"elementor-spacer\">\n\t\t\t<div class=\"elementor-spacer-inner\"><\/div>\n\t\t<\/div>\n\t\t\t\t\t\t<\/div>\n\t\t\t\t<\/div>\n\t\t\t\t<div class=\"elementor-element elementor-element-ad23c7b elementor-widget elementor-widget-hub_fancy_heading\" data-id=\"ad23c7b\" data-element_type=\"widget\" data-e-type=\"widget\" data-widget_type=\"hub_fancy_heading.default\">\n\t\t\t\t<div class=\"elementor-widget-container\">\n\t\t\t\t\t\n\t\t<div id=\"ld-fancy-heading-69ff354adad0d\" class=\"ld-fancy-heading pos-rel\">\n\t\t\t<h1 class=\"ld-fh-element d-inline-block pos-rel  elementor-heading-title lqd-highlight-classic lqd-highlight-grow-left h1\"  > M\u00e9dicaments pour les probl\u00e8mes de cuir chevelu<\/h1>\t\t<\/div>\n\n\t\t\t\t\t\t<\/div>\n\t\t\t\t<\/div>\n\t\t\t\t<div class=\"elementor-element elementor-element-45e4494 elementor-widget elementor-widget-text-editor\" data-id=\"45e4494\" data-element_type=\"widget\" data-e-type=\"widget\" data-widget_type=\"text-editor.default\">\n\t\t\t\t<div class=\"elementor-widget-container\">\n\t\t\t\t\t\t\t\t\t<p>Souffrez-vous r\u00e9guli\u00e8rement de probl\u00e8mes de cuir chevelu ? Les produits m\u00e9dicaux de Mediceuticals peuvent r\u00e9duire de mani\u00e8re significative les probl\u00e8mes de cuir chevelu tels que les pellicules, le cuir chevelu sec, le cuir chevelu gras, le cuir chevelu sensible, la perte de cheveux et les cheveux clairsem\u00e9s !<\/p>\t\t\t\t\t\t\t\t<\/div>\n\t\t\t\t<\/div>\n\t\t\t\t<div class=\"elementor-element elementor-element-6267302 elementor-widget elementor-widget-hub_fancy_heading\" data-id=\"6267302\" data-element_type=\"widget\" data-e-type=\"widget\" data-widget_type=\"hub_fancy_heading.default\">\n\t\t\t\t<div class=\"elementor-widget-container\">\n\t\t\t\t\t\n\t\t<div id=\"ld-fancy-heading-69ff354adb65c\" class=\"ld-fancy-heading pos-rel\">\n\t\t\t<h2 class=\"ld-fh-element d-inline-block pos-rel  elementor-heading-title lqd-highlight-classic lqd-highlight-grow-left h2\"  > Qu'est-ce qu'un produit m\u00e9dicinal ?<\/h2>\t\t<\/div>\n\n\t\t\t\t\t\t<\/div>\n\t\t\t\t<\/div>\n\t\t\t\t<div class=\"elementor-element elementor-element-050b479 elementor-widget elementor-widget-hub_fancy_heading\" data-id=\"050b479\" data-element_type=\"widget\" data-e-type=\"widget\" data-widget_type=\"hub_fancy_heading.default\">\n\t\t\t\t<div class=\"elementor-widget-container\">\n\t\t\t\t\t\n\t\t<div id=\"ld-fancy-heading-69ff354adbaf2\" class=\"ld-fancy-heading pos-rel\">\n\t\t\t<p class=\"ld-fh-element d-inline-block pos-rel  lqd-highlight-classic lqd-highlight-grow-left p\"  > Mediceuticals est un syst\u00e8me avanc\u00e9 de soins des cheveux et du cuir chevelu, formul\u00e9 \u00e0 partir d'ingr\u00e9dients ayant fait l'objet de recherches scientifiques. La gamme comprend des produits con\u00e7us pour traiter divers probl\u00e8mes du cuir chevelu, tels que les pellicules, les d\u00e9mangeaisons, la s\u00e9cheresse, le cuir chevelu excessivement gras et la perte de cheveux.<\/p>\t\t<\/div>\n\n\t\t\t\t\t\t<\/div>\n\t\t\t\t<\/div>\n\t\t\t\t<\/div>\n\t\t<div class=\"elementor-element elementor-element-f1d2292 e-con-full e-flex e-con e-child\" data-id=\"f1d2292\" data-element_type=\"container\" data-e-type=\"container\">\n\t\t\t\t<div class=\"elementor-element elementor-element-7fb9111 elementor-widget elementor-widget-ld_fancy_image\" data-id=\"7fb9111\" data-element_type=\"widget\" data-e-type=\"widget\" data-widget_type=\"ld_fancy_image.default\">\n\t\t\t\t<div class=\"elementor-widget-container\">\n\t\t\t\t\t\n\t\t<div class=\"lqd-imggrp-single d-block pos-rel\">\n\t\t\t<div class=\"lqd-imggrp-img-container d-inline-flex pos-rel align-items-center justify-content-center\">\n\t\t\t\t\t\t\t\t<figure class=\"w-100 pos-rel\">\n\t\t\t\t\t<img fetchpriority=\"high\" decoding=\"async\" width=\"908\" height=\"406\" src=\"https:\/\/huidenlaserkliniekzeeland.nl\/wp-content\/uploads\/2023\/11\/Afbeelding4.png\" class=\"attachment-full size-full wp-image-12716\" alt=\"\" srcset=\"https:\/\/huidenlaserkliniekzeeland.nl\/wp-content\/uploads\/2023\/11\/Afbeelding4.png 908w, https:\/\/huidenlaserkliniekzeeland.nl\/wp-content\/uploads\/2023\/11\/Afbeelding4-300x134.png 300w, https:\/\/huidenlaserkliniekzeeland.nl\/wp-content\/uploads\/2023\/11\/Afbeelding4-600x268.png 600w, https:\/\/huidenlaserkliniekzeeland.nl\/wp-content\/uploads\/2023\/11\/Afbeelding4-18x8.png 18w\" sizes=\"(max-width: 908px) 100vw, 908px\" itemprop=\"image\" \/>\t\t\t\t\t\t\t\t\t\t\t\t\t\t\t\t\t\t\t\t\t\t\t\t\t\t\t\t\t<\/figure>\n\t\t\t<\/div>\n\t\t<\/div>\n\n\t\t\t\t\t<\/div>\n\t\t\t\t<\/div>\n\t\t\t\t<\/div>\n\t\t\t\t\t<\/div>\n\t\t\t\t<\/div>\n\t\t<div class=\"elementor-element elementor-element-71fe2a9 e-flex e-con-boxed e-con e-parent\" data-id=\"71fe2a9\" data-element_type=\"container\" data-e-type=\"container\">\n\t\t\t\t\t<div class=\"e-con-inner\">\n\t\t<div class=\"elementor-element elementor-element-2ef47c3 e-con-full e-flex e-con e-child\" data-id=\"2ef47c3\" data-element_type=\"container\" data-e-type=\"container\">\n\t\t\t\t<div class=\"elementor-element elementor-element-88df17a elementor-widget elementor-widget-spacer\" data-id=\"88df17a\" data-element_type=\"widget\" data-e-type=\"widget\" data-widget_type=\"spacer.default\">\n\t\t\t\t<div class=\"elementor-widget-container\">\n\t\t\t\t\t\t\t<div class=\"elementor-spacer\">\n\t\t\t<div class=\"elementor-spacer-inner\"><\/div>\n\t\t<\/div>\n\t\t\t\t\t\t<\/div>\n\t\t\t\t<\/div>\n\t\t\t\t<div class=\"elementor-element elementor-element-e22c628 elementor-widget elementor-widget-hub_fancy_heading\" data-id=\"e22c628\" data-element_type=\"widget\" data-e-type=\"widget\" data-widget_type=\"hub_fancy_heading.default\">\n\t\t\t\t<div class=\"elementor-widget-container\">\n\t\t\t\t\t\n\t\t<div id=\"ld-fancy-heading-69ff354adcac1\" class=\"ld-fancy-heading pos-rel\">\n\t\t\t<h3 class=\"ld-fh-element d-inline-block pos-rel  elementor-heading-title lqd-highlight-classic lqd-highlight-grow-left h3\"  > Les avantages des produits m\u00e9dicinaux<\/h3>\t\t<\/div>\n\n\t\t\t\t\t\t<\/div>\n\t\t\t\t<\/div>\n\t\t\t\t<div class=\"elementor-element elementor-element-f4c1a13 elementor-widget elementor-widget-text-editor\" data-id=\"f4c1a13\" data-element_type=\"widget\" data-e-type=\"widget\" data-widget_type=\"text-editor.default\">\n\t\t\t\t<div class=\"elementor-widget-container\">\n\t\t\t\t\t\t\t\t\t<p><strong>Traitements personnalis\u00e9s :<\/strong> Nos produits offrent des solutions sur mesure pour divers probl\u00e8mes de cuir chevelu, permettant aux individus de traiter efficacement leurs conditions sp\u00e9cifiques.<\/p><p><strong>Ingr\u00e9dients cliniquement prouv\u00e9s :<\/strong> Gr\u00e2ce \u00e0 des formules scientifiques, les produits Mediceuticals contiennent des ingr\u00e9dients actifs dont l'efficacit\u00e9 a \u00e9t\u00e9 prouv\u00e9e dans le traitement des probl\u00e8mes de cuir chevelu.<\/p><p><strong>Un cuir chevelu plus sain, des cheveux plus beaux :<\/strong> En traitant le cuir chevelu, les produits Mediceuticals cr\u00e9ent un environnement sain dans lequel les cheveux peuvent pousser de mani\u00e8re optimale.<\/p>\t\t\t\t\t\t\t\t<\/div>\n\t\t\t\t<\/div>\n\t\t\t\t<\/div>\n\t\t<div class=\"elementor-element elementor-element-35a8784 e-con-full e-flex e-con e-child\" data-id=\"35a8784\" data-element_type=\"container\" data-e-type=\"container\">\n\t\t\t\t<\/div>\n\t\t\t\t\t<\/div>\n\t\t\t\t<\/div>\n\t\t<div class=\"elementor-element elementor-element-e448dfd e-flex e-con-boxed e-con e-parent\" data-id=\"e448dfd\" data-element_type=\"container\" data-e-type=\"container\">\n\t\t\t\t\t<div class=\"e-con-inner\">\n\t\t<div class=\"elementor-element elementor-element-6f1fe36 e-con-full e-flex e-con e-child\" data-id=\"6f1fe36\" data-element_type=\"container\" data-e-type=\"container\">\n\t\t\t\t<div class=\"elementor-element elementor-element-68c5b7c elementor-widget elementor-widget-spacer\" data-id=\"68c5b7c\" data-element_type=\"widget\" data-e-type=\"widget\" data-widget_type=\"spacer.default\">\n\t\t\t\t<div class=\"elementor-widget-container\">\n\t\t\t\t\t\t\t<div class=\"elementor-spacer\">\n\t\t\t<div class=\"elementor-spacer-inner\"><\/div>\n\t\t<\/div>\n\t\t\t\t\t\t<\/div>\n\t\t\t\t<\/div>\n\t\t\t\t<div class=\"elementor-element elementor-element-cebc7f9 elementor-widget elementor-widget-hub_fancy_heading\" data-id=\"cebc7f9\" data-element_type=\"widget\" data-e-type=\"widget\" data-widget_type=\"hub_fancy_heading.default\">\n\t\t\t\t<div class=\"elementor-widget-container\">\n\t\t\t\t\t\n\t\t<div id=\"ld-fancy-heading-69ff354add395\" class=\"ld-fancy-heading pos-rel\">\n\t\t\t<h3 class=\"ld-fh-element d-inline-block pos-rel  elementor-heading-title lqd-highlight-classic lqd-highlight-grow-left h3\"  > Comment se d\u00e9roule le traitement ?<\/h3>\t\t<\/div>\n\n\t\t\t\t\t\t<\/div>\n\t\t\t\t<\/div>\n\t\t\t\t<div class=\"elementor-element elementor-element-a600a40 elementor-widget elementor-widget-text-editor\" data-id=\"a600a40\" data-element_type=\"widget\" data-e-type=\"widget\" data-widget_type=\"text-editor.default\">\n\t\t\t\t<div class=\"elementor-widget-container\">\n\t\t\t\t\t\t\t\t\t<p>Tout d'abord, une consultation est pr\u00e9vue au cours de laquelle vos probl\u00e8mes de cuir chevelu sont discut\u00e9s et examin\u00e9s \u00e0 l'aide du Mediscope. Le Mediscope est un instrument de diagnostic avanc\u00e9 qui nous permet d'examiner le cuir chevelu de plus pr\u00e8s. Il nous permet d'identifier les diff\u00e9rents probl\u00e8mes du cuir chevelu, des pellicules \u00e0 la production excessive de s\u00e9bum.<\/p><p>Lors d'une analyse au Mediscope, l'un de nos sp\u00e9cialistes des cheveux et du cuir chevelu placera d\u00e9licatement le Mediscope sur diff\u00e9rentes parties de votre cuir chevelu. Cela nous permet d'examiner en d\u00e9tail la sant\u00e9 de votre cuir chevelu. Nous prenons le temps d'identifier et d'enregistrer tous les probl\u00e8mes afin de bien comprendre les besoins de votre cuir chevelu.<\/p><p>Apr\u00e8s l'analyse, les r\u00e9sultats sont discut\u00e9s avec vous. Un conseil appropri\u00e9 et un plan de traitement utilisant les produits Mediceuticals sont discut\u00e9s. Il vous appartient ensuite d'utiliser les produits \u00e0 domicile conform\u00e9ment au plan de traitement \u00e9tabli.<\/p><p>Apr\u00e8s 3 mois, une \u00e9valuation du cuir chevelu a lieu \u00e0 la clinique. Nous utilisons \u00e0 nouveau le Mediscope et les photos sont compar\u00e9es. Enfin, un plan de traitement de suivi est \u00e9tabli pour que vous puissiez le suivre de mani\u00e8re autonome. Bien entendu, vous \u00eates toujours le bienvenu pour une consultation suppl\u00e9mentaire si vous le souhaitez.<\/p><p>Pour plus d'informations sur nos traitements ou pour prendre rendez-vous, n'h\u00e9sitez pas \u00e0 nous contacter.<\/p>\t\t\t\t\t\t\t\t<\/div>\n\t\t\t\t<\/div>\n\t\t\t\t<\/div>\n\t\t<div class=\"elementor-element elementor-element-aa32158 e-con-full e-flex e-con e-child\" data-id=\"aa32158\" data-element_type=\"container\" data-e-type=\"container\">\n\t\t\t\t<\/div>\n\t\t\t\t\t<\/div>\n\t\t\t\t<\/div>\n\t\t\t\t<\/div>","protected":false},"excerpt":{"rendered":"<p>Mediceuticals voor hoofdhuidproblemen Heb je regelmatig last van je hoofdhuid? Met de medische producten van Mediceuticals kunnen hoofdhuidproblemen zoals roos, droge hoofdhuid, vette hoofdhuid, gevoelige hoofdhuid, haaruitval en dunner wordend haar aanzienlijk worden verminderd! Wat zijn Mediceuticals? Mediceuticals is een geavanceerd haar- en hoofdhuidverzorgingssysteem dat is samengesteld met wetenschappelijk onderzochte ingredi\u00ebnten. Het assortiment omvat producten [&hellip;]<\/p>\n","protected":false},"author":2,"featured_media":0,"parent":0,"menu_order":0,"comment_status":"closed","ping_status":"closed","template":"","meta":{"footnotes":""},"class_list":["post-12725","page","type-page","status-publish","hentry"],"yoast_head":"<!-- This site is optimized with the Yoast SEO Premium plugin v27.0 (Yoast SEO v27.5) - https:\/\/yoast.com\/product\/yoast-seo-premium-wordpress\/ -->\n<title>Mediceuticals voor hoofdhuidproblemen - Huidenlaserkliniekzeeland<\/title>\n<meta name=\"robots\" content=\"index, follow, max-snippet:-1, max-image-preview:large, max-video-preview:-1\" \/>\n<link rel=\"canonical\" href=\"https:\/\/huidenlaserkliniekzeeland.nl\/fr\/mediceuticals-voor-hoofdhuidproblemen\/\" \/>\n<meta property=\"og:locale\" content=\"fr_FR\" \/>\n<meta property=\"og:type\" content=\"article\" \/>\n<meta property=\"og:title\" content=\"Mediceuticals voor hoofdhuidproblemen\" \/>\n<meta property=\"og:description\" content=\"Mediceuticals voor hoofdhuidproblemen Heb je regelmatig last van je hoofdhuid? Met de medische producten van Mediceuticals kunnen hoofdhuidproblemen zoals roos, droge hoofdhuid, vette hoofdhuid, gevoelige hoofdhuid, haaruitval en dunner wordend haar aanzienlijk worden verminderd! Wat zijn Mediceuticals? Mediceuticals is een geavanceerd haar- en hoofdhuidverzorgingssysteem dat is samengesteld met wetenschappelijk onderzochte ingredi\u00ebnten. Het assortiment omvat producten [&hellip;]\" \/>\n<meta property=\"og:url\" content=\"https:\/\/huidenlaserkliniekzeeland.nl\/fr\/mediceuticals-voor-hoofdhuidproblemen\/\" \/>\n<meta property=\"og:site_name\" content=\"Huidenlaserkliniekzeeland\" \/>\n<meta property=\"article:modified_time\" content=\"2023-11-06T11:58:25+00:00\" \/>\n<meta property=\"og:image\" content=\"https:\/\/huidenlaserkliniekzeeland.nl\/wp-content\/uploads\/2023\/11\/Afbeelding4.png\" \/>\n<meta name=\"twitter:card\" content=\"summary_large_image\" \/>\n<meta name=\"twitter:label1\" content=\"Dur\u00e9e de lecture estim\u00e9e\" \/>\n\t<meta name=\"twitter:data1\" content=\"2 minutes\" \/>\n<script type=\"application\/ld+json\" class=\"yoast-schema-graph\">{\"@context\":\"https:\\\/\\\/schema.org\",\"@graph\":[{\"@type\":\"WebPage\",\"@id\":\"https:\\\/\\\/huidenlaserkliniekzeeland.nl\\\/mediceuticals-voor-hoofdhuidproblemen\\\/\",\"url\":\"https:\\\/\\\/huidenlaserkliniekzeeland.nl\\\/mediceuticals-voor-hoofdhuidproblemen\\\/\",\"name\":\"Mediceuticals voor hoofdhuidproblemen - Huidenlaserkliniekzeeland\",\"isPartOf\":{\"@id\":\"https:\\\/\\\/huidenlaserkliniekzeeland.nl\\\/#website\"},\"primaryImageOfPage\":{\"@id\":\"https:\\\/\\\/huidenlaserkliniekzeeland.nl\\\/mediceuticals-voor-hoofdhuidproblemen\\\/#primaryimage\"},\"image\":{\"@id\":\"https:\\\/\\\/huidenlaserkliniekzeeland.nl\\\/mediceuticals-voor-hoofdhuidproblemen\\\/#primaryimage\"},\"thumbnailUrl\":\"https:\\\/\\\/huidenlaserkliniekzeeland.nl\\\/wp-content\\\/uploads\\\/2023\\\/11\\\/Afbeelding4.png\",\"datePublished\":\"2023-11-06T11:56:00+00:00\",\"dateModified\":\"2023-11-06T11:58:25+00:00\",\"breadcrumb\":{\"@id\":\"https:\\\/\\\/huidenlaserkliniekzeeland.nl\\\/mediceuticals-voor-hoofdhuidproblemen\\\/#breadcrumb\"},\"inLanguage\":\"fr-FR\",\"potentialAction\":[{\"@type\":\"ReadAction\",\"target\":[\"https:\\\/\\\/huidenlaserkliniekzeeland.nl\\\/mediceuticals-voor-hoofdhuidproblemen\\\/\"]}]},{\"@type\":\"ImageObject\",\"inLanguage\":\"fr-FR\",\"@id\":\"https:\\\/\\\/huidenlaserkliniekzeeland.nl\\\/mediceuticals-voor-hoofdhuidproblemen\\\/#primaryimage\",\"url\":\"https:\\\/\\\/huidenlaserkliniekzeeland.nl\\\/wp-content\\\/uploads\\\/2023\\\/11\\\/Afbeelding4.png\",\"contentUrl\":\"https:\\\/\\\/huidenlaserkliniekzeeland.nl\\\/wp-content\\\/uploads\\\/2023\\\/11\\\/Afbeelding4.png\"},{\"@type\":\"BreadcrumbList\",\"@id\":\"https:\\\/\\\/huidenlaserkliniekzeeland.nl\\\/mediceuticals-voor-hoofdhuidproblemen\\\/#breadcrumb\",\"itemListElement\":[{\"@type\":\"ListItem\",\"position\":1,\"name\":\"Home\",\"item\":\"https:\\\/\\\/huidenlaserkliniekzeeland.nl\\\/\"},{\"@type\":\"ListItem\",\"position\":2,\"name\":\"Mediceuticals voor hoofdhuidproblemen\"}]},{\"@type\":\"WebSite\",\"@id\":\"https:\\\/\\\/huidenlaserkliniekzeeland.nl\\\/#website\",\"url\":\"https:\\\/\\\/huidenlaserkliniekzeeland.nl\\\/\",\"name\":\"Huidenlaserkliniekzeeland\",\"description\":\"Cosmetische chirurgie en huidtherapie in Zeeland\",\"publisher\":{\"@id\":\"https:\\\/\\\/huidenlaserkliniekzeeland.nl\\\/#organization\"},\"potentialAction\":[{\"@type\":\"SearchAction\",\"target\":{\"@type\":\"EntryPoint\",\"urlTemplate\":\"https:\\\/\\\/huidenlaserkliniekzeeland.nl\\\/?s={search_term_string}\"},\"query-input\":{\"@type\":\"PropertyValueSpecification\",\"valueRequired\":true,\"valueName\":\"search_term_string\"}}],\"inLanguage\":\"fr-FR\"},{\"@type\":\"Organization\",\"@id\":\"https:\\\/\\\/huidenlaserkliniekzeeland.nl\\\/#organization\",\"name\":\"Contrainer\",\"url\":\"https:\\\/\\\/huidenlaserkliniekzeeland.nl\\\/\",\"logo\":{\"@type\":\"ImageObject\",\"inLanguage\":\"fr-FR\",\"@id\":\"https:\\\/\\\/huidenlaserkliniekzeeland.nl\\\/#\\\/schema\\\/logo\\\/image\\\/\",\"url\":\"https:\\\/\\\/huidenlaserkliniekzeeland.nl\\\/wp-content\\\/uploads\\\/2023\\\/02\\\/Contrainer-logo-volledig.png\",\"contentUrl\":\"https:\\\/\\\/huidenlaserkliniekzeeland.nl\\\/wp-content\\\/uploads\\\/2023\\\/02\\\/Contrainer-logo-volledig.png\",\"width\":1579,\"height\":493,\"caption\":\"Contrainer\"},\"image\":{\"@id\":\"https:\\\/\\\/huidenlaserkliniekzeeland.nl\\\/#\\\/schema\\\/logo\\\/image\\\/\"}}]}<\/script>\n<!-- \/ Yoast SEO Premium plugin. -->","yoast_head_json":{"title":"M\u00e9dicaments pour les probl\u00e8mes de cuir chevelu - Skin Laser Clinic Zealand","robots":{"index":"index","follow":"follow","max-snippet":"max-snippet:-1","max-image-preview":"max-image-preview:large","max-video-preview":"max-video-preview:-1"},"canonical":"https:\/\/huidenlaserkliniekzeeland.nl\/fr\/mediceuticals-voor-hoofdhuidproblemen\/","og_locale":"fr_FR","og_type":"article","og_title":"Mediceuticals voor hoofdhuidproblemen","og_description":"Mediceuticals voor hoofdhuidproblemen Heb je regelmatig last van je hoofdhuid? Met de medische producten van Mediceuticals kunnen hoofdhuidproblemen zoals roos, droge hoofdhuid, vette hoofdhuid, gevoelige hoofdhuid, haaruitval en dunner wordend haar aanzienlijk worden verminderd! Wat zijn Mediceuticals? Mediceuticals is een geavanceerd haar- en hoofdhuidverzorgingssysteem dat is samengesteld met wetenschappelijk onderzochte ingredi\u00ebnten. Het assortiment omvat producten [&hellip;]","og_url":"https:\/\/huidenlaserkliniekzeeland.nl\/fr\/mediceuticals-voor-hoofdhuidproblemen\/","og_site_name":"Huidenlaserkliniekzeeland","article_modified_time":"2023-11-06T11:58:25+00:00","og_image":[{"url":"https:\/\/huidenlaserkliniekzeeland.nl\/wp-content\/uploads\/2023\/11\/Afbeelding4.png","type":"","width":"","height":""}],"twitter_card":"summary_large_image","twitter_misc":{"Dur\u00e9e de lecture estim\u00e9e":"2 minutes"},"schema":{"@context":"https:\/\/schema.org","@graph":[{"@type":"WebPage","@id":"https:\/\/huidenlaserkliniekzeeland.nl\/mediceuticals-voor-hoofdhuidproblemen\/","url":"https:\/\/huidenlaserkliniekzeeland.nl\/mediceuticals-voor-hoofdhuidproblemen\/","name":"M\u00e9dicaments pour les probl\u00e8mes de cuir chevelu - Skin Laser Clinic Zealand","isPartOf":{"@id":"https:\/\/huidenlaserkliniekzeeland.nl\/#website"},"primaryImageOfPage":{"@id":"https:\/\/huidenlaserkliniekzeeland.nl\/mediceuticals-voor-hoofdhuidproblemen\/#primaryimage"},"image":{"@id":"https:\/\/huidenlaserkliniekzeeland.nl\/mediceuticals-voor-hoofdhuidproblemen\/#primaryimage"},"thumbnailUrl":"https:\/\/huidenlaserkliniekzeeland.nl\/wp-content\/uploads\/2023\/11\/Afbeelding4.png","datePublished":"2023-11-06T11:56:00+00:00","dateModified":"2023-11-06T11:58:25+00:00","breadcrumb":{"@id":"https:\/\/huidenlaserkliniekzeeland.nl\/mediceuticals-voor-hoofdhuidproblemen\/#breadcrumb"},"inLanguage":"fr-FR","potentialAction":[{"@type":"ReadAction","target":["https:\/\/huidenlaserkliniekzeeland.nl\/mediceuticals-voor-hoofdhuidproblemen\/"]}]},{"@type":"ImageObject","inLanguage":"fr-FR","@id":"https:\/\/huidenlaserkliniekzeeland.nl\/mediceuticals-voor-hoofdhuidproblemen\/#primaryimage","url":"https:\/\/huidenlaserkliniekzeeland.nl\/wp-content\/uploads\/2023\/11\/Afbeelding4.png","contentUrl":"https:\/\/huidenlaserkliniekzeeland.nl\/wp-content\/uploads\/2023\/11\/Afbeelding4.png"},{"@type":"BreadcrumbList","@id":"https:\/\/huidenlaserkliniekzeeland.nl\/mediceuticals-voor-hoofdhuidproblemen\/#breadcrumb","itemListElement":[{"@type":"ListItem","position":1,"name":"Home","item":"https:\/\/huidenlaserkliniekzeeland.nl\/"},{"@type":"ListItem","position":2,"name":"Mediceuticals voor hoofdhuidproblemen"}]},{"@type":"WebSite","@id":"https:\/\/huidenlaserkliniekzeeland.nl\/#website","url":"https:\/\/huidenlaserkliniekzeeland.nl\/","name":"Clinique laser pour la peau","description":"Chirurgie esth\u00e9tique et th\u00e9rapie de la peau \u00e0 Zeeland","publisher":{"@id":"https:\/\/huidenlaserkliniekzeeland.nl\/#organization"},"potentialAction":[{"@type":"SearchAction","target":{"@type":"EntryPoint","urlTemplate":"https:\/\/huidenlaserkliniekzeeland.nl\/?s={search_term_string}"},"query-input":{"@type":"PropertyValueSpecification","valueRequired":true,"valueName":"search_term_string"}}],"inLanguage":"fr-FR"},{"@type":"Organization","@id":"https:\/\/huidenlaserkliniekzeeland.nl\/#organization","name":"Contrainte","url":"https:\/\/huidenlaserkliniekzeeland.nl\/","logo":{"@type":"ImageObject","inLanguage":"fr-FR","@id":"https:\/\/huidenlaserkliniekzeeland.nl\/#\/schema\/logo\/image\/","url":"https:\/\/huidenlaserkliniekzeeland.nl\/wp-content\/uploads\/2023\/02\/Contrainer-logo-volledig.png","contentUrl":"https:\/\/huidenlaserkliniekzeeland.nl\/wp-content\/uploads\/2023\/02\/Contrainer-logo-volledig.png","width":1579,"height":493,"caption":"Contrainer"},"image":{"@id":"https:\/\/huidenlaserkliniekzeeland.nl\/#\/schema\/logo\/image\/"}}]}},"_links":{"self":[{"href":"https:\/\/huidenlaserkliniekzeeland.nl\/fr\/wp-json\/wp\/v2\/pages\/12725","targetHints":{"allow":["GET"]}}],"collection":[{"href":"https:\/\/huidenlaserkliniekzeeland.nl\/fr\/wp-json\/wp\/v2\/pages"}],"about":[{"href":"https:\/\/huidenlaserkliniekzeeland.nl\/fr\/wp-json\/wp\/v2\/types\/page"}],"author":[{"embeddable":true,"href":"https:\/\/huidenlaserkliniekzeeland.nl\/fr\/wp-json\/wp\/v2\/users\/2"}],"replies":[{"embeddable":true,"href":"https:\/\/huidenlaserkliniekzeeland.nl\/fr\/wp-json\/wp\/v2\/comments?post=12725"}],"version-history":[{"count":0,"href":"https:\/\/huidenlaserkliniekzeeland.nl\/fr\/wp-json\/wp\/v2\/pages\/12725\/revisions"}],"wp:attachment":[{"href":"https:\/\/huidenlaserkliniekzeeland.nl\/fr\/wp-json\/wp\/v2\/media?parent=12725"}],"curies":[{"name":"wp","href":"https:\/\/api.w.org\/{rel}","templated":true}]}}