{"id":12720,"date":"2023-11-06T12:54:21","date_gmt":"2023-11-06T11:54:21","guid":{"rendered":"https:\/\/huidenlaserkliniekzeeland.nl\/?page_id=12720"},"modified":"2025-04-01T15:08:57","modified_gmt":"2025-04-01T13:08:57","slug":"japanese-headspa","status":"publish","type":"page","link":"https:\/\/huidenlaserkliniekzeeland.nl\/fr\/japanese-headspa\/","title":{"rendered":"Spa japonais"},"content":{"rendered":"\t\t<div data-elementor-type=\"wp-page\" data-elementor-id=\"12720\" class=\"elementor elementor-12720\" data-elementor-post-type=\"page\">\n\t\t\t\t<div class=\"elementor-element elementor-element-062cb04 e-flex e-con-boxed e-con e-parent\" data-id=\"062cb04\" data-element_type=\"container\" data-e-type=\"container\">\n\t\t\t\t\t<div class=\"e-con-inner\">\n\t\t<div class=\"elementor-element elementor-element-c04c50f e-con-full e-flex e-con e-child\" data-id=\"c04c50f\" data-element_type=\"container\" data-e-type=\"container\">\n\t\t\t\t<div class=\"elementor-element elementor-element-3c87bb9 elementor-widget elementor-widget-hub_fancy_heading\" data-id=\"3c87bb9\" data-element_type=\"widget\" data-e-type=\"widget\" data-widget_type=\"hub_fancy_heading.default\">\n\t\t\t\t<div class=\"elementor-widget-container\">\n\t\t\t\t\t\n\t\t<div id=\"ld-fancy-heading-69f633f0bd781\" class=\"ld-fancy-heading pos-rel\">\n\t\t\t<h1 class=\"ld-fh-element d-inline-block pos-rel  elementor-heading-title lqd-highlight-classic lqd-highlight-grow-left h1\"  > Japanese Head Spa<\/h1>\t\t<\/div>\n\n\t\t\t\t\t\t<\/div>\n\t\t\t\t<\/div>\n\t\t\t\t<div class=\"elementor-element elementor-element-33564be elementor-widget elementor-widget-spacer\" data-id=\"33564be\" data-element_type=\"widget\" data-e-type=\"widget\" data-widget_type=\"spacer.default\">\n\t\t\t\t<div class=\"elementor-widget-container\">\n\t\t\t\t\t\t\t<div class=\"elementor-spacer\">\n\t\t\t<div class=\"elementor-spacer-inner\"><\/div>\n\t\t<\/div>\n\t\t\t\t\t\t<\/div>\n\t\t\t\t<\/div>\n\t\t\t\t<div class=\"elementor-element elementor-element-8397f51 elementor-widget elementor-widget-hub_fancy_heading\" data-id=\"8397f51\" data-element_type=\"widget\" data-e-type=\"widget\" data-widget_type=\"hub_fancy_heading.default\">\n\t\t\t\t<div class=\"elementor-widget-container\">\n\t\t\t\t\t\n\t\t<div id=\"ld-fancy-heading-69f633f0bdc99\" class=\"ld-fancy-heading pos-rel\">\n\t\t\t<h2 class=\"ld-fh-element d-inline-block pos-rel  elementor-heading-title lqd-highlight-classic lqd-highlight-grow-left h2\"  > Wat is een Japanse Head Spa?<\/h2>\t\t<\/div>\n\n\t\t\t\t\t\t<\/div>\n\t\t\t\t<\/div>\n\t\t\t\t<div class=\"elementor-element elementor-element-566affd elementor-widget elementor-widget-hub_fancy_heading\" data-id=\"566affd\" data-element_type=\"widget\" data-e-type=\"widget\" data-widget_type=\"hub_fancy_heading.default\">\n\t\t\t\t<div class=\"elementor-widget-container\">\n\t\t\t\t\t\n\t\t<div id=\"ld-fancy-heading-69f633f0be0d0\" class=\"ld-fancy-heading pos-rel\">\n\t\t\t<p class=\"ld-fh-element d-inline-block pos-rel  lqd-highlight-classic lqd-highlight-grow-left p\"  > Een Japanse Head Spa is meer dan alleen een standaard hoofdhuidmassage. Het is een holistische benadering van haarverzorging en ontspanning, waarbij de nadruk ligt op het herstellen van de gezondheid van de hoofdhuid, het stimuleren van de haargroei en het bevorderen van een gevoel van algemeen welzijn.<\/p>\t\t<\/div>\n\n\t\t\t\t\t\t<\/div>\n\t\t\t\t<\/div>\n\t\t\t\t<\/div>\n\t\t<div class=\"elementor-element elementor-element-29c2dbf e-con-full e-flex e-con e-child\" data-id=\"29c2dbf\" data-element_type=\"container\" data-e-type=\"container\">\n\t\t\t\t<div class=\"elementor-element elementor-element-36e9689 elementor-widget elementor-widget-ld_fancy_image\" data-id=\"36e9689\" data-element_type=\"widget\" data-e-type=\"widget\" data-settings=\"{&quot;motion_fx_motion_fx_scrolling&quot;:&quot;yes&quot;,&quot;motion_fx_devices&quot;:[&quot;desktop&quot;,&quot;tablet&quot;,&quot;mobile&quot;]}\" data-widget_type=\"ld_fancy_image.default\">\n\t\t\t\t<div class=\"elementor-widget-container\">\n\t\t\t\t\t\n\t\t<div class=\"lqd-imggrp-single d-block pos-rel perspective\" data-shadow-style=\"1\" data-hover3d=\"true\">\n\t\t\t<div class=\"lqd-imggrp-img-container d-inline-flex pos-rel align-items-center justify-content-center transform-style-3d\">\n\t\t\t\t\t\t\t\t<figure class=\"w-100 pos-rel\" data-stacking-factor=\"1\">\n\t\t\t\t\t<img fetchpriority=\"high\" decoding=\"async\" width=\"1036\" height=\"518\" src=\"https:\/\/huidenlaserkliniekzeeland.nl\/wp-content\/uploads\/2023\/11\/Afbeelding3.png\" class=\"attachment-full size-full wp-image-12715\" alt=\"\" srcset=\"https:\/\/huidenlaserkliniekzeeland.nl\/wp-content\/uploads\/2023\/11\/Afbeelding3.png 1036w, https:\/\/huidenlaserkliniekzeeland.nl\/wp-content\/uploads\/2023\/11\/Afbeelding3-300x150.png 300w, https:\/\/huidenlaserkliniekzeeland.nl\/wp-content\/uploads\/2023\/11\/Afbeelding3-1024x512.png 1024w, https:\/\/huidenlaserkliniekzeeland.nl\/wp-content\/uploads\/2023\/11\/Afbeelding3-600x300.png 600w, https:\/\/huidenlaserkliniekzeeland.nl\/wp-content\/uploads\/2023\/11\/Afbeelding3-18x9.png 18w\" sizes=\"(max-width: 1036px) 100vw, 1036px\" itemprop=\"image\" \/>\t\t\t\t\t\t\t\t\t\t\t\t\t\t\t\t\t\t\t\t\t\t\t\t\t\t\t\t\t<\/figure>\n\t\t\t<\/div>\n\t\t<\/div>\n\n\t\t\t\t\t<\/div>\n\t\t\t\t<\/div>\n\t\t\t\t<\/div>\n\t\t\t\t\t<\/div>\n\t\t\t\t<\/div>\n\t\t<div class=\"elementor-element elementor-element-e1cc4a6 e-flex e-con-boxed e-con e-parent\" data-id=\"e1cc4a6\" data-element_type=\"container\" data-e-type=\"container\">\n\t\t\t\t\t<div class=\"e-con-inner\">\n\t\t<div class=\"elementor-element elementor-element-32503a6 e-con-full e-flex e-con e-child\" data-id=\"32503a6\" data-element_type=\"container\" data-e-type=\"container\">\n\t\t\t\t<div class=\"elementor-element elementor-element-5d2a951 elementor-widget elementor-widget-spacer\" data-id=\"5d2a951\" data-element_type=\"widget\" data-e-type=\"widget\" data-widget_type=\"spacer.default\">\n\t\t\t\t<div class=\"elementor-widget-container\">\n\t\t\t\t\t\t\t<div class=\"elementor-spacer\">\n\t\t\t<div class=\"elementor-spacer-inner\"><\/div>\n\t\t<\/div>\n\t\t\t\t\t\t<\/div>\n\t\t\t\t<\/div>\n\t\t\t\t<div class=\"elementor-element elementor-element-a319679 elementor-widget elementor-widget-hub_fancy_heading\" data-id=\"a319679\" data-element_type=\"widget\" data-e-type=\"widget\" data-widget_type=\"hub_fancy_heading.default\">\n\t\t\t\t<div class=\"elementor-widget-container\">\n\t\t\t\t\t\n\t\t<div id=\"ld-fancy-heading-69f633f0bf430\" class=\"ld-fancy-heading pos-rel\">\n\t\t\t<h3 class=\"ld-fh-element d-inline-block pos-rel  elementor-heading-title lqd-highlight-classic lqd-highlight-grow-left h3\"  > De Voordelen van een Japanse Head Spa<\/h3>\t\t<\/div>\n\n\t\t\t\t\t\t<\/div>\n\t\t\t\t<\/div>\n\t\t\t\t<div class=\"elementor-element elementor-element-047a7ff elementor-widget elementor-widget-text-editor\" data-id=\"047a7ff\" data-element_type=\"widget\" data-e-type=\"widget\" data-widget_type=\"text-editor.default\">\n\t\t\t\t<div class=\"elementor-widget-container\">\n\t\t\t\t\t\t\t\t\t<ul><li>Verbeterde Hoofdhuidgezondheid: Onze spa-behandelingen zijn gericht op het reinigen van de hoofdhuid, het verwijderen van onzuiverheden en het stimuleren van de bloedcirculatie, wat kan bijdragen aan gezonder haar.<\/li><li>Stressvermindering: De rustgevende massagetechnieken kunnen helpen bij het verminderen van spanning en stress, waardoor je een gevoel van diepe ontspanning ervaart.<\/li><li>Verbeterde Haarkwaliteit: Door de hoofdhuid te voeden en te masseren, kunnen deze behandelingen de algehele conditie van je haar verbeteren.<\/li><\/ul><p>Voor meer informatie over onze behandelingen of om een afspraak te maken, neem gerust contact met ons op.<\/p>\t\t\t\t\t\t\t\t<\/div>\n\t\t\t\t<\/div>\n\t\t\t\t<\/div>\n\t\t<div class=\"elementor-element elementor-element-ac33be1 e-con-full e-flex e-con e-child\" data-id=\"ac33be1\" data-element_type=\"container\" data-e-type=\"container\">\n\t\t\t\t<\/div>\n\t\t\t\t\t<\/div>\n\t\t\t\t<\/div>\n\t\t<div class=\"elementor-element elementor-element-691650a e-flex e-con-boxed e-con e-parent\" data-id=\"691650a\" data-element_type=\"container\" data-e-type=\"container\">\n\t\t\t\t\t<div class=\"e-con-inner\">\n\t\t<div class=\"elementor-element elementor-element-9db474b e-con-full e-flex e-con e-child\" data-id=\"9db474b\" data-element_type=\"container\" data-e-type=\"container\">\n\t\t\t\t<div class=\"elementor-element elementor-element-69474d5 elementor-widget elementor-widget-spacer\" data-id=\"69474d5\" data-element_type=\"widget\" data-e-type=\"widget\" data-widget_type=\"spacer.default\">\n\t\t\t\t<div class=\"elementor-widget-container\">\n\t\t\t\t\t\t\t<div class=\"elementor-spacer\">\n\t\t\t<div class=\"elementor-spacer-inner\"><\/div>\n\t\t<\/div>\n\t\t\t\t\t\t<\/div>\n\t\t\t\t<\/div>\n\t\t\t\t<div class=\"elementor-element elementor-element-88ce9ef elementor-widget elementor-widget-hub_fancy_heading\" data-id=\"88ce9ef\" data-element_type=\"widget\" data-e-type=\"widget\" data-widget_type=\"hub_fancy_heading.default\">\n\t\t\t\t<div class=\"elementor-widget-container\">\n\t\t\t\t\t\n\t\t<div id=\"ld-fancy-heading-69f633f0bfe45\" class=\"ld-fancy-heading pos-rel\">\n\t\t\t<h3 class=\"ld-fh-element d-inline-block pos-rel  elementor-heading-title lqd-highlight-classic lqd-highlight-grow-left h3\"  > De Japanse HeadSpa bestaat uit<\/h3>\t\t<\/div>\n\n\t\t\t\t\t\t<\/div>\n\t\t\t\t<\/div>\n\t\t\t\t<div class=\"elementor-element elementor-element-80ab2cc elementor-widget elementor-widget-text-editor\" data-id=\"80ab2cc\" data-element_type=\"widget\" data-e-type=\"widget\" data-widget_type=\"text-editor.default\">\n\t\t\t\t<div class=\"elementor-widget-container\">\n\t\t\t\t\t\t\t\t\t<ul><li><em>Een hoofdhuid analyse met de Mediscope van Mediceuticals, waarin eventuele hoofdhuidproblematiek wordt gediagnosticeerd<\/em><\/li><li><em>Het reinigen van de hoofdhuid met de geadviseerde \u00a0producten van Mediceuticals<\/em><\/li><li><em>Een heerlijke massage van de hals en het hoofd<\/em><\/li><li><em>Een haarmasker met een ontspannen stoombad\u00a0<\/em><\/li><li><em>Bij de luxe behandeling wordt het gezicht meebehandeld (reiniging, dieptereiniging, gezichtsmasker, dagverzorging)<\/em><\/li><li><i>Ter afsluiting wordt het haar droog gef\u00f6hnd<\/i> <em>onder genot van een thee of koffie<\/em><\/li><\/ul>\t\t\t\t\t\t\t\t<\/div>\n\t\t\t\t<\/div>\n\t\t\t\t<\/div>\n\t\t<div class=\"elementor-element elementor-element-b2a84b7 e-con-full e-flex e-con e-child\" data-id=\"b2a84b7\" data-element_type=\"container\" data-e-type=\"container\">\n\t\t\t\t<\/div>\n\t\t\t\t\t<\/div>\n\t\t\t\t<\/div>\n\t\t\t\t<section class=\"elementor-section elementor-top-section elementor-element elementor-element-16c14cd elementor-section-boxed elementor-section-height-default elementor-section-height-default\" data-id=\"16c14cd\" data-element_type=\"section\" data-e-type=\"section\" data-settings=\"{&quot;background_background&quot;:&quot;gradient&quot;}\">\n\t\t\t\t\t\t<div class=\"elementor-container elementor-column-gap-default\">\n\t\t\t\t\t<div class=\"elementor-column elementor-col-100 elementor-top-column elementor-element elementor-element-6da3b3a\" data-id=\"6da3b3a\" data-element_type=\"column\" data-e-type=\"column\" data-settings=\"{&quot;background_background&quot;:&quot;classic&quot;}\">\n\t\t\t<div class=\"elementor-widget-wrap elementor-element-populated\">\n\t\t\t\t\t\t<div class=\"elementor-element elementor-element-e8ab632 elementor-widget elementor-widget-menu-anchor\" data-id=\"e8ab632\" data-element_type=\"widget\" data-e-type=\"widget\" data-widget_type=\"menu-anchor.default\">\n\t\t\t\t<div class=\"elementor-widget-container\">\n\t\t\t\t\t\t\t<div class=\"elementor-menu-anchor\" id=\"tariefxl\"><\/div>\n\t\t\t\t\t\t<\/div>\n\t\t\t\t<\/div>\n\t\t\t\t<div class=\"elementor-element elementor-element-d5624ca elementor-widget elementor-widget-heading\" data-id=\"d5624ca\" data-element_type=\"widget\" data-e-type=\"widget\" data-widget_type=\"heading.default\">\n\t\t\t\t<div class=\"elementor-widget-container\">\n\t\t\t\t\t<h5 class=\"elementor-heading-title elementor-size-default\">Tarieven<\/h5>\t\t\t\t<\/div>\n\t\t\t\t<\/div>\n\t\t\t\t<div class=\"elementor-element elementor-element-3c8fd20 elementor-widget elementor-widget-heading\" data-id=\"3c8fd20\" data-element_type=\"widget\" data-e-type=\"widget\" data-widget_type=\"heading.default\">\n\t\t\t\t<div class=\"elementor-widget-container\">\n\t\t\t\t\t<h6 class=\"elementor-heading-title elementor-size-default\">Prijs per behandeling<\/h6>\t\t\t\t<\/div>\n\t\t\t\t<\/div>\n\t\t\t\t<div class=\"elementor-element elementor-element-70557b3 elementor-widget elementor-widget-price-list\" data-id=\"70557b3\" data-element_type=\"widget\" data-e-type=\"widget\" data-widget_type=\"price-list.default\">\n\t\t\t\t<div class=\"elementor-widget-container\">\n\t\t\t\t\t\n\t\t<ul class=\"elementor-price-list\">\n\n\t\t\t\t\t\t\t\t\t<li><a class=\"elementor-price-list-item\" href=\"#\">\t\t\t\t\n\t\t\t\t<div class=\"elementor-price-list-text\">\n\t\t\t\t\t\t\t\t\t<div class=\"elementor-price-list-header\">\n\t\t\t\t\t\t\t\t\t\t\t<span class=\"elementor-price-list-title\">\n\t\t\t\t\t\t\t75 minuten Basis HeadSpa voor dames\t\t\t\t\t\t<\/span>\n\t\t\t\t\t\t\t\t\t\t\t\t\t\t\t\t\t\t\t\t\t\t\t\t<span class=\"elementor-price-list-price\">\u20ac79<\/span>\n\t\t\t\t\t\t\t\t\t\t<\/div>\n\t\t\t\t\t\t\t\t\t\t\t\t<\/div>\n\t\t\t\t<\/a><\/li>\t\t\t\t\t\t\t\t\t\t\t\t<li><a class=\"elementor-price-list-item\" href=\"#\">\t\t\t\t\n\t\t\t\t<div class=\"elementor-price-list-text\">\n\t\t\t\t\t\t\t\t\t<div class=\"elementor-price-list-header\">\n\t\t\t\t\t\t\t\t\t\t\t<span class=\"elementor-price-list-title\">\n\t\t\t\t\t\t\t60 minuten Basis HeadSpa voor heren\t\t\t\t\t\t<\/span>\n\t\t\t\t\t\t\t\t\t\t\t\t\t\t\t\t\t\t\t\t\t\t\t\t<span class=\"elementor-price-list-price\">\u20ac69<\/span>\n\t\t\t\t\t\t\t\t\t\t<\/div>\n\t\t\t\t\t\t\t\t\t\t\t\t<\/div>\n\t\t\t\t<\/a><\/li>\t\t\t\t\t\t\t\t\t\t\t\t<li><a class=\"elementor-price-list-item\" href=\"#\">\t\t\t\t\n\t\t\t\t<div class=\"elementor-price-list-text\">\n\t\t\t\t\t\t\t\t\t<div class=\"elementor-price-list-header\">\n\t\t\t\t\t\t\t\t\t\t\t<span class=\"elementor-price-list-title\">\n\t\t\t\t\t\t\t90 minuten Luxe HeadSpa voor dames en heren\t\t\t\t\t\t<\/span>\n\t\t\t\t\t\t\t\t\t\t\t\t\t\t\t\t\t\t\t\t\t\t\t\t<span class=\"elementor-price-list-price\">\u20ac95<\/span>\n\t\t\t\t\t\t\t\t\t\t<\/div>\n\t\t\t\t\t\t\t\t\t\t\t\t<\/div>\n\t\t\t\t<\/a><\/li>\t\t\t\t\t\n\t\t<\/ul>\n\n\t\t\t\t\t\t<\/div>\n\t\t\t\t<\/div>\n\t\t\t\t<div class=\"elementor-element elementor-element-5403823 elementor-align-center elementor-widget elementor-widget-ld_button\" data-id=\"5403823\" data-element_type=\"widget\" data-e-type=\"widget\" data-widget_type=\"ld_button.default\">\n\t\t\t\t<div class=\"elementor-widget-container\">\n\t\t\t\t\t\n\t\t\t<a\n\t\t\t\thref=\"\/contact\"class=\"elementor-button btn btn-solid btn-sm btn-icon-shaped btn-has-label\"\t\t\t>\n\t\t\t\t\t\t\t\t\t<span data-text=\"Neem contact op\" class=\"btn-txt\">\n\t\t\t\t\t\tNeem contact op\t\t\t\t\t<\/span>\n\t\t\t\t\t\t\t\t\t\t\t<\/a>\n\t\t\t\t\t\t\t<\/div>\n\t\t\t\t<\/div>\n\t\t\t\t\t<\/div>\n\t\t<\/div>\n\t\t\t\t\t<\/div>\n\t\t<\/section>\n\t\t\t\t<\/div>\n\t\t","protected":false},"excerpt":{"rendered":"<p>Japanese Head Spa Wat is een Japanse Head Spa? Een Japanse Head Spa is meer dan alleen een standaard hoofdhuidmassage. Het is een holistische benadering van haarverzorging en ontspanning, waarbij de nadruk ligt op het herstellen van de gezondheid van de hoofdhuid, het stimuleren van de haargroei en het bevorderen van een gevoel van algemeen [&hellip;]<\/p>\n","protected":false},"author":2,"featured_media":0,"parent":0,"menu_order":0,"comment_status":"closed","ping_status":"closed","template":"","meta":{"footnotes":""},"class_list":["post-12720","page","type-page","status-publish","hentry"],"yoast_head":"<!-- This site is optimized with the Yoast SEO Premium plugin v27.0 (Yoast SEO v27.5) - https:\/\/yoast.com\/product\/yoast-seo-premium-wordpress\/ -->\n<title>Japanese headspa - Huidenlaserkliniekzeeland<\/title>\n<meta name=\"robots\" content=\"index, follow, max-snippet:-1, max-image-preview:large, max-video-preview:-1\" \/>\n<link rel=\"canonical\" href=\"https:\/\/huidenlaserkliniekzeeland.nl\/fr\/japanese-headspa\/\" \/>\n<meta property=\"og:locale\" content=\"fr_FR\" \/>\n<meta property=\"og:type\" content=\"article\" \/>\n<meta property=\"og:title\" content=\"Japanese headspa\" \/>\n<meta property=\"og:description\" content=\"Japanese Head Spa Wat is een Japanse Head Spa? Een Japanse Head Spa is meer dan alleen een standaard hoofdhuidmassage. Het is een holistische benadering van haarverzorging en ontspanning, waarbij de nadruk ligt op het herstellen van de gezondheid van de hoofdhuid, het stimuleren van de haargroei en het bevorderen van een gevoel van algemeen [&hellip;]\" \/>\n<meta property=\"og:url\" content=\"https:\/\/huidenlaserkliniekzeeland.nl\/fr\/japanese-headspa\/\" \/>\n<meta property=\"og:site_name\" content=\"Huidenlaserkliniekzeeland\" \/>\n<meta property=\"article:modified_time\" content=\"2025-04-01T13:08:57+00:00\" \/>\n<meta property=\"og:image\" content=\"https:\/\/huidenlaserkliniekzeeland.nl\/wp-content\/uploads\/2023\/11\/Afbeelding3.png\" \/>\n\t<meta property=\"og:image:width\" content=\"1036\" \/>\n\t<meta property=\"og:image:height\" content=\"518\" \/>\n\t<meta property=\"og:image:type\" content=\"image\/png\" \/>\n<meta name=\"twitter:card\" content=\"summary_large_image\" \/>\n<meta name=\"twitter:label1\" content=\"Dur\u00e9e de lecture estim\u00e9e\" \/>\n\t<meta name=\"twitter:data1\" content=\"2 minutes\" \/>\n<script type=\"application\/ld+json\" class=\"yoast-schema-graph\">{\"@context\":\"https:\\\/\\\/schema.org\",\"@graph\":[{\"@type\":\"WebPage\",\"@id\":\"https:\\\/\\\/huidenlaserkliniekzeeland.nl\\\/japanese-headspa\\\/\",\"url\":\"https:\\\/\\\/huidenlaserkliniekzeeland.nl\\\/japanese-headspa\\\/\",\"name\":\"Japanese headspa - Huidenlaserkliniekzeeland\",\"isPartOf\":{\"@id\":\"https:\\\/\\\/huidenlaserkliniekzeeland.nl\\\/#website\"},\"primaryImageOfPage\":{\"@id\":\"https:\\\/\\\/huidenlaserkliniekzeeland.nl\\\/japanese-headspa\\\/#primaryimage\"},\"image\":{\"@id\":\"https:\\\/\\\/huidenlaserkliniekzeeland.nl\\\/japanese-headspa\\\/#primaryimage\"},\"thumbnailUrl\":\"https:\\\/\\\/huidenlaserkliniekzeeland.nl\\\/wp-content\\\/uploads\\\/2023\\\/11\\\/Afbeelding3.png\",\"datePublished\":\"2023-11-06T11:54:21+00:00\",\"dateModified\":\"2025-04-01T13:08:57+00:00\",\"breadcrumb\":{\"@id\":\"https:\\\/\\\/huidenlaserkliniekzeeland.nl\\\/japanese-headspa\\\/#breadcrumb\"},\"inLanguage\":\"fr-FR\",\"potentialAction\":[{\"@type\":\"ReadAction\",\"target\":[\"https:\\\/\\\/huidenlaserkliniekzeeland.nl\\\/japanese-headspa\\\/\"]}]},{\"@type\":\"ImageObject\",\"inLanguage\":\"fr-FR\",\"@id\":\"https:\\\/\\\/huidenlaserkliniekzeeland.nl\\\/japanese-headspa\\\/#primaryimage\",\"url\":\"https:\\\/\\\/huidenlaserkliniekzeeland.nl\\\/wp-content\\\/uploads\\\/2023\\\/11\\\/Afbeelding3.png\",\"contentUrl\":\"https:\\\/\\\/huidenlaserkliniekzeeland.nl\\\/wp-content\\\/uploads\\\/2023\\\/11\\\/Afbeelding3.png\"},{\"@type\":\"BreadcrumbList\",\"@id\":\"https:\\\/\\\/huidenlaserkliniekzeeland.nl\\\/japanese-headspa\\\/#breadcrumb\",\"itemListElement\":[{\"@type\":\"ListItem\",\"position\":1,\"name\":\"Home\",\"item\":\"https:\\\/\\\/huidenlaserkliniekzeeland.nl\\\/\"},{\"@type\":\"ListItem\",\"position\":2,\"name\":\"Japanese headspa\"}]},{\"@type\":\"WebSite\",\"@id\":\"https:\\\/\\\/huidenlaserkliniekzeeland.nl\\\/#website\",\"url\":\"https:\\\/\\\/huidenlaserkliniekzeeland.nl\\\/\",\"name\":\"Huidenlaserkliniekzeeland\",\"description\":\"Cosmetische chirurgie en huidtherapie in Zeeland\",\"publisher\":{\"@id\":\"https:\\\/\\\/huidenlaserkliniekzeeland.nl\\\/#organization\"},\"potentialAction\":[{\"@type\":\"SearchAction\",\"target\":{\"@type\":\"EntryPoint\",\"urlTemplate\":\"https:\\\/\\\/huidenlaserkliniekzeeland.nl\\\/?s={search_term_string}\"},\"query-input\":{\"@type\":\"PropertyValueSpecification\",\"valueRequired\":true,\"valueName\":\"search_term_string\"}}],\"inLanguage\":\"fr-FR\"},{\"@type\":\"Organization\",\"@id\":\"https:\\\/\\\/huidenlaserkliniekzeeland.nl\\\/#organization\",\"name\":\"Contrainer\",\"url\":\"https:\\\/\\\/huidenlaserkliniekzeeland.nl\\\/\",\"logo\":{\"@type\":\"ImageObject\",\"inLanguage\":\"fr-FR\",\"@id\":\"https:\\\/\\\/huidenlaserkliniekzeeland.nl\\\/#\\\/schema\\\/logo\\\/image\\\/\",\"url\":\"https:\\\/\\\/huidenlaserkliniekzeeland.nl\\\/wp-content\\\/uploads\\\/2023\\\/02\\\/Contrainer-logo-volledig.png\",\"contentUrl\":\"https:\\\/\\\/huidenlaserkliniekzeeland.nl\\\/wp-content\\\/uploads\\\/2023\\\/02\\\/Contrainer-logo-volledig.png\",\"width\":1579,\"height\":493,\"caption\":\"Contrainer\"},\"image\":{\"@id\":\"https:\\\/\\\/huidenlaserkliniekzeeland.nl\\\/#\\\/schema\\\/logo\\\/image\\\/\"}}]}<\/script>\n<!-- \/ Yoast SEO Premium plugin. -->","yoast_head_json":{"title":"Headspa japonais - Skin laser cliniczeeland","robots":{"index":"index","follow":"follow","max-snippet":"max-snippet:-1","max-image-preview":"max-image-preview:large","max-video-preview":"max-video-preview:-1"},"canonical":"https:\/\/huidenlaserkliniekzeeland.nl\/fr\/japanese-headspa\/","og_locale":"fr_FR","og_type":"article","og_title":"Japanese headspa","og_description":"Japanese Head Spa Wat is een Japanse Head Spa? Een Japanse Head Spa is meer dan alleen een standaard hoofdhuidmassage. Het is een holistische benadering van haarverzorging en ontspanning, waarbij de nadruk ligt op het herstellen van de gezondheid van de hoofdhuid, het stimuleren van de haargroei en het bevorderen van een gevoel van algemeen [&hellip;]","og_url":"https:\/\/huidenlaserkliniekzeeland.nl\/fr\/japanese-headspa\/","og_site_name":"Huidenlaserkliniekzeeland","article_modified_time":"2025-04-01T13:08:57+00:00","og_image":[{"width":1036,"height":518,"url":"https:\/\/huidenlaserkliniekzeeland.nl\/wp-content\/uploads\/2023\/11\/Afbeelding3.png","type":"image\/png"}],"twitter_card":"summary_large_image","twitter_misc":{"Dur\u00e9e de lecture estim\u00e9e":"2 minutes"},"schema":{"@context":"https:\/\/schema.org","@graph":[{"@type":"WebPage","@id":"https:\/\/huidenlaserkliniekzeeland.nl\/japanese-headspa\/","url":"https:\/\/huidenlaserkliniekzeeland.nl\/japanese-headspa\/","name":"Headspa japonais - Skin laser cliniczeeland","isPartOf":{"@id":"https:\/\/huidenlaserkliniekzeeland.nl\/#website"},"primaryImageOfPage":{"@id":"https:\/\/huidenlaserkliniekzeeland.nl\/japanese-headspa\/#primaryimage"},"image":{"@id":"https:\/\/huidenlaserkliniekzeeland.nl\/japanese-headspa\/#primaryimage"},"thumbnailUrl":"https:\/\/huidenlaserkliniekzeeland.nl\/wp-content\/uploads\/2023\/11\/Afbeelding3.png","datePublished":"2023-11-06T11:54:21+00:00","dateModified":"2025-04-01T13:08:57+00:00","breadcrumb":{"@id":"https:\/\/huidenlaserkliniekzeeland.nl\/japanese-headspa\/#breadcrumb"},"inLanguage":"fr-FR","potentialAction":[{"@type":"ReadAction","target":["https:\/\/huidenlaserkliniekzeeland.nl\/japanese-headspa\/"]}]},{"@type":"ImageObject","inLanguage":"fr-FR","@id":"https:\/\/huidenlaserkliniekzeeland.nl\/japanese-headspa\/#primaryimage","url":"https:\/\/huidenlaserkliniekzeeland.nl\/wp-content\/uploads\/2023\/11\/Afbeelding3.png","contentUrl":"https:\/\/huidenlaserkliniekzeeland.nl\/wp-content\/uploads\/2023\/11\/Afbeelding3.png"},{"@type":"BreadcrumbList","@id":"https:\/\/huidenlaserkliniekzeeland.nl\/japanese-headspa\/#breadcrumb","itemListElement":[{"@type":"ListItem","position":1,"name":"Home","item":"https:\/\/huidenlaserkliniekzeeland.nl\/"},{"@type":"ListItem","position":2,"name":"Japanese headspa"}]},{"@type":"WebSite","@id":"https:\/\/huidenlaserkliniekzeeland.nl\/#website","url":"https:\/\/huidenlaserkliniekzeeland.nl\/","name":"Clinique laser pour la peau","description":"Chirurgie esth\u00e9tique et th\u00e9rapie de la peau \u00e0 Zeeland","publisher":{"@id":"https:\/\/huidenlaserkliniekzeeland.nl\/#organization"},"potentialAction":[{"@type":"SearchAction","target":{"@type":"EntryPoint","urlTemplate":"https:\/\/huidenlaserkliniekzeeland.nl\/?s={search_term_string}"},"query-input":{"@type":"PropertyValueSpecification","valueRequired":true,"valueName":"search_term_string"}}],"inLanguage":"fr-FR"},{"@type":"Organization","@id":"https:\/\/huidenlaserkliniekzeeland.nl\/#organization","name":"Contrainte","url":"https:\/\/huidenlaserkliniekzeeland.nl\/","logo":{"@type":"ImageObject","inLanguage":"fr-FR","@id":"https:\/\/huidenlaserkliniekzeeland.nl\/#\/schema\/logo\/image\/","url":"https:\/\/huidenlaserkliniekzeeland.nl\/wp-content\/uploads\/2023\/02\/Contrainer-logo-volledig.png","contentUrl":"https:\/\/huidenlaserkliniekzeeland.nl\/wp-content\/uploads\/2023\/02\/Contrainer-logo-volledig.png","width":1579,"height":493,"caption":"Contrainer"},"image":{"@id":"https:\/\/huidenlaserkliniekzeeland.nl\/#\/schema\/logo\/image\/"}}]}},"_links":{"self":[{"href":"https:\/\/huidenlaserkliniekzeeland.nl\/fr\/wp-json\/wp\/v2\/pages\/12720","targetHints":{"allow":["GET"]}}],"collection":[{"href":"https:\/\/huidenlaserkliniekzeeland.nl\/fr\/wp-json\/wp\/v2\/pages"}],"about":[{"href":"https:\/\/huidenlaserkliniekzeeland.nl\/fr\/wp-json\/wp\/v2\/types\/page"}],"author":[{"embeddable":true,"href":"https:\/\/huidenlaserkliniekzeeland.nl\/fr\/wp-json\/wp\/v2\/users\/2"}],"replies":[{"embeddable":true,"href":"https:\/\/huidenlaserkliniekzeeland.nl\/fr\/wp-json\/wp\/v2\/comments?post=12720"}],"version-history":[{"count":3,"href":"https:\/\/huidenlaserkliniekzeeland.nl\/fr\/wp-json\/wp\/v2\/pages\/12720\/revisions"}],"predecessor-version":[{"id":14095,"href":"https:\/\/huidenlaserkliniekzeeland.nl\/fr\/wp-json\/wp\/v2\/pages\/12720\/revisions\/14095"}],"wp:attachment":[{"href":"https:\/\/huidenlaserkliniekzeeland.nl\/fr\/wp-json\/wp\/v2\/media?parent=12720"}],"curies":[{"name":"wp","href":"https:\/\/api.w.org\/{rel}","templated":true}]}}