{"id":12069,"date":"2023-06-09T12:49:44","date_gmt":"2023-06-09T10:49:44","guid":{"rendered":"https:\/\/huidenlaserkliniekzeeland.nl\/?page_id=12069"},"modified":"2023-06-23T09:16:55","modified_gmt":"2023-06-23T07:16:55","slug":"spasalonnepro","status":"publish","type":"page","link":"https:\/\/huidenlaserkliniekzeeland.nl\/fr\/spasalonnepro\/","title":{"rendered":"Spasalonnepro"},"content":{"rendered":"<div data-elementor-type=\"wp-page\" data-elementor-id=\"12069\" class=\"elementor elementor-12069\" data-elementor-post-type=\"page\">\n\t\t\t\t<div class=\"elementor-element elementor-element-1e53111 e-flex e-con-boxed e-con e-parent\" data-id=\"1e53111\" data-element_type=\"container\" data-e-type=\"container\">\n\t\t\t\t\t<div class=\"e-con-inner\">\n\t\t<div class=\"elementor-element elementor-element-c9d5f4c e-con-full e-flex e-con e-parent\" data-id=\"c9d5f4c\" data-element_type=\"container\" data-e-type=\"container\">\n\t\t\t\t<div class=\"elementor-element elementor-element-c3af646 elementor-widget elementor-widget-spacer\" data-id=\"c3af646\" data-element_type=\"widget\" data-e-type=\"widget\" data-widget_type=\"spacer.default\">\n\t\t\t\t<div class=\"elementor-widget-container\">\n\t\t\t\t\t\t\t<div class=\"elementor-spacer\">\n\t\t\t<div class=\"elementor-spacer-inner\"><\/div>\n\t\t<\/div>\n\t\t\t\t\t\t<\/div>\n\t\t\t\t<\/div>\n\t\t\t\t<div class=\"elementor-element elementor-element-237f899 elementor-widget elementor-widget-hub_fancy_heading\" data-id=\"237f899\" data-element_type=\"widget\" data-e-type=\"widget\" data-widget_type=\"hub_fancy_heading.default\">\n\t\t\t\t<div class=\"elementor-widget-container\">\n\t\t\t\t\t\n\t\t<div id=\"ld-fancy-heading-69d8eb7927bb1\" class=\"ld-fancy-heading pos-rel\">\n\t\t\t<h1 class=\"ld-fh-element d-inline-block pos-rel  elementor-heading-title lqd-highlight-classic lqd-highlight-grow-left h1\"  > Spasalonnepro<\/h1>\t\t<\/div>\n\n\t\t\t\t\t\t<\/div>\n\t\t\t\t<\/div>\n\t\t\t\t<div class=\"elementor-element elementor-element-f98d270 elementor-widget elementor-widget-hub_fancy_heading\" data-id=\"f98d270\" data-element_type=\"widget\" data-e-type=\"widget\" data-widget_type=\"hub_fancy_heading.default\">\n\t\t\t\t<div class=\"elementor-widget-container\">\n\t\t\t\t\t\n\t\t<div id=\"ld-fancy-heading-69d8eb792807e\" class=\"ld-fancy-heading pos-rel\">\n\t\t\t<h2 class=\"ld-fh-element d-inline-block pos-rel  elementor-heading-title lqd-highlight-classic lqd-highlight-grow-left h2\"  > Quel est l'objectif de Spasalonnepro ?<\/h2>\t\t<\/div>\n\n\t\t\t\t\t\t<\/div>\n\t\t\t\t<\/div>\n\t\t\t\t<div class=\"elementor-element elementor-element-8a95a66 elementor-widget elementor-widget-hub_fancy_heading\" data-id=\"8a95a66\" data-element_type=\"widget\" data-e-type=\"widget\" data-widget_type=\"hub_fancy_heading.default\">\n\t\t\t\t<div class=\"elementor-widget-container\">\n\t\t\t\t\t\n\t\t<div id=\"ld-fancy-heading-69d8eb7928487\" class=\"ld-fancy-heading pos-rel\">\n\t\t\t<p class=\"ld-fh-element d-inline-block pos-rel  lqd-highlight-classic lqd-highlight-grow-left p\"  > Salonnepro est une marque n\u00e9erlandaise de soins de la peau, fi\u00e8rement fabriqu\u00e9e aux Pays-Bas ! Notre objectif est clair : am\u00e9liorer la peau de mani\u00e8re naturelle pour tous. Et nous ne parlons pas seulement d'anti-\u00e2ge, mais aussi de traitement des boutons, des troubles de la pigmentation, du stress et des d\u00e9s\u00e9quilibres.\nNous soutenons nos esth\u00e9ticiennes en leur apportant toutes les connaissances sur les probl\u00e8mes de peau, les produits, les ingr\u00e9dients et les traitements. Nous sommes transparents, serviables et orient\u00e9s vers le service. Parce que nous ne pouvons pas atteindre nos objectifs seuls, nous le faisons avec nos esth\u00e9ticiennes !<\/p>\t\t<\/div>\n\n\t\t\t\t\t\t<\/div>\n\t\t\t\t<\/div>\n\t\t\t\t<\/div>\n\t\t<div class=\"elementor-element elementor-element-5e065b1 e-con-full e-flex e-con e-parent\" data-id=\"5e065b1\" data-element_type=\"container\" data-e-type=\"container\">\n\t\t\t\t<div class=\"elementor-element elementor-element-6f177ff elementor-widget elementor-widget-ld_fancy_image\" data-id=\"6f177ff\" data-element_type=\"widget\" data-e-type=\"widget\" data-widget_type=\"ld_fancy_image.default\">\n\t\t\t\t<div class=\"elementor-widget-container\">\n\t\t\t\t\t\n\t\t<div class=\"lqd-imggrp-single d-block pos-rel\">\n\t\t\t<div class=\"lqd-imggrp-img-container d-inline-flex pos-rel align-items-center justify-content-center\">\n\t\t\t\t\t\t\t\t<figure class=\"w-100 pos-rel\">\n\t\t\t\t\t<img fetchpriority=\"high\" decoding=\"async\" width=\"1400\" height=\"1400\" src=\"https:\/\/huidenlaserkliniekzeeland.nl\/wp-content\/uploads\/2023\/06\/spasalonnepro-huidenlaserkliniekzeeland.jpg\" class=\"attachment-full size-full wp-image-12071\" alt=\"spasalonnepro-skin laser cliniczeeland\" srcset=\"https:\/\/huidenlaserkliniekzeeland.nl\/wp-content\/uploads\/2023\/06\/spasalonnepro-huidenlaserkliniekzeeland.jpg 1400w, https:\/\/huidenlaserkliniekzeeland.nl\/wp-content\/uploads\/2023\/06\/spasalonnepro-huidenlaserkliniekzeeland-300x300.jpg 300w, https:\/\/huidenlaserkliniekzeeland.nl\/wp-content\/uploads\/2023\/06\/spasalonnepro-huidenlaserkliniekzeeland-1024x1024.jpg 1024w, https:\/\/huidenlaserkliniekzeeland.nl\/wp-content\/uploads\/2023\/06\/spasalonnepro-huidenlaserkliniekzeeland-150x150.jpg 150w, https:\/\/huidenlaserkliniekzeeland.nl\/wp-content\/uploads\/2023\/06\/spasalonnepro-huidenlaserkliniekzeeland-320x320.jpg 320w, https:\/\/huidenlaserkliniekzeeland.nl\/wp-content\/uploads\/2023\/06\/spasalonnepro-huidenlaserkliniekzeeland-760x760.jpg 760w, https:\/\/huidenlaserkliniekzeeland.nl\/wp-content\/uploads\/2023\/06\/spasalonnepro-huidenlaserkliniekzeeland-12x12.jpg 12w\" sizes=\"(max-width: 1400px) 100vw, 1400px\" itemprop=\"image\" \/>\t\t\t\t\t\t\t\t\t\t\t\t\t\t\t\t\t\t\t\t\t\t\t\t\t\t\t\t\t<\/figure>\n\t\t\t<\/div>\n\t\t<\/div>\n\n\t\t\t\t\t<\/div>\n\t\t\t\t<\/div>\n\t\t\t\t<\/div>\n\t\t\t\t\t<\/div>\n\t\t\t\t<\/div>\n\t\t<div class=\"elementor-element elementor-element-61b05ca e-flex e-con-boxed e-con e-parent\" data-id=\"61b05ca\" data-element_type=\"container\" data-e-type=\"container\">\n\t\t\t\t\t<div class=\"e-con-inner\">\n\t\t<div class=\"elementor-element elementor-element-8f71b87 e-con-full e-flex e-con e-parent\" data-id=\"8f71b87\" data-element_type=\"container\" data-e-type=\"container\">\n\t\t\t\t<div class=\"elementor-element elementor-element-b86764a elementor-widget elementor-widget-spacer\" data-id=\"b86764a\" data-element_type=\"widget\" data-e-type=\"widget\" data-widget_type=\"spacer.default\">\n\t\t\t\t<div class=\"elementor-widget-container\">\n\t\t\t\t\t\t\t<div class=\"elementor-spacer\">\n\t\t\t<div class=\"elementor-spacer-inner\"><\/div>\n\t\t<\/div>\n\t\t\t\t\t\t<\/div>\n\t\t\t\t<\/div>\n\t\t\t\t<div class=\"elementor-element elementor-element-ec0f77b elementor-widget elementor-widget-hub_fancy_heading\" data-id=\"ec0f77b\" data-element_type=\"widget\" data-e-type=\"widget\" data-widget_type=\"hub_fancy_heading.default\">\n\t\t\t\t<div class=\"elementor-widget-container\">\n\t\t\t\t\t\n\t\t<div id=\"ld-fancy-heading-69d8eb7929885\" class=\"ld-fancy-heading pos-rel\">\n\t\t\t<h3 class=\"ld-fh-element d-inline-block pos-rel  elementor-heading-title lqd-highlight-classic lqd-highlight-grow-left h3\"  > Nos produits<\/h3>\t\t<\/div>\n\n\t\t\t\t\t\t<\/div>\n\t\t\t\t<\/div>\n\t\t\t\t<div class=\"elementor-element elementor-element-d39b150 elementor-widget elementor-widget-hub_fancy_heading\" data-id=\"d39b150\" data-element_type=\"widget\" data-e-type=\"widget\" data-widget_type=\"hub_fancy_heading.default\">\n\t\t\t\t<div class=\"elementor-widget-container\">\n\t\t\t\t\t\n\t\t<div id=\"ld-fancy-heading-69d8eb7929cbf\" class=\"ld-fancy-heading pos-rel\">\n\t\t\t<p class=\"ld-fh-element d-inline-block pos-rel  lqd-highlight-classic lqd-highlight-grow-left p\"  > Nos produits sont d\u00e9velopp\u00e9s par Sharon Pieters. Sa formation en biochimie et sa passion pour les ingr\u00e9dients cosm\u00e9tiques permettent \u00e0 Salonnepro de d\u00e9velopper des produits et des traitements qui fonctionnent avec le corps. En travaillant avec le corps, plut\u00f4t que contre lui, on obtient de meilleurs r\u00e9sultats. Les ingr\u00e9dients actifs synth\u00e9tiques sont remplac\u00e9s par leur alternative naturelle chaque fois que cela est possible. Les produits Pure Collection sont fabriqu\u00e9s \u00e0 partir d'ingr\u00e9dients certifi\u00e9s biologiques, naturellement plus riches en vitamines et min\u00e9raux. Les produits Solutions sont fabriqu\u00e9s \u00e0 partir d'ingr\u00e9dients naturels. Dans cette s\u00e9rie, vous trouverez \u00e9galement une protection solaire UVA\/UVB.\n<br><br>\nNos produits sont test\u00e9s sur les animaux, sans parab\u00e8ne, sans silicone, sans sulfate, v\u00e9g\u00e9taliens, sans microplastique, sans phtalate et sans les principaux allerg\u00e8nes du parfum.<\/p>\t\t<\/div>\n\n\t\t\t\t\t\t<\/div>\n\t\t\t\t<\/div>\n\t\t\t\t<\/div>\n\t\t<div class=\"elementor-element elementor-element-416e12f e-con-full e-flex e-con e-parent\" data-id=\"416e12f\" data-element_type=\"container\" data-e-type=\"container\">\n\t\t\t\t<\/div>\n\t\t\t\t\t<\/div>\n\t\t\t\t<\/div>\n\t\t<div class=\"elementor-element elementor-element-2eb7ff3 e-flex e-con-boxed e-con e-parent\" data-id=\"2eb7ff3\" data-element_type=\"container\" data-e-type=\"container\">\n\t\t\t\t\t<div class=\"e-con-inner\">\n\t\t<div class=\"elementor-element elementor-element-712212e e-con-full e-flex e-con e-parent\" data-id=\"712212e\" data-element_type=\"container\" data-e-type=\"container\">\n\t\t\t\t<div class=\"elementor-element elementor-element-7d5ece4 elementor-widget elementor-widget-spacer\" data-id=\"7d5ece4\" data-element_type=\"widget\" data-e-type=\"widget\" data-widget_type=\"spacer.default\">\n\t\t\t\t<div class=\"elementor-widget-container\">\n\t\t\t\t\t\t\t<div class=\"elementor-spacer\">\n\t\t\t<div class=\"elementor-spacer-inner\"><\/div>\n\t\t<\/div>\n\t\t\t\t\t\t<\/div>\n\t\t\t\t<\/div>\n\t\t\t\t<div class=\"elementor-element elementor-element-34a0287 elementor-widget elementor-widget-hub_fancy_heading\" data-id=\"34a0287\" data-element_type=\"widget\" data-e-type=\"widget\" data-widget_type=\"hub_fancy_heading.default\">\n\t\t\t\t<div class=\"elementor-widget-container\">\n\t\t\t\t\t\n\t\t<div id=\"ld-fancy-heading-69d8eb792a0f3\" class=\"ld-fancy-heading pos-rel\">\n\t\t\t<h3 class=\"ld-fh-element d-inline-block pos-rel  elementor-heading-title lqd-highlight-classic lqd-highlight-grow-left h3\"  > Nos ingr\u00e9dients<\/h3>\t\t<\/div>\n\n\t\t\t\t\t\t<\/div>\n\t\t\t\t<\/div>\n\t\t\t\t<div class=\"elementor-element elementor-element-3833c8e elementor-widget elementor-widget-hub_fancy_heading\" data-id=\"3833c8e\" data-element_type=\"widget\" data-e-type=\"widget\" data-widget_type=\"hub_fancy_heading.default\">\n\t\t\t\t<div class=\"elementor-widget-container\">\n\t\t\t\t\t\n\t\t<div id=\"ld-fancy-heading-69d8eb792a509\" class=\"ld-fancy-heading pos-rel\">\n\t\t\t<p class=\"ld-fh-element d-inline-block pos-rel  lqd-highlight-classic lqd-highlight-grow-left p\"  > Nous aimons toutes les bonnes choses que la nature nous offre ! Les ingr\u00e9dients que nous aimons et avec lesquels nous travaillons beaucoup sont :\n<br><br>\n<b>Huiles et beurres v\u00e9g\u00e9taux<\/b>\n<br>- Beurre de karit\u00e9 (Butyrospermum Parkii)\n<br>- Huile d'olive (Olea Europaea)\n<br>- Huile de jojoba (Simmondsia Chinensis)\n<br>- Huile de tournesol (Helianthus Annuus)\n<br>- Huile de rose canine\n<br>- Huile d'abricot (Prunus Armeniaca)\n<br>- Squalane\n<br>- Huile d'avocat (Persea Gratissima)\n<br><br>\n<b>Vitamines<\/b>\n<br>- Tocoph\u00e9rol (vitamine E)\n<br>- Acide L-ascorbique (vitamine C, forme bioactive)\n<br>- Acide \u00e9thyl-ascorbique (vitamine C)\n<br>- Panth\u00e9nol (provitamine B5)\n<br>- Niacinamide (vitamine B3)\n<br>- Palmitate de r\u00e9tinyle (vitamine A)\n<br><br>\n<b>Extraits de plantes<\/b>\n<br>- Jus d'aloe vera\n<br>- Hyaluronate de sodium\n<br>- Extrait d'algue Cylindrotheco Fusidormis\n<br>- Extrait d'algue spiruline\n<br>- Extrait de carotte (Daucus Carota)\n<br>- Extrait d'argousier (Hippophae Rhamnoides)\n<br>- Extrait de camomille (Chamomilia Recututa Matricaria)\n<br>- Extrait de romarin (Rosmarinus officinalis)\n<br>- Extrait de cassis (Ribes Nigrum)   \n<br><br>\n<b>Peptides et actifs<\/b>\n<br>- Matrixyl 3000 \u00ae\n<br>- Idealift\n<br>- Matrixyl Synthe'6 \u00ae\n<br>- Argireline \u00ae\n<br>- Haloxyl\u00ae\n<br>- Acide salicylique\n<\/p>\t\t<\/div>\n\n\t\t\t\t\t\t<\/div>\n\t\t\t\t<\/div>\n\t\t\t\t<\/div>\n\t\t<div class=\"elementor-element elementor-element-38ccd26 e-con-full e-flex e-con e-parent\" data-id=\"38ccd26\" data-element_type=\"container\" data-e-type=\"container\">\n\t\t\t\t<\/div>\n\t\t\t\t\t<\/div>\n\t\t\t\t<\/div>\n\t\t\t\t<\/div>","protected":false},"excerpt":{"rendered":"<p>Spasalonnepro Wat is het doel van Spasalonnepro? Salonnepro is een Nederlands huidverzorgingsmerk, proudly made in the Netherlands! Wij hebben een duidelijk doel: natuurlijke huidverbetering voor iedereen. En dan hebben we het niet alleen over anti-aging, maar ook over de behandeling van puistjes, pigmentstoornissen, stress en onbalans. Wij ondersteunen onze schoonheidsspecialisten met alle kennis over huidproblemen, [&hellip;]<\/p>\n","protected":false},"author":5,"featured_media":0,"parent":0,"menu_order":0,"comment_status":"closed","ping_status":"closed","template":"","meta":{"footnotes":""},"class_list":["post-12069","page","type-page","status-publish","hentry"],"yoast_head":"<!-- This site is optimized with the Yoast SEO Premium plugin v27.0 (Yoast SEO v27.2) - https:\/\/yoast.com\/product\/yoast-seo-premium-wordpress\/ -->\n<title>Spasalonnepro - Huidenlaserkliniekzeeland<\/title>\n<meta name=\"description\" content=\"Opzoek naar een Spasalonnepro behandeling? Kom langs bij Huidenlaserkliniekzeeland. Wij zijn gespecialiseerd in het behandelen hiervan!\" \/>\n<meta name=\"robots\" content=\"index, follow, max-snippet:-1, max-image-preview:large, max-video-preview:-1\" \/>\n<link rel=\"canonical\" href=\"https:\/\/huidenlaserkliniekzeeland.nl\/fr\/spasalonnepro\/\" \/>\n<meta property=\"og:locale\" content=\"fr_FR\" \/>\n<meta property=\"og:type\" content=\"article\" \/>\n<meta property=\"og:title\" content=\"Spasalonnepro\" \/>\n<meta property=\"og:description\" content=\"Opzoek naar een Spasalonnepro behandeling? Kom langs bij Huidenlaserkliniekzeeland. Wij zijn gespecialiseerd in het behandelen hiervan!\" \/>\n<meta property=\"og:url\" content=\"https:\/\/huidenlaserkliniekzeeland.nl\/fr\/spasalonnepro\/\" \/>\n<meta property=\"og:site_name\" content=\"Huidenlaserkliniekzeeland\" \/>\n<meta property=\"article:modified_time\" content=\"2023-06-23T07:16:55+00:00\" \/>\n<meta property=\"og:image\" content=\"https:\/\/huidenlaserkliniekzeeland.nl\/wp-content\/uploads\/2023\/06\/spasalonnepro-huidenlaserkliniekzeeland.jpg\" \/>\n<meta name=\"twitter:card\" content=\"summary_large_image\" \/>\n<meta name=\"twitter:label1\" content=\"Dur\u00e9e de lecture estim\u00e9e\" \/>\n\t<meta name=\"twitter:data1\" content=\"2 minutes\" \/>\n<script type=\"application\/ld+json\" class=\"yoast-schema-graph\">{\"@context\":\"https:\/\/schema.org\",\"@graph\":[{\"@type\":\"WebPage\",\"@id\":\"https:\/\/huidenlaserkliniekzeeland.nl\/spasalonnepro\/\",\"url\":\"https:\/\/huidenlaserkliniekzeeland.nl\/spasalonnepro\/\",\"name\":\"Spasalonnepro - Huidenlaserkliniekzeeland\",\"isPartOf\":{\"@id\":\"https:\/\/huidenlaserkliniekzeeland.nl\/#website\"},\"primaryImageOfPage\":{\"@id\":\"https:\/\/huidenlaserkliniekzeeland.nl\/spasalonnepro\/#primaryimage\"},\"image\":{\"@id\":\"https:\/\/huidenlaserkliniekzeeland.nl\/spasalonnepro\/#primaryimage\"},\"thumbnailUrl\":\"https:\/\/huidenlaserkliniekzeeland.nl\/wp-content\/uploads\/2023\/06\/spasalonnepro-huidenlaserkliniekzeeland.jpg\",\"datePublished\":\"2023-06-09T10:49:44+00:00\",\"dateModified\":\"2023-06-23T07:16:55+00:00\",\"description\":\"Opzoek naar een Spasalonnepro behandeling? Kom langs bij Huidenlaserkliniekzeeland. Wij zijn gespecialiseerd in het behandelen hiervan!\",\"breadcrumb\":{\"@id\":\"https:\/\/huidenlaserkliniekzeeland.nl\/spasalonnepro\/#breadcrumb\"},\"inLanguage\":\"fr-FR\",\"potentialAction\":[{\"@type\":\"ReadAction\",\"target\":[\"https:\/\/huidenlaserkliniekzeeland.nl\/spasalonnepro\/\"]}]},{\"@type\":\"ImageObject\",\"inLanguage\":\"fr-FR\",\"@id\":\"https:\/\/huidenlaserkliniekzeeland.nl\/spasalonnepro\/#primaryimage\",\"url\":\"https:\/\/huidenlaserkliniekzeeland.nl\/wp-content\/uploads\/2023\/06\/spasalonnepro-huidenlaserkliniekzeeland.jpg\",\"contentUrl\":\"https:\/\/huidenlaserkliniekzeeland.nl\/wp-content\/uploads\/2023\/06\/spasalonnepro-huidenlaserkliniekzeeland.jpg\"},{\"@type\":\"BreadcrumbList\",\"@id\":\"https:\/\/huidenlaserkliniekzeeland.nl\/spasalonnepro\/#breadcrumb\",\"itemListElement\":[{\"@type\":\"ListItem\",\"position\":1,\"name\":\"Home\",\"item\":\"https:\/\/huidenlaserkliniekzeeland.nl\/\"},{\"@type\":\"ListItem\",\"position\":2,\"name\":\"Spasalonnepro\"}]},{\"@type\":\"WebSite\",\"@id\":\"https:\/\/huidenlaserkliniekzeeland.nl\/#website\",\"url\":\"https:\/\/huidenlaserkliniekzeeland.nl\/\",\"name\":\"Huidenlaserkliniekzeeland\",\"description\":\"Cosmetische chirurgie en huidtherapie in Zeeland\",\"publisher\":{\"@id\":\"https:\/\/huidenlaserkliniekzeeland.nl\/#organization\"},\"potentialAction\":[{\"@type\":\"SearchAction\",\"target\":{\"@type\":\"EntryPoint\",\"urlTemplate\":\"https:\/\/huidenlaserkliniekzeeland.nl\/?s={search_term_string}\"},\"query-input\":{\"@type\":\"PropertyValueSpecification\",\"valueRequired\":true,\"valueName\":\"search_term_string\"}}],\"inLanguage\":\"fr-FR\"},{\"@type\":\"Organization\",\"@id\":\"https:\/\/huidenlaserkliniekzeeland.nl\/#organization\",\"name\":\"Contrainer\",\"url\":\"https:\/\/huidenlaserkliniekzeeland.nl\/\",\"logo\":{\"@type\":\"ImageObject\",\"inLanguage\":\"fr-FR\",\"@id\":\"https:\/\/huidenlaserkliniekzeeland.nl\/#\/schema\/logo\/image\/\",\"url\":\"https:\/\/huidenlaserkliniekzeeland.nl\/wp-content\/uploads\/2023\/02\/Contrainer-logo-volledig.png\",\"contentUrl\":\"https:\/\/huidenlaserkliniekzeeland.nl\/wp-content\/uploads\/2023\/02\/Contrainer-logo-volledig.png\",\"width\":1579,\"height\":493,\"caption\":\"Contrainer\"},\"image\":{\"@id\":\"https:\/\/huidenlaserkliniekzeeland.nl\/#\/schema\/logo\/image\/\"}}]}<\/script>\n<!-- \/ Yoast SEO Premium plugin. -->","yoast_head_json":{"title":"Spasalonnepro - Clinique laser pour la peau","description":"A la recherche d'un traitement Spasalonnepro ? Passez par Huidenlaserkliniekzeeland. Nous sommes sp\u00e9cialis\u00e9s dans ce traitement !","robots":{"index":"index","follow":"follow","max-snippet":"max-snippet:-1","max-image-preview":"max-image-preview:large","max-video-preview":"max-video-preview:-1"},"canonical":"https:\/\/huidenlaserkliniekzeeland.nl\/fr\/spasalonnepro\/","og_locale":"fr_FR","og_type":"article","og_title":"Spasalonnepro","og_description":"Opzoek naar een Spasalonnepro behandeling? Kom langs bij Huidenlaserkliniekzeeland. Wij zijn gespecialiseerd in het behandelen hiervan!","og_url":"https:\/\/huidenlaserkliniekzeeland.nl\/fr\/spasalonnepro\/","og_site_name":"Huidenlaserkliniekzeeland","article_modified_time":"2023-06-23T07:16:55+00:00","og_image":[{"url":"https:\/\/huidenlaserkliniekzeeland.nl\/wp-content\/uploads\/2023\/06\/spasalonnepro-huidenlaserkliniekzeeland.jpg","type":"","width":"","height":""}],"twitter_card":"summary_large_image","twitter_misc":{"Dur\u00e9e de lecture estim\u00e9e":"2 minutes"},"schema":{"@context":"https:\/\/schema.org","@graph":[{"@type":"WebPage","@id":"https:\/\/huidenlaserkliniekzeeland.nl\/spasalonnepro\/","url":"https:\/\/huidenlaserkliniekzeeland.nl\/spasalonnepro\/","name":"Spasalonnepro - Clinique laser pour la peau","isPartOf":{"@id":"https:\/\/huidenlaserkliniekzeeland.nl\/#website"},"primaryImageOfPage":{"@id":"https:\/\/huidenlaserkliniekzeeland.nl\/spasalonnepro\/#primaryimage"},"image":{"@id":"https:\/\/huidenlaserkliniekzeeland.nl\/spasalonnepro\/#primaryimage"},"thumbnailUrl":"https:\/\/huidenlaserkliniekzeeland.nl\/wp-content\/uploads\/2023\/06\/spasalonnepro-huidenlaserkliniekzeeland.jpg","datePublished":"2023-06-09T10:49:44+00:00","dateModified":"2023-06-23T07:16:55+00:00","description":"A la recherche d'un traitement Spasalonnepro ? Passez par Huidenlaserkliniekzeeland. Nous sommes sp\u00e9cialis\u00e9s dans ce traitement !","breadcrumb":{"@id":"https:\/\/huidenlaserkliniekzeeland.nl\/spasalonnepro\/#breadcrumb"},"inLanguage":"fr-FR","potentialAction":[{"@type":"ReadAction","target":["https:\/\/huidenlaserkliniekzeeland.nl\/spasalonnepro\/"]}]},{"@type":"ImageObject","inLanguage":"fr-FR","@id":"https:\/\/huidenlaserkliniekzeeland.nl\/spasalonnepro\/#primaryimage","url":"https:\/\/huidenlaserkliniekzeeland.nl\/wp-content\/uploads\/2023\/06\/spasalonnepro-huidenlaserkliniekzeeland.jpg","contentUrl":"https:\/\/huidenlaserkliniekzeeland.nl\/wp-content\/uploads\/2023\/06\/spasalonnepro-huidenlaserkliniekzeeland.jpg"},{"@type":"BreadcrumbList","@id":"https:\/\/huidenlaserkliniekzeeland.nl\/spasalonnepro\/#breadcrumb","itemListElement":[{"@type":"ListItem","position":1,"name":"Home","item":"https:\/\/huidenlaserkliniekzeeland.nl\/"},{"@type":"ListItem","position":2,"name":"Spasalonnepro"}]},{"@type":"WebSite","@id":"https:\/\/huidenlaserkliniekzeeland.nl\/#website","url":"https:\/\/huidenlaserkliniekzeeland.nl\/","name":"Clinique laser pour la peau","description":"Chirurgie esth\u00e9tique et th\u00e9rapie de la peau \u00e0 Zeeland","publisher":{"@id":"https:\/\/huidenlaserkliniekzeeland.nl\/#organization"},"potentialAction":[{"@type":"SearchAction","target":{"@type":"EntryPoint","urlTemplate":"https:\/\/huidenlaserkliniekzeeland.nl\/?s={search_term_string}"},"query-input":{"@type":"PropertyValueSpecification","valueRequired":true,"valueName":"search_term_string"}}],"inLanguage":"fr-FR"},{"@type":"Organization","@id":"https:\/\/huidenlaserkliniekzeeland.nl\/#organization","name":"Contrainte","url":"https:\/\/huidenlaserkliniekzeeland.nl\/","logo":{"@type":"ImageObject","inLanguage":"fr-FR","@id":"https:\/\/huidenlaserkliniekzeeland.nl\/#\/schema\/logo\/image\/","url":"https:\/\/huidenlaserkliniekzeeland.nl\/wp-content\/uploads\/2023\/02\/Contrainer-logo-volledig.png","contentUrl":"https:\/\/huidenlaserkliniekzeeland.nl\/wp-content\/uploads\/2023\/02\/Contrainer-logo-volledig.png","width":1579,"height":493,"caption":"Contrainer"},"image":{"@id":"https:\/\/huidenlaserkliniekzeeland.nl\/#\/schema\/logo\/image\/"}}]}},"_links":{"self":[{"href":"https:\/\/huidenlaserkliniekzeeland.nl\/fr\/wp-json\/wp\/v2\/pages\/12069","targetHints":{"allow":["GET"]}}],"collection":[{"href":"https:\/\/huidenlaserkliniekzeeland.nl\/fr\/wp-json\/wp\/v2\/pages"}],"about":[{"href":"https:\/\/huidenlaserkliniekzeeland.nl\/fr\/wp-json\/wp\/v2\/types\/page"}],"author":[{"embeddable":true,"href":"https:\/\/huidenlaserkliniekzeeland.nl\/fr\/wp-json\/wp\/v2\/users\/5"}],"replies":[{"embeddable":true,"href":"https:\/\/huidenlaserkliniekzeeland.nl\/fr\/wp-json\/wp\/v2\/comments?post=12069"}],"version-history":[{"count":0,"href":"https:\/\/huidenlaserkliniekzeeland.nl\/fr\/wp-json\/wp\/v2\/pages\/12069\/revisions"}],"wp:attachment":[{"href":"https:\/\/huidenlaserkliniekzeeland.nl\/fr\/wp-json\/wp\/v2\/media?parent=12069"}],"curies":[{"name":"wp","href":"https:\/\/api.w.org\/{rel}","templated":true}]}}