{"id":11840,"date":"2023-04-20T23:37:04","date_gmt":"2023-04-20T21:37:04","guid":{"rendered":"https:\/\/huidenlaserkliniekzeeland.nl\/?page_id=11840"},"modified":"2023-06-23T09:05:30","modified_gmt":"2023-06-23T07:05:30","slug":"afslanken","status":"publish","type":"page","link":"https:\/\/huidenlaserkliniekzeeland.nl\/fr\/afslanken\/","title":{"rendered":"Minceur"},"content":{"rendered":"\t\t<div data-elementor-type=\"wp-page\" data-elementor-id=\"11840\" class=\"elementor elementor-11840\" data-elementor-post-type=\"page\">\n\t\t\t\t\t\t<section data-custom-animations=\"true\" data-ca-options=\"{&quot;addChildTimelines&quot;:false,&quot;trigger&quot;:&quot;firstChild&quot;,&quot;animationTarget&quot;:&quot;:scope &gt; .elementor-container &gt; .elementor-column&quot;,&quot;ease&quot;:[&quot;power4.out&quot;],&quot;initValues&quot;:{&quot;y&quot;:&quot;45px&quot;,&quot;scaleX&quot;:1.2,&quot;scaleY&quot;:1.2,&quot;opacity&quot;:0,&quot;transformOrigin&quot;:&quot;50% 50% 0px&quot;},&quot;animations&quot;:{&quot;y&quot;:&quot;0px&quot;,&quot;scaleX&quot;:1,&quot;scaleY&quot;:1,&quot;opacity&quot;:1,&quot;transformOrigin&quot;:&quot;50% 50% 0px&quot;}}\" class=\"elementor-section elementor-top-section elementor-element elementor-element-7e7eaa0a elementor-section-boxed elementor-section-height-default elementor-section-height-default\" data-id=\"7e7eaa0a\" data-element_type=\"section\" data-e-type=\"section\" data-settings=\"{&quot;background_background&quot;:&quot;gradient&quot;}\">\n\t\t\t\t\t\t\t<div class=\"elementor-background-overlay\"><\/div>\n\t\t\t\t\t\t\t<div class=\"elementor-container elementor-column-gap-extended\">\n\t\t\t\t\t<div class=\"elementor-column elementor-col-100 elementor-top-column elementor-element elementor-element-f7ecf2b\" data-id=\"f7ecf2b\" data-element_type=\"column\" data-e-type=\"column\">\n\t\t\t<div class=\"elementor-widget-wrap elementor-element-populated\">\n\t\t\t\t\t\t<div class=\"elementor-element elementor-element-c5e9561 elementor-widget__width-auto elementor-widget elementor-widget-hub_fancy_heading\" data-id=\"c5e9561\" data-element_type=\"widget\" data-e-type=\"widget\" data-widget_type=\"hub_fancy_heading.default\">\n\t\t\t\t<div class=\"elementor-widget-container\">\n\t\t\t\t\t\n\t\t<div id=\"ld-fancy-heading-69e03f6c455ae\" class=\"ld-fancy-heading pos-rel\">\n\t\t\t<h6 class=\"ld-fh-element d-inline-block pos-rel  elementor-heading-title lqd-highlight-classic lqd-highlight-grow-left h6\"  > Wat doen wij?<\/h6>\t\t<\/div>\n\n\t\t\t\t\t\t<\/div>\n\t\t\t\t<\/div>\n\t\t\t\t<div class=\"elementor-element elementor-element-11ca6d35 elementor-widget elementor-widget-hub_fancy_heading\" data-id=\"11ca6d35\" data-element_type=\"widget\" data-e-type=\"widget\" data-widget_type=\"hub_fancy_heading.default\">\n\t\t\t\t<div class=\"elementor-widget-container\">\n\t\t\t\t\t\n\t\t<div id=\"ld-fancy-heading-69e03f6c45bac\" class=\"ld-fancy-heading pos-rel\">\n\t\t\t<h1 class=\"ld-fh-element d-inline-block pos-rel  elementor-heading-title lqd-highlight-classic lqd-highlight-grow-left h1\"  > Afslanken<\/h1>\t\t<\/div>\n\n\t\t\t\t\t\t<\/div>\n\t\t\t\t<\/div>\n\t\t\t\t\t<\/div>\n\t\t<\/div>\n\t\t\t\t<div class=\"elementor-column elementor-col-100 elementor-top-column elementor-element elementor-element-1b8cf47\" data-id=\"1b8cf47\" data-element_type=\"column\" data-e-type=\"column\">\n\t\t\t<div class=\"elementor-widget-wrap elementor-element-populated\">\n\t\t\t\t\t\t<div class=\"elementor-element elementor-element-3b6e1f7 elementor-align-left elementor-widget elementor-widget-ld_icon_box\" data-id=\"3b6e1f7\" data-element_type=\"widget\" data-e-type=\"widget\" data-widget_type=\"ld_icon_box.default\">\n\t\t\t\t<div class=\"elementor-widget-container\">\n\t\t\t\t\t\n\t\t\t<div id=\"ld_icon_box_3b6e1f7\" class=\"iconbox d-flex flex-grow-1 pos-rel iconbox-side iconbox-heading-arrow-onhover\"   >\n\n\t\t\t\t\n\t\t\t\t<div class=\"iconbox-icon-wrap  \"><div class=\"iconbox-icon-container d-inline-flex   \"><img decoding=\"async\" src=\"\" class=\"lqd-image-icon\" alt=\"ResetPlus\u00ae\" \/><\/div><\/div>\n\t\t\t\t\n\t\t\t\t<div class=\"contents \">\n\t\t\t\t\n\t\t\t\t<h3 class=\"lqd-iconbox-heading \" >ResetPlus\u00ae <svg class=\"d-inline-block\" xmlns=\"http:\/\/www.w3.org\/2000\/svg\" width=\"12\" height=\"32\" viewBox=\"0 0 12 32\"><path fill=\"currentColor\" d=\"M8.375 16L.437 8.062C-.125 7.5-.125 6.5.438 5.938s1.563-.563 2.126 0l9 9c.562.562.624 1.5.062 2.062l-9.063 9.063c-.312.312-.687.437-1.062.437s-.75-.125-1.063-.438c-.562-.562-.562-1.562 0-2.125z\" fill=\"currentColor\"><\/path><\/svg><\/h3>\t\t\t\t<p>Wilt u beginnen met afvallen met het gebruik van de ResetPlus\u00ae capsules?<\/p>\n\t\t\t\t\n\t\t\t\t<\/div>\n\t\t\t\t<a href=\"\/resetplus\" class=\"lqd-overlay z-index-2\" target=\"_blank&quot;\" rel=\"nofollow\" aria-label=\"ResetPlus\u00ae\"><\/a>\n\t\t\t<\/div>\n\n\t\t\t\t\t\t<\/div>\n\t\t\t\t<\/div>\n\t\t\t\t<div class=\"elementor-element elementor-element-6224911 elementor-align-left elementor-widget elementor-widget-ld_icon_box\" data-id=\"6224911\" data-element_type=\"widget\" data-e-type=\"widget\" data-widget_type=\"ld_icon_box.default\">\n\t\t\t\t<div class=\"elementor-widget-container\">\n\t\t\t\t\t\n\t\t\t<div id=\"ld_icon_box_6224911\" class=\"iconbox d-flex flex-grow-1 pos-rel iconbox-side iconbox-heading-arrow-onhover\"   >\n\n\t\t\t\t\n\t\t\t\t<div class=\"iconbox-icon-wrap  \"><div class=\"iconbox-icon-container d-inline-flex   \"><img decoding=\"async\" src=\"\" class=\"lqd-image-icon\" alt=\"Ozempic\" \/><\/div><\/div>\n\t\t\t\t\n\t\t\t\t\n\t\t\t\t\n\t\t\t\t<h3 class=\"lqd-iconbox-heading \" >Ozempic <svg class=\"d-inline-block\" xmlns=\"http:\/\/www.w3.org\/2000\/svg\" width=\"12\" height=\"32\" viewBox=\"0 0 12 32\"><path fill=\"currentColor\" d=\"M8.375 16L.437 8.062C-.125 7.5-.125 6.5.438 5.938s1.563-.563 2.126 0l9 9c.562.562.624 1.5.062 2.062l-9.063 9.063c-.312.312-.687.437-1.062.437s-.75-.125-1.063-.438c-.562-.562-.562-1.562 0-2.125z\" fill=\"currentColor\"><\/path><\/svg><\/h3>\t\t\t\t<p><\/p>\n\t\t\t\t\n\t\t\t\t\n\t\t\t\t\n\t\t\t<\/div>\n\n\t\t\t\t\t\t<\/div>\n\t\t\t\t<\/div>\n\t\t\t\t\t<\/div>\n\t\t<\/div>\n\t\t\t\t<div class=\"elementor-column elementor-col-100 elementor-top-column elementor-element elementor-element-36d0fdf\" data-id=\"36d0fdf\" data-element_type=\"column\" data-e-type=\"column\">\n\t\t\t<div class=\"elementor-widget-wrap elementor-element-populated\">\n\t\t\t\t\t\t<div class=\"elementor-element elementor-element-4f8da83 elementor-align-left elementor-widget elementor-widget-ld_icon_box\" data-id=\"4f8da83\" data-element_type=\"widget\" data-e-type=\"widget\" data-widget_type=\"ld_icon_box.default\">\n\t\t\t\t<div class=\"elementor-widget-container\">\n\t\t\t\t\t\n\t\t\t<div id=\"ld_icon_box_4f8da83\" class=\"iconbox d-flex flex-grow-1 pos-rel iconbox-side iconbox-heading-arrow-onhover\"   >\n\n\t\t\t\t\n\t\t\t\t<div class=\"iconbox-icon-wrap  \"><div class=\"iconbox-icon-container d-inline-flex   \"><img decoding=\"async\" src=\"\" class=\"lqd-image-icon\" alt=\"Saxenda\" \/><\/div><\/div>\n\t\t\t\t\n\t\t\t\t\n\t\t\t\t\n\t\t\t\t<h3 class=\"lqd-iconbox-heading \" >Saxenda <svg class=\"d-inline-block\" xmlns=\"http:\/\/www.w3.org\/2000\/svg\" width=\"12\" height=\"32\" viewBox=\"0 0 12 32\"><path fill=\"currentColor\" d=\"M8.375 16L.437 8.062C-.125 7.5-.125 6.5.438 5.938s1.563-.563 2.126 0l9 9c.562.562.624 1.5.062 2.062l-9.063 9.063c-.312.312-.687.437-1.062.437s-.75-.125-1.063-.438c-.562-.562-.562-1.562 0-2.125z\" fill=\"currentColor\"><\/path><\/svg><\/h3>\t\t\t\t<p><\/p>\n\t\t\t\t\n\t\t\t\t\n\t\t\t\t\n\t\t\t<\/div>\n\n\t\t\t\t\t\t<\/div>\n\t\t\t\t<\/div>\n\t\t\t\t\t<\/div>\n\t\t<\/div>\n\t\t\t\t\t<\/div>\n\t\t<\/section>\n\t\t\t\t<\/div>\n\t\t","protected":false},"excerpt":{"rendered":"<p>Wat doen wij? Afslanken ResetPlus\u00ae Wilt u beginnen met afvallen met het gebruik van de ResetPlus\u00ae capsules? Ozempic Saxenda<\/p>","protected":false},"author":5,"featured_media":0,"parent":0,"menu_order":0,"comment_status":"closed","ping_status":"closed","template":"","meta":{"footnotes":""},"class_list":["post-11840","page","type-page","status-publish","hentry"],"yoast_head":"<!-- This site is optimized with the Yoast SEO Premium plugin v27.0 (Yoast SEO v27.2) - https:\/\/yoast.com\/product\/yoast-seo-premium-wordpress\/ -->\n<title>Afslanken - Huidenlaserkliniekzeeland<\/title>\n<meta name=\"description\" content=\"Opzoek naar een Afslanken behandeling? Kom langs bij Huidenlaserkliniekzeeland. Wij zijn gespecialiseerd in het behandelen hiervan!\" \/>\n<meta name=\"robots\" content=\"index, follow, max-snippet:-1, max-image-preview:large, max-video-preview:-1\" \/>\n<link rel=\"canonical\" href=\"https:\/\/huidenlaserkliniekzeeland.nl\/fr\/afslanken\/\" \/>\n<meta property=\"og:locale\" content=\"fr_FR\" \/>\n<meta property=\"og:type\" content=\"article\" \/>\n<meta property=\"og:title\" content=\"Afslanken\" \/>\n<meta property=\"og:description\" content=\"Opzoek naar een Afslanken behandeling? Kom langs bij Huidenlaserkliniekzeeland. Wij zijn gespecialiseerd in het behandelen hiervan!\" \/>\n<meta property=\"og:url\" content=\"https:\/\/huidenlaserkliniekzeeland.nl\/fr\/afslanken\/\" \/>\n<meta property=\"og:site_name\" content=\"Huidenlaserkliniekzeeland\" \/>\n<meta property=\"article:modified_time\" content=\"2023-06-23T07:05:30+00:00\" \/>\n<meta name=\"twitter:card\" content=\"summary_large_image\" \/>\n<meta name=\"twitter:label1\" content=\"Dur\u00e9e de lecture estim\u00e9e\" \/>\n\t<meta name=\"twitter:data1\" content=\"1 minute\" \/>\n<script type=\"application\/ld+json\" class=\"yoast-schema-graph\">{\"@context\":\"https:\/\/schema.org\",\"@graph\":[{\"@type\":\"WebPage\",\"@id\":\"https:\/\/huidenlaserkliniekzeeland.nl\/afslanken\/\",\"url\":\"https:\/\/huidenlaserkliniekzeeland.nl\/afslanken\/\",\"name\":\"Afslanken - Huidenlaserkliniekzeeland\",\"isPartOf\":{\"@id\":\"https:\/\/huidenlaserkliniekzeeland.nl\/#website\"},\"datePublished\":\"2023-04-20T21:37:04+00:00\",\"dateModified\":\"2023-06-23T07:05:30+00:00\",\"description\":\"Opzoek naar een Afslanken behandeling? Kom langs bij Huidenlaserkliniekzeeland. Wij zijn gespecialiseerd in het behandelen hiervan!\",\"breadcrumb\":{\"@id\":\"https:\/\/huidenlaserkliniekzeeland.nl\/afslanken\/#breadcrumb\"},\"inLanguage\":\"fr-FR\",\"potentialAction\":[{\"@type\":\"ReadAction\",\"target\":[\"https:\/\/huidenlaserkliniekzeeland.nl\/afslanken\/\"]}]},{\"@type\":\"BreadcrumbList\",\"@id\":\"https:\/\/huidenlaserkliniekzeeland.nl\/afslanken\/#breadcrumb\",\"itemListElement\":[{\"@type\":\"ListItem\",\"position\":1,\"name\":\"Home\",\"item\":\"https:\/\/huidenlaserkliniekzeeland.nl\/\"},{\"@type\":\"ListItem\",\"position\":2,\"name\":\"Afslanken\"}]},{\"@type\":\"WebSite\",\"@id\":\"https:\/\/huidenlaserkliniekzeeland.nl\/#website\",\"url\":\"https:\/\/huidenlaserkliniekzeeland.nl\/\",\"name\":\"Huidenlaserkliniekzeeland\",\"description\":\"Cosmetische chirurgie en huidtherapie in Zeeland\",\"publisher\":{\"@id\":\"https:\/\/huidenlaserkliniekzeeland.nl\/#organization\"},\"potentialAction\":[{\"@type\":\"SearchAction\",\"target\":{\"@type\":\"EntryPoint\",\"urlTemplate\":\"https:\/\/huidenlaserkliniekzeeland.nl\/?s={search_term_string}\"},\"query-input\":{\"@type\":\"PropertyValueSpecification\",\"valueRequired\":true,\"valueName\":\"search_term_string\"}}],\"inLanguage\":\"fr-FR\"},{\"@type\":\"Organization\",\"@id\":\"https:\/\/huidenlaserkliniekzeeland.nl\/#organization\",\"name\":\"Contrainer\",\"url\":\"https:\/\/huidenlaserkliniekzeeland.nl\/\",\"logo\":{\"@type\":\"ImageObject\",\"inLanguage\":\"fr-FR\",\"@id\":\"https:\/\/huidenlaserkliniekzeeland.nl\/#\/schema\/logo\/image\/\",\"url\":\"https:\/\/huidenlaserkliniekzeeland.nl\/wp-content\/uploads\/2023\/02\/Contrainer-logo-volledig.png\",\"contentUrl\":\"https:\/\/huidenlaserkliniekzeeland.nl\/wp-content\/uploads\/2023\/02\/Contrainer-logo-volledig.png\",\"width\":1579,\"height\":493,\"caption\":\"Contrainer\"},\"image\":{\"@id\":\"https:\/\/huidenlaserkliniekzeeland.nl\/#\/schema\/logo\/image\/\"}}]}<\/script>\n<!-- \/ Yoast SEO Premium plugin. -->","yoast_head_json":{"title":"Amincissement - Skin Laser Clinic Zealand","description":"A la recherche d'un traitement amincissant ? Passez chez Huidenlaserkliniekzeeland. Nous sommes sp\u00e9cialis\u00e9s dans ce traitement !","robots":{"index":"index","follow":"follow","max-snippet":"max-snippet:-1","max-image-preview":"max-image-preview:large","max-video-preview":"max-video-preview:-1"},"canonical":"https:\/\/huidenlaserkliniekzeeland.nl\/fr\/afslanken\/","og_locale":"fr_FR","og_type":"article","og_title":"Afslanken","og_description":"Opzoek naar een Afslanken behandeling? Kom langs bij Huidenlaserkliniekzeeland. Wij zijn gespecialiseerd in het behandelen hiervan!","og_url":"https:\/\/huidenlaserkliniekzeeland.nl\/fr\/afslanken\/","og_site_name":"Huidenlaserkliniekzeeland","article_modified_time":"2023-06-23T07:05:30+00:00","twitter_card":"summary_large_image","twitter_misc":{"Dur\u00e9e de lecture estim\u00e9e":"1 minute"},"schema":{"@context":"https:\/\/schema.org","@graph":[{"@type":"WebPage","@id":"https:\/\/huidenlaserkliniekzeeland.nl\/afslanken\/","url":"https:\/\/huidenlaserkliniekzeeland.nl\/afslanken\/","name":"Amincissement - Skin Laser Clinic Zealand","isPartOf":{"@id":"https:\/\/huidenlaserkliniekzeeland.nl\/#website"},"datePublished":"2023-04-20T21:37:04+00:00","dateModified":"2023-06-23T07:05:30+00:00","description":"A la recherche d'un traitement amincissant ? Passez chez Huidenlaserkliniekzeeland. Nous sommes sp\u00e9cialis\u00e9s dans ce traitement !","breadcrumb":{"@id":"https:\/\/huidenlaserkliniekzeeland.nl\/afslanken\/#breadcrumb"},"inLanguage":"fr-FR","potentialAction":[{"@type":"ReadAction","target":["https:\/\/huidenlaserkliniekzeeland.nl\/afslanken\/"]}]},{"@type":"BreadcrumbList","@id":"https:\/\/huidenlaserkliniekzeeland.nl\/afslanken\/#breadcrumb","itemListElement":[{"@type":"ListItem","position":1,"name":"Home","item":"https:\/\/huidenlaserkliniekzeeland.nl\/"},{"@type":"ListItem","position":2,"name":"Afslanken"}]},{"@type":"WebSite","@id":"https:\/\/huidenlaserkliniekzeeland.nl\/#website","url":"https:\/\/huidenlaserkliniekzeeland.nl\/","name":"Clinique laser pour la peau","description":"Chirurgie esth\u00e9tique et th\u00e9rapie de la peau \u00e0 Zeeland","publisher":{"@id":"https:\/\/huidenlaserkliniekzeeland.nl\/#organization"},"potentialAction":[{"@type":"SearchAction","target":{"@type":"EntryPoint","urlTemplate":"https:\/\/huidenlaserkliniekzeeland.nl\/?s={search_term_string}"},"query-input":{"@type":"PropertyValueSpecification","valueRequired":true,"valueName":"search_term_string"}}],"inLanguage":"fr-FR"},{"@type":"Organization","@id":"https:\/\/huidenlaserkliniekzeeland.nl\/#organization","name":"Contrainte","url":"https:\/\/huidenlaserkliniekzeeland.nl\/","logo":{"@type":"ImageObject","inLanguage":"fr-FR","@id":"https:\/\/huidenlaserkliniekzeeland.nl\/#\/schema\/logo\/image\/","url":"https:\/\/huidenlaserkliniekzeeland.nl\/wp-content\/uploads\/2023\/02\/Contrainer-logo-volledig.png","contentUrl":"https:\/\/huidenlaserkliniekzeeland.nl\/wp-content\/uploads\/2023\/02\/Contrainer-logo-volledig.png","width":1579,"height":493,"caption":"Contrainer"},"image":{"@id":"https:\/\/huidenlaserkliniekzeeland.nl\/#\/schema\/logo\/image\/"}}]}},"_links":{"self":[{"href":"https:\/\/huidenlaserkliniekzeeland.nl\/fr\/wp-json\/wp\/v2\/pages\/11840","targetHints":{"allow":["GET"]}}],"collection":[{"href":"https:\/\/huidenlaserkliniekzeeland.nl\/fr\/wp-json\/wp\/v2\/pages"}],"about":[{"href":"https:\/\/huidenlaserkliniekzeeland.nl\/fr\/wp-json\/wp\/v2\/types\/page"}],"author":[{"embeddable":true,"href":"https:\/\/huidenlaserkliniekzeeland.nl\/fr\/wp-json\/wp\/v2\/users\/5"}],"replies":[{"embeddable":true,"href":"https:\/\/huidenlaserkliniekzeeland.nl\/fr\/wp-json\/wp\/v2\/comments?post=11840"}],"version-history":[{"count":0,"href":"https:\/\/huidenlaserkliniekzeeland.nl\/fr\/wp-json\/wp\/v2\/pages\/11840\/revisions"}],"wp:attachment":[{"href":"https:\/\/huidenlaserkliniekzeeland.nl\/fr\/wp-json\/wp\/v2\/media?parent=11840"}],"curies":[{"name":"wp","href":"https:\/\/api.w.org\/{rel}","templated":true}]}}