{"id":11323,"date":"2023-04-12T16:59:45","date_gmt":"2023-04-12T14:59:45","guid":{"rendered":"https:\/\/huidenlaserkliniekzeeland.nl\/?page_id=11323"},"modified":"2024-08-23T12:23:16","modified_gmt":"2024-08-23T10:23:16","slug":"voorhoofdlift","status":"publish","type":"page","link":"https:\/\/huidenlaserkliniekzeeland.nl\/fr\/voorhoofdlift\/","title":{"rendered":"Soulever le front"},"content":{"rendered":"<div data-elementor-type=\"wp-page\" data-elementor-id=\"11323\" class=\"elementor elementor-11323\" data-elementor-post-type=\"page\">\n\t\t\t\t<div class=\"elementor-element elementor-element-4dfcdc1 e-flex e-con-boxed e-con e-parent\" data-id=\"4dfcdc1\" data-element_type=\"container\" data-e-type=\"container\">\n\t\t\t\t\t<div class=\"e-con-inner\">\n\t\t<div class=\"elementor-element elementor-element-56d819c e-con-full e-flex e-con e-child\" data-id=\"56d819c\" data-element_type=\"container\" data-e-type=\"container\">\n\t\t\t\t<div class=\"elementor-element elementor-element-8ecb44b elementor-widget elementor-widget-spacer\" data-id=\"8ecb44b\" data-element_type=\"widget\" data-e-type=\"widget\" data-widget_type=\"spacer.default\">\n\t\t\t\t<div class=\"elementor-widget-container\">\n\t\t\t\t\t\t\t<div class=\"elementor-spacer\">\n\t\t\t<div class=\"elementor-spacer-inner\"><\/div>\n\t\t<\/div>\n\t\t\t\t\t\t<\/div>\n\t\t\t\t<\/div>\n\t\t\t\t<div class=\"elementor-element elementor-element-c7616a3 elementor-widget elementor-widget-hub_fancy_heading\" data-id=\"c7616a3\" data-element_type=\"widget\" data-e-type=\"widget\" data-widget_type=\"hub_fancy_heading.default\">\n\t\t\t\t<div class=\"elementor-widget-container\">\n\t\t\t\t\t\n\t\t<div id=\"ld-fancy-heading-69ff33fdcae6a\" class=\"ld-fancy-heading pos-rel\">\n\t\t\t<h1 class=\"ld-fh-element d-inline-block pos-rel  elementor-heading-title lqd-highlight-classic lqd-highlight-grow-left h1\"  > Lifting du front<\/h1>\t\t<\/div>\n\n\t\t\t\t\t\t<\/div>\n\t\t\t\t<\/div>\n\t\t\t\t<div class=\"elementor-element elementor-element-ad10a40 elementor-widget elementor-widget-hub_fancy_heading\" data-id=\"ad10a40\" data-element_type=\"widget\" data-e-type=\"widget\" data-widget_type=\"hub_fancy_heading.default\">\n\t\t\t\t<div class=\"elementor-widget-container\">\n\t\t\t\t\t\n\t\t<div id=\"ld-fancy-heading-69ff33fdcb339\" class=\"ld-fancy-heading pos-rel\">\n\t\t\t<h2 class=\"ld-fh-element d-inline-block pos-rel  elementor-heading-title lqd-highlight-classic lqd-highlight-grow-left h2\"  > Qu'est-ce qu'un lifting frontal ?<\/h2>\t\t<\/div>\n\n\t\t\t\t\t\t<\/div>\n\t\t\t\t<\/div>\n\t\t\t\t<div class=\"elementor-element elementor-element-07388df elementor-widget elementor-widget-text-editor\" data-id=\"07388df\" data-element_type=\"widget\" data-e-type=\"widget\" data-widget_type=\"text-editor.default\">\n\t\t\t\t<div class=\"elementor-widget-container\">\n\t\t\t\t\t\t\t\t\t<p>Le lifting frontal est un traitement chirurgical. Au cours de cette intervention, nous corrigeons les rides et l'exc\u00e8s de peau sur le front. De nombreuses personnes qui souffrent de paupi\u00e8res sup\u00e9rieures tombantes souffrent en fait de sourcils bas, appel\u00e9s ptosis des sourcils. Pour savoir si l'on est en pr\u00e9sence d'une ptose des sourcils, il suffit de faire un test simple.<\/p><p>Placez-vous devant le miroir et \u00e9valuez si les sourcils se trouvent en dessous ou sur le bord osseux de l'orbite. Si les sourcils se trouvent en dessous de ce bord, ils sont trop bas. Le patient ressent souvent des sympt\u00f4mes tels qu'une sensation de fatigue et un regard contre la peau sous les sourcils. Un lifting frontal a un effet rajeunissant certain<\/p>\t\t\t\t\t\t\t\t<\/div>\n\t\t\t\t<\/div>\n\t\t\t\t<div class=\"elementor-element elementor-element-f9b4a62 elementor-align-left elementor-widget elementor-widget-ld_button\" data-id=\"f9b4a62\" data-element_type=\"widget\" data-e-type=\"widget\" data-widget_type=\"ld_button.default\">\n\t\t\t\t<div class=\"elementor-widget-container\">\n\t\t\t\t\t\n\t\t\t<a\n\t\t\t\thref=\"#tarief\"class=\"elementor-button btn btn-solid btn-sm btn-icon-shaped btn-has-label\"\t\t\t>\n\t\t\t\t\t\t\t\t\t<span data-text=\"Tarieven\" class=\"btn-txt\">\n\t\t\t\t\t\tTarifs\t\t\t\t\t<\/span>\n\t\t\t\t\t\t\t\t\t\t\t<\/a>\n\t\t\t\t\t\t\t<\/div>\n\t\t\t\t<\/div>\n\t\t\t\t<\/div>\n\t\t<div class=\"elementor-element elementor-element-0837c56 e-con-full e-flex e-con e-child\" data-id=\"0837c56\" data-element_type=\"container\" data-e-type=\"container\">\n\t\t\t\t<div class=\"elementor-element elementor-element-da86e3e elementor-widget elementor-widget-ld_fancy_image\" data-id=\"da86e3e\" data-element_type=\"widget\" data-e-type=\"widget\" data-widget_type=\"ld_fancy_image.default\">\n\t\t\t\t<div class=\"elementor-widget-container\">\n\t\t\t\t\t\n\t\t<div class=\"lqd-imggrp-single d-block pos-rel perspective\" data-hover3d=\"true\">\n\t\t\t<div class=\"lqd-imggrp-img-container d-inline-flex pos-rel align-items-center justify-content-center transform-style-3d\">\n\t\t\t\t\t\t\t\t<figure class=\"w-100 pos-rel\" data-stacking-factor=\"1\">\n\t\t\t\t\t<img fetchpriority=\"high\" decoding=\"async\" width=\"250\" height=\"223\" src=\"https:\/\/huidenlaserkliniekzeeland.nl\/wp-content\/uploads\/2023\/04\/voorhoofd2.jpg\" class=\"attachment-full size-full wp-image-11329\" alt=\"Clinique laser pour le lifting du front et la dissimulation des cheveux\" srcset=\"https:\/\/huidenlaserkliniekzeeland.nl\/wp-content\/uploads\/2023\/04\/voorhoofd2.jpg 250w, https:\/\/huidenlaserkliniekzeeland.nl\/wp-content\/uploads\/2023\/04\/voorhoofd2-13x12.jpg 13w\" sizes=\"(max-width: 250px) 100vw, 250px\" itemprop=\"image\" \/>\t\t\t\t\t\t\t\t\t\t\t\t\t\t\t\t\t\t\t\t\t\t\t\t\t\t\t\t\t<\/figure>\n\t\t\t<\/div>\n\t\t<\/div>\n\n\t\t\t\t\t<\/div>\n\t\t\t\t<\/div>\n\t\t\t\t<\/div>\n\t\t\t\t\t<\/div>\n\t\t\t\t<\/div>\n\t\t<div class=\"elementor-element elementor-element-16cecfa e-flex e-con-boxed e-con e-parent\" data-id=\"16cecfa\" data-element_type=\"container\" data-e-type=\"container\">\n\t\t\t\t\t<div class=\"e-con-inner\">\n\t\t<div class=\"elementor-element elementor-element-b0dd352 e-con-full e-flex e-con e-child\" data-id=\"b0dd352\" data-element_type=\"container\" data-e-type=\"container\">\n\t\t\t\t<div class=\"elementor-element elementor-element-bab7c23 elementor-widget elementor-widget-spacer\" data-id=\"bab7c23\" data-element_type=\"widget\" data-e-type=\"widget\" data-widget_type=\"spacer.default\">\n\t\t\t\t<div class=\"elementor-widget-container\">\n\t\t\t\t\t\t\t<div class=\"elementor-spacer\">\n\t\t\t<div class=\"elementor-spacer-inner\"><\/div>\n\t\t<\/div>\n\t\t\t\t\t\t<\/div>\n\t\t\t\t<\/div>\n\t\t\t\t<div class=\"elementor-element elementor-element-45d32a9 elementor-widget elementor-widget-hub_fancy_heading\" data-id=\"45d32a9\" data-element_type=\"widget\" data-e-type=\"widget\" data-widget_type=\"hub_fancy_heading.default\">\n\t\t\t\t<div class=\"elementor-widget-container\">\n\t\t\t\t\t\n\t\t<div id=\"ld-fancy-heading-69ff33fdccc5f\" class=\"ld-fancy-heading pos-rel\">\n\t\t\t<h3 class=\"ld-fh-element d-inline-block pos-rel  elementor-heading-title lqd-highlight-classic lqd-highlight-grow-left h3\"  > Traitement<\/h3>\t\t<\/div>\n\n\t\t\t\t\t\t<\/div>\n\t\t\t\t<\/div>\n\t\t\t\t<div class=\"elementor-element elementor-element-b525f14 elementor-widget elementor-widget-text-editor\" data-id=\"b525f14\" data-element_type=\"widget\" data-e-type=\"widget\" data-widget_type=\"text-editor.default\">\n\t\t\t\t<div class=\"elementor-widget-container\">\n\t\t\t\t\t\t\t\t\t<p>Lors d'un lifting frontal endoscopique, l'exc\u00e8s de peau est retir\u00e9 du front jusqu'\u00e0 l'arri\u00e8re de la t\u00eate. Le chirurgien plasticien pratique plusieurs petites incisions dans le cuir chevelu, d\u00e9tache le p\u00e9rioste, l'incise sous le niveau des sourcils et sur les c\u00f4t\u00e9s, et le soul\u00e8ve en forme de \"u\" jusqu'\u00e0 l'arri\u00e8re de la t\u00eate. L'intervention est r\u00e9alis\u00e9e \u00e0 l'aide d'un endoscope. L'endoscope est un petit tube muni d'une lumi\u00e8re, d'une cam\u00e9ra et d'une loupe. Le chirurgien plasticien peut ainsi d\u00e9tacher tr\u00e8s pr\u00e9cis\u00e9ment la membrane osseuse situ\u00e9e sous les muscles du front et \u00e9pargner les nerfs sensoriels.<\/p><p>Une fois que le chirurgien plasticien a resserr\u00e9 la membrane osseuse, les sourcils se soul\u00e8vent avec elle et sont rattach\u00e9s \u00e0 une hauteur naturelle et correcte. Pour obtenir un r\u00e9sultat d\u00e9finitif, la membrane osseuse doit se remettre en place. Pour ce faire, le sp\u00e9cialiste utilise des sutures qu'il fait passer par une vis dissolvante ou par deux trous osseux.<\/p><p>Les cicatrices consistent en plusieurs petites incisions d'un centim\u00e8tre \u00e0 la racine des cheveux. Deux au niveau de la tempe, deux de chaque c\u00f4t\u00e9 et une au milieu du front. Il n'est pas n\u00e9cessaire de raser les cheveux. L'exc\u00e8s de peau n'est pas coup\u00e9 lors d'un lifting endoscopique du front, mais repouss\u00e9 vers l'arri\u00e8re sur le cuir chevelu poilu, ce qui se r\u00e9sorbe de lui-m\u00eame au bout de quelques semaines. Cette m\u00e9thode permet de reculer la ligne des cheveux de deux \u00e0 trois centim\u00e8tres. Le front devient ainsi l\u00e9g\u00e8rement plus haut ou plus long, c'est pourquoi cette m\u00e9thode convient particuli\u00e8rement aux patients dont le front est plus court.<\/p><p>La proc\u00e9dure peut \u00e9galement s'appliquer aux personnes chauves, car les cicatrices sont tr\u00e8s petites. En plus de redonner aux sourcils leur hauteur correcte, cette m\u00e9thode permet de resserrer et de lisser la peau du front. Le lifting frontal endoscopique dure environ une \u00e0 deux heures et se d\u00e9roule en chirurgie de jour, sous anesth\u00e9sie g\u00e9n\u00e9rale.<\/p>\t\t\t\t\t\t\t\t<\/div>\n\t\t\t\t<\/div>\n\t\t\t\t<div class=\"elementor-element elementor-element-709049b elementor-widget elementor-widget-hub_fancy_heading\" data-id=\"709049b\" data-element_type=\"widget\" data-e-type=\"widget\" data-widget_type=\"hub_fancy_heading.default\">\n\t\t\t\t<div class=\"elementor-widget-container\">\n\t\t\t\t\t\n\t\t<div id=\"ld-fancy-heading-69ff33fdcd4e3\" class=\"ld-fancy-heading pos-rel\">\n\t\t\t<h3 class=\"ld-fh-element d-inline-block pos-rel  elementor-heading-title lqd-highlight-classic lqd-highlight-grow-left h3\"  > L'anesth\u00e9sie<\/h3>\t\t<\/div>\n\n\t\t\t\t\t\t<\/div>\n\t\t\t\t<\/div>\n\t\t\t\t<div class=\"elementor-element elementor-element-94d1b12 elementor-widget elementor-widget-hub_fancy_heading\" data-id=\"94d1b12\" data-element_type=\"widget\" data-e-type=\"widget\" data-widget_type=\"hub_fancy_heading.default\">\n\t\t\t\t<div class=\"elementor-widget-container\">\n\t\t\t\t\t\n\t\t<div id=\"ld-fancy-heading-69ff33fdcd939\" class=\"ld-fancy-heading pos-rel\">\n\t\t\t<p class=\"ld-fh-element d-inline-block pos-rel  lqd-highlight-classic lqd-highlight-grow-left p\"  > Un lifting frontal traditionnel consiste \u00e0 soulever la peau du front et des sourcils, s\u00e9par\u00e9ment du muscle frontal. Dans ce cas, le chirurgien plasticien enl\u00e8ve l'exc\u00e8s de peau, ce qui permet de conserver le m\u00eame front ou de le raccourcir. Cette m\u00e9thode convient donc aux personnes dont le front est l\u00e9g\u00e8rement plus long ou plus haut. Toutefois, cette m\u00e9thode entra\u00eene une cicatrice plus importante dans la partie poilue du front. Cette cicatrice n'est pas visible car les cheveux tombent dessus. Pour les personnes chauves, cette m\u00e9thode n'est donc pas tr\u00e8s adapt\u00e9e. Le lifting frontal traditionnel dure environ une \u00e0 deux heures et se d\u00e9roule en traitement de jour, sous anesth\u00e9sie g\u00e9n\u00e9rale.<\/p>\t\t<\/div>\n\n\t\t\t\t\t\t<\/div>\n\t\t\t\t<\/div>\n\t\t\t\t<div class=\"elementor-element elementor-element-2c41272 elementor-widget elementor-widget-menu-anchor\" data-id=\"2c41272\" data-element_type=\"widget\" data-e-type=\"widget\" data-widget_type=\"menu-anchor.default\">\n\t\t\t\t<div class=\"elementor-widget-container\">\n\t\t\t\t\t\t\t<div class=\"elementor-menu-anchor\" id=\"tarief\"><\/div>\n\t\t\t\t\t\t<\/div>\n\t\t\t\t<\/div>\n\t\t\t\t<\/div>\n\t\t<div class=\"elementor-element elementor-element-79bde59 e-con-full e-flex e-con e-child\" data-id=\"79bde59\" data-element_type=\"container\" data-e-type=\"container\">\n\t\t\t\t<\/div>\n\t\t\t\t\t<\/div>\n\t\t\t\t<\/div>\n\t\t\t\t<section class=\"elementor-section elementor-top-section elementor-element elementor-element-212402c elementor-section-boxed elementor-section-height-default elementor-section-height-default\" data-id=\"212402c\" data-element_type=\"section\" data-e-type=\"section\" data-settings=\"{&quot;background_background&quot;:&quot;gradient&quot;}\">\n\t\t\t\t\t\t<div class=\"elementor-container elementor-column-gap-default\">\n\t\t\t\t\t<div class=\"elementor-column elementor-col-100 elementor-top-column elementor-element elementor-element-e027453\" data-id=\"e027453\" data-element_type=\"column\" data-e-type=\"column\" data-settings=\"{&quot;background_background&quot;:&quot;classic&quot;}\">\n\t\t\t<div class=\"elementor-widget-wrap elementor-element-populated\">\n\t\t\t\t\t\t<div class=\"elementor-element elementor-element-510fc72 elementor-widget elementor-widget-heading\" data-id=\"510fc72\" data-element_type=\"widget\" data-e-type=\"widget\" data-widget_type=\"heading.default\">\n\t\t\t\t<div class=\"elementor-widget-container\">\n\t\t\t\t\t<h5 class=\"elementor-heading-title elementor-size-default\">Tarifs<\/h5>\t\t\t\t<\/div>\n\t\t\t\t<\/div>\n\t\t\t\t<div class=\"elementor-element elementor-element-162b0d4 elementor-widget elementor-widget-heading\" data-id=\"162b0d4\" data-element_type=\"widget\" data-e-type=\"widget\" data-widget_type=\"heading.default\">\n\t\t\t\t<div class=\"elementor-widget-container\">\n\t\t\t\t\t<h6 class=\"elementor-heading-title elementor-size-default\">Prix par traitement<\/h6>\t\t\t\t<\/div>\n\t\t\t\t<\/div>\n\t\t\t\t<div class=\"elementor-element elementor-element-28e9396 elementor-widget elementor-widget-price-list\" data-id=\"28e9396\" data-element_type=\"widget\" data-e-type=\"widget\" data-widget_type=\"price-list.default\">\n\t\t\t\t<div class=\"elementor-widget-container\">\n\t\t\t\t\t\n\t\t<ul class=\"elementor-price-list\">\n\n\t\t\t\t\t\t\t\t\t<li><a class=\"elementor-price-list-item\" href=\"#\">\t\t\t\t\n\t\t\t\t<div class=\"elementor-price-list-text\">\n\t\t\t\t\t\t\t\t\t<div class=\"elementor-price-list-header\">\n\t\t\t\t\t\t\t\t\t\t\t<span class=\"elementor-price-list-title\">\n\t\t\t\t\t\t\tLifting du front\t\t\t\t\t\t<\/span>\n\t\t\t\t\t\t\t\t\t\t\t\t\t\t\t\t\t\t\t\t\t\t\t\t<span class=\"elementor-price-list-price\">\u20ac2.460<\/span>\n\t\t\t\t\t\t\t\t\t\t<\/div>\n\t\t\t\t\t\t\t\t\t\t\t\t<\/div>\n\t\t\t\t<\/a><\/li>\t\t\t\t\t\n\t\t<\/ul>\n\n\t\t\t\t\t\t<\/div>\n\t\t\t\t<\/div>\n\t\t\t\t<div class=\"elementor-element elementor-element-ea298a9 elementor-align-center elementor-widget elementor-widget-ld_button\" data-id=\"ea298a9\" data-element_type=\"widget\" data-e-type=\"widget\" data-widget_type=\"ld_button.default\">\n\t\t\t\t<div class=\"elementor-widget-container\">\n\t\t\t\t\t\n\t\t\t<a\n\t\t\t\thref=\"\/fr\/contact\/\"class=\"elementor-button btn btn-solid btn-sm btn-icon-shaped btn-has-label\"\t\t\t>\n\t\t\t\t\t\t\t\t\t<span data-text=\"Neem contact op\" class=\"btn-txt\">\n\t\t\t\t\t\tPrendre contact\t\t\t\t\t<\/span>\n\t\t\t\t\t\t\t\t\t\t\t<\/a>\n\t\t\t\t\t\t\t<\/div>\n\t\t\t\t<\/div>\n\t\t\t\t\t<\/div>\n\t\t<\/div>\n\t\t\t\t\t<\/div>\n\t\t<\/section>\n\t\t\t\t<\/div>","protected":false},"excerpt":{"rendered":"<p>Voorhoofdlift Wat is een voorhoofdlift? De voorhoofdslift is een operatieve behandeling. Tijdens deze ingreep corrigeren wij de rimpels en het teveel aan huid op het voorhoofd. Veel mensen die hinder ondervinden van overhangende bovenoogleden hebben in feite last van laaghangende wenkbrauwen, ptosis van de wenkbrauwen genaamd. Om er achter te komen of sprake is van [&hellip;]<\/p>\n","protected":false},"author":2,"featured_media":0,"parent":0,"menu_order":0,"comment_status":"closed","ping_status":"closed","template":"","meta":{"footnotes":""},"class_list":["post-11323","page","type-page","status-publish","hentry"],"yoast_head":"<!-- This site is optimized with the Yoast SEO Premium plugin v27.0 (Yoast SEO v27.5) - https:\/\/yoast.com\/product\/yoast-seo-premium-wordpress\/ -->\n<title>Voorhoofdlifting - Huidenlaserkliniekzeeland<\/title>\n<meta name=\"description\" content=\"Opzoek naar een Voorhoofdlifting behandeling? Kom langs bij Huidenlaserkliniekzeeland. Wij zijn gespecialiseerd in het behandelen hiervan!\" \/>\n<meta name=\"robots\" content=\"index, follow, max-snippet:-1, max-image-preview:large, max-video-preview:-1\" \/>\n<link rel=\"canonical\" href=\"https:\/\/huidenlaserkliniekzeeland.nl\/fr\/voorhoofdlift\/\" \/>\n<meta property=\"og:locale\" content=\"fr_FR\" \/>\n<meta property=\"og:type\" content=\"article\" \/>\n<meta property=\"og:title\" content=\"Voorhoofdlifting\" \/>\n<meta property=\"og:description\" content=\"Opzoek naar een Voorhoofdlifting behandeling? Kom langs bij Huidenlaserkliniekzeeland. Wij zijn gespecialiseerd in het behandelen hiervan!\" \/>\n<meta property=\"og:url\" content=\"https:\/\/huidenlaserkliniekzeeland.nl\/fr\/voorhoofdlift\/\" \/>\n<meta property=\"og:site_name\" content=\"Huidenlaserkliniekzeeland\" \/>\n<meta property=\"article:modified_time\" content=\"2024-08-23T10:23:16+00:00\" \/>\n<meta property=\"og:image\" content=\"https:\/\/huidenlaserkliniekzeeland.nl\/wp-content\/uploads\/2023\/04\/voorhoofd2.jpg\" \/>\n<meta name=\"twitter:card\" content=\"summary_large_image\" \/>\n<meta name=\"twitter:label1\" content=\"Dur\u00e9e de lecture estim\u00e9e\" \/>\n\t<meta name=\"twitter:data1\" content=\"3 minutes\" \/>\n<script type=\"application\/ld+json\" class=\"yoast-schema-graph\">{\"@context\":\"https:\\\/\\\/schema.org\",\"@graph\":[{\"@type\":\"WebPage\",\"@id\":\"https:\\\/\\\/huidenlaserkliniekzeeland.nl\\\/voorhoofdlift\\\/\",\"url\":\"https:\\\/\\\/huidenlaserkliniekzeeland.nl\\\/voorhoofdlift\\\/\",\"name\":\"Voorhoofdlifting - Huidenlaserkliniekzeeland\",\"isPartOf\":{\"@id\":\"https:\\\/\\\/huidenlaserkliniekzeeland.nl\\\/#website\"},\"primaryImageOfPage\":{\"@id\":\"https:\\\/\\\/huidenlaserkliniekzeeland.nl\\\/voorhoofdlift\\\/#primaryimage\"},\"image\":{\"@id\":\"https:\\\/\\\/huidenlaserkliniekzeeland.nl\\\/voorhoofdlift\\\/#primaryimage\"},\"thumbnailUrl\":\"https:\\\/\\\/huidenlaserkliniekzeeland.nl\\\/wp-content\\\/uploads\\\/2023\\\/04\\\/voorhoofd2.jpg\",\"datePublished\":\"2023-04-12T14:59:45+00:00\",\"dateModified\":\"2024-08-23T10:23:16+00:00\",\"description\":\"Opzoek naar een Voorhoofdlifting behandeling? Kom langs bij Huidenlaserkliniekzeeland. Wij zijn gespecialiseerd in het behandelen hiervan!\",\"breadcrumb\":{\"@id\":\"https:\\\/\\\/huidenlaserkliniekzeeland.nl\\\/voorhoofdlift\\\/#breadcrumb\"},\"inLanguage\":\"fr-FR\",\"potentialAction\":[{\"@type\":\"ReadAction\",\"target\":[\"https:\\\/\\\/huidenlaserkliniekzeeland.nl\\\/voorhoofdlift\\\/\"]}]},{\"@type\":\"ImageObject\",\"inLanguage\":\"fr-FR\",\"@id\":\"https:\\\/\\\/huidenlaserkliniekzeeland.nl\\\/voorhoofdlift\\\/#primaryimage\",\"url\":\"https:\\\/\\\/huidenlaserkliniekzeeland.nl\\\/wp-content\\\/uploads\\\/2023\\\/04\\\/voorhoofd2.jpg\",\"contentUrl\":\"https:\\\/\\\/huidenlaserkliniekzeeland.nl\\\/wp-content\\\/uploads\\\/2023\\\/04\\\/voorhoofd2.jpg\"},{\"@type\":\"BreadcrumbList\",\"@id\":\"https:\\\/\\\/huidenlaserkliniekzeeland.nl\\\/voorhoofdlift\\\/#breadcrumb\",\"itemListElement\":[{\"@type\":\"ListItem\",\"position\":1,\"name\":\"Home\",\"item\":\"https:\\\/\\\/huidenlaserkliniekzeeland.nl\\\/\"},{\"@type\":\"ListItem\",\"position\":2,\"name\":\"Voorhoofdlifting\"}]},{\"@type\":\"WebSite\",\"@id\":\"https:\\\/\\\/huidenlaserkliniekzeeland.nl\\\/#website\",\"url\":\"https:\\\/\\\/huidenlaserkliniekzeeland.nl\\\/\",\"name\":\"Huidenlaserkliniekzeeland\",\"description\":\"Cosmetische chirurgie en huidtherapie in Zeeland\",\"publisher\":{\"@id\":\"https:\\\/\\\/huidenlaserkliniekzeeland.nl\\\/#organization\"},\"potentialAction\":[{\"@type\":\"SearchAction\",\"target\":{\"@type\":\"EntryPoint\",\"urlTemplate\":\"https:\\\/\\\/huidenlaserkliniekzeeland.nl\\\/?s={search_term_string}\"},\"query-input\":{\"@type\":\"PropertyValueSpecification\",\"valueRequired\":true,\"valueName\":\"search_term_string\"}}],\"inLanguage\":\"fr-FR\"},{\"@type\":\"Organization\",\"@id\":\"https:\\\/\\\/huidenlaserkliniekzeeland.nl\\\/#organization\",\"name\":\"Contrainer\",\"url\":\"https:\\\/\\\/huidenlaserkliniekzeeland.nl\\\/\",\"logo\":{\"@type\":\"ImageObject\",\"inLanguage\":\"fr-FR\",\"@id\":\"https:\\\/\\\/huidenlaserkliniekzeeland.nl\\\/#\\\/schema\\\/logo\\\/image\\\/\",\"url\":\"https:\\\/\\\/huidenlaserkliniekzeeland.nl\\\/wp-content\\\/uploads\\\/2023\\\/02\\\/Contrainer-logo-volledig.png\",\"contentUrl\":\"https:\\\/\\\/huidenlaserkliniekzeeland.nl\\\/wp-content\\\/uploads\\\/2023\\\/02\\\/Contrainer-logo-volledig.png\",\"width\":1579,\"height\":493,\"caption\":\"Contrainer\"},\"image\":{\"@id\":\"https:\\\/\\\/huidenlaserkliniekzeeland.nl\\\/#\\\/schema\\\/logo\\\/image\\\/\"}}]}<\/script>\n<!-- \/ Yoast SEO Premium plugin. -->","yoast_head_json":{"title":"Lifting du front - Skin laser cliniczeeland","description":"Vous \u00eates \u00e0 la recherche d'un traitement de lifting du front ? Rendez-vous chez Huidenlaserkliniekzeeland. Nous sommes sp\u00e9cialis\u00e9s dans ce traitement !","robots":{"index":"index","follow":"follow","max-snippet":"max-snippet:-1","max-image-preview":"max-image-preview:large","max-video-preview":"max-video-preview:-1"},"canonical":"https:\/\/huidenlaserkliniekzeeland.nl\/fr\/voorhoofdlift\/","og_locale":"fr_FR","og_type":"article","og_title":"Voorhoofdlifting","og_description":"Opzoek naar een Voorhoofdlifting behandeling? Kom langs bij Huidenlaserkliniekzeeland. Wij zijn gespecialiseerd in het behandelen hiervan!","og_url":"https:\/\/huidenlaserkliniekzeeland.nl\/fr\/voorhoofdlift\/","og_site_name":"Huidenlaserkliniekzeeland","article_modified_time":"2024-08-23T10:23:16+00:00","og_image":[{"url":"https:\/\/huidenlaserkliniekzeeland.nl\/wp-content\/uploads\/2023\/04\/voorhoofd2.jpg","type":"","width":"","height":""}],"twitter_card":"summary_large_image","twitter_misc":{"Dur\u00e9e de lecture estim\u00e9e":"3 minutes"},"schema":{"@context":"https:\/\/schema.org","@graph":[{"@type":"WebPage","@id":"https:\/\/huidenlaserkliniekzeeland.nl\/voorhoofdlift\/","url":"https:\/\/huidenlaserkliniekzeeland.nl\/voorhoofdlift\/","name":"Lifting du front - Skin laser cliniczeeland","isPartOf":{"@id":"https:\/\/huidenlaserkliniekzeeland.nl\/#website"},"primaryImageOfPage":{"@id":"https:\/\/huidenlaserkliniekzeeland.nl\/voorhoofdlift\/#primaryimage"},"image":{"@id":"https:\/\/huidenlaserkliniekzeeland.nl\/voorhoofdlift\/#primaryimage"},"thumbnailUrl":"https:\/\/huidenlaserkliniekzeeland.nl\/wp-content\/uploads\/2023\/04\/voorhoofd2.jpg","datePublished":"2023-04-12T14:59:45+00:00","dateModified":"2024-08-23T10:23:16+00:00","description":"Vous \u00eates \u00e0 la recherche d'un traitement de lifting du front ? Rendez-vous chez Huidenlaserkliniekzeeland. Nous sommes sp\u00e9cialis\u00e9s dans ce traitement !","breadcrumb":{"@id":"https:\/\/huidenlaserkliniekzeeland.nl\/voorhoofdlift\/#breadcrumb"},"inLanguage":"fr-FR","potentialAction":[{"@type":"ReadAction","target":["https:\/\/huidenlaserkliniekzeeland.nl\/voorhoofdlift\/"]}]},{"@type":"ImageObject","inLanguage":"fr-FR","@id":"https:\/\/huidenlaserkliniekzeeland.nl\/voorhoofdlift\/#primaryimage","url":"https:\/\/huidenlaserkliniekzeeland.nl\/wp-content\/uploads\/2023\/04\/voorhoofd2.jpg","contentUrl":"https:\/\/huidenlaserkliniekzeeland.nl\/wp-content\/uploads\/2023\/04\/voorhoofd2.jpg"},{"@type":"BreadcrumbList","@id":"https:\/\/huidenlaserkliniekzeeland.nl\/voorhoofdlift\/#breadcrumb","itemListElement":[{"@type":"ListItem","position":1,"name":"Home","item":"https:\/\/huidenlaserkliniekzeeland.nl\/"},{"@type":"ListItem","position":2,"name":"Voorhoofdlifting"}]},{"@type":"WebSite","@id":"https:\/\/huidenlaserkliniekzeeland.nl\/#website","url":"https:\/\/huidenlaserkliniekzeeland.nl\/","name":"Clinique laser pour la peau","description":"Chirurgie esth\u00e9tique et th\u00e9rapie de la peau \u00e0 Zeeland","publisher":{"@id":"https:\/\/huidenlaserkliniekzeeland.nl\/#organization"},"potentialAction":[{"@type":"SearchAction","target":{"@type":"EntryPoint","urlTemplate":"https:\/\/huidenlaserkliniekzeeland.nl\/?s={search_term_string}"},"query-input":{"@type":"PropertyValueSpecification","valueRequired":true,"valueName":"search_term_string"}}],"inLanguage":"fr-FR"},{"@type":"Organization","@id":"https:\/\/huidenlaserkliniekzeeland.nl\/#organization","name":"Contrainte","url":"https:\/\/huidenlaserkliniekzeeland.nl\/","logo":{"@type":"ImageObject","inLanguage":"fr-FR","@id":"https:\/\/huidenlaserkliniekzeeland.nl\/#\/schema\/logo\/image\/","url":"https:\/\/huidenlaserkliniekzeeland.nl\/wp-content\/uploads\/2023\/02\/Contrainer-logo-volledig.png","contentUrl":"https:\/\/huidenlaserkliniekzeeland.nl\/wp-content\/uploads\/2023\/02\/Contrainer-logo-volledig.png","width":1579,"height":493,"caption":"Contrainer"},"image":{"@id":"https:\/\/huidenlaserkliniekzeeland.nl\/#\/schema\/logo\/image\/"}}]}},"_links":{"self":[{"href":"https:\/\/huidenlaserkliniekzeeland.nl\/fr\/wp-json\/wp\/v2\/pages\/11323","targetHints":{"allow":["GET"]}}],"collection":[{"href":"https:\/\/huidenlaserkliniekzeeland.nl\/fr\/wp-json\/wp\/v2\/pages"}],"about":[{"href":"https:\/\/huidenlaserkliniekzeeland.nl\/fr\/wp-json\/wp\/v2\/types\/page"}],"author":[{"embeddable":true,"href":"https:\/\/huidenlaserkliniekzeeland.nl\/fr\/wp-json\/wp\/v2\/users\/2"}],"replies":[{"embeddable":true,"href":"https:\/\/huidenlaserkliniekzeeland.nl\/fr\/wp-json\/wp\/v2\/comments?post=11323"}],"version-history":[{"count":3,"href":"https:\/\/huidenlaserkliniekzeeland.nl\/fr\/wp-json\/wp\/v2\/pages\/11323\/revisions"}],"predecessor-version":[{"id":13208,"href":"https:\/\/huidenlaserkliniekzeeland.nl\/fr\/wp-json\/wp\/v2\/pages\/11323\/revisions\/13208"}],"wp:attachment":[{"href":"https:\/\/huidenlaserkliniekzeeland.nl\/fr\/wp-json\/wp\/v2\/media?parent=11323"}],"curies":[{"name":"wp","href":"https:\/\/api.w.org\/{rel}","templated":true}]}}