{"id":11268,"date":"2023-04-12T16:36:37","date_gmt":"2023-04-12T14:36:37","guid":{"rendered":"https:\/\/huidenlaserkliniekzeeland.nl\/?page_id=11268"},"modified":"2024-08-19T17:33:33","modified_gmt":"2024-08-19T15:33:33","slug":"dijlift","status":"publish","type":"page","link":"https:\/\/huidenlaserkliniekzeeland.nl\/fr\/dijlift\/","title":{"rendered":"Lifting des cuisses"},"content":{"rendered":"<div data-elementor-type=\"wp-page\" data-elementor-id=\"11268\" class=\"elementor elementor-11268\" data-elementor-post-type=\"page\">\n\t\t\t\t<div class=\"elementor-element elementor-element-4dfcdc1 e-flex e-con-boxed e-con e-parent\" data-id=\"4dfcdc1\" data-element_type=\"container\" data-e-type=\"container\">\n\t\t\t\t\t<div class=\"e-con-inner\">\n\t\t<div class=\"elementor-element elementor-element-56d819c e-con-full e-flex e-con e-child\" data-id=\"56d819c\" data-element_type=\"container\" data-e-type=\"container\">\n\t\t\t\t<div class=\"elementor-element elementor-element-8ecb44b elementor-widget elementor-widget-spacer\" data-id=\"8ecb44b\" data-element_type=\"widget\" data-e-type=\"widget\" data-widget_type=\"spacer.default\">\n\t\t\t\t<div class=\"elementor-widget-container\">\n\t\t\t\t\t\t\t<div class=\"elementor-spacer\">\n\t\t\t<div class=\"elementor-spacer-inner\"><\/div>\n\t\t<\/div>\n\t\t\t\t\t\t<\/div>\n\t\t\t\t<\/div>\n\t\t\t\t<div class=\"elementor-element elementor-element-c7616a3 elementor-widget elementor-widget-hub_fancy_heading\" data-id=\"c7616a3\" data-element_type=\"widget\" data-e-type=\"widget\" data-widget_type=\"hub_fancy_heading.default\">\n\t\t\t\t<div class=\"elementor-widget-container\">\n\t\t\t\t\t\n\t\t<div id=\"ld-fancy-heading-69ff33d967847\" class=\"ld-fancy-heading pos-rel\">\n\t\t\t<h1 class=\"ld-fh-element d-inline-block pos-rel  elementor-heading-title lqd-highlight-classic lqd-highlight-grow-left h1\"  > Lifting des cuisses<\/h1>\t\t<\/div>\n\n\t\t\t\t\t\t<\/div>\n\t\t\t\t<\/div>\n\t\t\t\t<div class=\"elementor-element elementor-element-9e6dc50 elementor-widget elementor-widget-hub_fancy_heading\" data-id=\"9e6dc50\" data-element_type=\"widget\" data-e-type=\"widget\" data-widget_type=\"hub_fancy_heading.default\">\n\t\t\t\t<div class=\"elementor-widget-container\">\n\t\t\t\t\t\n\t\t<div id=\"ld-fancy-heading-69ff33d967cc3\" class=\"ld-fancy-heading pos-rel\">\n\t\t\t<h2 class=\"ld-fh-element d-inline-block pos-rel  elementor-heading-title lqd-highlight-classic lqd-highlight-grow-left h2\"  > Pourquoi un lifting des cuisses ?<\/h2>\t\t<\/div>\n\n\t\t\t\t\t\t<\/div>\n\t\t\t\t<\/div>\n\t\t\t\t<div class=\"elementor-element elementor-element-e1a8def elementor-widget elementor-widget-hub_fancy_heading\" data-id=\"e1a8def\" data-element_type=\"widget\" data-e-type=\"widget\" data-widget_type=\"hub_fancy_heading.default\">\n\t\t\t\t<div class=\"elementor-widget-container\">\n\t\t\t\t\t\n\t\t<div id=\"ld-fancy-heading-69ff33d968158\" class=\"ld-fancy-heading pos-rel\">\n\t\t\t<p class=\"ld-fh-element d-inline-block pos-rel  lqd-highlight-classic lqd-highlight-grow-left p\"  > En raison d'une perte de poids importante ou simplement du vieillissement, la peau des cuisses perd de son \u00e9lasticit\u00e9. Cela entra\u00eene un exc\u00e8s et un rel\u00e2chement de la peau \u00e0 l'int\u00e9rieur des cuisses. L'exercice physique peut redonner de la fermet\u00e9 aux cuisses, mais n'am\u00e9liore pas le rel\u00e2chement de la peau. Un lifting des cuisses permet de retendre la peau des cuisses.<\/p>\t\t<\/div>\n\n\t\t\t\t\t\t<\/div>\n\t\t\t\t<\/div>\n\t\t\t\t<div class=\"elementor-element elementor-element-c1b88d7 elementor-align-left elementor-widget elementor-widget-ld_button\" data-id=\"c1b88d7\" data-element_type=\"widget\" data-e-type=\"widget\" data-widget_type=\"ld_button.default\">\n\t\t\t\t<div class=\"elementor-widget-container\">\n\t\t\t\t\t\n\t\t\t<a\n\t\t\t\thref=\"#tarief\"class=\"elementor-button btn btn-solid btn-sm btn-icon-shaped btn-has-label\"\t\t\t>\n\t\t\t\t\t\t\t\t\t<span data-text=\"Tarieven\" class=\"btn-txt\">\n\t\t\t\t\t\tTarifs\t\t\t\t\t<\/span>\n\t\t\t\t\t\t\t\t\t\t\t<\/a>\n\t\t\t\t\t\t\t<\/div>\n\t\t\t\t<\/div>\n\t\t\t\t<\/div>\n\t\t<div class=\"elementor-element elementor-element-0837c56 e-con-full e-flex e-con e-child\" data-id=\"0837c56\" data-element_type=\"container\" data-e-type=\"container\">\n\t\t\t\t<\/div>\n\t\t\t\t\t<\/div>\n\t\t\t\t<\/div>\n\t\t<div class=\"elementor-element elementor-element-16cecfa e-flex e-con-boxed e-con e-parent\" data-id=\"16cecfa\" data-element_type=\"container\" data-e-type=\"container\">\n\t\t\t\t\t<div class=\"e-con-inner\">\n\t\t<div class=\"elementor-element elementor-element-b0dd352 e-con-full e-flex e-con e-child\" data-id=\"b0dd352\" data-element_type=\"container\" data-e-type=\"container\">\n\t\t\t\t<div class=\"elementor-element elementor-element-bab7c23 elementor-widget elementor-widget-spacer\" data-id=\"bab7c23\" data-element_type=\"widget\" data-e-type=\"widget\" data-widget_type=\"spacer.default\">\n\t\t\t\t<div class=\"elementor-widget-container\">\n\t\t\t\t\t\t\t<div class=\"elementor-spacer\">\n\t\t\t<div class=\"elementor-spacer-inner\"><\/div>\n\t\t<\/div>\n\t\t\t\t\t\t<\/div>\n\t\t\t\t<\/div>\n\t\t\t\t<div class=\"elementor-element elementor-element-45d32a9 elementor-widget elementor-widget-hub_fancy_heading\" data-id=\"45d32a9\" data-element_type=\"widget\" data-e-type=\"widget\" data-widget_type=\"hub_fancy_heading.default\">\n\t\t\t\t<div class=\"elementor-widget-container\">\n\t\t\t\t\t\n\t\t<div id=\"ld-fancy-heading-69ff33d968fea\" class=\"ld-fancy-heading pos-rel\">\n\t\t\t<h3 class=\"ld-fh-element d-inline-block pos-rel  elementor-heading-title lqd-highlight-classic lqd-highlight-grow-left h3\"  > Ce qu'il faut prendre en compte au pr\u00e9alable<\/h3>\t\t<\/div>\n\n\t\t\t\t\t\t<\/div>\n\t\t\t\t<\/div>\n\t\t\t\t<div class=\"elementor-element elementor-element-f3fb801 elementor-widget elementor-widget-hub_fancy_heading\" data-id=\"f3fb801\" data-element_type=\"widget\" data-e-type=\"widget\" data-widget_type=\"hub_fancy_heading.default\">\n\t\t\t\t<div class=\"elementor-widget-container\">\n\t\t\t\t\t\n\t\t<div id=\"ld-fancy-heading-69ff33d969469\" class=\"ld-fancy-heading pos-rel\">\n\t\t\t<p class=\"ld-fh-element d-inline-block pos-rel  lqd-highlight-classic lqd-highlight-grow-left p\"  > Le m\u00e9decin vous posera des questions g\u00e9n\u00e9rales sur votre \u00e9tat de sant\u00e9 et vos \u00e9ventuels m\u00e9dicaments. En concertation avec le chirurgien plasticien, il d\u00e9terminera si le lifting des cuisses est l'intervention id\u00e9ale pour vous et vous informera du r\u00e9sultat escompt\u00e9. Si n\u00e9cessaire, une liposuccion de toute la partie m\u00e9diane de la cuisse et du genou ou de l'arri\u00e8re des fesses sera recommand\u00e9e. En fonction de votre probl\u00e8me sp\u00e9cifique, la proc\u00e9dure vous sera expliqu\u00e9e \u00e9tape par \u00e9tape.<\/p>\t\t<\/div>\n\n\t\t\t\t\t\t<\/div>\n\t\t\t\t<\/div>\n\t\t\t\t<div class=\"elementor-element elementor-element-1767dde elementor-widget elementor-widget-hub_fancy_heading\" data-id=\"1767dde\" data-element_type=\"widget\" data-e-type=\"widget\" data-widget_type=\"hub_fancy_heading.default\">\n\t\t\t\t<div class=\"elementor-widget-container\">\n\t\t\t\t\t\n\t\t<div id=\"ld-fancy-heading-69ff33d9698ab\" class=\"ld-fancy-heading pos-rel\">\n\t\t\t<h3 class=\"ld-fh-element d-inline-block pos-rel  elementor-heading-title lqd-highlight-classic lqd-highlight-grow-left h3\"  > Quel type d'anesth\u00e9sie est pratiqu\u00e9 ?<\/h3>\t\t<\/div>\n\n\t\t\t\t\t\t<\/div>\n\t\t\t\t<\/div>\n\t\t\t\t<div class=\"elementor-element elementor-element-b2b7f16 elementor-widget elementor-widget-hub_fancy_heading\" data-id=\"b2b7f16\" data-element_type=\"widget\" data-e-type=\"widget\" data-widget_type=\"hub_fancy_heading.default\">\n\t\t\t\t<div class=\"elementor-widget-container\">\n\t\t\t\t\t\n\t\t<div id=\"ld-fancy-heading-69ff33d969cde\" class=\"ld-fancy-heading pos-rel\">\n\t\t\t<p class=\"ld-fh-element d-inline-block pos-rel  lqd-highlight-classic lqd-highlight-grow-left p\"  > Si les zones \u00e0 traiter ne sont pas trop \u00e9tendues, une mini-abdominoplastie peut \u00eatre r\u00e9alis\u00e9e sous anesth\u00e9sie locale (combin\u00e9e ou non \u00e0 une s\u00e9dation locale - intoxication). Les abdominoplasties \u00e9tendues sont r\u00e9alis\u00e9es sous anesth\u00e9sie compl\u00e8te par un anesth\u00e9siste agr\u00e9\u00e9 ; celui-ci ne travaille qu'avec du mat\u00e9riel de pointe et des produits anesth\u00e9siques \u00e0 courte dur\u00e9e d'action, ce qui signifie que vous vous r\u00e9veillez rapidement et que vous n'avez presque jamais de naus\u00e9es apr\u00e8s l'intervention. Vous \u00eates attendu \u00e0 la clinique une heure avant l'intervention. Sur avis du chirurgien plasticien et de l'anesth\u00e9siste, vous pouvez quitter la clinique quelques heures apr\u00e8s l'intervention.<\/p>\t\t<\/div>\n\n\t\t\t\t\t\t<\/div>\n\t\t\t\t<\/div>\n\t\t\t\t<div class=\"elementor-element elementor-element-d2b3747 elementor-widget elementor-widget-hub_fancy_heading\" data-id=\"d2b3747\" data-element_type=\"widget\" data-e-type=\"widget\" data-widget_type=\"hub_fancy_heading.default\">\n\t\t\t\t<div class=\"elementor-widget-container\">\n\t\t\t\t\t\n\t\t<div id=\"ld-fancy-heading-69ff33d96a0f0\" class=\"ld-fancy-heading pos-rel\">\n\t\t\t<h3 class=\"ld-fh-element d-inline-block pos-rel  elementor-heading-title lqd-highlight-classic lqd-highlight-grow-left h3\"  > L'op\u00e9ration<\/h3>\t\t<\/div>\n\n\t\t\t\t\t\t<\/div>\n\t\t\t\t<\/div>\n\t\t\t\t<div class=\"elementor-element elementor-element-120447b elementor-widget elementor-widget-hub_fancy_heading\" data-id=\"120447b\" data-element_type=\"widget\" data-e-type=\"widget\" data-widget_type=\"hub_fancy_heading.default\">\n\t\t\t\t<div class=\"elementor-widget-container\">\n\t\t\t\t\t\n\t\t<div id=\"ld-fancy-heading-69ff33d96a58f\" class=\"ld-fancy-heading pos-rel\">\n\t\t\t<p class=\"ld-fh-element d-inline-block pos-rel  lqd-highlight-classic lqd-highlight-grow-left p\"  > Avant l'intervention, une forme en coin est dessin\u00e9e sym\u00e9triquement sur la face interne de chaque cuisse ou au niveau des fesses. La cale constitu\u00e9e de graisse et de peau est retir\u00e9e apr\u00e8s liposuccion de la face interne des cuisses. La cicatrice est situ\u00e9e au niveau de l'aine ou au niveau du pli post\u00e9rieur de la fesse. En cas d'exc\u00e8s de peau extr\u00eame sur la partie m\u00e9diane de la cuisse, une cale suppl\u00e9mentaire est d\u00e9coup\u00e9e depuis le haut de l'aine jusqu'au genou. Dans ce cas, on obtient une cicatrice en forme de T (une au niveau de l'aine et une autre allant de l'aine au genou).<\/br><\/br>\n\nVous pouvez quitter la clinique d\u00e8s le jour m\u00eame de l'op\u00e9ration. Cette intervention est peu douloureuse. Il n'y a pas de drain. L'inconfort \u00e9ventuel dans les premi\u00e8res 24 heures est contr\u00f4l\u00e9 par les analg\u00e9siques classiques tels que le parac\u00e9tamol et l'ibuprof\u00e8ne. Au cours des deux premi\u00e8res semaines, il peut \u00eatre difficile de s'asseoir et\/ou de marcher en raison de la tension de la peau. Les chevilles peuvent \u00eatre temporairement un peu gonfl\u00e9es. Au d\u00e9but, il est possible que vous ayez des ecchymoses (bleus). Vous ne pourrez pas travailler pendant environ une semaine. Au bout d'une semaine, vous reviendrez pour un contr\u00f4le et le pansement sera renouvel\u00e9.<\/p>\t\t<\/div>\n\n\t\t\t\t\t\t<\/div>\n\t\t\t\t<\/div>\n\t\t\t\t<div class=\"elementor-element elementor-element-2c41272 elementor-widget elementor-widget-menu-anchor\" data-id=\"2c41272\" data-element_type=\"widget\" data-e-type=\"widget\" data-widget_type=\"menu-anchor.default\">\n\t\t\t\t<div class=\"elementor-widget-container\">\n\t\t\t\t\t\t\t<div class=\"elementor-menu-anchor\" id=\"tarief\"><\/div>\n\t\t\t\t\t\t<\/div>\n\t\t\t\t<\/div>\n\t\t\t\t<\/div>\n\t\t<div class=\"elementor-element elementor-element-79bde59 e-con-full e-flex e-con e-child\" data-id=\"79bde59\" data-element_type=\"container\" data-e-type=\"container\">\n\t\t\t\t<\/div>\n\t\t\t\t\t<\/div>\n\t\t\t\t<\/div>\n\t\t\t\t<section class=\"elementor-section elementor-top-section elementor-element elementor-element-212402c elementor-section-boxed elementor-section-height-default elementor-section-height-default\" data-id=\"212402c\" data-element_type=\"section\" data-e-type=\"section\" data-settings=\"{&quot;background_background&quot;:&quot;gradient&quot;}\">\n\t\t\t\t\t\t<div class=\"elementor-container elementor-column-gap-default\">\n\t\t\t\t\t<div class=\"elementor-column elementor-col-100 elementor-top-column elementor-element elementor-element-e027453\" data-id=\"e027453\" data-element_type=\"column\" data-e-type=\"column\" data-settings=\"{&quot;background_background&quot;:&quot;classic&quot;}\">\n\t\t\t<div class=\"elementor-widget-wrap elementor-element-populated\">\n\t\t\t\t\t\t<div class=\"elementor-element elementor-element-510fc72 elementor-widget elementor-widget-heading\" data-id=\"510fc72\" data-element_type=\"widget\" data-e-type=\"widget\" data-widget_type=\"heading.default\">\n\t\t\t\t<div class=\"elementor-widget-container\">\n\t\t\t\t\t<h5 class=\"elementor-heading-title elementor-size-default\">Tarifs<\/h5>\t\t\t\t<\/div>\n\t\t\t\t<\/div>\n\t\t\t\t<div class=\"elementor-element elementor-element-162b0d4 elementor-widget elementor-widget-heading\" data-id=\"162b0d4\" data-element_type=\"widget\" data-e-type=\"widget\" data-widget_type=\"heading.default\">\n\t\t\t\t<div class=\"elementor-widget-container\">\n\t\t\t\t\t<h6 class=\"elementor-heading-title elementor-size-default\">Prix par traitement<\/h6>\t\t\t\t<\/div>\n\t\t\t\t<\/div>\n\t\t\t\t<div class=\"elementor-element elementor-element-8fa4419 elementor-widget elementor-widget-heading\" data-id=\"8fa4419\" data-element_type=\"widget\" data-e-type=\"widget\" data-widget_type=\"heading.default\">\n\t\t\t\t<div class=\"elementor-widget-container\">\n\t\t\t\t\t<h6 class=\"elementor-heading-title elementor-size-default\">Cuisses<\/h6>\t\t\t\t<\/div>\n\t\t\t\t<\/div>\n\t\t\t\t<div class=\"elementor-element elementor-element-28e9396 elementor-widget elementor-widget-price-list\" data-id=\"28e9396\" data-element_type=\"widget\" data-e-type=\"widget\" data-widget_type=\"price-list.default\">\n\t\t\t\t<div class=\"elementor-widget-container\">\n\t\t\t\t\t\n\t\t<ul class=\"elementor-price-list\">\n\n\t\t\t\t\t\t\t\t\t<li><a class=\"elementor-price-list-item\" href=\"#\">\t\t\t\t\n\t\t\t\t<div class=\"elementor-price-list-text\">\n\t\t\t\t\t\t\t\t\t<div class=\"elementor-price-list-header\">\n\t\t\t\t\t\t\t\t\t\t\t<span class=\"elementor-price-list-title\">\n\t\t\t\t\t\t\tLifting des cuisses liposuccion post\u00e9rieure 1 Z incl.\t\t\t\t\t\t<\/span>\n\t\t\t\t\t\t\t\t\t\t\t\t\t\t\t\t\t\t\t\t\t\t\t\t<span class=\"elementor-price-list-price\">\u20ac3.960<\/span>\n\t\t\t\t\t\t\t\t\t\t<\/div>\n\t\t\t\t\t\t\t\t\t\t\t\t<\/div>\n\t\t\t\t<\/a><\/li>\t\t\t\t\t\t\t\t\t\t\t\t<li><a class=\"elementor-price-list-item\" href=\"#\">\t\t\t\t\n\t\t\t\t<div class=\"elementor-price-list-text\">\n\t\t\t\t\t\t\t\t\t<div class=\"elementor-price-list-header\">\n\t\t\t\t\t\t\t\t\t\t\t<span class=\"elementor-price-list-title\">\n\t\t\t\t\t\t\tLifting m\u00e9dial de la cuisse (horizontal ou vertical)+.\t\t\t\t\t\t<\/span>\n\t\t\t\t\t\t\t\t\t\t\t\t\t\t\t\t\t\t\t\t\t\t\t\t<span class=\"elementor-price-list-price\">\u20ac4.440<\/span>\n\t\t\t\t\t\t\t\t\t\t<\/div>\n\t\t\t\t\t\t\t\t\t\t\t\t<\/div>\n\t\t\t\t<\/a><\/li>\t\t\t\t\t\t\t\t\t\t\t\t<li><a class=\"elementor-price-list-item\" href=\"#\">\t\t\t\t\n\t\t\t\t<div class=\"elementor-price-list-text\">\n\t\t\t\t\t\t\t\t\t<div class=\"elementor-price-list-header\">\n\t\t\t\t\t\t\t\t\t\t\t<span class=\"elementor-price-list-title\">\n\t\t\t\t\t\t\tLifting m\u00e9dial de la cuisse (horizontal ET vertical)\t\t\t\t\t\t<\/span>\n\t\t\t\t\t\t\t\t\t\t\t\t\t\t\t\t\t\t\t\t\t\t\t\t<span class=\"elementor-price-list-price\">\u20ac5.940<\/span>\n\t\t\t\t\t\t\t\t\t\t<\/div>\n\t\t\t\t\t\t\t\t\t\t\t\t<\/div>\n\t\t\t\t<\/a><\/li>\t\t\t\t\t\t\t\t\t\t\t\t<li><a class=\"elementor-price-list-item\" href=\"#\">\t\t\t\t\n\t\t\t\t<div class=\"elementor-price-list-text\">\n\t\t\t\t\t\t\t\t\t<div class=\"elementor-price-list-header\">\n\t\t\t\t\t\t\t\t\t\t\t<span class=\"elementor-price-list-title\">\n\t\t\t\t\t\t\tLyposuccion zone suppl\u00e9mentaire (par zone)\t\t\t\t\t\t<\/span>\n\t\t\t\t\t\t\t\t\t\t\t\t\t\t\t\t\t\t\t\t\t\t\t\t<span class=\"elementor-price-list-price\">\u20ac720<\/span>\n\t\t\t\t\t\t\t\t\t\t<\/div>\n\t\t\t\t\t\t\t\t\t\t\t\t<\/div>\n\t\t\t\t<\/a><\/li>\t\t\t\t\t\n\t\t<\/ul>\n\n\t\t\t\t\t\t<\/div>\n\t\t\t\t<\/div>\n\t\t\t\t<div class=\"elementor-element elementor-element-ea298a9 elementor-align-center elementor-widget elementor-widget-ld_button\" data-id=\"ea298a9\" data-element_type=\"widget\" data-e-type=\"widget\" data-widget_type=\"ld_button.default\">\n\t\t\t\t<div class=\"elementor-widget-container\">\n\t\t\t\t\t\n\t\t\t<a\n\t\t\t\thref=\"\/fr\/contact\/\"class=\"elementor-button btn btn-solid btn-sm btn-icon-shaped btn-has-label\"\t\t\t>\n\t\t\t\t\t\t\t\t\t<span data-text=\"Neem contact op\" class=\"btn-txt\">\n\t\t\t\t\t\tPrendre contact\t\t\t\t\t<\/span>\n\t\t\t\t\t\t\t\t\t\t\t<\/a>\n\t\t\t\t\t\t\t<\/div>\n\t\t\t\t<\/div>\n\t\t\t\t\t<\/div>\n\t\t<\/div>\n\t\t\t\t\t<\/div>\n\t\t<\/section>\n\t\t\t\t<\/div>","protected":false},"excerpt":{"rendered":"<p>Dijlift Waarom een dijlift? Door veel af te vallen of gewoon door het ouder worden verliest de huid van de dijen haar elasticiteit. Dit veroorzaakt overtollige en verslapte huid aan de binnenkant van de dijen. Sporten kan de dijen er weer steviger doen uitzien, maar de verslapping van de huid zal hierdoor niet verbeteren. Met [&hellip;]<\/p>\n","protected":false},"author":2,"featured_media":0,"parent":0,"menu_order":0,"comment_status":"closed","ping_status":"closed","template":"","meta":{"footnotes":""},"class_list":["post-11268","page","type-page","status-publish","hentry"],"yoast_head":"<!-- This site is optimized with the Yoast SEO Premium plugin v27.0 (Yoast SEO v27.5) - https:\/\/yoast.com\/product\/yoast-seo-premium-wordpress\/ -->\n<title>Dijlift - Huidenlaserkliniekzeeland<\/title>\n<meta name=\"description\" content=\"Opzoek naar een Dijlift behandeling? Kom langs bij Huidenlaserkliniekzeeland. Wij zijn gespecialiseerd in het behandelen hiervan!\" \/>\n<meta name=\"robots\" content=\"index, follow, max-snippet:-1, max-image-preview:large, max-video-preview:-1\" \/>\n<link rel=\"canonical\" href=\"https:\/\/huidenlaserkliniekzeeland.nl\/fr\/dijlift\/\" \/>\n<meta property=\"og:locale\" content=\"fr_FR\" \/>\n<meta property=\"og:type\" content=\"article\" \/>\n<meta property=\"og:title\" content=\"Dijlift\" \/>\n<meta property=\"og:description\" content=\"Opzoek naar een Dijlift behandeling? Kom langs bij Huidenlaserkliniekzeeland. Wij zijn gespecialiseerd in het behandelen hiervan!\" \/>\n<meta property=\"og:url\" content=\"https:\/\/huidenlaserkliniekzeeland.nl\/fr\/dijlift\/\" \/>\n<meta property=\"og:site_name\" content=\"Huidenlaserkliniekzeeland\" \/>\n<meta property=\"article:modified_time\" content=\"2024-08-19T15:33:33+00:00\" \/>\n<meta name=\"twitter:card\" content=\"summary_large_image\" \/>\n<meta name=\"twitter:label1\" content=\"Dur\u00e9e de lecture estim\u00e9e\" \/>\n\t<meta name=\"twitter:data1\" content=\"3 minutes\" \/>\n<script type=\"application\/ld+json\" class=\"yoast-schema-graph\">{\"@context\":\"https:\\\/\\\/schema.org\",\"@graph\":[{\"@type\":\"WebPage\",\"@id\":\"https:\\\/\\\/huidenlaserkliniekzeeland.nl\\\/dijlift\\\/\",\"url\":\"https:\\\/\\\/huidenlaserkliniekzeeland.nl\\\/dijlift\\\/\",\"name\":\"Dijlift - Huidenlaserkliniekzeeland\",\"isPartOf\":{\"@id\":\"https:\\\/\\\/huidenlaserkliniekzeeland.nl\\\/#website\"},\"datePublished\":\"2023-04-12T14:36:37+00:00\",\"dateModified\":\"2024-08-19T15:33:33+00:00\",\"description\":\"Opzoek naar een Dijlift behandeling? Kom langs bij Huidenlaserkliniekzeeland. Wij zijn gespecialiseerd in het behandelen hiervan!\",\"breadcrumb\":{\"@id\":\"https:\\\/\\\/huidenlaserkliniekzeeland.nl\\\/dijlift\\\/#breadcrumb\"},\"inLanguage\":\"fr-FR\",\"potentialAction\":[{\"@type\":\"ReadAction\",\"target\":[\"https:\\\/\\\/huidenlaserkliniekzeeland.nl\\\/dijlift\\\/\"]}]},{\"@type\":\"BreadcrumbList\",\"@id\":\"https:\\\/\\\/huidenlaserkliniekzeeland.nl\\\/dijlift\\\/#breadcrumb\",\"itemListElement\":[{\"@type\":\"ListItem\",\"position\":1,\"name\":\"Home\",\"item\":\"https:\\\/\\\/huidenlaserkliniekzeeland.nl\\\/\"},{\"@type\":\"ListItem\",\"position\":2,\"name\":\"Dijlift\"}]},{\"@type\":\"WebSite\",\"@id\":\"https:\\\/\\\/huidenlaserkliniekzeeland.nl\\\/#website\",\"url\":\"https:\\\/\\\/huidenlaserkliniekzeeland.nl\\\/\",\"name\":\"Huidenlaserkliniekzeeland\",\"description\":\"Cosmetische chirurgie en huidtherapie in Zeeland\",\"publisher\":{\"@id\":\"https:\\\/\\\/huidenlaserkliniekzeeland.nl\\\/#organization\"},\"potentialAction\":[{\"@type\":\"SearchAction\",\"target\":{\"@type\":\"EntryPoint\",\"urlTemplate\":\"https:\\\/\\\/huidenlaserkliniekzeeland.nl\\\/?s={search_term_string}\"},\"query-input\":{\"@type\":\"PropertyValueSpecification\",\"valueRequired\":true,\"valueName\":\"search_term_string\"}}],\"inLanguage\":\"fr-FR\"},{\"@type\":\"Organization\",\"@id\":\"https:\\\/\\\/huidenlaserkliniekzeeland.nl\\\/#organization\",\"name\":\"Contrainer\",\"url\":\"https:\\\/\\\/huidenlaserkliniekzeeland.nl\\\/\",\"logo\":{\"@type\":\"ImageObject\",\"inLanguage\":\"fr-FR\",\"@id\":\"https:\\\/\\\/huidenlaserkliniekzeeland.nl\\\/#\\\/schema\\\/logo\\\/image\\\/\",\"url\":\"https:\\\/\\\/huidenlaserkliniekzeeland.nl\\\/wp-content\\\/uploads\\\/2023\\\/02\\\/Contrainer-logo-volledig.png\",\"contentUrl\":\"https:\\\/\\\/huidenlaserkliniekzeeland.nl\\\/wp-content\\\/uploads\\\/2023\\\/02\\\/Contrainer-logo-volledig.png\",\"width\":1579,\"height\":493,\"caption\":\"Contrainer\"},\"image\":{\"@id\":\"https:\\\/\\\/huidenlaserkliniekzeeland.nl\\\/#\\\/schema\\\/logo\\\/image\\\/\"}}]}<\/script>\n<!-- \/ Yoast SEO Premium plugin. -->","yoast_head_json":{"title":"Lifting des cuisses - Skin laser cliniczeeland","description":"A la recherche d'un traitement Thigh Lift ? Passez chez Huidenlaserkliniekzeeland. Nous sommes sp\u00e9cialis\u00e9s dans ce traitement !","robots":{"index":"index","follow":"follow","max-snippet":"max-snippet:-1","max-image-preview":"max-image-preview:large","max-video-preview":"max-video-preview:-1"},"canonical":"https:\/\/huidenlaserkliniekzeeland.nl\/fr\/dijlift\/","og_locale":"fr_FR","og_type":"article","og_title":"Dijlift","og_description":"Opzoek naar een Dijlift behandeling? Kom langs bij Huidenlaserkliniekzeeland. Wij zijn gespecialiseerd in het behandelen hiervan!","og_url":"https:\/\/huidenlaserkliniekzeeland.nl\/fr\/dijlift\/","og_site_name":"Huidenlaserkliniekzeeland","article_modified_time":"2024-08-19T15:33:33+00:00","twitter_card":"summary_large_image","twitter_misc":{"Dur\u00e9e de lecture estim\u00e9e":"3 minutes"},"schema":{"@context":"https:\/\/schema.org","@graph":[{"@type":"WebPage","@id":"https:\/\/huidenlaserkliniekzeeland.nl\/dijlift\/","url":"https:\/\/huidenlaserkliniekzeeland.nl\/dijlift\/","name":"Lifting des cuisses - Skin laser cliniczeeland","isPartOf":{"@id":"https:\/\/huidenlaserkliniekzeeland.nl\/#website"},"datePublished":"2023-04-12T14:36:37+00:00","dateModified":"2024-08-19T15:33:33+00:00","description":"A la recherche d'un traitement Thigh Lift ? Passez chez Huidenlaserkliniekzeeland. Nous sommes sp\u00e9cialis\u00e9s dans ce traitement !","breadcrumb":{"@id":"https:\/\/huidenlaserkliniekzeeland.nl\/dijlift\/#breadcrumb"},"inLanguage":"fr-FR","potentialAction":[{"@type":"ReadAction","target":["https:\/\/huidenlaserkliniekzeeland.nl\/dijlift\/"]}]},{"@type":"BreadcrumbList","@id":"https:\/\/huidenlaserkliniekzeeland.nl\/dijlift\/#breadcrumb","itemListElement":[{"@type":"ListItem","position":1,"name":"Home","item":"https:\/\/huidenlaserkliniekzeeland.nl\/"},{"@type":"ListItem","position":2,"name":"Dijlift"}]},{"@type":"WebSite","@id":"https:\/\/huidenlaserkliniekzeeland.nl\/#website","url":"https:\/\/huidenlaserkliniekzeeland.nl\/","name":"Clinique laser pour la peau","description":"Chirurgie esth\u00e9tique et th\u00e9rapie de la peau \u00e0 Zeeland","publisher":{"@id":"https:\/\/huidenlaserkliniekzeeland.nl\/#organization"},"potentialAction":[{"@type":"SearchAction","target":{"@type":"EntryPoint","urlTemplate":"https:\/\/huidenlaserkliniekzeeland.nl\/?s={search_term_string}"},"query-input":{"@type":"PropertyValueSpecification","valueRequired":true,"valueName":"search_term_string"}}],"inLanguage":"fr-FR"},{"@type":"Organization","@id":"https:\/\/huidenlaserkliniekzeeland.nl\/#organization","name":"Contrainte","url":"https:\/\/huidenlaserkliniekzeeland.nl\/","logo":{"@type":"ImageObject","inLanguage":"fr-FR","@id":"https:\/\/huidenlaserkliniekzeeland.nl\/#\/schema\/logo\/image\/","url":"https:\/\/huidenlaserkliniekzeeland.nl\/wp-content\/uploads\/2023\/02\/Contrainer-logo-volledig.png","contentUrl":"https:\/\/huidenlaserkliniekzeeland.nl\/wp-content\/uploads\/2023\/02\/Contrainer-logo-volledig.png","width":1579,"height":493,"caption":"Contrainer"},"image":{"@id":"https:\/\/huidenlaserkliniekzeeland.nl\/#\/schema\/logo\/image\/"}}]}},"_links":{"self":[{"href":"https:\/\/huidenlaserkliniekzeeland.nl\/fr\/wp-json\/wp\/v2\/pages\/11268","targetHints":{"allow":["GET"]}}],"collection":[{"href":"https:\/\/huidenlaserkliniekzeeland.nl\/fr\/wp-json\/wp\/v2\/pages"}],"about":[{"href":"https:\/\/huidenlaserkliniekzeeland.nl\/fr\/wp-json\/wp\/v2\/types\/page"}],"author":[{"embeddable":true,"href":"https:\/\/huidenlaserkliniekzeeland.nl\/fr\/wp-json\/wp\/v2\/users\/2"}],"replies":[{"embeddable":true,"href":"https:\/\/huidenlaserkliniekzeeland.nl\/fr\/wp-json\/wp\/v2\/comments?post=11268"}],"version-history":[{"count":3,"href":"https:\/\/huidenlaserkliniekzeeland.nl\/fr\/wp-json\/wp\/v2\/pages\/11268\/revisions"}],"predecessor-version":[{"id":13172,"href":"https:\/\/huidenlaserkliniekzeeland.nl\/fr\/wp-json\/wp\/v2\/pages\/11268\/revisions\/13172"}],"wp:attachment":[{"href":"https:\/\/huidenlaserkliniekzeeland.nl\/fr\/wp-json\/wp\/v2\/media?parent=11268"}],"curies":[{"name":"wp","href":"https:\/\/api.w.org\/{rel}","templated":true}]}}