{"id":12181,"date":"2023-06-19T19:41:58","date_gmt":"2023-06-19T17:41:58","guid":{"rendered":"https:\/\/huidenlaserkliniekzeeland.nl\/?page_id=12181"},"modified":"2025-07-28T14:28:19","modified_gmt":"2025-07-28T12:28:19","slug":"profhilo","status":"publish","type":"page","link":"https:\/\/huidenlaserkliniekzeeland.nl\/es\/profhilo\/","title":{"rendered":"Profhilo"},"content":{"rendered":"<div data-elementor-type=\"wp-page\" data-elementor-id=\"12181\" class=\"elementor elementor-12181\" data-elementor-post-type=\"page\">\n\t\t\t\t<div class=\"elementor-element elementor-element-3cbeb0f e-flex e-con-boxed e-con e-parent\" data-id=\"3cbeb0f\" data-element_type=\"container\" data-e-type=\"container\">\n\t\t\t\t\t<div class=\"e-con-inner\">\n\t\t<div class=\"elementor-element elementor-element-ac547de e-con-full e-flex e-con e-child\" data-id=\"ac547de\" data-element_type=\"container\" data-e-type=\"container\">\n\t\t\t\t<div class=\"elementor-element elementor-element-01747f2 elementor-widget elementor-widget-heading\" data-id=\"01747f2\" data-element_type=\"widget\" data-e-type=\"widget\" data-widget_type=\"heading.default\">\n\t\t\t\t<div class=\"elementor-widget-container\">\n\t\t\t\t\t<h1 class=\"elementor-heading-title elementor-size-default\">Profhilo<\/h1>\t\t\t\t<\/div>\n\t\t\t\t<\/div>\n\t\t\t\t<\/div>\n\t\t<div class=\"elementor-element elementor-element-189af7e e-con-full e-flex e-con e-child\" data-id=\"189af7e\" data-element_type=\"container\" data-e-type=\"container\">\n\t\t<div class=\"elementor-element elementor-element-bcd4b3d e-con-full e-flex e-con e-child\" data-id=\"bcd4b3d\" data-element_type=\"container\" data-e-type=\"container\">\n\t\t\t\t<div class=\"elementor-element elementor-element-404271c elementor-widget elementor-widget-heading\" data-id=\"404271c\" data-element_type=\"widget\" data-e-type=\"widget\" data-widget_type=\"heading.default\">\n\t\t\t\t<div class=\"elementor-widget-container\">\n\t\t\t\t\t<h2 class=\"elementor-heading-title elementor-size-default\">\u00bfQu\u00e9 es Profhilo?<\/h2>\t\t\t\t<\/div>\n\t\t\t\t<\/div>\n\t\t\t\t<div class=\"elementor-element elementor-element-85e279e elementor-widget elementor-widget-text-editor\" data-id=\"85e279e\" data-element_type=\"widget\" data-e-type=\"widget\" data-widget_type=\"text-editor.default\">\n\t\t\t\t<div class=\"elementor-widget-container\">\n\t\t\t\t\t\t\t\t\t\u00bfPadece flacidez cut\u00e1nea en el rostro, el cuello, el escote, las manos o la parte superior de los brazos? Puede ser muy molesto. El nuevo tratamiento Profhilo combate la flacidez de la piel y la repara y rejuvenece.\t\t\t\t\t\t\t\t<\/div>\n\t\t\t\t<\/div>\n\t\t\t\t<div class=\"elementor-element elementor-element-cc7c597 elementor-widget elementor-widget-text-editor\" data-id=\"cc7c597\" data-element_type=\"widget\" data-e-type=\"widget\" data-widget_type=\"text-editor.default\">\n\t\t\t\t<div class=\"elementor-widget-container\">\n\t\t\t\t\t\t\t\t\tProfhilo es un tratamiento antiedad con una gran cantidad de \u00e1cido hialur\u00f3nico puro sin aditivos qu\u00edmicos. Esto estimula la producci\u00f3n de col\u00e1geno (que proporciona firmeza) y elastina (que proporciona elasticidad). Como resultado, la piel vuelve a estar firme y sana en varias capas cut\u00e1neas.\t\t\t\t\t\t\t\t<\/div>\n\t\t\t\t<\/div>\n\t\t\t\t<\/div>\n\t\t<div class=\"elementor-element elementor-element-a39d48d e-con-full e-flex e-con e-child\" data-id=\"a39d48d\" data-element_type=\"container\" data-e-type=\"container\">\n\t\t\t\t<div class=\"elementor-element elementor-element-26eceb5 elementor-widget elementor-widget-ld_fancy_image\" data-id=\"26eceb5\" data-element_type=\"widget\" data-e-type=\"widget\" data-widget_type=\"ld_fancy_image.default\">\n\t\t\t\t<div class=\"elementor-widget-container\">\n\t\t\t\t\t\n\t\t<div class=\"lqd-imggrp-single d-block pos-rel perspective\" data-hover3d=\"true\">\n\t\t\t<div class=\"lqd-imggrp-img-container d-inline-flex pos-rel align-items-center justify-content-center transform-style-3d\">\n\t\t\t\t\t\t\t\t<figure class=\"w-100 pos-rel\" data-stacking-factor=\"1\">\n\t\t\t\t\t<img fetchpriority=\"high\" decoding=\"async\" width=\"427\" height=\"437\" src=\"https:\/\/huidenlaserkliniekzeeland.nl\/wp-content\/uploads\/2023\/06\/Profhilo-huidenlaserkliniekzeeland.png\" class=\"attachment-full size-full wp-image-12183\" alt=\"Profhilo-hide l\u00e1ser cliniczeeland\" srcset=\"https:\/\/huidenlaserkliniekzeeland.nl\/wp-content\/uploads\/2023\/06\/Profhilo-huidenlaserkliniekzeeland.png 427w, https:\/\/huidenlaserkliniekzeeland.nl\/wp-content\/uploads\/2023\/06\/Profhilo-huidenlaserkliniekzeeland-293x300.png 293w, https:\/\/huidenlaserkliniekzeeland.nl\/wp-content\/uploads\/2023\/06\/Profhilo-huidenlaserkliniekzeeland-12x12.png 12w\" sizes=\"(max-width: 427px) 100vw, 427px\" itemprop=\"image\" \/>\t\t\t\t\t\t\t\t\t\t\t\t\t\t\t\t\t\t\t\t\t\t\t\t\t\t\t\t\t<\/figure>\n\t\t\t<\/div>\n\t\t<\/div>\n\n\t\t\t\t\t<\/div>\n\t\t\t\t<\/div>\n\t\t\t\t<\/div>\n\t\t\t\t<\/div>\n\t\t<div class=\"elementor-element elementor-element-ffdbb27 e-con-full e-flex e-con e-child\" data-id=\"ffdbb27\" data-element_type=\"container\" data-e-type=\"container\">\n\t\t\t\t<div class=\"elementor-element elementor-element-3a045b4 elementor-widget elementor-widget-heading\" data-id=\"3a045b4\" data-element_type=\"widget\" data-e-type=\"widget\" data-widget_type=\"heading.default\">\n\t\t\t\t<div class=\"elementor-widget-container\">\n\t\t\t\t\t<h3 class=\"elementor-heading-title elementor-size-default\">Tratamiento<\/h3>\t\t\t\t<\/div>\n\t\t\t\t<\/div>\n\t\t\t\t<div class=\"elementor-element elementor-element-1ac7c9b elementor-widget elementor-widget-text-editor\" data-id=\"1ac7c9b\" data-element_type=\"widget\" data-e-type=\"widget\" data-widget_type=\"text-editor.default\">\n\t\t\t\t<div class=\"elementor-widget-container\">\n\t\t\t\t\t\t\t\t\tVoor de behandeling maken we foto&#8217;s voor in je medisch dossier. Bij deze behandeling wordt er met de BAP-techniek gewerkt. De BAP-techniek zorgt ervoor dat de Profhilo met een aantal injecties strategisch wordt verdeeld over het behandelgebied. Deze verdeling zorgt ervoor dat de Profhilo zich vervolgens vanzelf optimaal verspreidt in de huid van het volledige behandelgebied. Er zijn dus maar een aantal injecties nodig om een geheel gezicht (of hals, decollet\u00e9 of bovenarm) optimaal te behandelen. \t\t\t\t\t\t\t\t<\/div>\n\t\t\t\t<\/div>\n\t\t\t\t<div class=\"elementor-element elementor-element-b7cba28 elementor-widget elementor-widget-text-editor\" data-id=\"b7cba28\" data-element_type=\"widget\" data-e-type=\"widget\" data-widget_type=\"text-editor.default\">\n\t\t\t\t<div class=\"elementor-widget-container\">\n\t\t\t\t\t\t\t\t\tPara obtener un resultado \u00f3ptimo, se extienden 2 ml de Profhilo sobre la zona a tratar por tratamiento. Se repite una vez despu\u00e9s de la primera vez al cabo de al menos cuatro semanas para dar un impulso adicional. Despu\u00e9s, el consejo es repetir un tratamiento Profhilo con 2 ml cada seis a 12 meses.\t\t\t\t\t\t\t\t<\/div>\n\t\t\t\t<\/div>\n\t\t\t\t<\/div>\n\t\t<div class=\"elementor-element elementor-element-0baa2a9 e-con-full e-flex e-con e-child\" data-id=\"0baa2a9\" data-element_type=\"container\" data-e-type=\"container\">\n\t\t\t\t<div class=\"elementor-element elementor-element-4c6cea1 elementor-widget elementor-widget-heading\" data-id=\"4c6cea1\" data-element_type=\"widget\" data-e-type=\"widget\" data-widget_type=\"heading.default\">\n\t\t\t\t<div class=\"elementor-widget-container\">\n\t\t\t\t\t<h3 class=\"elementor-heading-title elementor-size-default\">Riesgos<\/h3>\t\t\t\t<\/div>\n\t\t\t\t<\/div>\n\t\t\t\t<div class=\"elementor-element elementor-element-42fec00 elementor-widget elementor-widget-text-editor\" data-id=\"42fec00\" data-element_type=\"widget\" data-e-type=\"widget\" data-widget_type=\"text-editor.default\">\n\t\t\t\t<div class=\"elementor-widget-container\">\n\t\t\t\t\t\t\t\t\tZoals bij iedere cosmetische ingreep bestaat het risico van infectie en een allergische reactie. Beide risico&#8217;s zijn heel minimaal en veroorzaken geen gevolgen voor het eindresultaat. Door het natuurlijke materiaal is de kans op bijwerkingen klein. \t\t\t\t\t\t\t\t<\/div>\n\t\t\t\t<\/div>\n\t\t\t\t<\/div>\n\t\t<div class=\"elementor-element elementor-element-8556691 e-con-full e-flex e-con e-child\" data-id=\"8556691\" data-element_type=\"container\" data-e-type=\"container\" data-settings=\"{&quot;background_background&quot;:&quot;classic&quot;}\">\n\t\t\t\t<div class=\"elementor-element elementor-element-af139ad elementor-widget elementor-widget-menu-anchor\" data-id=\"af139ad\" data-element_type=\"widget\" data-e-type=\"widget\" data-widget_type=\"menu-anchor.default\">\n\t\t\t\t<div class=\"elementor-widget-container\">\n\t\t\t\t\t\t\t<div class=\"elementor-menu-anchor\" id=\"tariefbotox\"><\/div>\n\t\t\t\t\t\t<\/div>\n\t\t\t\t<\/div>\n\t\t\t\t<div class=\"elementor-element elementor-element-2e91720 elementor-widget elementor-widget-heading\" data-id=\"2e91720\" data-element_type=\"widget\" data-e-type=\"widget\" data-widget_type=\"heading.default\">\n\t\t\t\t<div class=\"elementor-widget-container\">\n\t\t\t\t\t<h3 class=\"elementor-heading-title elementor-size-default\">Tarifas<\/h3>\t\t\t\t<\/div>\n\t\t\t\t<\/div>\n\t\t\t\t<div class=\"elementor-element elementor-element-921b462 elementor-widget elementor-widget-heading\" data-id=\"921b462\" data-element_type=\"widget\" data-e-type=\"widget\" data-widget_type=\"heading.default\">\n\t\t\t\t<div class=\"elementor-widget-container\">\n\t\t\t\t\t<h6 class=\"elementor-heading-title elementor-size-default\">Precio por tratamiento<\/h6>\t\t\t\t<\/div>\n\t\t\t\t<\/div>\n\t\t\t\t<div class=\"elementor-element elementor-element-abc396e elementor-widget elementor-widget-price-list\" data-id=\"abc396e\" data-element_type=\"widget\" data-e-type=\"widget\" data-widget_type=\"price-list.default\">\n\t\t\t\t<div class=\"elementor-widget-container\">\n\t\t\t\t\t\n\t\t<ul class=\"elementor-price-list\">\n\n\t\t\t\t\t\t\t\t\t<li><a class=\"elementor-price-list-item\" href=\"#\">\t\t\t\t\n\t\t\t\t<div class=\"elementor-price-list-text\">\n\t\t\t\t\t\t\t\t\t<div class=\"elementor-price-list-header\">\n\t\t\t\t\t\t\t\t\t\t\t<span class=\"elementor-price-list-title\">\n\t\t\t\t\t\t\tProfhilo 1 tratamiento \u00fanico de 2 ml\t\t\t\t\t\t<\/span>\n\t\t\t\t\t\t\t\t\t\t\t\t\t\t\t\t\t\t\t\t\t\t\t\t<span class=\"elementor-price-list-price\">\u20ac250<\/span>\n\t\t\t\t\t\t\t\t\t\t<\/div>\n\t\t\t\t\t\t\t\t\t\t\t\t<\/div>\n\t\t\t\t<\/a><\/li>\t\t\t\t\t\t\t\t\t\t\t\t<li><a class=\"elementor-price-list-item\" href=\"#\">\t\t\t\t\n\t\t\t\t<div class=\"elementor-price-list-text\">\n\t\t\t\t\t\t\t\t\t<div class=\"elementor-price-list-header\">\n\t\t\t\t\t\t\t\t\t\t\t<span class=\"elementor-price-list-title\">\n\t\t\t\t\t\t\tProfhilo 2 tratamientos de spa de 2x 2ml  \t\t\t\t\t\t<\/span>\n\t\t\t\t\t\t\t\t\t\t\t\t\t\t\t\t\t\t\t\t\t\t\t\t<span class=\"elementor-price-list-price\">\u20ac400<\/span>\n\t\t\t\t\t\t\t\t\t\t<\/div>\n\t\t\t\t\t\t\t\t\t\t\t\t<\/div>\n\t\t\t\t<\/a><\/li>\t\t\t\t\t\t\t\t\t\t\n\t\t<\/ul>\n\n\t\t\t\t\t\t<\/div>\n\t\t\t\t<\/div>\n\t\t\t\t<div class=\"elementor-element elementor-element-8e2c5af elementor-widget elementor-widget-ld_button\" data-id=\"8e2c5af\" data-element_type=\"widget\" data-e-type=\"widget\" data-widget_type=\"ld_button.default\">\n\t\t\t\t<div class=\"elementor-widget-container\">\n\t\t\t\t\t\n\t\t\t<a\n\t\t\t\thref=\"\/es\/contact\/\"class=\"elementor-button btn btn-solid btn-sm btn-icon-shaped btn-has-label\"\t\t\t>\n\t\t\t\t\t\t\t\t\t<span data-text=\"Neem contact op\" class=\"btn-txt\">\n\t\t\t\t\t\tP\u00f3ngase en contacto\t\t\t\t\t<\/span>\n\t\t\t\t\t\t\t\t\t\t\t<\/a>\n\t\t\t\t\t\t\t<\/div>\n\t\t\t\t<\/div>\n\t\t\t\t<\/div>\n\t\t\t\t\t<\/div>\n\t\t\t\t<\/div>\n\t\t\t\t<\/div>","protected":false},"excerpt":{"rendered":"<p>Profhilo Wat is Profhilo? Heb je last van een verslapte huid in je gezicht, hals, decollet\u00e9, handen of bovenarmen? Dat kan erg storend zijn! Met de nieuwe Profhilo behandeling pak je deze huidverslapping aan en wordt de huid daadwerkelijk hersteld en verjongd.Profhilo is een anti-aging behandeling met een grote hoeveelheid puur hyaluronzuur zonder chemische toevoegingen. [&hellip;]<\/p>\n","protected":false},"author":5,"featured_media":0,"parent":0,"menu_order":0,"comment_status":"closed","ping_status":"closed","template":"","meta":{"footnotes":""},"class_list":["post-12181","page","type-page","status-publish","hentry"],"yoast_head":"<!-- This site is optimized with the Yoast SEO Premium plugin v27.0 (Yoast SEO v27.5) - https:\/\/yoast.com\/product\/yoast-seo-premium-wordpress\/ -->\n<title>Profhilo - Huidenlaserkliniekzeeland<\/title>\n<meta name=\"description\" content=\"Opzoek naar een Profhilo behandeling? Kom langs bij Huidenlaserkliniekzeeland. Wij zijn gespecialiseerd in het behandelen hiervan!\" \/>\n<meta name=\"robots\" content=\"index, follow, max-snippet:-1, max-image-preview:large, max-video-preview:-1\" \/>\n<link rel=\"canonical\" href=\"https:\/\/huidenlaserkliniekzeeland.nl\/es\/profhilo\/\" \/>\n<meta property=\"og:locale\" content=\"es_ES\" \/>\n<meta property=\"og:type\" content=\"article\" \/>\n<meta property=\"og:title\" content=\"Profhilo\" \/>\n<meta property=\"og:description\" content=\"Opzoek naar een Profhilo behandeling? Kom langs bij Huidenlaserkliniekzeeland. Wij zijn gespecialiseerd in het behandelen hiervan!\" \/>\n<meta property=\"og:url\" content=\"https:\/\/huidenlaserkliniekzeeland.nl\/es\/profhilo\/\" \/>\n<meta property=\"og:site_name\" content=\"Huidenlaserkliniekzeeland\" \/>\n<meta property=\"article:modified_time\" content=\"2025-07-28T12:28:19+00:00\" \/>\n<meta property=\"og:image\" content=\"https:\/\/huidenlaserkliniekzeeland.nl\/wp-content\/uploads\/2023\/06\/Profhilo-huidenlaserkliniekzeeland.png\" \/>\n\t<meta property=\"og:image:width\" content=\"427\" \/>\n\t<meta property=\"og:image:height\" content=\"437\" \/>\n\t<meta property=\"og:image:type\" content=\"image\/png\" \/>\n<meta name=\"twitter:card\" content=\"summary_large_image\" \/>\n<meta name=\"twitter:label1\" content=\"Tiempo de lectura\" \/>\n\t<meta name=\"twitter:data1\" content=\"2 minutos\" \/>\n<script type=\"application\/ld+json\" class=\"yoast-schema-graph\">{\"@context\":\"https:\\\/\\\/schema.org\",\"@graph\":[{\"@type\":\"WebPage\",\"@id\":\"https:\\\/\\\/huidenlaserkliniekzeeland.nl\\\/profhilo\\\/\",\"url\":\"https:\\\/\\\/huidenlaserkliniekzeeland.nl\\\/profhilo\\\/\",\"name\":\"Profhilo - Huidenlaserkliniekzeeland\",\"isPartOf\":{\"@id\":\"https:\\\/\\\/huidenlaserkliniekzeeland.nl\\\/#website\"},\"primaryImageOfPage\":{\"@id\":\"https:\\\/\\\/huidenlaserkliniekzeeland.nl\\\/profhilo\\\/#primaryimage\"},\"image\":{\"@id\":\"https:\\\/\\\/huidenlaserkliniekzeeland.nl\\\/profhilo\\\/#primaryimage\"},\"thumbnailUrl\":\"https:\\\/\\\/huidenlaserkliniekzeeland.nl\\\/wp-content\\\/uploads\\\/2023\\\/06\\\/Profhilo-huidenlaserkliniekzeeland.png\",\"datePublished\":\"2023-06-19T17:41:58+00:00\",\"dateModified\":\"2025-07-28T12:28:19+00:00\",\"description\":\"Opzoek naar een Profhilo behandeling? Kom langs bij Huidenlaserkliniekzeeland. Wij zijn gespecialiseerd in het behandelen hiervan!\",\"breadcrumb\":{\"@id\":\"https:\\\/\\\/huidenlaserkliniekzeeland.nl\\\/profhilo\\\/#breadcrumb\"},\"inLanguage\":\"es\",\"potentialAction\":[{\"@type\":\"ReadAction\",\"target\":[\"https:\\\/\\\/huidenlaserkliniekzeeland.nl\\\/profhilo\\\/\"]}]},{\"@type\":\"ImageObject\",\"inLanguage\":\"es\",\"@id\":\"https:\\\/\\\/huidenlaserkliniekzeeland.nl\\\/profhilo\\\/#primaryimage\",\"url\":\"https:\\\/\\\/huidenlaserkliniekzeeland.nl\\\/wp-content\\\/uploads\\\/2023\\\/06\\\/Profhilo-huidenlaserkliniekzeeland.png\",\"contentUrl\":\"https:\\\/\\\/huidenlaserkliniekzeeland.nl\\\/wp-content\\\/uploads\\\/2023\\\/06\\\/Profhilo-huidenlaserkliniekzeeland.png\"},{\"@type\":\"BreadcrumbList\",\"@id\":\"https:\\\/\\\/huidenlaserkliniekzeeland.nl\\\/profhilo\\\/#breadcrumb\",\"itemListElement\":[{\"@type\":\"ListItem\",\"position\":1,\"name\":\"Home\",\"item\":\"https:\\\/\\\/huidenlaserkliniekzeeland.nl\\\/\"},{\"@type\":\"ListItem\",\"position\":2,\"name\":\"Profhilo\"}]},{\"@type\":\"WebSite\",\"@id\":\"https:\\\/\\\/huidenlaserkliniekzeeland.nl\\\/#website\",\"url\":\"https:\\\/\\\/huidenlaserkliniekzeeland.nl\\\/\",\"name\":\"Huidenlaserkliniekzeeland\",\"description\":\"Cosmetische chirurgie en huidtherapie in Zeeland\",\"publisher\":{\"@id\":\"https:\\\/\\\/huidenlaserkliniekzeeland.nl\\\/#organization\"},\"potentialAction\":[{\"@type\":\"SearchAction\",\"target\":{\"@type\":\"EntryPoint\",\"urlTemplate\":\"https:\\\/\\\/huidenlaserkliniekzeeland.nl\\\/?s={search_term_string}\"},\"query-input\":{\"@type\":\"PropertyValueSpecification\",\"valueRequired\":true,\"valueName\":\"search_term_string\"}}],\"inLanguage\":\"es\"},{\"@type\":\"Organization\",\"@id\":\"https:\\\/\\\/huidenlaserkliniekzeeland.nl\\\/#organization\",\"name\":\"Contrainer\",\"url\":\"https:\\\/\\\/huidenlaserkliniekzeeland.nl\\\/\",\"logo\":{\"@type\":\"ImageObject\",\"inLanguage\":\"es\",\"@id\":\"https:\\\/\\\/huidenlaserkliniekzeeland.nl\\\/#\\\/schema\\\/logo\\\/image\\\/\",\"url\":\"https:\\\/\\\/huidenlaserkliniekzeeland.nl\\\/wp-content\\\/uploads\\\/2023\\\/02\\\/Contrainer-logo-volledig.png\",\"contentUrl\":\"https:\\\/\\\/huidenlaserkliniekzeeland.nl\\\/wp-content\\\/uploads\\\/2023\\\/02\\\/Contrainer-logo-volledig.png\",\"width\":1579,\"height\":493,\"caption\":\"Contrainer\"},\"image\":{\"@id\":\"https:\\\/\\\/huidenlaserkliniekzeeland.nl\\\/#\\\/schema\\\/logo\\\/image\\\/\"}}]}<\/script>\n<!-- \/ Yoast SEO Premium plugin. -->","yoast_head_json":{"title":"Profhilo - Cl\u00ednica de l\u00e1ser cut\u00e1neo en Zelanda","description":"\u00bfBusca un tratamiento Profhilo? P\u00e1sese por Huidenlaserkliniekzeeland. \u00a1Somos especialistas en su tratamiento!","robots":{"index":"index","follow":"follow","max-snippet":"max-snippet:-1","max-image-preview":"max-image-preview:large","max-video-preview":"max-video-preview:-1"},"canonical":"https:\/\/huidenlaserkliniekzeeland.nl\/es\/profhilo\/","og_locale":"es_ES","og_type":"article","og_title":"Profhilo","og_description":"Opzoek naar een Profhilo behandeling? Kom langs bij Huidenlaserkliniekzeeland. Wij zijn gespecialiseerd in het behandelen hiervan!","og_url":"https:\/\/huidenlaserkliniekzeeland.nl\/es\/profhilo\/","og_site_name":"Huidenlaserkliniekzeeland","article_modified_time":"2025-07-28T12:28:19+00:00","og_image":[{"width":427,"height":437,"url":"https:\/\/huidenlaserkliniekzeeland.nl\/wp-content\/uploads\/2023\/06\/Profhilo-huidenlaserkliniekzeeland.png","type":"image\/png"}],"twitter_card":"summary_large_image","twitter_misc":{"Tiempo de lectura":"2 minutos"},"schema":{"@context":"https:\/\/schema.org","@graph":[{"@type":"WebPage","@id":"https:\/\/huidenlaserkliniekzeeland.nl\/profhilo\/","url":"https:\/\/huidenlaserkliniekzeeland.nl\/profhilo\/","name":"Profhilo - Cl\u00ednica de l\u00e1ser cut\u00e1neo en Zelanda","isPartOf":{"@id":"https:\/\/huidenlaserkliniekzeeland.nl\/#website"},"primaryImageOfPage":{"@id":"https:\/\/huidenlaserkliniekzeeland.nl\/profhilo\/#primaryimage"},"image":{"@id":"https:\/\/huidenlaserkliniekzeeland.nl\/profhilo\/#primaryimage"},"thumbnailUrl":"https:\/\/huidenlaserkliniekzeeland.nl\/wp-content\/uploads\/2023\/06\/Profhilo-huidenlaserkliniekzeeland.png","datePublished":"2023-06-19T17:41:58+00:00","dateModified":"2025-07-28T12:28:19+00:00","description":"\u00bfBusca un tratamiento Profhilo? P\u00e1sese por Huidenlaserkliniekzeeland. \u00a1Somos especialistas en su tratamiento!","breadcrumb":{"@id":"https:\/\/huidenlaserkliniekzeeland.nl\/profhilo\/#breadcrumb"},"inLanguage":"es","potentialAction":[{"@type":"ReadAction","target":["https:\/\/huidenlaserkliniekzeeland.nl\/profhilo\/"]}]},{"@type":"ImageObject","inLanguage":"es","@id":"https:\/\/huidenlaserkliniekzeeland.nl\/profhilo\/#primaryimage","url":"https:\/\/huidenlaserkliniekzeeland.nl\/wp-content\/uploads\/2023\/06\/Profhilo-huidenlaserkliniekzeeland.png","contentUrl":"https:\/\/huidenlaserkliniekzeeland.nl\/wp-content\/uploads\/2023\/06\/Profhilo-huidenlaserkliniekzeeland.png"},{"@type":"BreadcrumbList","@id":"https:\/\/huidenlaserkliniekzeeland.nl\/profhilo\/#breadcrumb","itemListElement":[{"@type":"ListItem","position":1,"name":"Home","item":"https:\/\/huidenlaserkliniekzeeland.nl\/"},{"@type":"ListItem","position":2,"name":"Profhilo"}]},{"@type":"WebSite","@id":"https:\/\/huidenlaserkliniekzeeland.nl\/#website","url":"https:\/\/huidenlaserkliniekzeeland.nl\/","name":"Cl\u00ednica de l\u00e1ser cut\u00e1neo en Zelanda","description":"Cirug\u00eda est\u00e9tica y terapia de la piel en Zelanda","publisher":{"@id":"https:\/\/huidenlaserkliniekzeeland.nl\/#organization"},"potentialAction":[{"@type":"SearchAction","target":{"@type":"EntryPoint","urlTemplate":"https:\/\/huidenlaserkliniekzeeland.nl\/?s={search_term_string}"},"query-input":{"@type":"PropertyValueSpecification","valueRequired":true,"valueName":"search_term_string"}}],"inLanguage":"es"},{"@type":"Organization","@id":"https:\/\/huidenlaserkliniekzeeland.nl\/#organization","name":"Contractor","url":"https:\/\/huidenlaserkliniekzeeland.nl\/","logo":{"@type":"ImageObject","inLanguage":"es","@id":"https:\/\/huidenlaserkliniekzeeland.nl\/#\/schema\/logo\/image\/","url":"https:\/\/huidenlaserkliniekzeeland.nl\/wp-content\/uploads\/2023\/02\/Contrainer-logo-volledig.png","contentUrl":"https:\/\/huidenlaserkliniekzeeland.nl\/wp-content\/uploads\/2023\/02\/Contrainer-logo-volledig.png","width":1579,"height":493,"caption":"Contrainer"},"image":{"@id":"https:\/\/huidenlaserkliniekzeeland.nl\/#\/schema\/logo\/image\/"}}]}},"_links":{"self":[{"href":"https:\/\/huidenlaserkliniekzeeland.nl\/es\/wp-json\/wp\/v2\/pages\/12181","targetHints":{"allow":["GET"]}}],"collection":[{"href":"https:\/\/huidenlaserkliniekzeeland.nl\/es\/wp-json\/wp\/v2\/pages"}],"about":[{"href":"https:\/\/huidenlaserkliniekzeeland.nl\/es\/wp-json\/wp\/v2\/types\/page"}],"author":[{"embeddable":true,"href":"https:\/\/huidenlaserkliniekzeeland.nl\/es\/wp-json\/wp\/v2\/users\/5"}],"replies":[{"embeddable":true,"href":"https:\/\/huidenlaserkliniekzeeland.nl\/es\/wp-json\/wp\/v2\/comments?post=12181"}],"version-history":[{"count":12,"href":"https:\/\/huidenlaserkliniekzeeland.nl\/es\/wp-json\/wp\/v2\/pages\/12181\/revisions"}],"predecessor-version":[{"id":14342,"href":"https:\/\/huidenlaserkliniekzeeland.nl\/es\/wp-json\/wp\/v2\/pages\/12181\/revisions\/14342"}],"wp:attachment":[{"href":"https:\/\/huidenlaserkliniekzeeland.nl\/es\/wp-json\/wp\/v2\/media?parent=12181"}],"curies":[{"name":"wp","href":"https:\/\/api.w.org\/{rel}","templated":true}]}}