{"id":12069,"date":"2023-06-09T12:49:44","date_gmt":"2023-06-09T10:49:44","guid":{"rendered":"https:\/\/huidenlaserkliniekzeeland.nl\/?page_id=12069"},"modified":"2023-06-23T09:16:55","modified_gmt":"2023-06-23T07:16:55","slug":"spasalonnepro","status":"publish","type":"page","link":"https:\/\/huidenlaserkliniekzeeland.nl\/es\/spasalonnepro\/","title":{"rendered":"Spasalonnepro"},"content":{"rendered":"<div data-elementor-type=\"wp-page\" data-elementor-id=\"12069\" class=\"elementor elementor-12069\" data-elementor-post-type=\"page\">\n\t\t\t\t<div class=\"elementor-element elementor-element-1e53111 e-flex e-con-boxed e-con e-parent\" data-id=\"1e53111\" data-element_type=\"container\" data-e-type=\"container\">\n\t\t\t\t\t<div class=\"e-con-inner\">\n\t\t<div class=\"elementor-element elementor-element-c9d5f4c e-con-full e-flex e-con e-parent\" data-id=\"c9d5f4c\" data-element_type=\"container\" data-e-type=\"container\">\n\t\t\t\t<div class=\"elementor-element elementor-element-c3af646 elementor-widget elementor-widget-spacer\" data-id=\"c3af646\" data-element_type=\"widget\" data-e-type=\"widget\" data-widget_type=\"spacer.default\">\n\t\t\t\t<div class=\"elementor-widget-container\">\n\t\t\t\t\t\t\t<div class=\"elementor-spacer\">\n\t\t\t<div class=\"elementor-spacer-inner\"><\/div>\n\t\t<\/div>\n\t\t\t\t\t\t<\/div>\n\t\t\t\t<\/div>\n\t\t\t\t<div class=\"elementor-element elementor-element-237f899 elementor-widget elementor-widget-hub_fancy_heading\" data-id=\"237f899\" data-element_type=\"widget\" data-e-type=\"widget\" data-widget_type=\"hub_fancy_heading.default\">\n\t\t\t\t<div class=\"elementor-widget-container\">\n\t\t\t\t\t\n\t\t<div id=\"ld-fancy-heading-69d8eb90b5f9c\" class=\"ld-fancy-heading pos-rel\">\n\t\t\t<h1 class=\"ld-fh-element d-inline-block pos-rel  elementor-heading-title lqd-highlight-classic lqd-highlight-grow-left h1\"  > Spasalonnepro<\/h1>\t\t<\/div>\n\n\t\t\t\t\t\t<\/div>\n\t\t\t\t<\/div>\n\t\t\t\t<div class=\"elementor-element elementor-element-f98d270 elementor-widget elementor-widget-hub_fancy_heading\" data-id=\"f98d270\" data-element_type=\"widget\" data-e-type=\"widget\" data-widget_type=\"hub_fancy_heading.default\">\n\t\t\t\t<div class=\"elementor-widget-container\">\n\t\t\t\t\t\n\t\t<div id=\"ld-fancy-heading-69d8eb90b64bd\" class=\"ld-fancy-heading pos-rel\">\n\t\t\t<h2 class=\"ld-fh-element d-inline-block pos-rel  elementor-heading-title lqd-highlight-classic lqd-highlight-grow-left h2\"  > \u00bfPara qu\u00e9 sirve Spasalonnepro?<\/h2>\t\t<\/div>\n\n\t\t\t\t\t\t<\/div>\n\t\t\t\t<\/div>\n\t\t\t\t<div class=\"elementor-element elementor-element-8a95a66 elementor-widget elementor-widget-hub_fancy_heading\" data-id=\"8a95a66\" data-element_type=\"widget\" data-e-type=\"widget\" data-widget_type=\"hub_fancy_heading.default\">\n\t\t\t\t<div class=\"elementor-widget-container\">\n\t\t\t\t\t\n\t\t<div id=\"ld-fancy-heading-69d8eb90b68cf\" class=\"ld-fancy-heading pos-rel\">\n\t\t\t<p class=\"ld-fh-element d-inline-block pos-rel  lqd-highlight-classic lqd-highlight-grow-left p\"  > Salonnepro es una marca holandesa de productos para el cuidado de la piel, \u00a1hecha con orgullo en los Pa\u00edses Bajos! Tenemos un objetivo claro: la mejora natural de la piel para todos. Y no nos referimos s\u00f3lo al antienvejecimiento, sino tambi\u00e9n al tratamiento de granos, trastornos de pigmentaci\u00f3n, estr\u00e9s y desequilibrios.\nApoyamos a nuestras esteticistas con todos los conocimientos sobre problemas de la piel, productos, ingredientes y tratamientos. En esto somos transparentes, serviciales y orientados al servicio. Porque no podemos alcanzar nuestros objetivos solos, \u00a1lo hacemos junto con nuestras esteticistas!<\/p>\t\t<\/div>\n\n\t\t\t\t\t\t<\/div>\n\t\t\t\t<\/div>\n\t\t\t\t<\/div>\n\t\t<div class=\"elementor-element elementor-element-5e065b1 e-con-full e-flex e-con e-parent\" data-id=\"5e065b1\" data-element_type=\"container\" data-e-type=\"container\">\n\t\t\t\t<div class=\"elementor-element elementor-element-6f177ff elementor-widget elementor-widget-ld_fancy_image\" data-id=\"6f177ff\" data-element_type=\"widget\" data-e-type=\"widget\" data-widget_type=\"ld_fancy_image.default\">\n\t\t\t\t<div class=\"elementor-widget-container\">\n\t\t\t\t\t\n\t\t<div class=\"lqd-imggrp-single d-block pos-rel\">\n\t\t\t<div class=\"lqd-imggrp-img-container d-inline-flex pos-rel align-items-center justify-content-center\">\n\t\t\t\t\t\t\t\t<figure class=\"w-100 pos-rel\">\n\t\t\t\t\t<img fetchpriority=\"high\" decoding=\"async\" width=\"1400\" height=\"1400\" src=\"https:\/\/huidenlaserkliniekzeeland.nl\/wp-content\/uploads\/2023\/06\/spasalonnepro-huidenlaserkliniekzeeland.jpg\" class=\"attachment-full size-full wp-image-12071\" alt=\"spasalonnepro-skin laser cliniczeeland\" srcset=\"https:\/\/huidenlaserkliniekzeeland.nl\/wp-content\/uploads\/2023\/06\/spasalonnepro-huidenlaserkliniekzeeland.jpg 1400w, https:\/\/huidenlaserkliniekzeeland.nl\/wp-content\/uploads\/2023\/06\/spasalonnepro-huidenlaserkliniekzeeland-300x300.jpg 300w, https:\/\/huidenlaserkliniekzeeland.nl\/wp-content\/uploads\/2023\/06\/spasalonnepro-huidenlaserkliniekzeeland-1024x1024.jpg 1024w, https:\/\/huidenlaserkliniekzeeland.nl\/wp-content\/uploads\/2023\/06\/spasalonnepro-huidenlaserkliniekzeeland-150x150.jpg 150w, https:\/\/huidenlaserkliniekzeeland.nl\/wp-content\/uploads\/2023\/06\/spasalonnepro-huidenlaserkliniekzeeland-320x320.jpg 320w, https:\/\/huidenlaserkliniekzeeland.nl\/wp-content\/uploads\/2023\/06\/spasalonnepro-huidenlaserkliniekzeeland-760x760.jpg 760w, https:\/\/huidenlaserkliniekzeeland.nl\/wp-content\/uploads\/2023\/06\/spasalonnepro-huidenlaserkliniekzeeland-12x12.jpg 12w\" sizes=\"(max-width: 1400px) 100vw, 1400px\" itemprop=\"image\" \/>\t\t\t\t\t\t\t\t\t\t\t\t\t\t\t\t\t\t\t\t\t\t\t\t\t\t\t\t\t<\/figure>\n\t\t\t<\/div>\n\t\t<\/div>\n\n\t\t\t\t\t<\/div>\n\t\t\t\t<\/div>\n\t\t\t\t<\/div>\n\t\t\t\t\t<\/div>\n\t\t\t\t<\/div>\n\t\t<div class=\"elementor-element elementor-element-61b05ca e-flex e-con-boxed e-con e-parent\" data-id=\"61b05ca\" data-element_type=\"container\" data-e-type=\"container\">\n\t\t\t\t\t<div class=\"e-con-inner\">\n\t\t<div class=\"elementor-element elementor-element-8f71b87 e-con-full e-flex e-con e-parent\" data-id=\"8f71b87\" data-element_type=\"container\" data-e-type=\"container\">\n\t\t\t\t<div class=\"elementor-element elementor-element-b86764a elementor-widget elementor-widget-spacer\" data-id=\"b86764a\" data-element_type=\"widget\" data-e-type=\"widget\" data-widget_type=\"spacer.default\">\n\t\t\t\t<div class=\"elementor-widget-container\">\n\t\t\t\t\t\t\t<div class=\"elementor-spacer\">\n\t\t\t<div class=\"elementor-spacer-inner\"><\/div>\n\t\t<\/div>\n\t\t\t\t\t\t<\/div>\n\t\t\t\t<\/div>\n\t\t\t\t<div class=\"elementor-element elementor-element-ec0f77b elementor-widget elementor-widget-hub_fancy_heading\" data-id=\"ec0f77b\" data-element_type=\"widget\" data-e-type=\"widget\" data-widget_type=\"hub_fancy_heading.default\">\n\t\t\t\t<div class=\"elementor-widget-container\">\n\t\t\t\t\t\n\t\t<div id=\"ld-fancy-heading-69d8eb90b79f4\" class=\"ld-fancy-heading pos-rel\">\n\t\t\t<h3 class=\"ld-fh-element d-inline-block pos-rel  elementor-heading-title lqd-highlight-classic lqd-highlight-grow-left h3\"  > Nuestros productos<\/h3>\t\t<\/div>\n\n\t\t\t\t\t\t<\/div>\n\t\t\t\t<\/div>\n\t\t\t\t<div class=\"elementor-element elementor-element-d39b150 elementor-widget elementor-widget-hub_fancy_heading\" data-id=\"d39b150\" data-element_type=\"widget\" data-e-type=\"widget\" data-widget_type=\"hub_fancy_heading.default\">\n\t\t\t\t<div class=\"elementor-widget-container\">\n\t\t\t\t\t\n\t\t<div id=\"ld-fancy-heading-69d8eb90b7e37\" class=\"ld-fancy-heading pos-rel\">\n\t\t\t<p class=\"ld-fh-element d-inline-block pos-rel  lqd-highlight-classic lqd-highlight-grow-left p\"  > Nuestros productos han sido desarrollados por Sharon Pieters. Su formaci\u00f3n en bioqu\u00edmica y su pasi\u00f3n por los ingredientes cosm\u00e9ticos permiten a Salonnepro desarrollar productos y tratamientos que trabajan con el cuerpo. Al trabajar con el cuerpo, en lugar de contra \u00e9l, se obtienen mejores resultados. Siempre que es posible, los principios activos sint\u00e9ticos se sustituyen por su alternativa natural. Los productos Pure Collection se elaboran con ingredientes con certificaci\u00f3n ecol\u00f3gica, que son naturalmente m\u00e1s ricos en vitaminas y minerales. Los productos Solutions est\u00e1n elaborados con ingredientes naturales, en esta serie tambi\u00e9n encontrar\u00e1 protecci\u00f3n solar UVA\/UVB.\n<br><br>\nNuestros productos est\u00e1n testados en animales, no contienen parabenos, siliconas ni sulfatos, son veganos, no contienen micropl\u00e1sticos ni ftalatos y no contienen los principales al\u00e9rgenos de los perfumes.<\/p>\t\t<\/div>\n\n\t\t\t\t\t\t<\/div>\n\t\t\t\t<\/div>\n\t\t\t\t<\/div>\n\t\t<div class=\"elementor-element elementor-element-416e12f e-con-full e-flex e-con e-parent\" data-id=\"416e12f\" data-element_type=\"container\" data-e-type=\"container\">\n\t\t\t\t<\/div>\n\t\t\t\t\t<\/div>\n\t\t\t\t<\/div>\n\t\t<div class=\"elementor-element elementor-element-2eb7ff3 e-flex e-con-boxed e-con e-parent\" data-id=\"2eb7ff3\" data-element_type=\"container\" data-e-type=\"container\">\n\t\t\t\t\t<div class=\"e-con-inner\">\n\t\t<div class=\"elementor-element elementor-element-712212e e-con-full e-flex e-con e-parent\" data-id=\"712212e\" data-element_type=\"container\" data-e-type=\"container\">\n\t\t\t\t<div class=\"elementor-element elementor-element-7d5ece4 elementor-widget elementor-widget-spacer\" data-id=\"7d5ece4\" data-element_type=\"widget\" data-e-type=\"widget\" data-widget_type=\"spacer.default\">\n\t\t\t\t<div class=\"elementor-widget-container\">\n\t\t\t\t\t\t\t<div class=\"elementor-spacer\">\n\t\t\t<div class=\"elementor-spacer-inner\"><\/div>\n\t\t<\/div>\n\t\t\t\t\t\t<\/div>\n\t\t\t\t<\/div>\n\t\t\t\t<div class=\"elementor-element elementor-element-34a0287 elementor-widget elementor-widget-hub_fancy_heading\" data-id=\"34a0287\" data-element_type=\"widget\" data-e-type=\"widget\" data-widget_type=\"hub_fancy_heading.default\">\n\t\t\t\t<div class=\"elementor-widget-container\">\n\t\t\t\t\t\n\t\t<div id=\"ld-fancy-heading-69d8eb90b826d\" class=\"ld-fancy-heading pos-rel\">\n\t\t\t<h3 class=\"ld-fh-element d-inline-block pos-rel  elementor-heading-title lqd-highlight-classic lqd-highlight-grow-left h3\"  > Nuestros ingredientes<\/h3>\t\t<\/div>\n\n\t\t\t\t\t\t<\/div>\n\t\t\t\t<\/div>\n\t\t\t\t<div class=\"elementor-element elementor-element-3833c8e elementor-widget elementor-widget-hub_fancy_heading\" data-id=\"3833c8e\" data-element_type=\"widget\" data-e-type=\"widget\" data-widget_type=\"hub_fancy_heading.default\">\n\t\t\t\t<div class=\"elementor-widget-container\">\n\t\t\t\t\t\n\t\t<div id=\"ld-fancy-heading-69d8eb90b8666\" class=\"ld-fancy-heading pos-rel\">\n\t\t\t<p class=\"ld-fh-element d-inline-block pos-rel  lqd-highlight-classic lqd-highlight-grow-left p\"  > \u00a1Nos encantan todas las cosas buenas que nos ofrece la naturaleza! Los ingredientes que nos encantan y con los que trabajamos mucho son:\n<br><br>\n<b>Aceites y mantequillas vegetales<\/b>\n<br>- Manteca de karit\u00e9 (Butyrospermum Parkii)\n<br>- Aceite de oliva (Olea Europaea)\n<br>- Aceite de jojoba (Simmondsia Chinensis)\n<br>- Aceite de girasol (Helianthus Annuus)\n<br>- Aceite de rosa canina\n<br>- Aceite de albaricoque (Prunus Armeniaca)\n<br>- Escualeno\n<br>- Aceite de aguacate (Persea Gratissima)\n<br><br>\n<b>Vitaminas<\/b>\n<br>- Tocoferol (vitamina E)\n<br>- \u00c1cido L-asc\u00f3rbico (vitamina C, forma bioactiva)\n<br>- \u00c1cido etil asc\u00f3rbico (vitamina C)\n<br>- Pantenol (provitamina B5)\n<br>- Niacinamida (vitamina B3)\n<br>- Palmitato de retinol (vitamina A)\n<br><br>\n<b>Extractos vegetales<\/b>\n<br>- Zumo de aloe vera\n<br>- Hialuronato s\u00f3dico\n<br>- Extracto de algas Cylindrotheco Fusidormis\n<br>- Extracto de alga espirulina\n<br>- Extracto de zanahoria (Daucus Carota)\n<br>- Extracto de espino amarillo (Hippophae Rhamnoides)\n<br>- Extracto de manzanilla (Chamomilia Recututa Matricaria)\n<br>- Extracto de romero (Rosmarinus officinalis)\n<br>- Extracto de grosellero negro (Ribes Nigrum)   \n<br><br>\n<b>P\u00e9ptidos y activos<\/b>\n<br>- Matrixyl 3000\n<br>- Idealift\n<br>- Matrixyl Synthe'6 \u00ae.\n<br>- Argireline\n<br>- Haloxyl\n<br>- \u00c1cido salic\u00edlico\n<\/p>\t\t<\/div>\n\n\t\t\t\t\t\t<\/div>\n\t\t\t\t<\/div>\n\t\t\t\t<\/div>\n\t\t<div class=\"elementor-element elementor-element-38ccd26 e-con-full e-flex e-con e-parent\" data-id=\"38ccd26\" data-element_type=\"container\" data-e-type=\"container\">\n\t\t\t\t<\/div>\n\t\t\t\t\t<\/div>\n\t\t\t\t<\/div>\n\t\t\t\t<\/div>","protected":false},"excerpt":{"rendered":"<p>Spasalonnepro Wat is het doel van Spasalonnepro? Salonnepro is een Nederlands huidverzorgingsmerk, proudly made in the Netherlands! Wij hebben een duidelijk doel: natuurlijke huidverbetering voor iedereen. En dan hebben we het niet alleen over anti-aging, maar ook over de behandeling van puistjes, pigmentstoornissen, stress en onbalans. Wij ondersteunen onze schoonheidsspecialisten met alle kennis over huidproblemen, [&hellip;]<\/p>\n","protected":false},"author":5,"featured_media":0,"parent":0,"menu_order":0,"comment_status":"closed","ping_status":"closed","template":"","meta":{"footnotes":""},"class_list":["post-12069","page","type-page","status-publish","hentry"],"yoast_head":"<!-- This site is optimized with the Yoast SEO Premium plugin v27.0 (Yoast SEO v27.2) - https:\/\/yoast.com\/product\/yoast-seo-premium-wordpress\/ -->\n<title>Spasalonnepro - Huidenlaserkliniekzeeland<\/title>\n<meta name=\"description\" content=\"Opzoek naar een Spasalonnepro behandeling? Kom langs bij Huidenlaserkliniekzeeland. Wij zijn gespecialiseerd in het behandelen hiervan!\" \/>\n<meta name=\"robots\" content=\"index, follow, max-snippet:-1, max-image-preview:large, max-video-preview:-1\" \/>\n<link rel=\"canonical\" href=\"https:\/\/huidenlaserkliniekzeeland.nl\/es\/spasalonnepro\/\" \/>\n<meta property=\"og:locale\" content=\"es_ES\" \/>\n<meta property=\"og:type\" content=\"article\" \/>\n<meta property=\"og:title\" content=\"Spasalonnepro\" \/>\n<meta property=\"og:description\" content=\"Opzoek naar een Spasalonnepro behandeling? Kom langs bij Huidenlaserkliniekzeeland. Wij zijn gespecialiseerd in het behandelen hiervan!\" \/>\n<meta property=\"og:url\" content=\"https:\/\/huidenlaserkliniekzeeland.nl\/es\/spasalonnepro\/\" \/>\n<meta property=\"og:site_name\" content=\"Huidenlaserkliniekzeeland\" \/>\n<meta property=\"article:modified_time\" content=\"2023-06-23T07:16:55+00:00\" \/>\n<meta property=\"og:image\" content=\"https:\/\/huidenlaserkliniekzeeland.nl\/wp-content\/uploads\/2023\/06\/spasalonnepro-huidenlaserkliniekzeeland.jpg\" \/>\n<meta name=\"twitter:card\" content=\"summary_large_image\" \/>\n<meta name=\"twitter:label1\" content=\"Tiempo de lectura\" \/>\n\t<meta name=\"twitter:data1\" content=\"2 minutos\" \/>\n<script type=\"application\/ld+json\" class=\"yoast-schema-graph\">{\"@context\":\"https:\/\/schema.org\",\"@graph\":[{\"@type\":\"WebPage\",\"@id\":\"https:\/\/huidenlaserkliniekzeeland.nl\/spasalonnepro\/\",\"url\":\"https:\/\/huidenlaserkliniekzeeland.nl\/spasalonnepro\/\",\"name\":\"Spasalonnepro - Huidenlaserkliniekzeeland\",\"isPartOf\":{\"@id\":\"https:\/\/huidenlaserkliniekzeeland.nl\/#website\"},\"primaryImageOfPage\":{\"@id\":\"https:\/\/huidenlaserkliniekzeeland.nl\/spasalonnepro\/#primaryimage\"},\"image\":{\"@id\":\"https:\/\/huidenlaserkliniekzeeland.nl\/spasalonnepro\/#primaryimage\"},\"thumbnailUrl\":\"https:\/\/huidenlaserkliniekzeeland.nl\/wp-content\/uploads\/2023\/06\/spasalonnepro-huidenlaserkliniekzeeland.jpg\",\"datePublished\":\"2023-06-09T10:49:44+00:00\",\"dateModified\":\"2023-06-23T07:16:55+00:00\",\"description\":\"Opzoek naar een Spasalonnepro behandeling? Kom langs bij Huidenlaserkliniekzeeland. Wij zijn gespecialiseerd in het behandelen hiervan!\",\"breadcrumb\":{\"@id\":\"https:\/\/huidenlaserkliniekzeeland.nl\/spasalonnepro\/#breadcrumb\"},\"inLanguage\":\"es\",\"potentialAction\":[{\"@type\":\"ReadAction\",\"target\":[\"https:\/\/huidenlaserkliniekzeeland.nl\/spasalonnepro\/\"]}]},{\"@type\":\"ImageObject\",\"inLanguage\":\"es\",\"@id\":\"https:\/\/huidenlaserkliniekzeeland.nl\/spasalonnepro\/#primaryimage\",\"url\":\"https:\/\/huidenlaserkliniekzeeland.nl\/wp-content\/uploads\/2023\/06\/spasalonnepro-huidenlaserkliniekzeeland.jpg\",\"contentUrl\":\"https:\/\/huidenlaserkliniekzeeland.nl\/wp-content\/uploads\/2023\/06\/spasalonnepro-huidenlaserkliniekzeeland.jpg\"},{\"@type\":\"BreadcrumbList\",\"@id\":\"https:\/\/huidenlaserkliniekzeeland.nl\/spasalonnepro\/#breadcrumb\",\"itemListElement\":[{\"@type\":\"ListItem\",\"position\":1,\"name\":\"Home\",\"item\":\"https:\/\/huidenlaserkliniekzeeland.nl\/\"},{\"@type\":\"ListItem\",\"position\":2,\"name\":\"Spasalonnepro\"}]},{\"@type\":\"WebSite\",\"@id\":\"https:\/\/huidenlaserkliniekzeeland.nl\/#website\",\"url\":\"https:\/\/huidenlaserkliniekzeeland.nl\/\",\"name\":\"Huidenlaserkliniekzeeland\",\"description\":\"Cosmetische chirurgie en huidtherapie in Zeeland\",\"publisher\":{\"@id\":\"https:\/\/huidenlaserkliniekzeeland.nl\/#organization\"},\"potentialAction\":[{\"@type\":\"SearchAction\",\"target\":{\"@type\":\"EntryPoint\",\"urlTemplate\":\"https:\/\/huidenlaserkliniekzeeland.nl\/?s={search_term_string}\"},\"query-input\":{\"@type\":\"PropertyValueSpecification\",\"valueRequired\":true,\"valueName\":\"search_term_string\"}}],\"inLanguage\":\"es\"},{\"@type\":\"Organization\",\"@id\":\"https:\/\/huidenlaserkliniekzeeland.nl\/#organization\",\"name\":\"Contrainer\",\"url\":\"https:\/\/huidenlaserkliniekzeeland.nl\/\",\"logo\":{\"@type\":\"ImageObject\",\"inLanguage\":\"es\",\"@id\":\"https:\/\/huidenlaserkliniekzeeland.nl\/#\/schema\/logo\/image\/\",\"url\":\"https:\/\/huidenlaserkliniekzeeland.nl\/wp-content\/uploads\/2023\/02\/Contrainer-logo-volledig.png\",\"contentUrl\":\"https:\/\/huidenlaserkliniekzeeland.nl\/wp-content\/uploads\/2023\/02\/Contrainer-logo-volledig.png\",\"width\":1579,\"height\":493,\"caption\":\"Contrainer\"},\"image\":{\"@id\":\"https:\/\/huidenlaserkliniekzeeland.nl\/#\/schema\/logo\/image\/\"}}]}<\/script>\n<!-- \/ Yoast SEO Premium plugin. -->","yoast_head_json":{"title":"Spasalonnepro - Cl\u00ednica de l\u00e1ser cut\u00e1neo en Zelanda","description":"\u00bfBusca un tratamiento Spasalonnepro? P\u00e1sese por Huidenlaserkliniekzeeland. Somos especialistas en este tratamiento.","robots":{"index":"index","follow":"follow","max-snippet":"max-snippet:-1","max-image-preview":"max-image-preview:large","max-video-preview":"max-video-preview:-1"},"canonical":"https:\/\/huidenlaserkliniekzeeland.nl\/es\/spasalonnepro\/","og_locale":"es_ES","og_type":"article","og_title":"Spasalonnepro","og_description":"Opzoek naar een Spasalonnepro behandeling? Kom langs bij Huidenlaserkliniekzeeland. Wij zijn gespecialiseerd in het behandelen hiervan!","og_url":"https:\/\/huidenlaserkliniekzeeland.nl\/es\/spasalonnepro\/","og_site_name":"Huidenlaserkliniekzeeland","article_modified_time":"2023-06-23T07:16:55+00:00","og_image":[{"url":"https:\/\/huidenlaserkliniekzeeland.nl\/wp-content\/uploads\/2023\/06\/spasalonnepro-huidenlaserkliniekzeeland.jpg","type":"","width":"","height":""}],"twitter_card":"summary_large_image","twitter_misc":{"Tiempo de lectura":"2 minutos"},"schema":{"@context":"https:\/\/schema.org","@graph":[{"@type":"WebPage","@id":"https:\/\/huidenlaserkliniekzeeland.nl\/spasalonnepro\/","url":"https:\/\/huidenlaserkliniekzeeland.nl\/spasalonnepro\/","name":"Spasalonnepro - Cl\u00ednica de l\u00e1ser cut\u00e1neo en Zelanda","isPartOf":{"@id":"https:\/\/huidenlaserkliniekzeeland.nl\/#website"},"primaryImageOfPage":{"@id":"https:\/\/huidenlaserkliniekzeeland.nl\/spasalonnepro\/#primaryimage"},"image":{"@id":"https:\/\/huidenlaserkliniekzeeland.nl\/spasalonnepro\/#primaryimage"},"thumbnailUrl":"https:\/\/huidenlaserkliniekzeeland.nl\/wp-content\/uploads\/2023\/06\/spasalonnepro-huidenlaserkliniekzeeland.jpg","datePublished":"2023-06-09T10:49:44+00:00","dateModified":"2023-06-23T07:16:55+00:00","description":"\u00bfBusca un tratamiento Spasalonnepro? P\u00e1sese por Huidenlaserkliniekzeeland. Somos especialistas en este tratamiento.","breadcrumb":{"@id":"https:\/\/huidenlaserkliniekzeeland.nl\/spasalonnepro\/#breadcrumb"},"inLanguage":"es","potentialAction":[{"@type":"ReadAction","target":["https:\/\/huidenlaserkliniekzeeland.nl\/spasalonnepro\/"]}]},{"@type":"ImageObject","inLanguage":"es","@id":"https:\/\/huidenlaserkliniekzeeland.nl\/spasalonnepro\/#primaryimage","url":"https:\/\/huidenlaserkliniekzeeland.nl\/wp-content\/uploads\/2023\/06\/spasalonnepro-huidenlaserkliniekzeeland.jpg","contentUrl":"https:\/\/huidenlaserkliniekzeeland.nl\/wp-content\/uploads\/2023\/06\/spasalonnepro-huidenlaserkliniekzeeland.jpg"},{"@type":"BreadcrumbList","@id":"https:\/\/huidenlaserkliniekzeeland.nl\/spasalonnepro\/#breadcrumb","itemListElement":[{"@type":"ListItem","position":1,"name":"Home","item":"https:\/\/huidenlaserkliniekzeeland.nl\/"},{"@type":"ListItem","position":2,"name":"Spasalonnepro"}]},{"@type":"WebSite","@id":"https:\/\/huidenlaserkliniekzeeland.nl\/#website","url":"https:\/\/huidenlaserkliniekzeeland.nl\/","name":"Cl\u00ednica de l\u00e1ser cut\u00e1neo en Zelanda","description":"Cirug\u00eda est\u00e9tica y terapia de la piel en Zelanda","publisher":{"@id":"https:\/\/huidenlaserkliniekzeeland.nl\/#organization"},"potentialAction":[{"@type":"SearchAction","target":{"@type":"EntryPoint","urlTemplate":"https:\/\/huidenlaserkliniekzeeland.nl\/?s={search_term_string}"},"query-input":{"@type":"PropertyValueSpecification","valueRequired":true,"valueName":"search_term_string"}}],"inLanguage":"es"},{"@type":"Organization","@id":"https:\/\/huidenlaserkliniekzeeland.nl\/#organization","name":"Contractor","url":"https:\/\/huidenlaserkliniekzeeland.nl\/","logo":{"@type":"ImageObject","inLanguage":"es","@id":"https:\/\/huidenlaserkliniekzeeland.nl\/#\/schema\/logo\/image\/","url":"https:\/\/huidenlaserkliniekzeeland.nl\/wp-content\/uploads\/2023\/02\/Contrainer-logo-volledig.png","contentUrl":"https:\/\/huidenlaserkliniekzeeland.nl\/wp-content\/uploads\/2023\/02\/Contrainer-logo-volledig.png","width":1579,"height":493,"caption":"Contrainer"},"image":{"@id":"https:\/\/huidenlaserkliniekzeeland.nl\/#\/schema\/logo\/image\/"}}]}},"_links":{"self":[{"href":"https:\/\/huidenlaserkliniekzeeland.nl\/es\/wp-json\/wp\/v2\/pages\/12069","targetHints":{"allow":["GET"]}}],"collection":[{"href":"https:\/\/huidenlaserkliniekzeeland.nl\/es\/wp-json\/wp\/v2\/pages"}],"about":[{"href":"https:\/\/huidenlaserkliniekzeeland.nl\/es\/wp-json\/wp\/v2\/types\/page"}],"author":[{"embeddable":true,"href":"https:\/\/huidenlaserkliniekzeeland.nl\/es\/wp-json\/wp\/v2\/users\/5"}],"replies":[{"embeddable":true,"href":"https:\/\/huidenlaserkliniekzeeland.nl\/es\/wp-json\/wp\/v2\/comments?post=12069"}],"version-history":[{"count":0,"href":"https:\/\/huidenlaserkliniekzeeland.nl\/es\/wp-json\/wp\/v2\/pages\/12069\/revisions"}],"wp:attachment":[{"href":"https:\/\/huidenlaserkliniekzeeland.nl\/es\/wp-json\/wp\/v2\/media?parent=12069"}],"curies":[{"name":"wp","href":"https:\/\/api.w.org\/{rel}","templated":true}]}}