{"id":11375,"date":"2023-04-13T09:47:11","date_gmt":"2023-04-13T07:47:11","guid":{"rendered":"https:\/\/huidenlaserkliniekzeeland.nl\/?page_id=11375"},"modified":"2023-04-13T15:58:57","modified_gmt":"2023-04-13T13:58:57","slug":"laser-behandelingen","status":"publish","type":"page","link":"https:\/\/huidenlaserkliniekzeeland.nl\/es\/laser-behandelingen\/","title":{"rendered":"Tratamientos con l\u00e1ser"},"content":{"rendered":"\t\t<div data-elementor-type=\"wp-page\" data-elementor-id=\"11375\" class=\"elementor elementor-11375\" data-elementor-post-type=\"page\">\n\t\t\t\t<div class=\"elementor-element elementor-element-f0dbcaa e-flex e-con-boxed e-con e-parent\" data-id=\"f0dbcaa\" data-element_type=\"container\" data-e-type=\"container\">\n\t\t\t\t\t<div class=\"e-con-inner\">\n\t\t<div class=\"elementor-element elementor-element-f7c5d0a e-con-full e-flex e-con e-parent\" data-id=\"f7c5d0a\" data-element_type=\"container\" data-e-type=\"container\">\n\t\t\t\t<div class=\"elementor-element elementor-element-76c4f4d elementor-widget elementor-widget-spacer\" data-id=\"76c4f4d\" data-element_type=\"widget\" data-e-type=\"widget\" data-widget_type=\"spacer.default\">\n\t\t\t\t<div class=\"elementor-widget-container\">\n\t\t\t\t\t\t\t<div class=\"elementor-spacer\">\n\t\t\t<div class=\"elementor-spacer-inner\"><\/div>\n\t\t<\/div>\n\t\t\t\t\t\t<\/div>\n\t\t\t\t<\/div>\n\t\t\t\t<div class=\"elementor-element elementor-element-6a05a5d elementor-widget elementor-widget-hub_fancy_heading\" data-id=\"6a05a5d\" data-element_type=\"widget\" data-e-type=\"widget\" data-widget_type=\"hub_fancy_heading.default\">\n\t\t\t\t<div class=\"elementor-widget-container\">\n\t\t\t\t\t\n\t\t<div id=\"ld-fancy-heading-69fdf5126f06d\" class=\"ld-fancy-heading pos-rel\">\n\t\t\t<h1 class=\"ld-fh-element d-inline-block pos-rel  elementor-heading-title lqd-highlight-classic lqd-highlight-grow-left h1\"  > Laser behandelingen<\/h1>\t\t<\/div>\n\n\t\t\t\t\t\t<\/div>\n\t\t\t\t<\/div>\n\t\t\t\t<div class=\"elementor-element elementor-element-1936100 elementor-widget elementor-widget-hub_fancy_heading\" data-id=\"1936100\" data-element_type=\"widget\" data-e-type=\"widget\" data-widget_type=\"hub_fancy_heading.default\">\n\t\t\t\t<div class=\"elementor-widget-container\">\n\t\t\t\t\t\n\t\t<div id=\"ld-fancy-heading-69fdf5126f531\" class=\"ld-fancy-heading pos-rel\">\n\t\t\t<h2 class=\"ld-fh-element d-inline-block pos-rel  elementor-heading-title lqd-highlight-classic lqd-highlight-grow-left h2\"  > Wat zijn laser behandelingen?<\/h2>\t\t<\/div>\n\n\t\t\t\t\t\t<\/div>\n\t\t\t\t<\/div>\n\t\t\t\t<div class=\"elementor-element elementor-element-398e109 elementor-widget elementor-widget-hub_fancy_heading\" data-id=\"398e109\" data-element_type=\"widget\" data-e-type=\"widget\" data-widget_type=\"hub_fancy_heading.default\">\n\t\t\t\t<div class=\"elementor-widget-container\">\n\t\t\t\t\t\n\t\t<div id=\"ld-fancy-heading-69fdf5126f929\" class=\"ld-fancy-heading pos-rel\">\n\t\t\t<p class=\"ld-fh-element d-inline-block pos-rel  lqd-highlight-classic lqd-highlight-grow-left p\"  > Laserbehandelingen kunnen tegenwoordig voor verschillende indicaties ingezet worden, zoals <u><a href=\"vaataandoeningen\">vaatjes<\/a><\/u>, <u><a href=\"pigmentaandoeningen\">pigmentvlekken<\/a><\/u>, <u><a href=\"overbeharing\">overbeharing<\/a><\/u> en tattoo verwijderen.\n<br><br>\nLaser staat voor Light Amplification by Stimulated Emission of Radiation oftewel lichtversterking door gestimuleerde uitzending van straling. Laserlicht is wat anders dan zonlicht dit kot doordat deze gebundeld wordt tot \u00e9\u00e9n geconcentreerde straal. Hierdoor kun je heel gericht op een plek werken zonder de omliggende structuren te beschadigen. Doordat deze geconcentreerde straal kun je bijvoorbeeld bloedvaatjes of pigment verwijderen, maar je kunt er ook overbeharing mee behandelen.<\/p>\t\t<\/div>\n\n\t\t\t\t\t\t<\/div>\n\t\t\t\t<\/div>\n\t\t\t\t<\/div>\n\t\t<div class=\"elementor-element elementor-element-dc1fd9c e-con-full e-flex e-con e-parent\" data-id=\"dc1fd9c\" data-element_type=\"container\" data-e-type=\"container\">\n\t\t\t\t<\/div>\n\t\t\t\t\t<\/div>\n\t\t\t\t<\/div>\n\t\t<div class=\"elementor-element elementor-element-bdbdfd3 e-flex e-con-boxed e-con e-parent\" data-id=\"bdbdfd3\" data-element_type=\"container\" data-e-type=\"container\">\n\t\t\t\t\t<div class=\"e-con-inner\">\n\t\t<div class=\"elementor-element elementor-element-d26afb2 e-con-full e-flex e-con e-parent\" data-id=\"d26afb2\" data-element_type=\"container\" data-e-type=\"container\">\n\t\t\t\t<div class=\"elementor-element elementor-element-554d0c7 elementor-widget elementor-widget-spacer\" data-id=\"554d0c7\" data-element_type=\"widget\" data-e-type=\"widget\" data-widget_type=\"spacer.default\">\n\t\t\t\t<div class=\"elementor-widget-container\">\n\t\t\t\t\t\t\t<div class=\"elementor-spacer\">\n\t\t\t<div class=\"elementor-spacer-inner\"><\/div>\n\t\t<\/div>\n\t\t\t\t\t\t<\/div>\n\t\t\t\t<\/div>\n\t\t\t\t<div class=\"elementor-element elementor-element-26c30f4 elementor-widget elementor-widget-hub_fancy_heading\" data-id=\"26c30f4\" data-element_type=\"widget\" data-e-type=\"widget\" data-widget_type=\"hub_fancy_heading.default\">\n\t\t\t\t<div class=\"elementor-widget-container\">\n\t\t\t\t\t\n\t\t<div id=\"ld-fancy-heading-69fdf5126fd8b\" class=\"ld-fancy-heading pos-rel\">\n\t\t\t<h3 class=\"ld-fh-element d-inline-block pos-rel  elementor-heading-title lqd-highlight-classic lqd-highlight-grow-left h3\"  > Hoe wordt de juiste laser behandeling gekozen?<\/h3>\t\t<\/div>\n\n\t\t\t\t\t\t<\/div>\n\t\t\t\t<\/div>\n\t\t\t\t<div class=\"elementor-element elementor-element-e0f9a32 elementor-widget elementor-widget-hub_fancy_heading\" data-id=\"e0f9a32\" data-element_type=\"widget\" data-e-type=\"widget\" data-widget_type=\"hub_fancy_heading.default\">\n\t\t\t\t<div class=\"elementor-widget-container\">\n\t\t\t\t\t\n\t\t<div id=\"ld-fancy-heading-69fdf51270164\" class=\"ld-fancy-heading pos-rel\">\n\t\t\t<p class=\"ld-fh-element d-inline-block pos-rel  lqd-highlight-classic lqd-highlight-grow-left p\"  > Niet elke laser is geschikt voor een behandeldoel of indicatie, hierbij moet er een keuze gemaakt worden voor de juiste laser met de juiste golflengte. Er bestaan verschillende laser zoals hieronder beschreven.<\/p>\t\t<\/div>\n\n\t\t\t\t\t\t<\/div>\n\t\t\t\t<\/div>\n\t\t\t\t<\/div>\n\t\t<div class=\"elementor-element elementor-element-7ede897 e-con-full e-flex e-con e-parent\" data-id=\"7ede897\" data-element_type=\"container\" data-e-type=\"container\">\n\t\t\t\t<\/div>\n\t\t\t\t\t<\/div>\n\t\t\t\t<\/div>\n\t\t\t\t<section data-custom-animations=\"true\" data-ca-options=\"{&quot;addChildTimelines&quot;:false,&quot;trigger&quot;:&quot;firstChild&quot;,&quot;animationTarget&quot;:&quot;:scope &gt; .elementor-container &gt; .elementor-column&quot;,&quot;ease&quot;:[&quot;power4.out&quot;],&quot;initValues&quot;:{&quot;y&quot;:&quot;45px&quot;,&quot;scaleX&quot;:1.2,&quot;scaleY&quot;:1.2,&quot;opacity&quot;:0,&quot;transformOrigin&quot;:&quot;50% 50% 0px&quot;},&quot;animations&quot;:{&quot;y&quot;:&quot;0px&quot;,&quot;scaleX&quot;:1,&quot;scaleY&quot;:1,&quot;opacity&quot;:1,&quot;transformOrigin&quot;:&quot;50% 50% 0px&quot;}}\" class=\"elementor-section elementor-top-section elementor-element elementor-element-24c19cb elementor-section-boxed elementor-section-height-default elementor-section-height-default\" data-id=\"24c19cb\" data-element_type=\"section\" data-e-type=\"section\" data-settings=\"{&quot;background_background&quot;:&quot;gradient&quot;}\">\n\t\t\t\t\t\t\t<div class=\"elementor-background-overlay\"><\/div>\n\t\t\t\t\t\t\t<div class=\"elementor-container elementor-column-gap-extended\">\n\t\t\t\t\t<div class=\"elementor-column elementor-col-100 elementor-top-column elementor-element elementor-element-71c351e\" data-id=\"71c351e\" data-element_type=\"column\" data-e-type=\"column\">\n\t\t\t<div class=\"elementor-widget-wrap elementor-element-populated\">\n\t\t\t\t\t\t<div class=\"elementor-element elementor-element-5dc7724 elementor-align-left elementor-widget elementor-widget-ld_icon_box\" data-id=\"5dc7724\" data-element_type=\"widget\" data-e-type=\"widget\" data-widget_type=\"ld_icon_box.default\">\n\t\t\t\t<div class=\"elementor-widget-container\">\n\t\t\t\t\t\n\t\t\t<div id=\"ld_icon_box_5dc7724\" class=\"iconbox d-flex flex-grow-1 pos-rel iconbox-side iconbox-heading-arrow-onhover\"   >\n\n\t\t\t\t\n\t\t\t\t<div class=\"iconbox-icon-wrap  \"><div class=\"iconbox-icon-container d-inline-flex   \"><img decoding=\"async\" src=\"\" class=\"lqd-image-icon\" alt=\"Vaatlasers\" \/><\/div><\/div>\n\t\t\t\t\n\t\t\t\t<div class=\"contents \">\n\t\t\t\t\n\t\t\t\t<h3 class=\"lqd-iconbox-heading \" >Vaatlasers <svg class=\"d-inline-block\" xmlns=\"http:\/\/www.w3.org\/2000\/svg\" width=\"12\" height=\"32\" viewBox=\"0 0 12 32\"><path fill=\"currentColor\" d=\"M8.375 16L.437 8.062C-.125 7.5-.125 6.5.438 5.938s1.563-.563 2.126 0l9 9c.562.562.624 1.5.062 2.062l-9.063 9.063c-.312.312-.687.437-1.062.437s-.75-.125-1.063-.438c-.562-.562-.562-1.562 0-2.125z\" fill=\"currentColor\"><\/path><\/svg><\/h3>\t\t\t\t<p>De vaatlaser wordt gebruikt om vaatjes op de huid dicht te maken. Wij werken met de Elvii532.<\/p>\n\t\t\t\t\n\t\t\t\t<\/div>\n\t\t\t\t<a href=\"\/laser-behandelingen\/laserbehandeling-vaten\" class=\"lqd-overlay z-index-2\" target=\"_blank&quot;\" rel=\"nofollow\" aria-label=\"Vaatlasers\"><\/a>\n\t\t\t<\/div>\n\n\t\t\t\t\t\t<\/div>\n\t\t\t\t<\/div>\n\t\t\t\t<div class=\"elementor-element elementor-element-e4c4299 elementor-align-left elementor-widget elementor-widget-ld_icon_box\" data-id=\"e4c4299\" data-element_type=\"widget\" data-e-type=\"widget\" data-widget_type=\"ld_icon_box.default\">\n\t\t\t\t<div class=\"elementor-widget-container\">\n\t\t\t\t\t\n\t\t\t<div id=\"ld_icon_box_e4c4299\" class=\"iconbox d-flex flex-grow-1 pos-rel iconbox-side iconbox-heading-arrow-onhover\"   >\n\n\t\t\t\t\n\t\t\t\t<div class=\"iconbox-icon-wrap  \"><div class=\"iconbox-icon-container d-inline-flex   \"><img decoding=\"async\" src=\"\" class=\"lqd-image-icon\" alt=\"Laserontharing\" \/><\/div><\/div>\n\t\t\t\t\n\t\t\t\t<div class=\"contents \">\n\t\t\t\t\n\t\t\t\t<h3 class=\"lqd-iconbox-heading \" >Laserontharing <svg class=\"d-inline-block\" xmlns=\"http:\/\/www.w3.org\/2000\/svg\" width=\"12\" height=\"32\" viewBox=\"0 0 12 32\"><path fill=\"currentColor\" d=\"M8.375 16L.437 8.062C-.125 7.5-.125 6.5.438 5.938s1.563-.563 2.126 0l9 9c.562.562.624 1.5.062 2.062l-9.063 9.063c-.312.312-.687.437-1.062.437s-.75-.125-1.063-.438c-.562-.562-.562-1.562 0-2.125z\" fill=\"currentColor\"><\/path><\/svg><\/h3>\t\t\t\t<p>Hierbij worden de haarzakjes vernietigd zodat er geen nieuwe haren groeien Dit gebeurd met de Palomar Vectus.<\/p>\n\t\t\t\t\n\t\t\t\t<\/div>\n\t\t\t\t<a href=\"\/laser-behandelingen\/laserontharing\" class=\"lqd-overlay z-index-2\" target=\"_blank&quot;\" rel=\"nofollow\" aria-label=\"Laserontharing\"><\/a>\n\t\t\t<\/div>\n\n\t\t\t\t\t\t<\/div>\n\t\t\t\t<\/div>\n\t\t\t\t\t<\/div>\n\t\t<\/div>\n\t\t\t\t<div class=\"elementor-column elementor-col-100 elementor-top-column elementor-element elementor-element-1148395\" data-id=\"1148395\" data-element_type=\"column\" data-e-type=\"column\">\n\t\t\t<div class=\"elementor-widget-wrap elementor-element-populated\">\n\t\t\t\t\t\t<div class=\"elementor-element elementor-element-948d919 elementor-align-left elementor-widget elementor-widget-ld_icon_box\" data-id=\"948d919\" data-element_type=\"widget\" data-e-type=\"widget\" data-widget_type=\"ld_icon_box.default\">\n\t\t\t\t<div class=\"elementor-widget-container\">\n\t\t\t\t\t\n\t\t\t<div id=\"ld_icon_box_948d919\" class=\"iconbox d-flex flex-grow-1 pos-rel iconbox-side iconbox-heading-arrow-onhover\"   >\n\n\t\t\t\t\n\t\t\t\t<div class=\"iconbox-icon-wrap  \"><div class=\"iconbox-icon-container d-inline-flex   \"><img decoding=\"async\" src=\"\" class=\"lqd-image-icon\" alt=\"Pigment- &amp; tatoeagelasers\" \/><\/div><\/div>\n\t\t\t\t\n\t\t\t\t<div class=\"contents \">\n\t\t\t\t\n\t\t\t\t<h3 class=\"lqd-iconbox-heading \" >Pigment- &amp; tatoeagelasers <svg class=\"d-inline-block\" xmlns=\"http:\/\/www.w3.org\/2000\/svg\" width=\"12\" height=\"32\" viewBox=\"0 0 12 32\"><path fill=\"currentColor\" d=\"M8.375 16L.437 8.062C-.125 7.5-.125 6.5.438 5.938s1.563-.563 2.126 0l9 9c.562.562.624 1.5.062 2.062l-9.063 9.063c-.312.312-.687.437-1.062.437s-.75-.125-1.063-.438c-.562-.562-.562-1.562 0-2.125z\" fill=\"currentColor\"><\/path><\/svg><\/h3>\t\t\t\t<p>Deze laser verpulvert kleurstof of pigment in de huid. De Quanta Q-plus Evo kan zowel pigment als tattoo's aanpakken.<\/p>\n\t\t\t\t\n\t\t\t\t<\/div>\n\t\t\t\t<a href=\"\/laser-behandelingen\/pigment-tattoolaser\" class=\"lqd-overlay z-index-2\" target=\"_blank&quot;\" rel=\"nofollow\" aria-label=\"Pigment- &amp; tatoeagelasers\"><\/a>\n\t\t\t<\/div>\n\n\t\t\t\t\t\t<\/div>\n\t\t\t\t<\/div>\n\t\t\t\t\t<\/div>\n\t\t<\/div>\n\t\t\t\t\t<\/div>\n\t\t<\/section>\n\t\t\t\t<\/div>\n\t\t","protected":false},"excerpt":{"rendered":"<p>Laser behandelingen Wat zijn laser behandelingen? Laserbehandelingen kunnen tegenwoordig voor verschillende indicaties ingezet worden, zoals vaatjes, pigmentvlekken, overbeharing en tattoo verwijderen. Laser staat voor Light Amplification by Stimulated Emission of Radiation oftewel lichtversterking door gestimuleerde uitzending van straling. Laserlicht is wat anders dan zonlicht dit kot doordat deze gebundeld wordt tot \u00e9\u00e9n geconcentreerde straal. Hierdoor [&hellip;]<\/p>\n","protected":false},"author":5,"featured_media":0,"parent":0,"menu_order":0,"comment_status":"closed","ping_status":"closed","template":"","meta":{"footnotes":""},"class_list":["post-11375","page","type-page","status-publish","hentry"],"yoast_head":"<!-- This site is optimized with the Yoast SEO Premium plugin v27.0 (Yoast SEO v27.5) - https:\/\/yoast.com\/product\/yoast-seo-premium-wordpress\/ -->\n<title>Laser behandelingen - Huidenlaserkliniekzeeland<\/title>\n<meta name=\"robots\" content=\"index, follow, max-snippet:-1, max-image-preview:large, max-video-preview:-1\" \/>\n<link rel=\"canonical\" href=\"https:\/\/huidenlaserkliniekzeeland.nl\/es\/laser-behandelingen\/\" \/>\n<meta property=\"og:locale\" content=\"es_ES\" \/>\n<meta property=\"og:type\" content=\"article\" \/>\n<meta property=\"og:title\" content=\"Laser behandelingen\" \/>\n<meta property=\"og:description\" content=\"Laser behandelingen Wat zijn laser behandelingen? Laserbehandelingen kunnen tegenwoordig voor verschillende indicaties ingezet worden, zoals vaatjes, pigmentvlekken, overbeharing en tattoo verwijderen. Laser staat voor Light Amplification by Stimulated Emission of Radiation oftewel lichtversterking door gestimuleerde uitzending van straling. Laserlicht is wat anders dan zonlicht dit kot doordat deze gebundeld wordt tot \u00e9\u00e9n geconcentreerde straal. Hierdoor [&hellip;]\" \/>\n<meta property=\"og:url\" content=\"https:\/\/huidenlaserkliniekzeeland.nl\/es\/laser-behandelingen\/\" \/>\n<meta property=\"og:site_name\" content=\"Huidenlaserkliniekzeeland\" \/>\n<meta property=\"article:modified_time\" content=\"2023-04-13T13:58:57+00:00\" \/>\n<meta name=\"twitter:card\" content=\"summary_large_image\" \/>\n<meta name=\"twitter:label1\" content=\"Tiempo de lectura\" \/>\n\t<meta name=\"twitter:data1\" content=\"1 minuto\" \/>\n<script type=\"application\/ld+json\" class=\"yoast-schema-graph\">{\"@context\":\"https:\\\/\\\/schema.org\",\"@graph\":[{\"@type\":\"WebPage\",\"@id\":\"https:\\\/\\\/huidenlaserkliniekzeeland.nl\\\/laser-behandelingen\\\/\",\"url\":\"https:\\\/\\\/huidenlaserkliniekzeeland.nl\\\/laser-behandelingen\\\/\",\"name\":\"Laser behandelingen - Huidenlaserkliniekzeeland\",\"isPartOf\":{\"@id\":\"https:\\\/\\\/huidenlaserkliniekzeeland.nl\\\/#website\"},\"datePublished\":\"2023-04-13T07:47:11+00:00\",\"dateModified\":\"2023-04-13T13:58:57+00:00\",\"breadcrumb\":{\"@id\":\"https:\\\/\\\/huidenlaserkliniekzeeland.nl\\\/laser-behandelingen\\\/#breadcrumb\"},\"inLanguage\":\"es\",\"potentialAction\":[{\"@type\":\"ReadAction\",\"target\":[\"https:\\\/\\\/huidenlaserkliniekzeeland.nl\\\/laser-behandelingen\\\/\"]}]},{\"@type\":\"BreadcrumbList\",\"@id\":\"https:\\\/\\\/huidenlaserkliniekzeeland.nl\\\/laser-behandelingen\\\/#breadcrumb\",\"itemListElement\":[{\"@type\":\"ListItem\",\"position\":1,\"name\":\"Home\",\"item\":\"https:\\\/\\\/huidenlaserkliniekzeeland.nl\\\/\"},{\"@type\":\"ListItem\",\"position\":2,\"name\":\"Laser behandelingen\"}]},{\"@type\":\"WebSite\",\"@id\":\"https:\\\/\\\/huidenlaserkliniekzeeland.nl\\\/#website\",\"url\":\"https:\\\/\\\/huidenlaserkliniekzeeland.nl\\\/\",\"name\":\"Huidenlaserkliniekzeeland\",\"description\":\"Cosmetische chirurgie en huidtherapie in Zeeland\",\"publisher\":{\"@id\":\"https:\\\/\\\/huidenlaserkliniekzeeland.nl\\\/#organization\"},\"potentialAction\":[{\"@type\":\"SearchAction\",\"target\":{\"@type\":\"EntryPoint\",\"urlTemplate\":\"https:\\\/\\\/huidenlaserkliniekzeeland.nl\\\/?s={search_term_string}\"},\"query-input\":{\"@type\":\"PropertyValueSpecification\",\"valueRequired\":true,\"valueName\":\"search_term_string\"}}],\"inLanguage\":\"es\"},{\"@type\":\"Organization\",\"@id\":\"https:\\\/\\\/huidenlaserkliniekzeeland.nl\\\/#organization\",\"name\":\"Contrainer\",\"url\":\"https:\\\/\\\/huidenlaserkliniekzeeland.nl\\\/\",\"logo\":{\"@type\":\"ImageObject\",\"inLanguage\":\"es\",\"@id\":\"https:\\\/\\\/huidenlaserkliniekzeeland.nl\\\/#\\\/schema\\\/logo\\\/image\\\/\",\"url\":\"https:\\\/\\\/huidenlaserkliniekzeeland.nl\\\/wp-content\\\/uploads\\\/2023\\\/02\\\/Contrainer-logo-volledig.png\",\"contentUrl\":\"https:\\\/\\\/huidenlaserkliniekzeeland.nl\\\/wp-content\\\/uploads\\\/2023\\\/02\\\/Contrainer-logo-volledig.png\",\"width\":1579,\"height\":493,\"caption\":\"Contrainer\"},\"image\":{\"@id\":\"https:\\\/\\\/huidenlaserkliniekzeeland.nl\\\/#\\\/schema\\\/logo\\\/image\\\/\"}}]}<\/script>\n<!-- \/ Yoast SEO Premium plugin. -->","yoast_head_json":{"title":"Tratamientos con l\u00e1ser - Huidenlaserkliniekzeeland","robots":{"index":"index","follow":"follow","max-snippet":"max-snippet:-1","max-image-preview":"max-image-preview:large","max-video-preview":"max-video-preview:-1"},"canonical":"https:\/\/huidenlaserkliniekzeeland.nl\/es\/laser-behandelingen\/","og_locale":"es_ES","og_type":"article","og_title":"Laser behandelingen","og_description":"Laser behandelingen Wat zijn laser behandelingen? Laserbehandelingen kunnen tegenwoordig voor verschillende indicaties ingezet worden, zoals vaatjes, pigmentvlekken, overbeharing en tattoo verwijderen. Laser staat voor Light Amplification by Stimulated Emission of Radiation oftewel lichtversterking door gestimuleerde uitzending van straling. Laserlicht is wat anders dan zonlicht dit kot doordat deze gebundeld wordt tot \u00e9\u00e9n geconcentreerde straal. Hierdoor [&hellip;]","og_url":"https:\/\/huidenlaserkliniekzeeland.nl\/es\/laser-behandelingen\/","og_site_name":"Huidenlaserkliniekzeeland","article_modified_time":"2023-04-13T13:58:57+00:00","twitter_card":"summary_large_image","twitter_misc":{"Tiempo de lectura":"1 minuto"},"schema":{"@context":"https:\/\/schema.org","@graph":[{"@type":"WebPage","@id":"https:\/\/huidenlaserkliniekzeeland.nl\/laser-behandelingen\/","url":"https:\/\/huidenlaserkliniekzeeland.nl\/laser-behandelingen\/","name":"Tratamientos con l\u00e1ser - Huidenlaserkliniekzeeland","isPartOf":{"@id":"https:\/\/huidenlaserkliniekzeeland.nl\/#website"},"datePublished":"2023-04-13T07:47:11+00:00","dateModified":"2023-04-13T13:58:57+00:00","breadcrumb":{"@id":"https:\/\/huidenlaserkliniekzeeland.nl\/laser-behandelingen\/#breadcrumb"},"inLanguage":"es","potentialAction":[{"@type":"ReadAction","target":["https:\/\/huidenlaserkliniekzeeland.nl\/laser-behandelingen\/"]}]},{"@type":"BreadcrumbList","@id":"https:\/\/huidenlaserkliniekzeeland.nl\/laser-behandelingen\/#breadcrumb","itemListElement":[{"@type":"ListItem","position":1,"name":"Home","item":"https:\/\/huidenlaserkliniekzeeland.nl\/"},{"@type":"ListItem","position":2,"name":"Laser behandelingen"}]},{"@type":"WebSite","@id":"https:\/\/huidenlaserkliniekzeeland.nl\/#website","url":"https:\/\/huidenlaserkliniekzeeland.nl\/","name":"Cl\u00ednica de l\u00e1ser cut\u00e1neo en Zelanda","description":"Cirug\u00eda est\u00e9tica y terapia de la piel en Zelanda","publisher":{"@id":"https:\/\/huidenlaserkliniekzeeland.nl\/#organization"},"potentialAction":[{"@type":"SearchAction","target":{"@type":"EntryPoint","urlTemplate":"https:\/\/huidenlaserkliniekzeeland.nl\/?s={search_term_string}"},"query-input":{"@type":"PropertyValueSpecification","valueRequired":true,"valueName":"search_term_string"}}],"inLanguage":"es"},{"@type":"Organization","@id":"https:\/\/huidenlaserkliniekzeeland.nl\/#organization","name":"Contractor","url":"https:\/\/huidenlaserkliniekzeeland.nl\/","logo":{"@type":"ImageObject","inLanguage":"es","@id":"https:\/\/huidenlaserkliniekzeeland.nl\/#\/schema\/logo\/image\/","url":"https:\/\/huidenlaserkliniekzeeland.nl\/wp-content\/uploads\/2023\/02\/Contrainer-logo-volledig.png","contentUrl":"https:\/\/huidenlaserkliniekzeeland.nl\/wp-content\/uploads\/2023\/02\/Contrainer-logo-volledig.png","width":1579,"height":493,"caption":"Contrainer"},"image":{"@id":"https:\/\/huidenlaserkliniekzeeland.nl\/#\/schema\/logo\/image\/"}}]}},"_links":{"self":[{"href":"https:\/\/huidenlaserkliniekzeeland.nl\/es\/wp-json\/wp\/v2\/pages\/11375","targetHints":{"allow":["GET"]}}],"collection":[{"href":"https:\/\/huidenlaserkliniekzeeland.nl\/es\/wp-json\/wp\/v2\/pages"}],"about":[{"href":"https:\/\/huidenlaserkliniekzeeland.nl\/es\/wp-json\/wp\/v2\/types\/page"}],"author":[{"embeddable":true,"href":"https:\/\/huidenlaserkliniekzeeland.nl\/es\/wp-json\/wp\/v2\/users\/5"}],"replies":[{"embeddable":true,"href":"https:\/\/huidenlaserkliniekzeeland.nl\/es\/wp-json\/wp\/v2\/comments?post=11375"}],"version-history":[{"count":0,"href":"https:\/\/huidenlaserkliniekzeeland.nl\/es\/wp-json\/wp\/v2\/pages\/11375\/revisions"}],"wp:attachment":[{"href":"https:\/\/huidenlaserkliniekzeeland.nl\/es\/wp-json\/wp\/v2\/media?parent=11375"}],"curies":[{"name":"wp","href":"https:\/\/api.w.org\/{rel}","templated":true}]}}