{"id":11139,"date":"2023-04-12T14:26:01","date_gmt":"2023-04-12T12:26:01","guid":{"rendered":"https:\/\/huidenlaserkliniekzeeland.nl\/?page_id=11139"},"modified":"2023-06-23T09:07:11","modified_gmt":"2023-06-23T07:07:11","slug":"camouflagetherapie","status":"publish","type":"page","link":"https:\/\/huidenlaserkliniekzeeland.nl\/es\/camouflagetherapie\/","title":{"rendered":"Terapia de camuflaje"},"content":{"rendered":"<div data-elementor-type=\"wp-page\" data-elementor-id=\"11139\" class=\"elementor elementor-11139\" data-elementor-post-type=\"page\">\n\t\t\t\t<div class=\"elementor-element elementor-element-4dfcdc1 e-flex e-con-boxed e-con e-parent\" data-id=\"4dfcdc1\" data-element_type=\"container\" data-e-type=\"container\">\n\t\t\t\t\t<div class=\"e-con-inner\">\n\t\t<div class=\"elementor-element elementor-element-56d819c e-con-full e-flex e-con e-parent\" data-id=\"56d819c\" data-element_type=\"container\" data-e-type=\"container\">\n\t\t\t\t<div class=\"elementor-element elementor-element-8ecb44b elementor-widget elementor-widget-spacer\" data-id=\"8ecb44b\" data-element_type=\"widget\" data-e-type=\"widget\" data-widget_type=\"spacer.default\">\n\t\t\t\t<div class=\"elementor-widget-container\">\n\t\t\t\t\t\t\t<div class=\"elementor-spacer\">\n\t\t\t<div class=\"elementor-spacer-inner\"><\/div>\n\t\t<\/div>\n\t\t\t\t\t\t<\/div>\n\t\t\t\t<\/div>\n\t\t\t\t<div class=\"elementor-element elementor-element-c7616a3 elementor-widget elementor-widget-hub_fancy_heading\" data-id=\"c7616a3\" data-element_type=\"widget\" data-e-type=\"widget\" data-widget_type=\"hub_fancy_heading.default\">\n\t\t\t\t<div class=\"elementor-widget-container\">\n\t\t\t\t\t\n\t\t<div id=\"ld-fancy-heading-69df7a61e95d1\" class=\"ld-fancy-heading pos-rel\">\n\t\t\t<h1 class=\"ld-fh-element d-inline-block pos-rel  elementor-heading-title lqd-highlight-classic lqd-highlight-grow-left h1\"  > Terapia de camuflaje<\/h1>\t\t<\/div>\n\n\t\t\t\t\t\t<\/div>\n\t\t\t\t<\/div>\n\t\t\t\t<div class=\"elementor-element elementor-element-5df9de2 elementor-widget elementor-widget-hub_fancy_heading\" data-id=\"5df9de2\" data-element_type=\"widget\" data-e-type=\"widget\" data-widget_type=\"hub_fancy_heading.default\">\n\t\t\t\t<div class=\"elementor-widget-container\">\n\t\t\t\t\t\n\t\t<div id=\"ld-fancy-heading-69df7a61e9aa4\" class=\"ld-fancy-heading pos-rel\">\n\t\t\t<h2 class=\"ld-fh-element d-inline-block pos-rel  elementor-heading-title lqd-highlight-classic lqd-highlight-grow-left h2\"  > \u00bfQu\u00e9 es la terapia de camuflaje?<\/h2>\t\t<\/div>\n\n\t\t\t\t\t\t<\/div>\n\t\t\t\t<\/div>\n\t\t\t\t<div class=\"elementor-element elementor-element-e1a8def elementor-widget elementor-widget-hub_fancy_heading\" data-id=\"e1a8def\" data-element_type=\"widget\" data-e-type=\"widget\" data-widget_type=\"hub_fancy_heading.default\">\n\t\t\t\t<div class=\"elementor-widget-container\">\n\t\t\t\t\t\n\t\t<div id=\"ld-fancy-heading-69df7a61e9eb9\" class=\"ld-fancy-heading pos-rel\">\n\t\t\t<p class=\"ld-fh-element d-inline-block pos-rel  lqd-highlight-classic lqd-highlight-grow-left p\"  > En la terapia de camuflaje, trabajamos con usted para encontrar un color de camuflaje que se ajuste lo m\u00e1s posible a su tono de piel natural. En la cl\u00ednica, trabajamos con MicroskinTM, que es una aplicaci\u00f3n l\u00edquida y ligera que se aplica sobre la epidermis (capa superior de la piel). MicroskinTM no es una crema y no tiene el aspecto de otros productos de camuflaje. Una vez aplicado, Microskin es duradero, flexible y no mancha la ropa ni la lencer\u00eda. Es impermeable, permite que la piel respire y contiene FPS50.<\/p>\t\t<\/div>\n\n\t\t\t\t\t\t<\/div>\n\t\t\t\t<\/div>\n\t\t\t\t<div class=\"elementor-element elementor-element-3989aee elementor-widget elementor-widget-spacer\" data-id=\"3989aee\" data-element_type=\"widget\" data-e-type=\"widget\" data-widget_type=\"spacer.default\">\n\t\t\t\t<div class=\"elementor-widget-container\">\n\t\t\t\t\t\t\t<div class=\"elementor-spacer\">\n\t\t\t<div class=\"elementor-spacer-inner\"><\/div>\n\t\t<\/div>\n\t\t\t\t\t\t<\/div>\n\t\t\t\t<\/div>\n\t\t\t\t<div class=\"elementor-element elementor-element-a5d50e9 elementor-widget elementor-widget-hub_fancy_heading\" data-id=\"a5d50e9\" data-element_type=\"widget\" data-e-type=\"widget\" data-widget_type=\"hub_fancy_heading.default\">\n\t\t\t\t<div class=\"elementor-widget-container\">\n\t\t\t\t\t\n\t\t<div id=\"ld-fancy-heading-69df7a61ea2cd\" class=\"ld-fancy-heading pos-rel\">\n\t\t\t<h3 class=\"ld-fh-element d-inline-block pos-rel  elementor-heading-title lqd-highlight-classic lqd-highlight-grow-left h3\"  > \u00bfQu\u00e9 indicaciones podemos tratar?<\/h3>\t\t<\/div>\n\n\t\t\t\t\t\t<\/div>\n\t\t\t\t<\/div>\n\t\t\t\t<div class=\"elementor-element elementor-element-79fab1a elementor-widget elementor-widget-hub_fancy_heading\" data-id=\"79fab1a\" data-element_type=\"widget\" data-e-type=\"widget\" data-widget_type=\"hub_fancy_heading.default\">\n\t\t\t\t<div class=\"elementor-widget-container\">\n\t\t\t\t\t\n\t\t<div id=\"ld-fancy-heading-69df7a61ea6d5\" class=\"ld-fancy-heading pos-rel\">\n\t\t\t<p class=\"ld-fh-element d-inline-block pos-rel  lqd-highlight-classic lqd-highlight-grow-left p\"  > MicroskinTM es adecuado para todo el mundo, para todo tipo de pieles y para quemaduras. La terapia de camuflaje puede aplicarse a:<br>\n- Hiper e hipopigmentaci\u00f3n (exceso o falta de pigmento)\n<br>- Vit\u00edligo (p\u00e9rdida de pigmentaci\u00f3n de la piel y el cabello)\n<br>- Ros\u00e1cea, ros\u00e1cea o manchas de vino \n<br>- Cicatrices\n<br>- Ojeras\n<br>- Quemaduras\n<br>- Despu\u00e9s de intervenciones quir\u00fargicas\n<br>- Tatuajes \"cubrientes<\/p>\t\t<\/div>\n\n\t\t\t\t\t\t<\/div>\n\t\t\t\t<\/div>\n\t\t\t\t<\/div>\n\t\t<div class=\"elementor-element elementor-element-0837c56 e-con-full e-flex e-con e-parent\" data-id=\"0837c56\" data-element_type=\"container\" data-e-type=\"container\">\n\t\t\t\t<div class=\"elementor-element elementor-element-d08f7a6 elementor-widget elementor-widget-ld_fancy_image\" data-id=\"d08f7a6\" data-element_type=\"widget\" data-e-type=\"widget\" data-widget_type=\"ld_fancy_image.default\">\n\t\t\t\t<div class=\"elementor-widget-container\">\n\t\t\t\t\t\n\t\t<div class=\"lqd-imggrp-single d-block pos-rel\">\n\t\t\t<div class=\"lqd-imggrp-img-container d-inline-flex pos-rel align-items-center justify-content-center\">\n\t\t\t\t\t\t\t\t<figure class=\"w-100 pos-rel\">\n\t\t\t\t\t<img fetchpriority=\"high\" decoding=\"async\" width=\"724\" height=\"1024\" src=\"https:\/\/huidenlaserkliniekzeeland.nl\/wp-content\/uploads\/2023\/04\/camouflagetherapie-huidenlaserkliniekzeeland.jpg\" class=\"attachment-full size-full wp-image-11141\" alt=\"terapia de camuflaje-cl\u00ednica de l\u00e1ser cut\u00e1neozeeland\" srcset=\"https:\/\/huidenlaserkliniekzeeland.nl\/wp-content\/uploads\/2023\/04\/camouflagetherapie-huidenlaserkliniekzeeland.jpg 724w, https:\/\/huidenlaserkliniekzeeland.nl\/wp-content\/uploads\/2023\/04\/camouflagetherapie-huidenlaserkliniekzeeland-212x300.jpg 212w, https:\/\/huidenlaserkliniekzeeland.nl\/wp-content\/uploads\/2023\/04\/camouflagetherapie-huidenlaserkliniekzeeland-8x12.jpg 8w\" sizes=\"(max-width: 724px) 100vw, 724px\" itemprop=\"image\" \/>\t\t\t\t\t\t\t\t\t\t\t\t\t\t\t\t\t\t\t\t\t\t\t\t\t\t\t\t\t<\/figure>\n\t\t\t<\/div>\n\t\t<\/div>\n\n\t\t\t\t\t<\/div>\n\t\t\t\t<\/div>\n\t\t\t\t<\/div>\n\t\t\t\t\t<\/div>\n\t\t\t\t<\/div>\n\t\t<div class=\"elementor-element elementor-element-16cecfa e-flex e-con-boxed e-con e-parent\" data-id=\"16cecfa\" data-element_type=\"container\" data-e-type=\"container\">\n\t\t\t\t\t<div class=\"e-con-inner\">\n\t\t<div class=\"elementor-element elementor-element-b0dd352 e-con-full e-flex e-con e-parent\" data-id=\"b0dd352\" data-element_type=\"container\" data-e-type=\"container\">\n\t\t\t\t<div class=\"elementor-element elementor-element-bab7c23 elementor-widget elementor-widget-spacer\" data-id=\"bab7c23\" data-element_type=\"widget\" data-e-type=\"widget\" data-widget_type=\"spacer.default\">\n\t\t\t\t<div class=\"elementor-widget-container\">\n\t\t\t\t\t\t\t<div class=\"elementor-spacer\">\n\t\t\t<div class=\"elementor-spacer-inner\"><\/div>\n\t\t<\/div>\n\t\t\t\t\t\t<\/div>\n\t\t\t\t<\/div>\n\t\t\t\t<div class=\"elementor-element elementor-element-45d32a9 elementor-widget elementor-widget-hub_fancy_heading\" data-id=\"45d32a9\" data-element_type=\"widget\" data-e-type=\"widget\" data-widget_type=\"hub_fancy_heading.default\">\n\t\t\t\t<div class=\"elementor-widget-container\">\n\t\t\t\t\t\n\t\t<div id=\"ld-fancy-heading-69df7a61eb75d\" class=\"ld-fancy-heading pos-rel\">\n\t\t\t<h3 class=\"ld-fh-element d-inline-block pos-rel  elementor-heading-title lqd-highlight-classic lqd-highlight-grow-left h3\"  > Tratamiento<\/h3>\t\t<\/div>\n\n\t\t\t\t\t\t<\/div>\n\t\t\t\t<\/div>\n\t\t\t\t<div class=\"elementor-element elementor-element-f3fb801 elementor-widget elementor-widget-hub_fancy_heading\" data-id=\"f3fb801\" data-element_type=\"widget\" data-e-type=\"widget\" data-widget_type=\"hub_fancy_heading.default\">\n\t\t\t\t<div class=\"elementor-widget-container\">\n\t\t\t\t\t\n\t\t<div id=\"ld-fancy-heading-69df7a61ebbeb\" class=\"ld-fancy-heading pos-rel\">\n\t\t\t<p class=\"ld-fh-element d-inline-block pos-rel  lqd-highlight-classic lqd-highlight-grow-left p\"  > <font style=\"vertical-align: inherit\"><font style=\"vertical-align: inherit\">El dermat\u00f3logo escucha sus necesidades personales y estudia con usted la t\u00e9cnica aplicable. <\/font><font style=\"vertical-align: inherit\">El color lo determina la aplicaci\u00f3n especial MicroskinTM Color Match App.\n<\/font><\/font><br><br><font style=\"vertical-align: inherit\"><font style=\"vertical-align: inherit\">\nExisten dos t\u00e9cnicas para aplicar MicroskinTM:\n <\/font><\/font><br><br><font style=\"vertical-align: inherit\"><font style=\"vertical-align: inherit\">\n- La t\u00e9cnica de punteado\/estampado est\u00e1 pensada para zonas m\u00e1s peque\u00f1as que la palma de la mano. <\/font><font style=\"vertical-align: inherit\">Se utiliza una esponja especialmente dise\u00f1ada con puntos. <\/font><font style=\"vertical-align: inherit\">La textura porosa de la esponja permite la aplicaci\u00f3n en capas, lo que confiere a MicroskinTM una textura similar a la de la piel.<\/font><\/font><br><font style=\"vertical-align: inherit\"><font style=\"vertical-align: inherit\">\n- La t\u00e9cnica del aer\u00f3grafo, se utiliza para superficies m\u00e1s grandes. <\/font><font style=\"vertical-align: inherit\">El aer\u00f3grafo permite al usuario conseguir una aplicaci\u00f3n fina y uniforme que se seca r\u00e1pidamente. <\/font><\/font><br><br><font style=\"vertical-align: inherit\"><font style=\"vertical-align: inherit\">\nTe ense\u00f1amos a aplicar t\u00fa mismo el camuflaje MicroskinTM durante un tratamiento, para que puedas hacerlo t\u00fa mismo en casa <\/font><\/font><font style=\"vertical-align: inherit\"><font style=\"vertical-align: inherit\">.<\/font><\/font><\/p>\t\t<\/div>\n\n\t\t\t\t\t\t<\/div>\n\t\t\t\t<\/div>\n\t\t\t\t<\/div>\n\t\t<div class=\"elementor-element elementor-element-79bde59 e-con-full e-flex e-con e-parent\" data-id=\"79bde59\" data-element_type=\"container\" data-e-type=\"container\">\n\t\t\t\t<div class=\"elementor-element elementor-element-29cb2a0 elementor-widget elementor-widget-ld_fancy_image\" data-id=\"29cb2a0\" data-element_type=\"widget\" data-e-type=\"widget\" data-widget_type=\"ld_fancy_image.default\">\n\t\t\t\t<div class=\"elementor-widget-container\">\n\t\t\t\t\t\n\t\t<div class=\"lqd-imggrp-single d-block pos-rel perspective\" data-hover3d=\"true\">\n\t\t\t<div class=\"lqd-imggrp-img-container d-inline-flex pos-rel align-items-center justify-content-center transform-style-3d\">\n\t\t\t\t\t\t\t\t<figure class=\"w-100 pos-rel\" data-stacking-factor=\"1\">\n\t\t\t\t\t<img decoding=\"async\" width=\"500\" height=\"667\" src=\"data:image\/svg+xml;charset=utf-8,%3Csvg xmlns%3D&#039;http%3A%2F%2Fwww.w3.org%2F2000%2Fsvg&#039; viewBox%3D&#039;0 0 500 667&#039;%2F%3E\" class=\"attachment-full size-full wp-image-11142 ld-lazyload\" alt=\"\" itemprop=\"image\" data-src=\"https:\/\/huidenlaserkliniekzeeland.nl\/wp-content\/uploads\/2023\/04\/microskin-huidenlaserkliniekzeeland.jpg\" data-srcset=\"https:\/\/huidenlaserkliniekzeeland.nl\/wp-content\/uploads\/2023\/04\/microskin-huidenlaserkliniekzeeland.jpg 500w, https:\/\/huidenlaserkliniekzeeland.nl\/wp-content\/uploads\/2023\/04\/microskin-huidenlaserkliniekzeeland-225x300.jpg 225w, https:\/\/huidenlaserkliniekzeeland.nl\/wp-content\/uploads\/2023\/04\/microskin-huidenlaserkliniekzeeland-9x12.jpg 9w\" data-sizes=\"(max-width: 500px) 100vw, 500px\" data-aspect=\"0.7496251874063\" \/>\t\t\t\t\t\t\t\t\t\t\t\t\t\t\t\t\t\t\t\t\t\t\t\t\t\t\t\t\t<\/figure>\n\t\t\t<\/div>\n\t\t<\/div>\n\n\t\t\t\t\t<\/div>\n\t\t\t\t<\/div>\n\t\t\t\t<\/div>\n\t\t\t\t\t<\/div>\n\t\t\t\t<\/div>\n\t\t<div class=\"elementor-element elementor-element-c40581f e-flex e-con-boxed e-con e-parent\" data-id=\"c40581f\" data-element_type=\"container\" data-e-type=\"container\">\n\t\t\t\t\t<div class=\"e-con-inner\">\n\t\t<div class=\"elementor-element elementor-element-1b96d0e e-con-full e-flex e-con e-parent\" data-id=\"1b96d0e\" data-element_type=\"container\" data-e-type=\"container\">\n\t\t\t\t<div class=\"elementor-element elementor-element-eafb8a6 elementor-widget elementor-widget-spacer\" data-id=\"eafb8a6\" data-element_type=\"widget\" data-e-type=\"widget\" data-widget_type=\"spacer.default\">\n\t\t\t\t<div class=\"elementor-widget-container\">\n\t\t\t\t\t\t\t<div class=\"elementor-spacer\">\n\t\t\t<div class=\"elementor-spacer-inner\"><\/div>\n\t\t<\/div>\n\t\t\t\t\t\t<\/div>\n\t\t\t\t<\/div>\n\t\t\t\t<\/div>\n\t\t<div class=\"elementor-element elementor-element-8f9afdb e-con-full e-flex e-con e-parent\" data-id=\"8f9afdb\" data-element_type=\"container\" data-e-type=\"container\">\n\t\t\t\t<\/div>\n\t\t\t\t\t<\/div>\n\t\t\t\t<\/div>\n\t\t<div class=\"elementor-element elementor-element-a49ce8d e-flex e-con-boxed e-con e-parent\" data-id=\"a49ce8d\" data-element_type=\"container\" data-e-type=\"container\">\n\t\t\t\t\t<div class=\"e-con-inner\">\n\t\t\t\t<div class=\"elementor-element elementor-element-1e47a85 elementor-widget elementor-widget-video\" data-id=\"1e47a85\" data-element_type=\"widget\" data-e-type=\"widget\" data-settings=\"{&quot;youtube_url&quot;:&quot;https:\\\/\\\/youtu.be\\\/fthYsAg36yo&quot;,&quot;video_type&quot;:&quot;youtube&quot;,&quot;controls&quot;:&quot;yes&quot;}\" data-widget_type=\"video.default\">\n\t\t\t\t<div class=\"elementor-widget-container\">\n\t\t\t\t\t\t\t<div class=\"elementor-wrapper elementor-open-inline\">\n\t\t\t<div class=\"elementor-video\"><\/div>\t\t<\/div>\n\t\t\t\t\t\t<\/div>\n\t\t\t\t<\/div>\n\t\t\t\t\t<\/div>\n\t\t\t\t<\/div>\n\t\t\t\t<\/div>","protected":false},"excerpt":{"rendered":"<p>Camouflagetherapie Wat is camouflagetherapie? Bij camouflagetherapie gaan we samen met u op zoek naar een camouflagekleur die zo dicht mogelijk met uw natuurlijke huidteint overeenkomt. Binnen de kliniek werken wij met MicroskinTM, dit is een lichte, vloeibare toepassing die op de epidermis wordt aangebracht (bovenste laag van de huid). MicroskinTM is geen cr\u00e8me en heeft [&hellip;]<\/p>\n","protected":false},"author":5,"featured_media":0,"parent":0,"menu_order":0,"comment_status":"closed","ping_status":"closed","template":"","meta":{"footnotes":""},"class_list":["post-11139","page","type-page","status-publish","hentry"],"yoast_head":"<!-- This site is optimized with the Yoast SEO Premium plugin v27.0 (Yoast SEO v27.2) - https:\/\/yoast.com\/product\/yoast-seo-premium-wordpress\/ -->\n<title>Camouflagetherapie - Huidenlaserkliniekzeeland<\/title>\n<meta name=\"description\" content=\"Opzoek naar een Camouflagetherapie behandeling? Kom langs bij Huidenlaserkliniekzeeland. Wij zijn gespecialiseerd in het behandelen hiervan!\" \/>\n<meta name=\"robots\" content=\"index, follow, max-snippet:-1, max-image-preview:large, max-video-preview:-1\" \/>\n<link rel=\"canonical\" href=\"https:\/\/huidenlaserkliniekzeeland.nl\/es\/camouflagetherapie\/\" \/>\n<meta property=\"og:locale\" content=\"es_ES\" \/>\n<meta property=\"og:type\" content=\"article\" \/>\n<meta property=\"og:title\" content=\"Camouflagetherapie\" \/>\n<meta property=\"og:description\" content=\"Opzoek naar een Camouflagetherapie behandeling? Kom langs bij Huidenlaserkliniekzeeland. Wij zijn gespecialiseerd in het behandelen hiervan!\" \/>\n<meta property=\"og:url\" content=\"https:\/\/huidenlaserkliniekzeeland.nl\/es\/camouflagetherapie\/\" \/>\n<meta property=\"og:site_name\" content=\"Huidenlaserkliniekzeeland\" \/>\n<meta property=\"article:modified_time\" content=\"2023-06-23T07:07:11+00:00\" \/>\n<meta property=\"og:image\" content=\"https:\/\/huidenlaserkliniekzeeland.nl\/wp-content\/uploads\/2023\/04\/camouflagetherapie-huidenlaserkliniekzeeland.jpg\" \/>\n<meta name=\"twitter:card\" content=\"summary_large_image\" \/>\n<meta name=\"twitter:label1\" content=\"Tiempo de lectura\" \/>\n\t<meta name=\"twitter:data1\" content=\"2 minutos\" \/>\n<script type=\"application\/ld+json\" class=\"yoast-schema-graph\">{\"@context\":\"https:\/\/schema.org\",\"@graph\":[{\"@type\":\"WebPage\",\"@id\":\"https:\/\/huidenlaserkliniekzeeland.nl\/camouflagetherapie\/\",\"url\":\"https:\/\/huidenlaserkliniekzeeland.nl\/camouflagetherapie\/\",\"name\":\"Camouflagetherapie - Huidenlaserkliniekzeeland\",\"isPartOf\":{\"@id\":\"https:\/\/huidenlaserkliniekzeeland.nl\/#website\"},\"primaryImageOfPage\":{\"@id\":\"https:\/\/huidenlaserkliniekzeeland.nl\/camouflagetherapie\/#primaryimage\"},\"image\":{\"@id\":\"https:\/\/huidenlaserkliniekzeeland.nl\/camouflagetherapie\/#primaryimage\"},\"thumbnailUrl\":\"https:\/\/huidenlaserkliniekzeeland.nl\/wp-content\/uploads\/2023\/04\/camouflagetherapie-huidenlaserkliniekzeeland.jpg\",\"datePublished\":\"2023-04-12T12:26:01+00:00\",\"dateModified\":\"2023-06-23T07:07:11+00:00\",\"description\":\"Opzoek naar een Camouflagetherapie behandeling? Kom langs bij Huidenlaserkliniekzeeland. Wij zijn gespecialiseerd in het behandelen hiervan!\",\"breadcrumb\":{\"@id\":\"https:\/\/huidenlaserkliniekzeeland.nl\/camouflagetherapie\/#breadcrumb\"},\"inLanguage\":\"es\",\"potentialAction\":[{\"@type\":\"ReadAction\",\"target\":[\"https:\/\/huidenlaserkliniekzeeland.nl\/camouflagetherapie\/\"]}]},{\"@type\":\"ImageObject\",\"inLanguage\":\"es\",\"@id\":\"https:\/\/huidenlaserkliniekzeeland.nl\/camouflagetherapie\/#primaryimage\",\"url\":\"https:\/\/huidenlaserkliniekzeeland.nl\/wp-content\/uploads\/2023\/04\/camouflagetherapie-huidenlaserkliniekzeeland.jpg\",\"contentUrl\":\"https:\/\/huidenlaserkliniekzeeland.nl\/wp-content\/uploads\/2023\/04\/camouflagetherapie-huidenlaserkliniekzeeland.jpg\"},{\"@type\":\"BreadcrumbList\",\"@id\":\"https:\/\/huidenlaserkliniekzeeland.nl\/camouflagetherapie\/#breadcrumb\",\"itemListElement\":[{\"@type\":\"ListItem\",\"position\":1,\"name\":\"Home\",\"item\":\"https:\/\/huidenlaserkliniekzeeland.nl\/\"},{\"@type\":\"ListItem\",\"position\":2,\"name\":\"Camouflagetherapie\"}]},{\"@type\":\"WebSite\",\"@id\":\"https:\/\/huidenlaserkliniekzeeland.nl\/#website\",\"url\":\"https:\/\/huidenlaserkliniekzeeland.nl\/\",\"name\":\"Huidenlaserkliniekzeeland\",\"description\":\"Cosmetische chirurgie en huidtherapie in Zeeland\",\"publisher\":{\"@id\":\"https:\/\/huidenlaserkliniekzeeland.nl\/#organization\"},\"potentialAction\":[{\"@type\":\"SearchAction\",\"target\":{\"@type\":\"EntryPoint\",\"urlTemplate\":\"https:\/\/huidenlaserkliniekzeeland.nl\/?s={search_term_string}\"},\"query-input\":{\"@type\":\"PropertyValueSpecification\",\"valueRequired\":true,\"valueName\":\"search_term_string\"}}],\"inLanguage\":\"es\"},{\"@type\":\"Organization\",\"@id\":\"https:\/\/huidenlaserkliniekzeeland.nl\/#organization\",\"name\":\"Contrainer\",\"url\":\"https:\/\/huidenlaserkliniekzeeland.nl\/\",\"logo\":{\"@type\":\"ImageObject\",\"inLanguage\":\"es\",\"@id\":\"https:\/\/huidenlaserkliniekzeeland.nl\/#\/schema\/logo\/image\/\",\"url\":\"https:\/\/huidenlaserkliniekzeeland.nl\/wp-content\/uploads\/2023\/02\/Contrainer-logo-volledig.png\",\"contentUrl\":\"https:\/\/huidenlaserkliniekzeeland.nl\/wp-content\/uploads\/2023\/02\/Contrainer-logo-volledig.png\",\"width\":1579,\"height\":493,\"caption\":\"Contrainer\"},\"image\":{\"@id\":\"https:\/\/huidenlaserkliniekzeeland.nl\/#\/schema\/logo\/image\/\"}}]}<\/script>\n<!-- \/ Yoast SEO Premium plugin. -->","yoast_head_json":{"title":"Terapia de camuflaje - Skin Laser Clinic Zealand","description":"\u00bfBusca un tratamiento de terapia de camuflaje? P\u00e1sese por Huidenlaserkliniekzeeland. Somos especialistas en este tratamiento.","robots":{"index":"index","follow":"follow","max-snippet":"max-snippet:-1","max-image-preview":"max-image-preview:large","max-video-preview":"max-video-preview:-1"},"canonical":"https:\/\/huidenlaserkliniekzeeland.nl\/es\/camouflagetherapie\/","og_locale":"es_ES","og_type":"article","og_title":"Camouflagetherapie","og_description":"Opzoek naar een Camouflagetherapie behandeling? Kom langs bij Huidenlaserkliniekzeeland. Wij zijn gespecialiseerd in het behandelen hiervan!","og_url":"https:\/\/huidenlaserkliniekzeeland.nl\/es\/camouflagetherapie\/","og_site_name":"Huidenlaserkliniekzeeland","article_modified_time":"2023-06-23T07:07:11+00:00","og_image":[{"url":"https:\/\/huidenlaserkliniekzeeland.nl\/wp-content\/uploads\/2023\/04\/camouflagetherapie-huidenlaserkliniekzeeland.jpg","type":"","width":"","height":""}],"twitter_card":"summary_large_image","twitter_misc":{"Tiempo de lectura":"2 minutos"},"schema":{"@context":"https:\/\/schema.org","@graph":[{"@type":"WebPage","@id":"https:\/\/huidenlaserkliniekzeeland.nl\/camouflagetherapie\/","url":"https:\/\/huidenlaserkliniekzeeland.nl\/camouflagetherapie\/","name":"Terapia de camuflaje - Skin Laser Clinic Zealand","isPartOf":{"@id":"https:\/\/huidenlaserkliniekzeeland.nl\/#website"},"primaryImageOfPage":{"@id":"https:\/\/huidenlaserkliniekzeeland.nl\/camouflagetherapie\/#primaryimage"},"image":{"@id":"https:\/\/huidenlaserkliniekzeeland.nl\/camouflagetherapie\/#primaryimage"},"thumbnailUrl":"https:\/\/huidenlaserkliniekzeeland.nl\/wp-content\/uploads\/2023\/04\/camouflagetherapie-huidenlaserkliniekzeeland.jpg","datePublished":"2023-04-12T12:26:01+00:00","dateModified":"2023-06-23T07:07:11+00:00","description":"\u00bfBusca un tratamiento de terapia de camuflaje? P\u00e1sese por Huidenlaserkliniekzeeland. Somos especialistas en este tratamiento.","breadcrumb":{"@id":"https:\/\/huidenlaserkliniekzeeland.nl\/camouflagetherapie\/#breadcrumb"},"inLanguage":"es","potentialAction":[{"@type":"ReadAction","target":["https:\/\/huidenlaserkliniekzeeland.nl\/camouflagetherapie\/"]}]},{"@type":"ImageObject","inLanguage":"es","@id":"https:\/\/huidenlaserkliniekzeeland.nl\/camouflagetherapie\/#primaryimage","url":"https:\/\/huidenlaserkliniekzeeland.nl\/wp-content\/uploads\/2023\/04\/camouflagetherapie-huidenlaserkliniekzeeland.jpg","contentUrl":"https:\/\/huidenlaserkliniekzeeland.nl\/wp-content\/uploads\/2023\/04\/camouflagetherapie-huidenlaserkliniekzeeland.jpg"},{"@type":"BreadcrumbList","@id":"https:\/\/huidenlaserkliniekzeeland.nl\/camouflagetherapie\/#breadcrumb","itemListElement":[{"@type":"ListItem","position":1,"name":"Home","item":"https:\/\/huidenlaserkliniekzeeland.nl\/"},{"@type":"ListItem","position":2,"name":"Camouflagetherapie"}]},{"@type":"WebSite","@id":"https:\/\/huidenlaserkliniekzeeland.nl\/#website","url":"https:\/\/huidenlaserkliniekzeeland.nl\/","name":"Cl\u00ednica de l\u00e1ser cut\u00e1neo en Zelanda","description":"Cirug\u00eda est\u00e9tica y terapia de la piel en Zelanda","publisher":{"@id":"https:\/\/huidenlaserkliniekzeeland.nl\/#organization"},"potentialAction":[{"@type":"SearchAction","target":{"@type":"EntryPoint","urlTemplate":"https:\/\/huidenlaserkliniekzeeland.nl\/?s={search_term_string}"},"query-input":{"@type":"PropertyValueSpecification","valueRequired":true,"valueName":"search_term_string"}}],"inLanguage":"es"},{"@type":"Organization","@id":"https:\/\/huidenlaserkliniekzeeland.nl\/#organization","name":"Contractor","url":"https:\/\/huidenlaserkliniekzeeland.nl\/","logo":{"@type":"ImageObject","inLanguage":"es","@id":"https:\/\/huidenlaserkliniekzeeland.nl\/#\/schema\/logo\/image\/","url":"https:\/\/huidenlaserkliniekzeeland.nl\/wp-content\/uploads\/2023\/02\/Contrainer-logo-volledig.png","contentUrl":"https:\/\/huidenlaserkliniekzeeland.nl\/wp-content\/uploads\/2023\/02\/Contrainer-logo-volledig.png","width":1579,"height":493,"caption":"Contrainer"},"image":{"@id":"https:\/\/huidenlaserkliniekzeeland.nl\/#\/schema\/logo\/image\/"}}]}},"_links":{"self":[{"href":"https:\/\/huidenlaserkliniekzeeland.nl\/es\/wp-json\/wp\/v2\/pages\/11139","targetHints":{"allow":["GET"]}}],"collection":[{"href":"https:\/\/huidenlaserkliniekzeeland.nl\/es\/wp-json\/wp\/v2\/pages"}],"about":[{"href":"https:\/\/huidenlaserkliniekzeeland.nl\/es\/wp-json\/wp\/v2\/types\/page"}],"author":[{"embeddable":true,"href":"https:\/\/huidenlaserkliniekzeeland.nl\/es\/wp-json\/wp\/v2\/users\/5"}],"replies":[{"embeddable":true,"href":"https:\/\/huidenlaserkliniekzeeland.nl\/es\/wp-json\/wp\/v2\/comments?post=11139"}],"version-history":[{"count":0,"href":"https:\/\/huidenlaserkliniekzeeland.nl\/es\/wp-json\/wp\/v2\/pages\/11139\/revisions"}],"wp:attachment":[{"href":"https:\/\/huidenlaserkliniekzeeland.nl\/es\/wp-json\/wp\/v2\/media?parent=11139"}],"curies":[{"name":"wp","href":"https:\/\/api.w.org\/{rel}","templated":true}]}}