{"id":14772,"date":"2026-02-12T14:41:19","date_gmt":"2026-02-12T13:41:19","guid":{"rendered":"https:\/\/huidenlaserkliniekzeeland.nl\/?post_type=product&#038;p=14772"},"modified":"2026-02-12T15:09:36","modified_gmt":"2026-02-12T14:09:36","slug":"intensive-daily-repair","status":"publish","type":"product","link":"https:\/\/huidenlaserkliniekzeeland.nl\/en\/product\/intensive-daily-repair\/","title":{"rendered":"Intensive Daily Repair"},"content":{"rendered":"<p>Intensive daily repair is een hydraterende en dagelijkse lotion, ontwikkeld om de huidtextuur en de huidteint te verbeteren. Polyhydroxyzuren (PHAs) minimaliseren de zichtbaarheid van pori\u00ebn en zichtbare tekenen van huidveroudering, door op milde wijze vuil en oude huidcellen te exfoli\u00ebren. Antioxidanten vitamine C en E zorgen ervoor dat de lotion niet irriteert en gevoelig maakt. Bij regelmatig gebruik zal de lotion een gezonder uitziende huid en stralende teint onthullen.<\/p>\n<p>&nbsp;<\/p>\n<p><strong>Deze formule is dermatologisch getest, hypoallergeen, irriteert niet en is vrij van parfum en parabenen.<\/strong><\/p>\n<p>&nbsp;<\/p>\n<p><u>Gebruiksaanwijzing:<\/u><\/p>\n<p>Voor gebruik zoals voorgeschreven door uw behandelend therapeut. Breng 2-3 pompjes dagelijks aan, v\u00f3\u00f3r het aanbrengen van zonnecr\u00e8me in de ochtend. Masseer het product in op de huid van het gelaat en de hals. Wrijf het product dun uit op de gevoelige delen als kaaklijn en de hals.<\/p>\n<p>&nbsp;<\/p>\n<p><u>Waarschuwing:<\/u><\/p>\n<p>Uitsluitend voor uitwendig gebruik. Stop het gebruik als uitslag of irritatie ontstaat en aanhoudt. Gebruik het product niet in de ogen. Houd buiten het bereik van kinderen. Gebruik dagelijks een zonnecr\u00e8me met minimaal SPF 30. Bewaar het product op kamertemperatuur bij 15\u00b0C-25\u00b0C. Buiten direct zonlicht houden. Houd het product weg van warmtebronnen.<\/p>\n<p>&nbsp;<\/p>\n<p>&nbsp;<\/p>\n<p><u>Ingredi\u00ebnten:<\/u><\/p>\n<p>Water (Aqua)\u200b,\u200b CAPRILYC\/CAPRIC TRIGLYCERIDE,\u200b Gluconolactone\u200b,\u200b Lactobionic Acid\u200b,\u200b Glyceryl Stearate\u200b,\u200b Glycerin\u200b,\u200b Methyl Glucose Sesquistearate\u200b,\u200b Butyrospermum Parkii (Shea) Butter\u200b,\u200b C12-15 Alkyl Benzoate\u200b,\u200b EHTYLHEXYL PALMITATE,\u200b Cetyl Alcohol\u200b,\u200b Dimethicone\u200b,\u200b Phenoxyethanol\u200b,\u200b POLYACRYLATE CROSSPOLYMER-6,\u200b Xanthan Gum\u200b,\u200b Sodium Hydroxide\u200b,\u200b Mica\u200b,\u200b Panthenol\u200b,\u200b Caprylyl Glycol\u200b,\u200b Titanium Dioxide\u200b,\u200b Ethylhexylglycerin\u200b,\u200b Hexylene Glycol\u200b,\u200b Allantoin\u200b,\u200b Tocopheryl Acetate\u200b,\u200b Disodium EDTA\u200b,\u200b Bisabolol\u200b,\u200b Camellia Sinensis Leaf Extract\u200b,\u200b Chamomilla Recutita (Matricaria) Flower Extract\u200b,\u200b Tetrahexyldecyl Ascorbate\u200b,\u200b Sodium Hyaluronate\u200b,\u200b Myristoyl Pentapeptide-11\u200b,\u200b Myristoyl Pentapeptide-8\u200b.<\/p>","protected":false},"excerpt":{"rendered":"<p>Intensive daily repair is een hydraterende en dagelijkse lotion, ontwikkeld om de huidtextuur en de huidteint te verbeteren. Polyhydroxyzuren (PHAs) minimaliseren de zichtbaarheid van pori\u00ebn en zichtbare tekenen van huidveroudering, door op milde wijze vuil en oude huidcellen te exfoli\u00ebren. Antioxidanten vitamine C en E zorgen ervoor dat de lotion niet irriteert en gevoelig maakt. [&hellip;]<\/p>\n","protected":false},"featured_media":14773,"comment_status":"open","ping_status":"closed","template":"","meta":[],"product_brand":[82],"product_cat":[55],"product_tag":[],"class_list":{"0":"post-14772","1":"product","2":"type-product","3":"status-publish","4":"has-post-thumbnail","6":"product_brand-obagi","7":"product_cat-uncategorized","9":"first","10":"instock","11":"shipping-taxable","12":"purchasable","13":"product-type-simple"},"yoast_head":"<!-- This site is optimized with the Yoast SEO Premium plugin v27.0 (Yoast SEO v27.2) - https:\/\/yoast.com\/product\/yoast-seo-premium-wordpress\/ -->\n<title>Intensive Daily Repair - Huidenlaserkliniekzeeland<\/title>\n<meta name=\"robots\" content=\"index, follow, max-snippet:-1, max-image-preview:large, max-video-preview:-1\" \/>\n<link rel=\"canonical\" href=\"https:\/\/huidenlaserkliniekzeeland.nl\/en\/product\/intensive-daily-repair\/\" \/>\n<meta property=\"og:locale\" content=\"en_US\" \/>\n<meta property=\"og:type\" content=\"article\" \/>\n<meta property=\"og:title\" content=\"Intensive Daily Repair\" \/>\n<meta property=\"og:description\" content=\"Intensive daily repair is een hydraterende en dagelijkse lotion, ontwikkeld om de huidtextuur en de huidteint te verbeteren. Polyhydroxyzuren (PHAs) minimaliseren de zichtbaarheid van pori\u00ebn en zichtbare tekenen van huidveroudering, door op milde wijze vuil en oude huidcellen te exfoli\u00ebren. Antioxidanten vitamine C en E zorgen ervoor dat de lotion niet irriteert en gevoelig maakt. [&hellip;]\" \/>\n<meta property=\"og:url\" content=\"https:\/\/huidenlaserkliniekzeeland.nl\/en\/product\/intensive-daily-repair\/\" \/>\n<meta property=\"og:site_name\" content=\"Huidenlaserkliniekzeeland\" \/>\n<meta property=\"article:modified_time\" content=\"2026-02-12T14:09:36+00:00\" \/>\n<meta property=\"og:image\" content=\"https:\/\/huidenlaserkliniekzeeland.nl\/wp-content\/uploads\/2026\/02\/IDR-Carton_300dpi.png\" \/>\n\t<meta property=\"og:image:width\" content=\"900\" \/>\n\t<meta property=\"og:image:height\" content=\"2201\" \/>\n\t<meta property=\"og:image:type\" content=\"image\/png\" \/>\n<meta name=\"twitter:card\" content=\"summary_large_image\" \/>\n<meta name=\"twitter:label1\" content=\"Est. reading time\" \/>\n\t<meta name=\"twitter:data1\" content=\"2 minutes\" \/>\n<script type=\"application\/ld+json\" class=\"yoast-schema-graph\">{\"@context\":\"https:\/\/schema.org\",\"@graph\":[{\"@type\":\"WebPage\",\"@id\":\"https:\/\/huidenlaserkliniekzeeland.nl\/product\/intensive-daily-repair\/\",\"url\":\"https:\/\/huidenlaserkliniekzeeland.nl\/product\/intensive-daily-repair\/\",\"name\":\"Intensive Daily Repair - Huidenlaserkliniekzeeland\",\"isPartOf\":{\"@id\":\"https:\/\/huidenlaserkliniekzeeland.nl\/#website\"},\"primaryImageOfPage\":{\"@id\":\"https:\/\/huidenlaserkliniekzeeland.nl\/product\/intensive-daily-repair\/#primaryimage\"},\"image\":{\"@id\":\"https:\/\/huidenlaserkliniekzeeland.nl\/product\/intensive-daily-repair\/#primaryimage\"},\"thumbnailUrl\":\"https:\/\/huidenlaserkliniekzeeland.nl\/wp-content\/uploads\/2026\/02\/IDR-Carton_300dpi.png\",\"datePublished\":\"2026-02-12T13:41:19+00:00\",\"dateModified\":\"2026-02-12T14:09:36+00:00\",\"breadcrumb\":{\"@id\":\"https:\/\/huidenlaserkliniekzeeland.nl\/product\/intensive-daily-repair\/#breadcrumb\"},\"inLanguage\":\"en-US\",\"potentialAction\":[{\"@type\":\"ReadAction\",\"target\":[\"https:\/\/huidenlaserkliniekzeeland.nl\/product\/intensive-daily-repair\/\"]}]},{\"@type\":\"ImageObject\",\"inLanguage\":\"en-US\",\"@id\":\"https:\/\/huidenlaserkliniekzeeland.nl\/product\/intensive-daily-repair\/#primaryimage\",\"url\":\"https:\/\/huidenlaserkliniekzeeland.nl\/wp-content\/uploads\/2026\/02\/IDR-Carton_300dpi.png\",\"contentUrl\":\"https:\/\/huidenlaserkliniekzeeland.nl\/wp-content\/uploads\/2026\/02\/IDR-Carton_300dpi.png\",\"width\":900,\"height\":2201},{\"@type\":\"BreadcrumbList\",\"@id\":\"https:\/\/huidenlaserkliniekzeeland.nl\/product\/intensive-daily-repair\/#breadcrumb\",\"itemListElement\":[{\"@type\":\"ListItem\",\"position\":1,\"name\":\"Home\",\"item\":\"https:\/\/huidenlaserkliniekzeeland.nl\/\"},{\"@type\":\"ListItem\",\"position\":2,\"name\":\"Shop\",\"item\":\"https:\/\/huidenlaserkliniekzeeland.nl\/shop\/\"},{\"@type\":\"ListItem\",\"position\":3,\"name\":\"Intensive Daily Repair\"}]},{\"@type\":\"WebSite\",\"@id\":\"https:\/\/huidenlaserkliniekzeeland.nl\/#website\",\"url\":\"https:\/\/huidenlaserkliniekzeeland.nl\/\",\"name\":\"Huidenlaserkliniekzeeland\",\"description\":\"Cosmetische chirurgie en huidtherapie in Zeeland\",\"publisher\":{\"@id\":\"https:\/\/huidenlaserkliniekzeeland.nl\/#organization\"},\"potentialAction\":[{\"@type\":\"SearchAction\",\"target\":{\"@type\":\"EntryPoint\",\"urlTemplate\":\"https:\/\/huidenlaserkliniekzeeland.nl\/?s={search_term_string}\"},\"query-input\":{\"@type\":\"PropertyValueSpecification\",\"valueRequired\":true,\"valueName\":\"search_term_string\"}}],\"inLanguage\":\"en-US\"},{\"@type\":\"Organization\",\"@id\":\"https:\/\/huidenlaserkliniekzeeland.nl\/#organization\",\"name\":\"Contrainer\",\"url\":\"https:\/\/huidenlaserkliniekzeeland.nl\/\",\"logo\":{\"@type\":\"ImageObject\",\"inLanguage\":\"en-US\",\"@id\":\"https:\/\/huidenlaserkliniekzeeland.nl\/#\/schema\/logo\/image\/\",\"url\":\"https:\/\/huidenlaserkliniekzeeland.nl\/wp-content\/uploads\/2023\/02\/Contrainer-logo-volledig.png\",\"contentUrl\":\"https:\/\/huidenlaserkliniekzeeland.nl\/wp-content\/uploads\/2023\/02\/Contrainer-logo-volledig.png\",\"width\":1579,\"height\":493,\"caption\":\"Contrainer\"},\"image\":{\"@id\":\"https:\/\/huidenlaserkliniekzeeland.nl\/#\/schema\/logo\/image\/\"}}]}<\/script>\n<!-- \/ Yoast SEO Premium plugin. -->","yoast_head_json":{"title":"Intensive Daily Repair - Huidenlaserkliniekzeeland","robots":{"index":"index","follow":"follow","max-snippet":"max-snippet:-1","max-image-preview":"max-image-preview:large","max-video-preview":"max-video-preview:-1"},"canonical":"https:\/\/huidenlaserkliniekzeeland.nl\/en\/product\/intensive-daily-repair\/","og_locale":"en_US","og_type":"article","og_title":"Intensive Daily Repair","og_description":"Intensive daily repair is een hydraterende en dagelijkse lotion, ontwikkeld om de huidtextuur en de huidteint te verbeteren. Polyhydroxyzuren (PHAs) minimaliseren de zichtbaarheid van pori\u00ebn en zichtbare tekenen van huidveroudering, door op milde wijze vuil en oude huidcellen te exfoli\u00ebren. Antioxidanten vitamine C en E zorgen ervoor dat de lotion niet irriteert en gevoelig maakt. [&hellip;]","og_url":"https:\/\/huidenlaserkliniekzeeland.nl\/en\/product\/intensive-daily-repair\/","og_site_name":"Huidenlaserkliniekzeeland","article_modified_time":"2026-02-12T14:09:36+00:00","og_image":[{"width":900,"height":2201,"url":"https:\/\/huidenlaserkliniekzeeland.nl\/wp-content\/uploads\/2026\/02\/IDR-Carton_300dpi.png","type":"image\/png"}],"twitter_card":"summary_large_image","twitter_misc":{"Est. reading time":"2 minutes"},"schema":{"@context":"https:\/\/schema.org","@graph":[{"@type":"WebPage","@id":"https:\/\/huidenlaserkliniekzeeland.nl\/product\/intensive-daily-repair\/","url":"https:\/\/huidenlaserkliniekzeeland.nl\/product\/intensive-daily-repair\/","name":"Intensive Daily Repair - Huidenlaserkliniekzeeland","isPartOf":{"@id":"https:\/\/huidenlaserkliniekzeeland.nl\/#website"},"primaryImageOfPage":{"@id":"https:\/\/huidenlaserkliniekzeeland.nl\/product\/intensive-daily-repair\/#primaryimage"},"image":{"@id":"https:\/\/huidenlaserkliniekzeeland.nl\/product\/intensive-daily-repair\/#primaryimage"},"thumbnailUrl":"https:\/\/huidenlaserkliniekzeeland.nl\/wp-content\/uploads\/2026\/02\/IDR-Carton_300dpi.png","datePublished":"2026-02-12T13:41:19+00:00","dateModified":"2026-02-12T14:09:36+00:00","breadcrumb":{"@id":"https:\/\/huidenlaserkliniekzeeland.nl\/product\/intensive-daily-repair\/#breadcrumb"},"inLanguage":"en-US","potentialAction":[{"@type":"ReadAction","target":["https:\/\/huidenlaserkliniekzeeland.nl\/product\/intensive-daily-repair\/"]}]},{"@type":"ImageObject","inLanguage":"en-US","@id":"https:\/\/huidenlaserkliniekzeeland.nl\/product\/intensive-daily-repair\/#primaryimage","url":"https:\/\/huidenlaserkliniekzeeland.nl\/wp-content\/uploads\/2026\/02\/IDR-Carton_300dpi.png","contentUrl":"https:\/\/huidenlaserkliniekzeeland.nl\/wp-content\/uploads\/2026\/02\/IDR-Carton_300dpi.png","width":900,"height":2201},{"@type":"BreadcrumbList","@id":"https:\/\/huidenlaserkliniekzeeland.nl\/product\/intensive-daily-repair\/#breadcrumb","itemListElement":[{"@type":"ListItem","position":1,"name":"Home","item":"https:\/\/huidenlaserkliniekzeeland.nl\/"},{"@type":"ListItem","position":2,"name":"Shop","item":"https:\/\/huidenlaserkliniekzeeland.nl\/shop\/"},{"@type":"ListItem","position":3,"name":"Intensive Daily Repair"}]},{"@type":"WebSite","@id":"https:\/\/huidenlaserkliniekzeeland.nl\/#website","url":"https:\/\/huidenlaserkliniekzeeland.nl\/","name":"Skin laser cliniczeeland","description":"Cosmetic surgery and skin therapy in Zeeland","publisher":{"@id":"https:\/\/huidenlaserkliniekzeeland.nl\/#organization"},"potentialAction":[{"@type":"SearchAction","target":{"@type":"EntryPoint","urlTemplate":"https:\/\/huidenlaserkliniekzeeland.nl\/?s={search_term_string}"},"query-input":{"@type":"PropertyValueSpecification","valueRequired":true,"valueName":"search_term_string"}}],"inLanguage":"en-US"},{"@type":"Organization","@id":"https:\/\/huidenlaserkliniekzeeland.nl\/#organization","name":"Contrainer","url":"https:\/\/huidenlaserkliniekzeeland.nl\/","logo":{"@type":"ImageObject","inLanguage":"en-US","@id":"https:\/\/huidenlaserkliniekzeeland.nl\/#\/schema\/logo\/image\/","url":"https:\/\/huidenlaserkliniekzeeland.nl\/wp-content\/uploads\/2023\/02\/Contrainer-logo-volledig.png","contentUrl":"https:\/\/huidenlaserkliniekzeeland.nl\/wp-content\/uploads\/2023\/02\/Contrainer-logo-volledig.png","width":1579,"height":493,"caption":"Contrainer"},"image":{"@id":"https:\/\/huidenlaserkliniekzeeland.nl\/#\/schema\/logo\/image\/"}}]}},"_links":{"self":[{"href":"https:\/\/huidenlaserkliniekzeeland.nl\/en\/wp-json\/wp\/v2\/product\/14772","targetHints":{"allow":["GET"]}}],"collection":[{"href":"https:\/\/huidenlaserkliniekzeeland.nl\/en\/wp-json\/wp\/v2\/product"}],"about":[{"href":"https:\/\/huidenlaserkliniekzeeland.nl\/en\/wp-json\/wp\/v2\/types\/product"}],"replies":[{"embeddable":true,"href":"https:\/\/huidenlaserkliniekzeeland.nl\/en\/wp-json\/wp\/v2\/comments?post=14772"}],"wp:featuredmedia":[{"embeddable":true,"href":"https:\/\/huidenlaserkliniekzeeland.nl\/en\/wp-json\/wp\/v2\/media\/14773"}],"wp:attachment":[{"href":"https:\/\/huidenlaserkliniekzeeland.nl\/en\/wp-json\/wp\/v2\/media?parent=14772"}],"wp:term":[{"taxonomy":"product_brand","embeddable":true,"href":"https:\/\/huidenlaserkliniekzeeland.nl\/en\/wp-json\/wp\/v2\/product_brand?post=14772"},{"taxonomy":"product_cat","embeddable":true,"href":"https:\/\/huidenlaserkliniekzeeland.nl\/en\/wp-json\/wp\/v2\/product_cat?post=14772"},{"taxonomy":"product_tag","embeddable":true,"href":"https:\/\/huidenlaserkliniekzeeland.nl\/en\/wp-json\/wp\/v2\/product_tag?post=14772"}],"curies":[{"name":"wp","href":"https:\/\/api.w.org\/{rel}","templated":true}]}}