{"id":14759,"date":"2026-02-12T14:13:08","date_gmt":"2026-02-12T13:13:08","guid":{"rendered":"https:\/\/huidenlaserkliniekzeeland.nl\/?post_type=product&#038;p=14759"},"modified":"2026-02-12T15:11:39","modified_gmt":"2026-02-12T14:11:39","slug":"sun-shield-matte-broadspectrum-spf-50","status":"publish","type":"product","link":"https:\/\/huidenlaserkliniekzeeland.nl\/en\/product\/sun-shield-matte-broadspectrum-spf-50\/","title":{"rendered":"Sun Shield Matte Broadspectrum SPF 50"},"content":{"rendered":"<p>UV-stralen hebben de mogelijkheid om collageen en elastine in de huid te beschadigen, waardoor fijne lijntjes, rimpels, pigmentvlekken en zonverbranding ontstaan. Dagelijks gebruik van Obagi Sun Shield Matte Broad Spectrum SPF 50 kan deze schade helpen voorkomen, zodat u deze tekenen van veroudering tegengaat. De formule bevat fysische en chemische zonnefilters die beschermen tegen zowel UVA- als UVB-stralen. In tegenstelling tot veel zonnefilters laat deze formule geen witte film of een vette textuur achter. De matte formule vermindert een vette glans en zweet, zodat uw huid er stralend uitziet. Het product is niet comedogeen en dermatologisch getest.<\/p>\n<p>&nbsp;<\/p>\n<p>Gebruik Obagi Sun Shield Matte Broad Spectrum als <strong>stap 7<\/strong> in het Nu-Derm Systeem<\/p>\n<p>&nbsp;<\/p>\n<ul>\n<li>Zinkoxide buigt UV-stralen af \u200b\u200bom schade en tekenen van veroudering te voorkomen<\/li>\n<li>Parabeenvrije, parfumvrije en niet-comedogene formule is ideaal voor de meeste huidtypen<\/li>\n<li>Matterende ingredi\u00ebnten voorkomen de vettigheid en glans gedurende de dag<\/li>\n<\/ul>\n<p><strong>De zonnecr\u00e8me die de huid beschermt tegen zonschade en g\u00e9\u00e9n vette laag op de huid legt.<\/strong><\/p>\n<p>&nbsp;<\/p>\n<p><u>Gebruiksaanwijzing:<\/u><\/p>\n<p>Breng royaal aan, 15 min. voorafgaand aan blootstelling aan de zon. Niet waterresistent. Herhaal elke 2 uur.<\/p>\n<p>&nbsp;<\/p>\n<p><u>Waarschuwing:<\/u><\/p>\n<p>Contact met ogen vermijden. Uitsluitend voor uitwendig gebruik. Buiten zicht van kinderen houden.<\/p>\n<p>&nbsp;<\/p>\n<p><u>Ingredi\u00ebnten:<\/u><\/p>\n<p><strong>Actieve ingredi\u00ebnten:<\/strong>\u00a0Octinoxate 7.5%\u200b,\u200b\u00a0Zinc Oxide 10.5%\u200b.\u00a0\u00a0\u00a0\u00a0\u00a0\u00a0\u00a0\u00a0\u00a0\u00a0\u00a0\u00a0\u00a0\u00a0\u00a0\u00a0\u00a0\u00a0\u00a0\u00a0\u00a0\u00a0\u00a0\u00a0\u00a0\u00a0\u00a0\u00a0\u00a0\u00a0\u00a0\u00a0\u00a0\u00a0\u00a0\u00a0\u00a0\u00a0\u00a0\u00a0\u00a0\u00a0\u00a0\u00a0\u00a0\u00a0\u00a0\u00a0\u00a0\u00a0\u00a0\u00a0\u00a0\u00a0\u00a0\u00a0\u00a0\u00a0\u00a0\u00a0\u00a0\u00a0\u00a0\u00a0\u00a0\u00a0\u00a0\u00a0\u00a0 <strong>Inactieve ingredi\u00ebnten:<\/strong>\u00a01,\u200b2-Hexanediol,\u200b\u00a0Caprylyl Glycol\u200b,\u200b\u00a0\u200bCeteareth-20\u200b,\u200b\u00a0\u200bCetearyl Alcohol\u200b,\u200b\u200bChlorphenesin\u200b,\u200bCitric Acid\u200b,\u200b\u00a0\u200bCyclopentasiloxane\u200b,\u200b\u00a0Dimethicone\u200b,\u200b\u00a0\u200bDimethicone Crosspolymer-3\u200b,\u200b\u00a0Disodium EDTA\u200b,\u200b\u00a0Glycerin\u200b,\u200bHydrogenated Palm Glycerides\u200bHydroxyethyl Acrylate\/Sodium Acryloydimethyl Taurate Copolymer\u200b,\u200bMethylisothiazolinone\u200b,\u200b\u00a0PEG-40 Stearate\u200b,\u200b\u00a0\u200bPentylene Glycol\u200b,\u200b\u00a0\u200bPhenoxyethanol\u200b,\u200b\u00a0Phenyl Trimethicone\u200b,\u200bPolysilicone-11\u200b,\u200b\u00a0Polysorbate 60\u200b,\u200b\u00a0Potassium Sorbate\u200b,\u200b\u00a0Sodium Benzoate\u200b,\u200bSodium Dihydroxycetyl Phosphate\u200b,\u200b\u00a0Sodium Polyacrylate\u200b,\u200b\u00a0Squalane\u200b,\u200b\u00a0Stearyl Alcohol\u200b,\u200bTetrahexyldecyl Ascorbate\u200b,\u200b\u00a0Tropolone\u200b,\u200b\u00a0\u200bWater\u200b,\u200b\u00a0Xanthan Gum\u200b.<\/p>\n<p><strong>\u00a0<\/strong><\/p>","protected":false},"excerpt":{"rendered":"<p>UV-stralen hebben de mogelijkheid om collageen en elastine in de huid te beschadigen, waardoor fijne lijntjes, rimpels, pigmentvlekken en zonverbranding ontstaan. Dagelijks gebruik van Obagi Sun Shield Matte Broad Spectrum SPF 50 kan deze schade helpen voorkomen, zodat u deze tekenen van veroudering tegengaat. De formule bevat fysische en chemische zonnefilters die beschermen tegen zowel [&hellip;]<\/p>\n","protected":false},"featured_media":14761,"comment_status":"open","ping_status":"closed","template":"","meta":[],"product_brand":[82],"product_cat":[55],"product_tag":[],"class_list":{"0":"post-14759","1":"product","2":"type-product","3":"status-publish","4":"has-post-thumbnail","6":"product_brand-obagi","7":"product_cat-uncategorized","9":"first","10":"instock","11":"shipping-taxable","12":"purchasable","13":"product-type-simple"},"yoast_head":"<!-- This site is optimized with the Yoast SEO Premium plugin v27.0 (Yoast SEO v27.2) - https:\/\/yoast.com\/product\/yoast-seo-premium-wordpress\/ -->\n<title>Sun Shield Matte Broadspectrum SPF 50 - Huidenlaserkliniekzeeland<\/title>\n<meta name=\"robots\" content=\"index, follow, max-snippet:-1, max-image-preview:large, max-video-preview:-1\" \/>\n<link rel=\"canonical\" href=\"https:\/\/huidenlaserkliniekzeeland.nl\/en\/product\/sun-shield-matte-broadspectrum-spf-50\/\" \/>\n<meta property=\"og:locale\" content=\"en_US\" \/>\n<meta property=\"og:type\" content=\"article\" \/>\n<meta property=\"og:title\" content=\"Sun Shield Matte Broadspectrum SPF 50\" \/>\n<meta property=\"og:description\" content=\"UV-stralen hebben de mogelijkheid om collageen en elastine in de huid te beschadigen, waardoor fijne lijntjes, rimpels, pigmentvlekken en zonverbranding ontstaan. Dagelijks gebruik van Obagi Sun Shield Matte Broad Spectrum SPF 50 kan deze schade helpen voorkomen, zodat u deze tekenen van veroudering tegengaat. De formule bevat fysische en chemische zonnefilters die beschermen tegen zowel [&hellip;]\" \/>\n<meta property=\"og:url\" content=\"https:\/\/huidenlaserkliniekzeeland.nl\/en\/product\/sun-shield-matte-broadspectrum-spf-50\/\" \/>\n<meta property=\"og:site_name\" content=\"Huidenlaserkliniekzeeland\" \/>\n<meta property=\"article:modified_time\" content=\"2026-02-12T14:11:39+00:00\" \/>\n<meta property=\"og:image\" content=\"https:\/\/huidenlaserkliniekzeeland.nl\/wp-content\/uploads\/2026\/02\/SunShield_MatteSPF50_TubeCarton_2018-559x1024.png\" \/>\n\t<meta property=\"og:image:width\" content=\"559\" \/>\n\t<meta property=\"og:image:height\" content=\"1024\" \/>\n\t<meta property=\"og:image:type\" content=\"image\/png\" \/>\n<meta name=\"twitter:card\" content=\"summary_large_image\" \/>\n<meta name=\"twitter:label1\" content=\"Est. reading time\" \/>\n\t<meta name=\"twitter:data1\" content=\"2 minutes\" \/>\n<script type=\"application\/ld+json\" class=\"yoast-schema-graph\">{\"@context\":\"https:\/\/schema.org\",\"@graph\":[{\"@type\":\"WebPage\",\"@id\":\"https:\/\/huidenlaserkliniekzeeland.nl\/product\/sun-shield-matte-broadspectrum-spf-50\/\",\"url\":\"https:\/\/huidenlaserkliniekzeeland.nl\/product\/sun-shield-matte-broadspectrum-spf-50\/\",\"name\":\"Sun Shield Matte Broadspectrum SPF 50 - Huidenlaserkliniekzeeland\",\"isPartOf\":{\"@id\":\"https:\/\/huidenlaserkliniekzeeland.nl\/#website\"},\"primaryImageOfPage\":{\"@id\":\"https:\/\/huidenlaserkliniekzeeland.nl\/product\/sun-shield-matte-broadspectrum-spf-50\/#primaryimage\"},\"image\":{\"@id\":\"https:\/\/huidenlaserkliniekzeeland.nl\/product\/sun-shield-matte-broadspectrum-spf-50\/#primaryimage\"},\"thumbnailUrl\":\"https:\/\/huidenlaserkliniekzeeland.nl\/wp-content\/uploads\/2026\/02\/SunShield_MatteSPF50_TubeCarton_2018.png\",\"datePublished\":\"2026-02-12T13:13:08+00:00\",\"dateModified\":\"2026-02-12T14:11:39+00:00\",\"breadcrumb\":{\"@id\":\"https:\/\/huidenlaserkliniekzeeland.nl\/product\/sun-shield-matte-broadspectrum-spf-50\/#breadcrumb\"},\"inLanguage\":\"en-US\",\"potentialAction\":[{\"@type\":\"ReadAction\",\"target\":[\"https:\/\/huidenlaserkliniekzeeland.nl\/product\/sun-shield-matte-broadspectrum-spf-50\/\"]}]},{\"@type\":\"ImageObject\",\"inLanguage\":\"en-US\",\"@id\":\"https:\/\/huidenlaserkliniekzeeland.nl\/product\/sun-shield-matte-broadspectrum-spf-50\/#primaryimage\",\"url\":\"https:\/\/huidenlaserkliniekzeeland.nl\/wp-content\/uploads\/2026\/02\/SunShield_MatteSPF50_TubeCarton_2018.png\",\"contentUrl\":\"https:\/\/huidenlaserkliniekzeeland.nl\/wp-content\/uploads\/2026\/02\/SunShield_MatteSPF50_TubeCarton_2018.png\",\"width\":1800,\"height\":3300},{\"@type\":\"BreadcrumbList\",\"@id\":\"https:\/\/huidenlaserkliniekzeeland.nl\/product\/sun-shield-matte-broadspectrum-spf-50\/#breadcrumb\",\"itemListElement\":[{\"@type\":\"ListItem\",\"position\":1,\"name\":\"Home\",\"item\":\"https:\/\/huidenlaserkliniekzeeland.nl\/\"},{\"@type\":\"ListItem\",\"position\":2,\"name\":\"Shop\",\"item\":\"https:\/\/huidenlaserkliniekzeeland.nl\/shop\/\"},{\"@type\":\"ListItem\",\"position\":3,\"name\":\"Sun Shield Matte Broadspectrum SPF 50\"}]},{\"@type\":\"WebSite\",\"@id\":\"https:\/\/huidenlaserkliniekzeeland.nl\/#website\",\"url\":\"https:\/\/huidenlaserkliniekzeeland.nl\/\",\"name\":\"Huidenlaserkliniekzeeland\",\"description\":\"Cosmetische chirurgie en huidtherapie in Zeeland\",\"publisher\":{\"@id\":\"https:\/\/huidenlaserkliniekzeeland.nl\/#organization\"},\"potentialAction\":[{\"@type\":\"SearchAction\",\"target\":{\"@type\":\"EntryPoint\",\"urlTemplate\":\"https:\/\/huidenlaserkliniekzeeland.nl\/?s={search_term_string}\"},\"query-input\":{\"@type\":\"PropertyValueSpecification\",\"valueRequired\":true,\"valueName\":\"search_term_string\"}}],\"inLanguage\":\"en-US\"},{\"@type\":\"Organization\",\"@id\":\"https:\/\/huidenlaserkliniekzeeland.nl\/#organization\",\"name\":\"Contrainer\",\"url\":\"https:\/\/huidenlaserkliniekzeeland.nl\/\",\"logo\":{\"@type\":\"ImageObject\",\"inLanguage\":\"en-US\",\"@id\":\"https:\/\/huidenlaserkliniekzeeland.nl\/#\/schema\/logo\/image\/\",\"url\":\"https:\/\/huidenlaserkliniekzeeland.nl\/wp-content\/uploads\/2023\/02\/Contrainer-logo-volledig.png\",\"contentUrl\":\"https:\/\/huidenlaserkliniekzeeland.nl\/wp-content\/uploads\/2023\/02\/Contrainer-logo-volledig.png\",\"width\":1579,\"height\":493,\"caption\":\"Contrainer\"},\"image\":{\"@id\":\"https:\/\/huidenlaserkliniekzeeland.nl\/#\/schema\/logo\/image\/\"}}]}<\/script>\n<!-- \/ Yoast SEO Premium plugin. -->","yoast_head_json":{"title":"Sun Shield Matte Broadspectrum SPF 50 - Huidenlaserkliniekzeeland","robots":{"index":"index","follow":"follow","max-snippet":"max-snippet:-1","max-image-preview":"max-image-preview:large","max-video-preview":"max-video-preview:-1"},"canonical":"https:\/\/huidenlaserkliniekzeeland.nl\/en\/product\/sun-shield-matte-broadspectrum-spf-50\/","og_locale":"en_US","og_type":"article","og_title":"Sun Shield Matte Broadspectrum SPF 50","og_description":"UV-stralen hebben de mogelijkheid om collageen en elastine in de huid te beschadigen, waardoor fijne lijntjes, rimpels, pigmentvlekken en zonverbranding ontstaan. Dagelijks gebruik van Obagi Sun Shield Matte Broad Spectrum SPF 50 kan deze schade helpen voorkomen, zodat u deze tekenen van veroudering tegengaat. De formule bevat fysische en chemische zonnefilters die beschermen tegen zowel [&hellip;]","og_url":"https:\/\/huidenlaserkliniekzeeland.nl\/en\/product\/sun-shield-matte-broadspectrum-spf-50\/","og_site_name":"Huidenlaserkliniekzeeland","article_modified_time":"2026-02-12T14:11:39+00:00","og_image":[{"width":559,"height":1024,"url":"https:\/\/huidenlaserkliniekzeeland.nl\/wp-content\/uploads\/2026\/02\/SunShield_MatteSPF50_TubeCarton_2018-559x1024.png","type":"image\/png"}],"twitter_card":"summary_large_image","twitter_misc":{"Est. reading time":"2 minutes"},"schema":{"@context":"https:\/\/schema.org","@graph":[{"@type":"WebPage","@id":"https:\/\/huidenlaserkliniekzeeland.nl\/product\/sun-shield-matte-broadspectrum-spf-50\/","url":"https:\/\/huidenlaserkliniekzeeland.nl\/product\/sun-shield-matte-broadspectrum-spf-50\/","name":"Sun Shield Matte Broadspectrum SPF 50 - Huidenlaserkliniekzeeland","isPartOf":{"@id":"https:\/\/huidenlaserkliniekzeeland.nl\/#website"},"primaryImageOfPage":{"@id":"https:\/\/huidenlaserkliniekzeeland.nl\/product\/sun-shield-matte-broadspectrum-spf-50\/#primaryimage"},"image":{"@id":"https:\/\/huidenlaserkliniekzeeland.nl\/product\/sun-shield-matte-broadspectrum-spf-50\/#primaryimage"},"thumbnailUrl":"https:\/\/huidenlaserkliniekzeeland.nl\/wp-content\/uploads\/2026\/02\/SunShield_MatteSPF50_TubeCarton_2018.png","datePublished":"2026-02-12T13:13:08+00:00","dateModified":"2026-02-12T14:11:39+00:00","breadcrumb":{"@id":"https:\/\/huidenlaserkliniekzeeland.nl\/product\/sun-shield-matte-broadspectrum-spf-50\/#breadcrumb"},"inLanguage":"en-US","potentialAction":[{"@type":"ReadAction","target":["https:\/\/huidenlaserkliniekzeeland.nl\/product\/sun-shield-matte-broadspectrum-spf-50\/"]}]},{"@type":"ImageObject","inLanguage":"en-US","@id":"https:\/\/huidenlaserkliniekzeeland.nl\/product\/sun-shield-matte-broadspectrum-spf-50\/#primaryimage","url":"https:\/\/huidenlaserkliniekzeeland.nl\/wp-content\/uploads\/2026\/02\/SunShield_MatteSPF50_TubeCarton_2018.png","contentUrl":"https:\/\/huidenlaserkliniekzeeland.nl\/wp-content\/uploads\/2026\/02\/SunShield_MatteSPF50_TubeCarton_2018.png","width":1800,"height":3300},{"@type":"BreadcrumbList","@id":"https:\/\/huidenlaserkliniekzeeland.nl\/product\/sun-shield-matte-broadspectrum-spf-50\/#breadcrumb","itemListElement":[{"@type":"ListItem","position":1,"name":"Home","item":"https:\/\/huidenlaserkliniekzeeland.nl\/"},{"@type":"ListItem","position":2,"name":"Shop","item":"https:\/\/huidenlaserkliniekzeeland.nl\/shop\/"},{"@type":"ListItem","position":3,"name":"Sun Shield Matte Broadspectrum SPF 50"}]},{"@type":"WebSite","@id":"https:\/\/huidenlaserkliniekzeeland.nl\/#website","url":"https:\/\/huidenlaserkliniekzeeland.nl\/","name":"Skin laser cliniczeeland","description":"Cosmetic surgery and skin therapy in Zeeland","publisher":{"@id":"https:\/\/huidenlaserkliniekzeeland.nl\/#organization"},"potentialAction":[{"@type":"SearchAction","target":{"@type":"EntryPoint","urlTemplate":"https:\/\/huidenlaserkliniekzeeland.nl\/?s={search_term_string}"},"query-input":{"@type":"PropertyValueSpecification","valueRequired":true,"valueName":"search_term_string"}}],"inLanguage":"en-US"},{"@type":"Organization","@id":"https:\/\/huidenlaserkliniekzeeland.nl\/#organization","name":"Contrainer","url":"https:\/\/huidenlaserkliniekzeeland.nl\/","logo":{"@type":"ImageObject","inLanguage":"en-US","@id":"https:\/\/huidenlaserkliniekzeeland.nl\/#\/schema\/logo\/image\/","url":"https:\/\/huidenlaserkliniekzeeland.nl\/wp-content\/uploads\/2023\/02\/Contrainer-logo-volledig.png","contentUrl":"https:\/\/huidenlaserkliniekzeeland.nl\/wp-content\/uploads\/2023\/02\/Contrainer-logo-volledig.png","width":1579,"height":493,"caption":"Contrainer"},"image":{"@id":"https:\/\/huidenlaserkliniekzeeland.nl\/#\/schema\/logo\/image\/"}}]}},"_links":{"self":[{"href":"https:\/\/huidenlaserkliniekzeeland.nl\/en\/wp-json\/wp\/v2\/product\/14759","targetHints":{"allow":["GET"]}}],"collection":[{"href":"https:\/\/huidenlaserkliniekzeeland.nl\/en\/wp-json\/wp\/v2\/product"}],"about":[{"href":"https:\/\/huidenlaserkliniekzeeland.nl\/en\/wp-json\/wp\/v2\/types\/product"}],"replies":[{"embeddable":true,"href":"https:\/\/huidenlaserkliniekzeeland.nl\/en\/wp-json\/wp\/v2\/comments?post=14759"}],"wp:featuredmedia":[{"embeddable":true,"href":"https:\/\/huidenlaserkliniekzeeland.nl\/en\/wp-json\/wp\/v2\/media\/14761"}],"wp:attachment":[{"href":"https:\/\/huidenlaserkliniekzeeland.nl\/en\/wp-json\/wp\/v2\/media?parent=14759"}],"wp:term":[{"taxonomy":"product_brand","embeddable":true,"href":"https:\/\/huidenlaserkliniekzeeland.nl\/en\/wp-json\/wp\/v2\/product_brand?post=14759"},{"taxonomy":"product_cat","embeddable":true,"href":"https:\/\/huidenlaserkliniekzeeland.nl\/en\/wp-json\/wp\/v2\/product_cat?post=14759"},{"taxonomy":"product_tag","embeddable":true,"href":"https:\/\/huidenlaserkliniekzeeland.nl\/en\/wp-json\/wp\/v2\/product_tag?post=14759"}],"curies":[{"name":"wp","href":"https:\/\/api.w.org\/{rel}","templated":true}]}}