{"id":14754,"date":"2026-02-12T12:38:45","date_gmt":"2026-02-12T11:38:45","guid":{"rendered":"https:\/\/huidenlaserkliniekzeeland.nl\/?post_type=product&#038;p=14754"},"modified":"2026-02-12T15:12:22","modified_gmt":"2026-02-12T14:12:22","slug":"clenziderm-md-therapeutic-lotion","status":"publish","type":"product","link":"https:\/\/huidenlaserkliniekzeeland.nl\/en\/product\/clenziderm-md-therapeutic-lotion\/","title":{"rendered":"CLENZIderm MD Therapeutic Lotion"},"content":{"rendered":"<p>Bacteri\u00ebn op het huidoppervlak en diep in de pori\u00ebn kunnen oneffenheden verergeren en puistjes veroorzaken. Obagi CLENZIderm Thrapeutic Lotion BPO 5% bevat benzoylperoxide, een bacterie bestrijdend ingredi\u00ebnt dat een gezonde, heldere huid bevordert en voorkomt dat puistjes terugkeren. BPO biedt ook lichte exfoliatie om vuil te verwijderen en om verstopte pori\u00ebn te voorkomen die de genezing van de huid belemmeren. Obagi CLENZIderm Therapeutic Lotion werkt als een vochtinbrengende cr\u00e8me om te voorkomen dat de huid droog, schilferig en ge\u00efrriteerd raakt. De hydraterende ingredi\u00ebnten houden de teint in evenwicht door overmatige talgproductie te voorkomen.<\/p>\n<p>\u00b7\u00a0\u00a0\u00a0\u00a0\u00a0\u00a0 Benzoylperoxide elimineert bacteri\u00ebn en zuivert pori\u00ebn.<\/p>\n<p>\u00b7\u00a0\u00a0\u00a0\u00a0\u00a0\u00a0 Squalane hydrateert en voedt de huid om uitdroging te voorkomen.<\/p>\n<p>\u00b7\u00a0\u00a0\u00a0\u00a0\u00a0\u00a0 De formule reinigt de huid en voorkomt dat acne terugkeert.<\/p>\n<p>&nbsp;<\/p>\n<p><strong>Hydrateer de teint en genees laesies in \u00e9\u00e9n stap met behulp van deze lotion.<\/strong><\/p>\n<p>&nbsp;<\/p>\n<p><u>Gebruiksaanwijzing:<\/u><\/p>\n<p>Bedek het aangedane gebied gelijkmatig met een dunne laag (1 pompje) en masseer goed in. Gebruik \u00e9\u00e9n tot driemaal daags. Laat het product opdrogen. Omdat extreme droogte van de huid kan ontstaan, bouw het gebruik van het product op. Start met eenmaal daags en bouw op naar tweemaal daags of driemaal daags als dit wordt geadviseerd door de behandelend therapeut. Als vervelende droogte of schilfering zich voordoet, reduceer het gebruik naar eenmaal daags of om de dag. Gebruik een zonnecr\u00e8me na het gebruik van dit product. Was de handen goed na het aanbrengen. BPO kan bleken op textiel.Huidirritatie kan zich voordoen, zoals; roodheid, brandend gevoel, jeuk, schilfering of mogelijk zwelling. Minder frequent gebruik kan ervoor zorgen dat de irritatie vermindert.<\/p>\n<p><u>\u00a0<\/u><u>Waarschuwing: <\/u><\/p>\n<p>Gebruik niet bij een zeer gevoelige huid of bij gevoeligheid voor BPO. Gebruik een zonnecr\u00e8me wanneer u naar buiten gaat en vermijd onnodige blootstelling aan de zon. Uitsluitend voor uitwendig gebruik. Buiten zicht van kinderen houden. Huidirritatie en droogte komt vaker voor bij gelijktijdig gebruik van een ander medicijn\/product tegen acne. Als irritatie voorkomt, gebruik dan \u00e9\u00e9n van de medicatie\/producten. Stop het gebruik als de irritatie ernstig wordt en raadpleeg de behandelend therapeut. Vermijd contact met de ogen, lippen en mond. Vermijd contact met haar en textiel, deze kunnen bleken door BPO. Houd buiten het bereik van kinderen. Bewaar het product op kamertemperatuur bij 15\u00b0C-25\u00b0C. Buiten direct zonlicht houden. Houd het product weg van warmtebronnen.<\/p>\n<p><em><u>Ingredi\u00ebnten:<\/u><\/em><\/p>\n<p><em><strong>Actief ingredi\u00ebnt:<\/strong><\/em><em>\u00a0\u200b<\/em>Benzoyl Peroxide 5% \u200b<em>\u200b<\/em><\/p>\n<p><em><strong>Inactieve ingredi\u00ebnten:<\/strong>\u00a0\u200b<\/em>Benzyl Benzoate\u200b,\u200b\u00a0BHT\u200b,\u200b\u00a0Dicaprylyl Ether\u200b,\u200b\u00a0Dimethyl Isosorbide\u200b,\u200b\u00a0Disodium EDTA\u200b,\u200b\u00a0Hydroxyethyl Acrylate\u200b,\u200b\u00a0Sodium Acryloyldimethyl Taurate Copolymer\u200b,\u200b\u00a0Phenoxyethanol\u200b,\u200b\u00a0Polysorbate 60\u200b,\u200b\u00a0Propylene Glycol\u200b,\u200b\u00a0Squalane\u200b,\u200b\u00a0Water (Aqua)\u200b.<\/p>","protected":false},"excerpt":{"rendered":"<p>Bacteri\u00ebn op het huidoppervlak en diep in de pori\u00ebn kunnen oneffenheden verergeren en puistjes veroorzaken. Obagi CLENZIderm Thrapeutic Lotion BPO 5% bevat benzoylperoxide, een bacterie bestrijdend ingredi\u00ebnt dat een gezonde, heldere huid bevordert en voorkomt dat puistjes terugkeren. BPO biedt ook lichte exfoliatie om vuil te verwijderen en om verstopte pori\u00ebn te voorkomen die de [&hellip;]<\/p>\n","protected":false},"featured_media":14755,"comment_status":"open","ping_status":"closed","template":"","meta":[],"product_brand":[82],"product_cat":[55],"product_tag":[],"class_list":{"0":"post-14754","1":"product","2":"type-product","3":"status-publish","4":"has-post-thumbnail","6":"product_brand-obagi","7":"product_cat-uncategorized","9":"first","10":"instock","11":"shipping-taxable","12":"purchasable","13":"product-type-simple"},"yoast_head":"<!-- This site is optimized with the Yoast SEO Premium plugin v27.0 (Yoast SEO v27.2) - https:\/\/yoast.com\/product\/yoast-seo-premium-wordpress\/ -->\n<title>CLENZIderm MD Therapeutic Lotion - Huidenlaserkliniekzeeland<\/title>\n<meta name=\"robots\" content=\"index, follow, max-snippet:-1, max-image-preview:large, max-video-preview:-1\" \/>\n<link rel=\"canonical\" href=\"https:\/\/huidenlaserkliniekzeeland.nl\/en\/product\/clenziderm-md-therapeutic-lotion\/\" \/>\n<meta property=\"og:locale\" content=\"en_US\" \/>\n<meta property=\"og:type\" content=\"article\" \/>\n<meta property=\"og:title\" content=\"CLENZIderm MD Therapeutic Lotion\" \/>\n<meta property=\"og:description\" content=\"Bacteri\u00ebn op het huidoppervlak en diep in de pori\u00ebn kunnen oneffenheden verergeren en puistjes veroorzaken. Obagi CLENZIderm Thrapeutic Lotion BPO 5% bevat benzoylperoxide, een bacterie bestrijdend ingredi\u00ebnt dat een gezonde, heldere huid bevordert en voorkomt dat puistjes terugkeren. BPO biedt ook lichte exfoliatie om vuil te verwijderen en om verstopte pori\u00ebn te voorkomen die de [&hellip;]\" \/>\n<meta property=\"og:url\" content=\"https:\/\/huidenlaserkliniekzeeland.nl\/en\/product\/clenziderm-md-therapeutic-lotion\/\" \/>\n<meta property=\"og:site_name\" content=\"Huidenlaserkliniekzeeland\" \/>\n<meta property=\"article:modified_time\" content=\"2026-02-12T14:12:22+00:00\" \/>\n<meta property=\"og:image\" content=\"https:\/\/huidenlaserkliniekzeeland.nl\/wp-content\/uploads\/2026\/02\/CLENZIderm_TherapeuticLotion_20141-683x1024.png\" \/>\n\t<meta property=\"og:image:width\" content=\"683\" \/>\n\t<meta property=\"og:image:height\" content=\"1024\" \/>\n\t<meta property=\"og:image:type\" content=\"image\/png\" \/>\n<meta name=\"twitter:card\" content=\"summary_large_image\" \/>\n<meta name=\"twitter:label1\" content=\"Est. reading time\" \/>\n\t<meta name=\"twitter:data1\" content=\"3 minutes\" \/>\n<script type=\"application\/ld+json\" class=\"yoast-schema-graph\">{\"@context\":\"https:\/\/schema.org\",\"@graph\":[{\"@type\":\"WebPage\",\"@id\":\"https:\/\/huidenlaserkliniekzeeland.nl\/product\/clenziderm-md-therapeutic-lotion\/\",\"url\":\"https:\/\/huidenlaserkliniekzeeland.nl\/product\/clenziderm-md-therapeutic-lotion\/\",\"name\":\"CLENZIderm MD Therapeutic Lotion - Huidenlaserkliniekzeeland\",\"isPartOf\":{\"@id\":\"https:\/\/huidenlaserkliniekzeeland.nl\/#website\"},\"primaryImageOfPage\":{\"@id\":\"https:\/\/huidenlaserkliniekzeeland.nl\/product\/clenziderm-md-therapeutic-lotion\/#primaryimage\"},\"image\":{\"@id\":\"https:\/\/huidenlaserkliniekzeeland.nl\/product\/clenziderm-md-therapeutic-lotion\/#primaryimage\"},\"thumbnailUrl\":\"https:\/\/huidenlaserkliniekzeeland.nl\/wp-content\/uploads\/2026\/02\/CLENZIderm_TherapeuticLotion_20141.png\",\"datePublished\":\"2026-02-12T11:38:45+00:00\",\"dateModified\":\"2026-02-12T14:12:22+00:00\",\"breadcrumb\":{\"@id\":\"https:\/\/huidenlaserkliniekzeeland.nl\/product\/clenziderm-md-therapeutic-lotion\/#breadcrumb\"},\"inLanguage\":\"en-US\",\"potentialAction\":[{\"@type\":\"ReadAction\",\"target\":[\"https:\/\/huidenlaserkliniekzeeland.nl\/product\/clenziderm-md-therapeutic-lotion\/\"]}]},{\"@type\":\"ImageObject\",\"inLanguage\":\"en-US\",\"@id\":\"https:\/\/huidenlaserkliniekzeeland.nl\/product\/clenziderm-md-therapeutic-lotion\/#primaryimage\",\"url\":\"https:\/\/huidenlaserkliniekzeeland.nl\/wp-content\/uploads\/2026\/02\/CLENZIderm_TherapeuticLotion_20141.png\",\"contentUrl\":\"https:\/\/huidenlaserkliniekzeeland.nl\/wp-content\/uploads\/2026\/02\/CLENZIderm_TherapeuticLotion_20141.png\",\"width\":3744,\"height\":5616},{\"@type\":\"BreadcrumbList\",\"@id\":\"https:\/\/huidenlaserkliniekzeeland.nl\/product\/clenziderm-md-therapeutic-lotion\/#breadcrumb\",\"itemListElement\":[{\"@type\":\"ListItem\",\"position\":1,\"name\":\"Home\",\"item\":\"https:\/\/huidenlaserkliniekzeeland.nl\/\"},{\"@type\":\"ListItem\",\"position\":2,\"name\":\"Shop\",\"item\":\"https:\/\/huidenlaserkliniekzeeland.nl\/shop\/\"},{\"@type\":\"ListItem\",\"position\":3,\"name\":\"CLENZIderm MD Therapeutic Lotion\"}]},{\"@type\":\"WebSite\",\"@id\":\"https:\/\/huidenlaserkliniekzeeland.nl\/#website\",\"url\":\"https:\/\/huidenlaserkliniekzeeland.nl\/\",\"name\":\"Huidenlaserkliniekzeeland\",\"description\":\"Cosmetische chirurgie en huidtherapie in Zeeland\",\"publisher\":{\"@id\":\"https:\/\/huidenlaserkliniekzeeland.nl\/#organization\"},\"potentialAction\":[{\"@type\":\"SearchAction\",\"target\":{\"@type\":\"EntryPoint\",\"urlTemplate\":\"https:\/\/huidenlaserkliniekzeeland.nl\/?s={search_term_string}\"},\"query-input\":{\"@type\":\"PropertyValueSpecification\",\"valueRequired\":true,\"valueName\":\"search_term_string\"}}],\"inLanguage\":\"en-US\"},{\"@type\":\"Organization\",\"@id\":\"https:\/\/huidenlaserkliniekzeeland.nl\/#organization\",\"name\":\"Contrainer\",\"url\":\"https:\/\/huidenlaserkliniekzeeland.nl\/\",\"logo\":{\"@type\":\"ImageObject\",\"inLanguage\":\"en-US\",\"@id\":\"https:\/\/huidenlaserkliniekzeeland.nl\/#\/schema\/logo\/image\/\",\"url\":\"https:\/\/huidenlaserkliniekzeeland.nl\/wp-content\/uploads\/2023\/02\/Contrainer-logo-volledig.png\",\"contentUrl\":\"https:\/\/huidenlaserkliniekzeeland.nl\/wp-content\/uploads\/2023\/02\/Contrainer-logo-volledig.png\",\"width\":1579,\"height\":493,\"caption\":\"Contrainer\"},\"image\":{\"@id\":\"https:\/\/huidenlaserkliniekzeeland.nl\/#\/schema\/logo\/image\/\"}}]}<\/script>\n<!-- \/ Yoast SEO Premium plugin. -->","yoast_head_json":{"title":"CLENZIderm MD Therapeutic Lotion - Huidenlaserkliniekzeeland","robots":{"index":"index","follow":"follow","max-snippet":"max-snippet:-1","max-image-preview":"max-image-preview:large","max-video-preview":"max-video-preview:-1"},"canonical":"https:\/\/huidenlaserkliniekzeeland.nl\/en\/product\/clenziderm-md-therapeutic-lotion\/","og_locale":"en_US","og_type":"article","og_title":"CLENZIderm MD Therapeutic Lotion","og_description":"Bacteri\u00ebn op het huidoppervlak en diep in de pori\u00ebn kunnen oneffenheden verergeren en puistjes veroorzaken. Obagi CLENZIderm Thrapeutic Lotion BPO 5% bevat benzoylperoxide, een bacterie bestrijdend ingredi\u00ebnt dat een gezonde, heldere huid bevordert en voorkomt dat puistjes terugkeren. BPO biedt ook lichte exfoliatie om vuil te verwijderen en om verstopte pori\u00ebn te voorkomen die de [&hellip;]","og_url":"https:\/\/huidenlaserkliniekzeeland.nl\/en\/product\/clenziderm-md-therapeutic-lotion\/","og_site_name":"Huidenlaserkliniekzeeland","article_modified_time":"2026-02-12T14:12:22+00:00","og_image":[{"width":683,"height":1024,"url":"https:\/\/huidenlaserkliniekzeeland.nl\/wp-content\/uploads\/2026\/02\/CLENZIderm_TherapeuticLotion_20141-683x1024.png","type":"image\/png"}],"twitter_card":"summary_large_image","twitter_misc":{"Est. reading time":"3 minutes"},"schema":{"@context":"https:\/\/schema.org","@graph":[{"@type":"WebPage","@id":"https:\/\/huidenlaserkliniekzeeland.nl\/product\/clenziderm-md-therapeutic-lotion\/","url":"https:\/\/huidenlaserkliniekzeeland.nl\/product\/clenziderm-md-therapeutic-lotion\/","name":"CLENZIderm MD Therapeutic Lotion - Huidenlaserkliniekzeeland","isPartOf":{"@id":"https:\/\/huidenlaserkliniekzeeland.nl\/#website"},"primaryImageOfPage":{"@id":"https:\/\/huidenlaserkliniekzeeland.nl\/product\/clenziderm-md-therapeutic-lotion\/#primaryimage"},"image":{"@id":"https:\/\/huidenlaserkliniekzeeland.nl\/product\/clenziderm-md-therapeutic-lotion\/#primaryimage"},"thumbnailUrl":"https:\/\/huidenlaserkliniekzeeland.nl\/wp-content\/uploads\/2026\/02\/CLENZIderm_TherapeuticLotion_20141.png","datePublished":"2026-02-12T11:38:45+00:00","dateModified":"2026-02-12T14:12:22+00:00","breadcrumb":{"@id":"https:\/\/huidenlaserkliniekzeeland.nl\/product\/clenziderm-md-therapeutic-lotion\/#breadcrumb"},"inLanguage":"en-US","potentialAction":[{"@type":"ReadAction","target":["https:\/\/huidenlaserkliniekzeeland.nl\/product\/clenziderm-md-therapeutic-lotion\/"]}]},{"@type":"ImageObject","inLanguage":"en-US","@id":"https:\/\/huidenlaserkliniekzeeland.nl\/product\/clenziderm-md-therapeutic-lotion\/#primaryimage","url":"https:\/\/huidenlaserkliniekzeeland.nl\/wp-content\/uploads\/2026\/02\/CLENZIderm_TherapeuticLotion_20141.png","contentUrl":"https:\/\/huidenlaserkliniekzeeland.nl\/wp-content\/uploads\/2026\/02\/CLENZIderm_TherapeuticLotion_20141.png","width":3744,"height":5616},{"@type":"BreadcrumbList","@id":"https:\/\/huidenlaserkliniekzeeland.nl\/product\/clenziderm-md-therapeutic-lotion\/#breadcrumb","itemListElement":[{"@type":"ListItem","position":1,"name":"Home","item":"https:\/\/huidenlaserkliniekzeeland.nl\/"},{"@type":"ListItem","position":2,"name":"Shop","item":"https:\/\/huidenlaserkliniekzeeland.nl\/shop\/"},{"@type":"ListItem","position":3,"name":"CLENZIderm MD Therapeutic Lotion"}]},{"@type":"WebSite","@id":"https:\/\/huidenlaserkliniekzeeland.nl\/#website","url":"https:\/\/huidenlaserkliniekzeeland.nl\/","name":"Skin laser cliniczeeland","description":"Cosmetic surgery and skin therapy in Zeeland","publisher":{"@id":"https:\/\/huidenlaserkliniekzeeland.nl\/#organization"},"potentialAction":[{"@type":"SearchAction","target":{"@type":"EntryPoint","urlTemplate":"https:\/\/huidenlaserkliniekzeeland.nl\/?s={search_term_string}"},"query-input":{"@type":"PropertyValueSpecification","valueRequired":true,"valueName":"search_term_string"}}],"inLanguage":"en-US"},{"@type":"Organization","@id":"https:\/\/huidenlaserkliniekzeeland.nl\/#organization","name":"Contrainer","url":"https:\/\/huidenlaserkliniekzeeland.nl\/","logo":{"@type":"ImageObject","inLanguage":"en-US","@id":"https:\/\/huidenlaserkliniekzeeland.nl\/#\/schema\/logo\/image\/","url":"https:\/\/huidenlaserkliniekzeeland.nl\/wp-content\/uploads\/2023\/02\/Contrainer-logo-volledig.png","contentUrl":"https:\/\/huidenlaserkliniekzeeland.nl\/wp-content\/uploads\/2023\/02\/Contrainer-logo-volledig.png","width":1579,"height":493,"caption":"Contrainer"},"image":{"@id":"https:\/\/huidenlaserkliniekzeeland.nl\/#\/schema\/logo\/image\/"}}]}},"_links":{"self":[{"href":"https:\/\/huidenlaserkliniekzeeland.nl\/en\/wp-json\/wp\/v2\/product\/14754","targetHints":{"allow":["GET"]}}],"collection":[{"href":"https:\/\/huidenlaserkliniekzeeland.nl\/en\/wp-json\/wp\/v2\/product"}],"about":[{"href":"https:\/\/huidenlaserkliniekzeeland.nl\/en\/wp-json\/wp\/v2\/types\/product"}],"replies":[{"embeddable":true,"href":"https:\/\/huidenlaserkliniekzeeland.nl\/en\/wp-json\/wp\/v2\/comments?post=14754"}],"wp:featuredmedia":[{"embeddable":true,"href":"https:\/\/huidenlaserkliniekzeeland.nl\/en\/wp-json\/wp\/v2\/media\/14755"}],"wp:attachment":[{"href":"https:\/\/huidenlaserkliniekzeeland.nl\/en\/wp-json\/wp\/v2\/media?parent=14754"}],"wp:term":[{"taxonomy":"product_brand","embeddable":true,"href":"https:\/\/huidenlaserkliniekzeeland.nl\/en\/wp-json\/wp\/v2\/product_brand?post=14754"},{"taxonomy":"product_cat","embeddable":true,"href":"https:\/\/huidenlaserkliniekzeeland.nl\/en\/wp-json\/wp\/v2\/product_cat?post=14754"},{"taxonomy":"product_tag","embeddable":true,"href":"https:\/\/huidenlaserkliniekzeeland.nl\/en\/wp-json\/wp\/v2\/product_tag?post=14754"}],"curies":[{"name":"wp","href":"https:\/\/api.w.org\/{rel}","templated":true}]}}