{"id":12423,"date":"2023-06-23T09:38:18","date_gmt":"2023-06-23T07:38:18","guid":{"rendered":"https:\/\/huidenlaserkliniekzeeland.nl\/?post_type=product&#038;p=12423"},"modified":"2026-02-09T17:27:17","modified_gmt":"2026-02-09T16:27:17","slug":"hyalusome-dagcreme-spf-50","status":"publish","type":"product","link":"https:\/\/huidenlaserkliniekzeeland.nl\/en\/product\/hyalusome-dagcreme-spf-50\/","title":{"rendered":"Hyalusome Dagcr\u00e8me SPF 50+"},"content":{"rendered":"<p><strong>Waarom kiezen voor Hyalusome Dagcr\u00e8me SPF 50+<\/strong><br \/>\nDe Hyalusome Dagcr\u00e8me met SPF 50 is een lichte, parfumvrije anti-aging-gezichtsverzorging met een hoge UV-beschermingsfactor en hyaluronzuur. Deze voorkomt beschadiging van de huid en pigmentvlekken veroorzaakt door het licht. Een hydraterend complex heeft een intensief hydraterend effect, panthenol en alo\u00eb vera kalmeren de huid. Voor een ontspannen en strakker uitziende huid iedere dag.<\/p>\n<p><strong>Gebruik<\/strong><br \/>\nBreng Hyalusome dagcr\u00e8me met SPF 50 \u2018s ochtends na de reiniging gelijkmatig aan op gezicht, hals en decollet\u00e9. De oogzone niet aanraken.<\/p>\n<p><strong>Ingredi\u00ebnten<\/strong><span style=\"font-size: 16px;\"><br \/>\nAQUA, DICAPRYLYL CARBONATE, DICAPRYLYL ETHER, GLYCERIN, ETHYLHEXYL TRIAZONE, UNDECANE, PANTHENOL, BUTYL METHOXYDIBENZOYLMETHANE, ALUMINUM STARCH OCTENYLSUCCINATE, BIS-ETHYLHEXYLOXYPHENOL METHOXYPHENYL TRIAZINE, POLYGLYCERYL-6 BEHENATE, POLYGLYCERYL-6 STEARATE, AMMONIUM ACRYLOYLDIMETHYLTAURATE\/VP COPOLYMER, DIETHYLHEXYL BUTAMIDO TRIAZONE, ETHYLHEXYL STEARATE, SODIUM STEAROYL GLUTAMATE, SODIUM HYALURONATE, TRIDECANE, PHENYLBENZIMIDAZOLE SULFONIC ACID, BUTYROSPERMUM PARKII BUTTER, TRIS-BIPHENYL TRIAZINE (NANO), ECTOIN, CETEARYL ALCOHOL, GLYCERYL STEARATE, PHENOXYETHANOL, TOCOPHERYL ACETATE, UBIQUINONE, ACRYLATES\/C10-30 ALKYL ACRYLATE CROSSPOLYMER, SODIUM HYDROXIDE, DECYLENE GLYCOL, DECYL GLUCOSIDE, PIROCTONE OLAMINE, ALOE BARBADENSIS LEAF JUICE POWDER, BUTYLENE GLYCOL, DISODIUM PHOSPHATE, TITANIUM DIOXIDE, XANTHAN GUM, SILVER CHLORIDE, CAPRYLYL GLYCOL, ACETYL HEXAPEPTIDE-8, DIETHYLHEXYL SODIUM SULFOSUCCINATE, PROPYLENE GLYCOL<br \/>\n<\/span><\/p>","protected":false},"excerpt":{"rendered":"<p>Waarom kiezen voor Hyalusome Dagcr\u00e8me SPF 50+ De Hyalusome Dagcr\u00e8me met SPF 50 is een lichte, parfumvrije anti-aging-gezichtsverzorging met een hoge UV-beschermingsfactor en hyaluronzuur. Deze voorkomt beschadiging van de huid en pigmentvlekken veroorzaakt door het licht. Een hydraterend complex heeft een intensief hydraterend effect, panthenol en alo\u00eb vera kalmeren de huid. Voor een ontspannen en [&hellip;]<\/p>\n","protected":false},"featured_media":12466,"comment_status":"open","ping_status":"closed","template":"","meta":[],"product_brand":[80],"product_cat":[62,56,60],"product_tag":[],"class_list":{"0":"post-12423","1":"product","2":"type-product","3":"status-publish","4":"has-post-thumbnail","6":"product_brand-dermasence","7":"product_cat-dag-en-nachtverzorging","8":"product_cat-dermasence","9":"product_cat-gezicht","11":"first","12":"instock","13":"shipping-taxable","14":"purchasable","15":"product-type-simple"},"yoast_head":"<!-- This site is optimized with the Yoast SEO Premium plugin v27.0 (Yoast SEO v27.2) - https:\/\/yoast.com\/product\/yoast-seo-premium-wordpress\/ -->\n<title>Hyalusome Dagcr\u00e8me SPF 50+ - Huidenlaserkliniekzeeland<\/title>\n<meta name=\"robots\" content=\"index, follow, max-snippet:-1, max-image-preview:large, max-video-preview:-1\" \/>\n<link rel=\"canonical\" href=\"https:\/\/huidenlaserkliniekzeeland.nl\/en\/product\/hyalusome-dagcreme-spf-50\/\" \/>\n<meta property=\"og:locale\" content=\"en_US\" \/>\n<meta property=\"og:type\" content=\"article\" \/>\n<meta property=\"og:title\" content=\"Hyalusome Dagcr\u00e8me SPF 50+\" \/>\n<meta property=\"og:description\" content=\"Waarom kiezen voor Hyalusome Dagcr\u00e8me SPF 50+ De Hyalusome Dagcr\u00e8me met SPF 50 is een lichte, parfumvrije anti-aging-gezichtsverzorging met een hoge UV-beschermingsfactor en hyaluronzuur. Deze voorkomt beschadiging van de huid en pigmentvlekken veroorzaakt door het licht. Een hydraterend complex heeft een intensief hydraterend effect, panthenol en alo\u00eb vera kalmeren de huid. Voor een ontspannen en [&hellip;]\" \/>\n<meta property=\"og:url\" content=\"https:\/\/huidenlaserkliniekzeeland.nl\/en\/product\/hyalusome-dagcreme-spf-50\/\" \/>\n<meta property=\"og:site_name\" content=\"Huidenlaserkliniekzeeland\" \/>\n<meta property=\"article:modified_time\" content=\"2026-02-09T16:27:17+00:00\" \/>\n<meta property=\"og:image\" content=\"https:\/\/huidenlaserkliniekzeeland.nl\/wp-content\/uploads\/2023\/06\/dermasence-dermasence-hyalusome-dagcreme-spf-50-50.jpg.png\" \/>\n\t<meta property=\"og:image:width\" content=\"800\" \/>\n\t<meta property=\"og:image:height\" content=\"800\" \/>\n\t<meta property=\"og:image:type\" content=\"image\/png\" \/>\n<meta name=\"twitter:card\" content=\"summary_large_image\" \/>\n<meta name=\"twitter:label1\" content=\"Est. reading time\" \/>\n\t<meta name=\"twitter:data1\" content=\"1 minute\" \/>\n<script type=\"application\/ld+json\" class=\"yoast-schema-graph\">{\"@context\":\"https:\/\/schema.org\",\"@graph\":[{\"@type\":\"WebPage\",\"@id\":\"https:\/\/huidenlaserkliniekzeeland.nl\/product\/hyalusome-dagcreme-spf-50\/\",\"url\":\"https:\/\/huidenlaserkliniekzeeland.nl\/product\/hyalusome-dagcreme-spf-50\/\",\"name\":\"Hyalusome Dagcr\u00e8me SPF 50+ - Huidenlaserkliniekzeeland\",\"isPartOf\":{\"@id\":\"https:\/\/huidenlaserkliniekzeeland.nl\/#website\"},\"primaryImageOfPage\":{\"@id\":\"https:\/\/huidenlaserkliniekzeeland.nl\/product\/hyalusome-dagcreme-spf-50\/#primaryimage\"},\"image\":{\"@id\":\"https:\/\/huidenlaserkliniekzeeland.nl\/product\/hyalusome-dagcreme-spf-50\/#primaryimage\"},\"thumbnailUrl\":\"https:\/\/huidenlaserkliniekzeeland.nl\/wp-content\/uploads\/2023\/06\/dermasence-dermasence-hyalusome-dagcreme-spf-50-50.jpg.png\",\"datePublished\":\"2023-06-23T07:38:18+00:00\",\"dateModified\":\"2026-02-09T16:27:17+00:00\",\"breadcrumb\":{\"@id\":\"https:\/\/huidenlaserkliniekzeeland.nl\/product\/hyalusome-dagcreme-spf-50\/#breadcrumb\"},\"inLanguage\":\"en-US\",\"potentialAction\":[{\"@type\":\"ReadAction\",\"target\":[\"https:\/\/huidenlaserkliniekzeeland.nl\/product\/hyalusome-dagcreme-spf-50\/\"]}]},{\"@type\":\"ImageObject\",\"inLanguage\":\"en-US\",\"@id\":\"https:\/\/huidenlaserkliniekzeeland.nl\/product\/hyalusome-dagcreme-spf-50\/#primaryimage\",\"url\":\"https:\/\/huidenlaserkliniekzeeland.nl\/wp-content\/uploads\/2023\/06\/dermasence-dermasence-hyalusome-dagcreme-spf-50-50.jpg.png\",\"contentUrl\":\"https:\/\/huidenlaserkliniekzeeland.nl\/wp-content\/uploads\/2023\/06\/dermasence-dermasence-hyalusome-dagcreme-spf-50-50.jpg.png\",\"width\":800,\"height\":800},{\"@type\":\"BreadcrumbList\",\"@id\":\"https:\/\/huidenlaserkliniekzeeland.nl\/product\/hyalusome-dagcreme-spf-50\/#breadcrumb\",\"itemListElement\":[{\"@type\":\"ListItem\",\"position\":1,\"name\":\"Home\",\"item\":\"https:\/\/huidenlaserkliniekzeeland.nl\/\"},{\"@type\":\"ListItem\",\"position\":2,\"name\":\"Shop\",\"item\":\"https:\/\/huidenlaserkliniekzeeland.nl\/shop\/\"},{\"@type\":\"ListItem\",\"position\":3,\"name\":\"Hyalusome Dagcr\u00e8me SPF 50+\"}]},{\"@type\":\"WebSite\",\"@id\":\"https:\/\/huidenlaserkliniekzeeland.nl\/#website\",\"url\":\"https:\/\/huidenlaserkliniekzeeland.nl\/\",\"name\":\"Huidenlaserkliniekzeeland\",\"description\":\"Cosmetische chirurgie en huidtherapie in Zeeland\",\"publisher\":{\"@id\":\"https:\/\/huidenlaserkliniekzeeland.nl\/#organization\"},\"potentialAction\":[{\"@type\":\"SearchAction\",\"target\":{\"@type\":\"EntryPoint\",\"urlTemplate\":\"https:\/\/huidenlaserkliniekzeeland.nl\/?s={search_term_string}\"},\"query-input\":{\"@type\":\"PropertyValueSpecification\",\"valueRequired\":true,\"valueName\":\"search_term_string\"}}],\"inLanguage\":\"en-US\"},{\"@type\":\"Organization\",\"@id\":\"https:\/\/huidenlaserkliniekzeeland.nl\/#organization\",\"name\":\"Contrainer\",\"url\":\"https:\/\/huidenlaserkliniekzeeland.nl\/\",\"logo\":{\"@type\":\"ImageObject\",\"inLanguage\":\"en-US\",\"@id\":\"https:\/\/huidenlaserkliniekzeeland.nl\/#\/schema\/logo\/image\/\",\"url\":\"https:\/\/huidenlaserkliniekzeeland.nl\/wp-content\/uploads\/2023\/02\/Contrainer-logo-volledig.png\",\"contentUrl\":\"https:\/\/huidenlaserkliniekzeeland.nl\/wp-content\/uploads\/2023\/02\/Contrainer-logo-volledig.png\",\"width\":1579,\"height\":493,\"caption\":\"Contrainer\"},\"image\":{\"@id\":\"https:\/\/huidenlaserkliniekzeeland.nl\/#\/schema\/logo\/image\/\"}}]}<\/script>\n<!-- \/ Yoast SEO Premium plugin. -->","yoast_head_json":{"title":"Hyalusome Dagcr\u00e8me SPF 50+ - Huidenlaserkliniekzeeland","robots":{"index":"index","follow":"follow","max-snippet":"max-snippet:-1","max-image-preview":"max-image-preview:large","max-video-preview":"max-video-preview:-1"},"canonical":"https:\/\/huidenlaserkliniekzeeland.nl\/en\/product\/hyalusome-dagcreme-spf-50\/","og_locale":"en_US","og_type":"article","og_title":"Hyalusome Dagcr\u00e8me SPF 50+","og_description":"Waarom kiezen voor Hyalusome Dagcr\u00e8me SPF 50+ De Hyalusome Dagcr\u00e8me met SPF 50 is een lichte, parfumvrije anti-aging-gezichtsverzorging met een hoge UV-beschermingsfactor en hyaluronzuur. Deze voorkomt beschadiging van de huid en pigmentvlekken veroorzaakt door het licht. Een hydraterend complex heeft een intensief hydraterend effect, panthenol en alo\u00eb vera kalmeren de huid. Voor een ontspannen en [&hellip;]","og_url":"https:\/\/huidenlaserkliniekzeeland.nl\/en\/product\/hyalusome-dagcreme-spf-50\/","og_site_name":"Huidenlaserkliniekzeeland","article_modified_time":"2026-02-09T16:27:17+00:00","og_image":[{"width":800,"height":800,"url":"https:\/\/huidenlaserkliniekzeeland.nl\/wp-content\/uploads\/2023\/06\/dermasence-dermasence-hyalusome-dagcreme-spf-50-50.jpg.png","type":"image\/png"}],"twitter_card":"summary_large_image","twitter_misc":{"Est. reading time":"1 minute"},"schema":{"@context":"https:\/\/schema.org","@graph":[{"@type":"WebPage","@id":"https:\/\/huidenlaserkliniekzeeland.nl\/product\/hyalusome-dagcreme-spf-50\/","url":"https:\/\/huidenlaserkliniekzeeland.nl\/product\/hyalusome-dagcreme-spf-50\/","name":"Hyalusome Dagcr\u00e8me SPF 50+ - Huidenlaserkliniekzeeland","isPartOf":{"@id":"https:\/\/huidenlaserkliniekzeeland.nl\/#website"},"primaryImageOfPage":{"@id":"https:\/\/huidenlaserkliniekzeeland.nl\/product\/hyalusome-dagcreme-spf-50\/#primaryimage"},"image":{"@id":"https:\/\/huidenlaserkliniekzeeland.nl\/product\/hyalusome-dagcreme-spf-50\/#primaryimage"},"thumbnailUrl":"https:\/\/huidenlaserkliniekzeeland.nl\/wp-content\/uploads\/2023\/06\/dermasence-dermasence-hyalusome-dagcreme-spf-50-50.jpg.png","datePublished":"2023-06-23T07:38:18+00:00","dateModified":"2026-02-09T16:27:17+00:00","breadcrumb":{"@id":"https:\/\/huidenlaserkliniekzeeland.nl\/product\/hyalusome-dagcreme-spf-50\/#breadcrumb"},"inLanguage":"en-US","potentialAction":[{"@type":"ReadAction","target":["https:\/\/huidenlaserkliniekzeeland.nl\/product\/hyalusome-dagcreme-spf-50\/"]}]},{"@type":"ImageObject","inLanguage":"en-US","@id":"https:\/\/huidenlaserkliniekzeeland.nl\/product\/hyalusome-dagcreme-spf-50\/#primaryimage","url":"https:\/\/huidenlaserkliniekzeeland.nl\/wp-content\/uploads\/2023\/06\/dermasence-dermasence-hyalusome-dagcreme-spf-50-50.jpg.png","contentUrl":"https:\/\/huidenlaserkliniekzeeland.nl\/wp-content\/uploads\/2023\/06\/dermasence-dermasence-hyalusome-dagcreme-spf-50-50.jpg.png","width":800,"height":800},{"@type":"BreadcrumbList","@id":"https:\/\/huidenlaserkliniekzeeland.nl\/product\/hyalusome-dagcreme-spf-50\/#breadcrumb","itemListElement":[{"@type":"ListItem","position":1,"name":"Home","item":"https:\/\/huidenlaserkliniekzeeland.nl\/"},{"@type":"ListItem","position":2,"name":"Shop","item":"https:\/\/huidenlaserkliniekzeeland.nl\/shop\/"},{"@type":"ListItem","position":3,"name":"Hyalusome Dagcr\u00e8me SPF 50+"}]},{"@type":"WebSite","@id":"https:\/\/huidenlaserkliniekzeeland.nl\/#website","url":"https:\/\/huidenlaserkliniekzeeland.nl\/","name":"Skin laser cliniczeeland","description":"Cosmetic surgery and skin therapy in Zeeland","publisher":{"@id":"https:\/\/huidenlaserkliniekzeeland.nl\/#organization"},"potentialAction":[{"@type":"SearchAction","target":{"@type":"EntryPoint","urlTemplate":"https:\/\/huidenlaserkliniekzeeland.nl\/?s={search_term_string}"},"query-input":{"@type":"PropertyValueSpecification","valueRequired":true,"valueName":"search_term_string"}}],"inLanguage":"en-US"},{"@type":"Organization","@id":"https:\/\/huidenlaserkliniekzeeland.nl\/#organization","name":"Contrainer","url":"https:\/\/huidenlaserkliniekzeeland.nl\/","logo":{"@type":"ImageObject","inLanguage":"en-US","@id":"https:\/\/huidenlaserkliniekzeeland.nl\/#\/schema\/logo\/image\/","url":"https:\/\/huidenlaserkliniekzeeland.nl\/wp-content\/uploads\/2023\/02\/Contrainer-logo-volledig.png","contentUrl":"https:\/\/huidenlaserkliniekzeeland.nl\/wp-content\/uploads\/2023\/02\/Contrainer-logo-volledig.png","width":1579,"height":493,"caption":"Contrainer"},"image":{"@id":"https:\/\/huidenlaserkliniekzeeland.nl\/#\/schema\/logo\/image\/"}}]}},"_links":{"self":[{"href":"https:\/\/huidenlaserkliniekzeeland.nl\/en\/wp-json\/wp\/v2\/product\/12423","targetHints":{"allow":["GET"]}}],"collection":[{"href":"https:\/\/huidenlaserkliniekzeeland.nl\/en\/wp-json\/wp\/v2\/product"}],"about":[{"href":"https:\/\/huidenlaserkliniekzeeland.nl\/en\/wp-json\/wp\/v2\/types\/product"}],"replies":[{"embeddable":true,"href":"https:\/\/huidenlaserkliniekzeeland.nl\/en\/wp-json\/wp\/v2\/comments?post=12423"}],"wp:featuredmedia":[{"embeddable":true,"href":"https:\/\/huidenlaserkliniekzeeland.nl\/en\/wp-json\/wp\/v2\/media\/12466"}],"wp:attachment":[{"href":"https:\/\/huidenlaserkliniekzeeland.nl\/en\/wp-json\/wp\/v2\/media?parent=12423"}],"wp:term":[{"taxonomy":"product_brand","embeddable":true,"href":"https:\/\/huidenlaserkliniekzeeland.nl\/en\/wp-json\/wp\/v2\/product_brand?post=12423"},{"taxonomy":"product_cat","embeddable":true,"href":"https:\/\/huidenlaserkliniekzeeland.nl\/en\/wp-json\/wp\/v2\/product_cat?post=12423"},{"taxonomy":"product_tag","embeddable":true,"href":"https:\/\/huidenlaserkliniekzeeland.nl\/en\/wp-json\/wp\/v2\/product_tag?post=12423"}],"curies":[{"name":"wp","href":"https:\/\/api.w.org\/{rel}","templated":true}]}}