{"id":12323,"date":"2023-06-23T09:37:29","date_gmt":"2023-06-23T07:37:29","guid":{"rendered":"https:\/\/huidenlaserkliniekzeeland.nl\/?post_type=product&#038;p=12323"},"modified":"2026-02-09T17:27:17","modified_gmt":"2026-02-09T16:27:17","slug":"seborra-serum","status":"publish","type":"product","link":"https:\/\/huidenlaserkliniekzeeland.nl\/en\/product\/seborra-serum\/","title":{"rendered":"Seborra Serum"},"content":{"rendered":"<p><strong>Waarom kiezen voor Seborra Serum<\/strong><br \/>\nHet zuiverende Seborra Serum met Wede is speciaal ontwikkeld voor een onzuivere en tot acne neigende huid. Tijdens de nacht gaat het de 4 hoofdsymptomen van acne tegen, namelijk overmatige talgproductie, vorming van comedonen (mee-eters), vorming van bacteri\u00ebn en zichtbare ontstekingsindicaties. Het milde fruitzuurcomplex vermindert ontstekingen en bevrijdt verstopte pori\u00ebn. Het serum kalmeert ge\u00efrriteerde huid, reduceert rode vlekken en kan het ontstaan van littekens door puistjes voorkomen. Het zorgt voor een huid die er gezond en zuiver uitziet. De gel trekt snel in en plakt niet<\/p>\n<p><strong>Gebruik<\/strong><br \/>\n\u2019s Avonds na de reiniging van de huid ter grootte van minimaal een hazelnoot aanbrengen op gezicht en eventueel ook decollet\u00e9 en lichtjes inmasseren. Ter aanvulling adviseren wij de Phytoclare. Bij extreme onzuiverheden adviseren wij de Seborra Akutroller.<\/p>\n<p><strong>Ingredi\u00ebnten<\/strong><br \/>\nAQUA, GLYCOLIC ACID, NIACINAMIDE, SODIUM HYDROXIDE, SALICYLIC ACID, PROPANEDIOL, GLYCERIN, ZINC PCA, ISATIS TINCTORIA LEAF EXTRACT, ESCULIN, BISABOLOL, RHEUM RHABARBARUM EXTRACT, PHRAGMITES COMMUNIS EXTRACT, PORIA COCOS EXTRACT, TOCOPHEROL, PENTYLENE GLYCOL, CAESALPINIA SPINOSA GUM, GALACTOARABINAN, LACTIC ACID, SORBITOL, ARGININE, BENZOIC ACID, DEHYDROACETIC ACID, SODIUM BENZOATE, PARFUM<\/p>","protected":false},"excerpt":{"rendered":"<p>Nachtverzorging speciaal voor een onzuivere en tot acne neigende huid met fruitzuren, vitamine B3 en zinc<\/p>","protected":false},"featured_media":12353,"comment_status":"closed","ping_status":"closed","template":"","meta":[],"product_brand":[80],"product_cat":[62,56,60],"product_tag":[],"class_list":{"0":"post-12323","1":"product","2":"type-product","3":"status-publish","4":"has-post-thumbnail","6":"product_brand-dermasence","7":"product_cat-dag-en-nachtverzorging","8":"product_cat-dermasence","9":"product_cat-gezicht","11":"first","12":"instock","13":"shipping-taxable","14":"purchasable","15":"product-type-simple"},"yoast_head":"<!-- This site is optimized with the Yoast SEO Premium plugin v27.0 (Yoast SEO v27.2) - https:\/\/yoast.com\/product\/yoast-seo-premium-wordpress\/ -->\n<title>Seborra Serum - Huidenlaserkliniekzeeland<\/title>\n<meta name=\"robots\" content=\"index, follow, max-snippet:-1, max-image-preview:large, max-video-preview:-1\" \/>\n<link rel=\"canonical\" href=\"https:\/\/huidenlaserkliniekzeeland.nl\/en\/product\/seborra-serum\/\" \/>\n<meta property=\"og:locale\" content=\"en_US\" \/>\n<meta property=\"og:type\" content=\"article\" \/>\n<meta property=\"og:title\" content=\"Seborra Serum\" \/>\n<meta property=\"og:description\" content=\"Nachtverzorging speciaal voor een onzuivere en tot acne neigende huid met fruitzuren, vitamine B3 en zinc\" \/>\n<meta property=\"og:url\" content=\"https:\/\/huidenlaserkliniekzeeland.nl\/en\/product\/seborra-serum\/\" \/>\n<meta property=\"og:site_name\" content=\"Huidenlaserkliniekzeeland\" \/>\n<meta property=\"article:modified_time\" content=\"2026-02-09T16:27:17+00:00\" \/>\n<meta property=\"og:image\" content=\"https:\/\/huidenlaserkliniekzeeland.nl\/wp-content\/uploads\/2023\/06\/Seborra_30ml.png\" \/>\n\t<meta property=\"og:image:width\" content=\"700\" \/>\n\t<meta property=\"og:image:height\" content=\"700\" \/>\n\t<meta property=\"og:image:type\" content=\"image\/png\" \/>\n<meta name=\"twitter:card\" content=\"summary_large_image\" \/>\n<meta name=\"twitter:label1\" content=\"Est. reading time\" \/>\n\t<meta name=\"twitter:data1\" content=\"1 minute\" \/>\n<script type=\"application\/ld+json\" class=\"yoast-schema-graph\">{\"@context\":\"https:\/\/schema.org\",\"@graph\":[{\"@type\":\"WebPage\",\"@id\":\"https:\/\/huidenlaserkliniekzeeland.nl\/product\/seborra-serum\/\",\"url\":\"https:\/\/huidenlaserkliniekzeeland.nl\/product\/seborra-serum\/\",\"name\":\"Seborra Serum - Huidenlaserkliniekzeeland\",\"isPartOf\":{\"@id\":\"https:\/\/huidenlaserkliniekzeeland.nl\/#website\"},\"primaryImageOfPage\":{\"@id\":\"https:\/\/huidenlaserkliniekzeeland.nl\/product\/seborra-serum\/#primaryimage\"},\"image\":{\"@id\":\"https:\/\/huidenlaserkliniekzeeland.nl\/product\/seborra-serum\/#primaryimage\"},\"thumbnailUrl\":\"https:\/\/huidenlaserkliniekzeeland.nl\/wp-content\/uploads\/2023\/06\/Seborra_30ml.png\",\"datePublished\":\"2023-06-23T07:37:29+00:00\",\"dateModified\":\"2026-02-09T16:27:17+00:00\",\"breadcrumb\":{\"@id\":\"https:\/\/huidenlaserkliniekzeeland.nl\/product\/seborra-serum\/#breadcrumb\"},\"inLanguage\":\"en-US\",\"potentialAction\":[{\"@type\":\"ReadAction\",\"target\":[\"https:\/\/huidenlaserkliniekzeeland.nl\/product\/seborra-serum\/\"]}]},{\"@type\":\"ImageObject\",\"inLanguage\":\"en-US\",\"@id\":\"https:\/\/huidenlaserkliniekzeeland.nl\/product\/seborra-serum\/#primaryimage\",\"url\":\"https:\/\/huidenlaserkliniekzeeland.nl\/wp-content\/uploads\/2023\/06\/Seborra_30ml.png\",\"contentUrl\":\"https:\/\/huidenlaserkliniekzeeland.nl\/wp-content\/uploads\/2023\/06\/Seborra_30ml.png\",\"width\":700,\"height\":700},{\"@type\":\"BreadcrumbList\",\"@id\":\"https:\/\/huidenlaserkliniekzeeland.nl\/product\/seborra-serum\/#breadcrumb\",\"itemListElement\":[{\"@type\":\"ListItem\",\"position\":1,\"name\":\"Home\",\"item\":\"https:\/\/huidenlaserkliniekzeeland.nl\/\"},{\"@type\":\"ListItem\",\"position\":2,\"name\":\"Shop\",\"item\":\"https:\/\/huidenlaserkliniekzeeland.nl\/shop\/\"},{\"@type\":\"ListItem\",\"position\":3,\"name\":\"Seborra Serum\"}]},{\"@type\":\"WebSite\",\"@id\":\"https:\/\/huidenlaserkliniekzeeland.nl\/#website\",\"url\":\"https:\/\/huidenlaserkliniekzeeland.nl\/\",\"name\":\"Huidenlaserkliniekzeeland\",\"description\":\"Cosmetische chirurgie en huidtherapie in Zeeland\",\"publisher\":{\"@id\":\"https:\/\/huidenlaserkliniekzeeland.nl\/#organization\"},\"potentialAction\":[{\"@type\":\"SearchAction\",\"target\":{\"@type\":\"EntryPoint\",\"urlTemplate\":\"https:\/\/huidenlaserkliniekzeeland.nl\/?s={search_term_string}\"},\"query-input\":{\"@type\":\"PropertyValueSpecification\",\"valueRequired\":true,\"valueName\":\"search_term_string\"}}],\"inLanguage\":\"en-US\"},{\"@type\":\"Organization\",\"@id\":\"https:\/\/huidenlaserkliniekzeeland.nl\/#organization\",\"name\":\"Contrainer\",\"url\":\"https:\/\/huidenlaserkliniekzeeland.nl\/\",\"logo\":{\"@type\":\"ImageObject\",\"inLanguage\":\"en-US\",\"@id\":\"https:\/\/huidenlaserkliniekzeeland.nl\/#\/schema\/logo\/image\/\",\"url\":\"https:\/\/huidenlaserkliniekzeeland.nl\/wp-content\/uploads\/2023\/02\/Contrainer-logo-volledig.png\",\"contentUrl\":\"https:\/\/huidenlaserkliniekzeeland.nl\/wp-content\/uploads\/2023\/02\/Contrainer-logo-volledig.png\",\"width\":1579,\"height\":493,\"caption\":\"Contrainer\"},\"image\":{\"@id\":\"https:\/\/huidenlaserkliniekzeeland.nl\/#\/schema\/logo\/image\/\"}}]}<\/script>\n<!-- \/ Yoast SEO Premium plugin. -->","yoast_head_json":{"title":"Seborra Serum - Huidenlaserkliniekzeeland","robots":{"index":"index","follow":"follow","max-snippet":"max-snippet:-1","max-image-preview":"max-image-preview:large","max-video-preview":"max-video-preview:-1"},"canonical":"https:\/\/huidenlaserkliniekzeeland.nl\/en\/product\/seborra-serum\/","og_locale":"en_US","og_type":"article","og_title":"Seborra Serum","og_description":"Nachtverzorging speciaal voor een onzuivere en tot acne neigende huid met fruitzuren, vitamine B3 en zinc","og_url":"https:\/\/huidenlaserkliniekzeeland.nl\/en\/product\/seborra-serum\/","og_site_name":"Huidenlaserkliniekzeeland","article_modified_time":"2026-02-09T16:27:17+00:00","og_image":[{"width":700,"height":700,"url":"https:\/\/huidenlaserkliniekzeeland.nl\/wp-content\/uploads\/2023\/06\/Seborra_30ml.png","type":"image\/png"}],"twitter_card":"summary_large_image","twitter_misc":{"Est. reading time":"1 minute"},"schema":{"@context":"https:\/\/schema.org","@graph":[{"@type":"WebPage","@id":"https:\/\/huidenlaserkliniekzeeland.nl\/product\/seborra-serum\/","url":"https:\/\/huidenlaserkliniekzeeland.nl\/product\/seborra-serum\/","name":"Seborra Serum - Huidenlaserkliniekzeeland","isPartOf":{"@id":"https:\/\/huidenlaserkliniekzeeland.nl\/#website"},"primaryImageOfPage":{"@id":"https:\/\/huidenlaserkliniekzeeland.nl\/product\/seborra-serum\/#primaryimage"},"image":{"@id":"https:\/\/huidenlaserkliniekzeeland.nl\/product\/seborra-serum\/#primaryimage"},"thumbnailUrl":"https:\/\/huidenlaserkliniekzeeland.nl\/wp-content\/uploads\/2023\/06\/Seborra_30ml.png","datePublished":"2023-06-23T07:37:29+00:00","dateModified":"2026-02-09T16:27:17+00:00","breadcrumb":{"@id":"https:\/\/huidenlaserkliniekzeeland.nl\/product\/seborra-serum\/#breadcrumb"},"inLanguage":"en-US","potentialAction":[{"@type":"ReadAction","target":["https:\/\/huidenlaserkliniekzeeland.nl\/product\/seborra-serum\/"]}]},{"@type":"ImageObject","inLanguage":"en-US","@id":"https:\/\/huidenlaserkliniekzeeland.nl\/product\/seborra-serum\/#primaryimage","url":"https:\/\/huidenlaserkliniekzeeland.nl\/wp-content\/uploads\/2023\/06\/Seborra_30ml.png","contentUrl":"https:\/\/huidenlaserkliniekzeeland.nl\/wp-content\/uploads\/2023\/06\/Seborra_30ml.png","width":700,"height":700},{"@type":"BreadcrumbList","@id":"https:\/\/huidenlaserkliniekzeeland.nl\/product\/seborra-serum\/#breadcrumb","itemListElement":[{"@type":"ListItem","position":1,"name":"Home","item":"https:\/\/huidenlaserkliniekzeeland.nl\/"},{"@type":"ListItem","position":2,"name":"Shop","item":"https:\/\/huidenlaserkliniekzeeland.nl\/shop\/"},{"@type":"ListItem","position":3,"name":"Seborra Serum"}]},{"@type":"WebSite","@id":"https:\/\/huidenlaserkliniekzeeland.nl\/#website","url":"https:\/\/huidenlaserkliniekzeeland.nl\/","name":"Skin laser cliniczeeland","description":"Cosmetic surgery and skin therapy in Zeeland","publisher":{"@id":"https:\/\/huidenlaserkliniekzeeland.nl\/#organization"},"potentialAction":[{"@type":"SearchAction","target":{"@type":"EntryPoint","urlTemplate":"https:\/\/huidenlaserkliniekzeeland.nl\/?s={search_term_string}"},"query-input":{"@type":"PropertyValueSpecification","valueRequired":true,"valueName":"search_term_string"}}],"inLanguage":"en-US"},{"@type":"Organization","@id":"https:\/\/huidenlaserkliniekzeeland.nl\/#organization","name":"Contrainer","url":"https:\/\/huidenlaserkliniekzeeland.nl\/","logo":{"@type":"ImageObject","inLanguage":"en-US","@id":"https:\/\/huidenlaserkliniekzeeland.nl\/#\/schema\/logo\/image\/","url":"https:\/\/huidenlaserkliniekzeeland.nl\/wp-content\/uploads\/2023\/02\/Contrainer-logo-volledig.png","contentUrl":"https:\/\/huidenlaserkliniekzeeland.nl\/wp-content\/uploads\/2023\/02\/Contrainer-logo-volledig.png","width":1579,"height":493,"caption":"Contrainer"},"image":{"@id":"https:\/\/huidenlaserkliniekzeeland.nl\/#\/schema\/logo\/image\/"}}]}},"_links":{"self":[{"href":"https:\/\/huidenlaserkliniekzeeland.nl\/en\/wp-json\/wp\/v2\/product\/12323","targetHints":{"allow":["GET"]}}],"collection":[{"href":"https:\/\/huidenlaserkliniekzeeland.nl\/en\/wp-json\/wp\/v2\/product"}],"about":[{"href":"https:\/\/huidenlaserkliniekzeeland.nl\/en\/wp-json\/wp\/v2\/types\/product"}],"replies":[{"embeddable":true,"href":"https:\/\/huidenlaserkliniekzeeland.nl\/en\/wp-json\/wp\/v2\/comments?post=12323"}],"wp:featuredmedia":[{"embeddable":true,"href":"https:\/\/huidenlaserkliniekzeeland.nl\/en\/wp-json\/wp\/v2\/media\/12353"}],"wp:attachment":[{"href":"https:\/\/huidenlaserkliniekzeeland.nl\/en\/wp-json\/wp\/v2\/media?parent=12323"}],"wp:term":[{"taxonomy":"product_brand","embeddable":true,"href":"https:\/\/huidenlaserkliniekzeeland.nl\/en\/wp-json\/wp\/v2\/product_brand?post=12323"},{"taxonomy":"product_cat","embeddable":true,"href":"https:\/\/huidenlaserkliniekzeeland.nl\/en\/wp-json\/wp\/v2\/product_cat?post=12323"},{"taxonomy":"product_tag","embeddable":true,"href":"https:\/\/huidenlaserkliniekzeeland.nl\/en\/wp-json\/wp\/v2\/product_tag?post=12323"}],"curies":[{"name":"wp","href":"https:\/\/api.w.org\/{rel}","templated":true}]}}