{"id":12322,"date":"2023-06-23T09:37:29","date_gmt":"2023-06-23T07:37:29","guid":{"rendered":"https:\/\/huidenlaserkliniekzeeland.nl\/?post_type=product&#038;p=12322"},"modified":"2026-02-09T17:27:17","modified_gmt":"2026-02-09T16:27:17","slug":"rosamin-getonte-dagcreme-spf50","status":"publish","type":"product","link":"https:\/\/huidenlaserkliniekzeeland.nl\/en\/product\/rosamin-getonte-dagcreme-spf50\/","title":{"rendered":"Rosamin Get\u00f6nte dagcr\u00e8me SPF50"},"content":{"rendered":"<p><strong>Waarom kiezen voor Rosamin Get\u00f6nte dagcr\u00e8me SPF50<\/strong><br \/>\nDe Rosamin getinte dagcr\u00e8me SPF50 is een lichte gelcr\u00e8me met een hoge beschermingsfactor, die door micro kleurpigmenten rode vlekken direct na het aanbrengen vermindert. Door deze techniek verbergen de groene pigmenten direct de rode vlekken op de huid. De corrigerende cr\u00e8me past zich aan op ieder persoon op basis van de huidskleur. Met het 5-voudige plantaardige werkingscomplex en een gistextract versterkt deze emulsie de gevoelige bloedvaatjes van de huid en kan op die manier ontstekingsprocessen voorkomen. De huid heeft meer weerstand en is minder gevoelig.<\/p>\n<p><strong>Gebruik<\/strong><br \/>\nNa de reiniging in de ochtend aanbrengen ter grootte van ongeveer een hazelnoot en inmasseren.<\/p>\n<p><strong>Ingredi\u00ebnten<\/strong><br \/>\nAQUA, C12-15 ALKYL BENZOATE, BUTYL METHOXYDIBENZOYLMETHANE, ETHYLHEXYL STEARATE, ETHYLHEXYL SALICYLATE, TITANIUM DIOXIDE, OCTOCRYLENE, GLYCERIN, POTASSIUM CETYL, PHOSPHATE, ALUMINUM STARCH OCTENYLSUCCINATE, DICAPRYLYL CARBONATE, TITANIUM DIOXIDE (NANO), PHENYLBENZIMIDAZOLE SULFONIC ACID, CI 77492, ESCIN, RUSCUS ACULEATUS ROOT EXTRACT, AMMONIUM GLYCYRRHIZATE, CENTELLA ASIATICA EXTRACT, CALENDULA OFFICINALIS FLOWER EXTRACT, PANTHENOL, GLYCERYL STEARATE, CETEARYL ALCOHOL, BUTYLENE GLYCOL, ETHYLHEXYL TRIAZONE, ALUMINA, ACRYLATES\/C10-30 ALKYL ACRYLATE, CROSSPOLYMER, ETHYLHEXYLGLYCERIN, ISOPROPYL MYRISTATE, AMINOMETHYL PROPANOL, ACRYLATES\/AMMONIUM METHACRYLATE COPOLYMER, CAPRYLYL GLYCOL, PIROCTONE OLAMINE, SIMETICONE, TRIS-BIPHENYL TRIAZINE (NANO), DIETHYLHEXYL SODIUM SULFOSUCCINATE, PROPYLENE GLYCOL, TRIETHYL CITRATE, SODIUM CHLORIDE, SODIUM SULFATE, PHENOXYETHANOL, DECYL GLUCOSIDE, DISODIUM PHOSPHATE, CI 47005, CI 42090, CI 77499, CI 77491, BIS, ETHYLHEXYLOXYPHENOL METHOXYPHENYL TRIAZINE, XANTHAN GUM, SILVER CHLORIDE, HYDROLYZED YEAST PROTEIN, TOCOPHEROL<\/p>\n<p>Let op dit product geeft kleur af!<\/p>","protected":false},"excerpt":{"rendered":"<p>Een camouflerende gelcr\u00e8me met een hoge beschermingsfactor voor een tot couperose en rosacea neigende huid<\/p>","protected":false},"featured_media":12352,"comment_status":"closed","ping_status":"closed","template":"","meta":[],"product_brand":[80],"product_cat":[62,56,60],"product_tag":[],"class_list":{"0":"post-12322","1":"product","2":"type-product","3":"status-publish","4":"has-post-thumbnail","6":"product_brand-dermasence","7":"product_cat-dag-en-nachtverzorging","8":"product_cat-dermasence","9":"product_cat-gezicht","11":"first","12":"instock","13":"shipping-taxable","14":"purchasable","15":"product-type-simple"},"yoast_head":"<!-- This site is optimized with the Yoast SEO Premium plugin v27.0 (Yoast SEO v27.2) - https:\/\/yoast.com\/product\/yoast-seo-premium-wordpress\/ -->\n<title>Rosamin Get\u00f6nte dagcr\u00e8me SPF50 - Huidenlaserkliniekzeeland<\/title>\n<meta name=\"robots\" content=\"index, follow, max-snippet:-1, max-image-preview:large, max-video-preview:-1\" \/>\n<link rel=\"canonical\" href=\"https:\/\/huidenlaserkliniekzeeland.nl\/en\/product\/rosamin-getonte-dagcreme-spf50\/\" \/>\n<meta property=\"og:locale\" content=\"en_US\" \/>\n<meta property=\"og:type\" content=\"article\" \/>\n<meta property=\"og:title\" content=\"Rosamin Get\u00f6nte dagcr\u00e8me SPF50\" \/>\n<meta property=\"og:description\" content=\"Een camouflerende gelcr\u00e8me met een hoge beschermingsfactor voor een tot couperose en rosacea neigende huid\" \/>\n<meta property=\"og:url\" content=\"https:\/\/huidenlaserkliniekzeeland.nl\/en\/product\/rosamin-getonte-dagcreme-spf50\/\" \/>\n<meta property=\"og:site_name\" content=\"Huidenlaserkliniekzeeland\" \/>\n<meta property=\"article:modified_time\" content=\"2026-02-09T16:27:17+00:00\" \/>\n<meta property=\"og:image\" content=\"https:\/\/huidenlaserkliniekzeeland.nl\/wp-content\/uploads\/2023\/06\/RosaMin_getinte_50ml.png\" \/>\n\t<meta property=\"og:image:width\" content=\"700\" \/>\n\t<meta property=\"og:image:height\" content=\"700\" \/>\n\t<meta property=\"og:image:type\" content=\"image\/png\" \/>\n<meta name=\"twitter:card\" content=\"summary_large_image\" \/>\n<meta name=\"twitter:label1\" content=\"Est. reading time\" \/>\n\t<meta name=\"twitter:data1\" content=\"1 minute\" \/>\n<script type=\"application\/ld+json\" class=\"yoast-schema-graph\">{\"@context\":\"https:\/\/schema.org\",\"@graph\":[{\"@type\":\"WebPage\",\"@id\":\"https:\/\/huidenlaserkliniekzeeland.nl\/product\/rosamin-getonte-dagcreme-spf50\/\",\"url\":\"https:\/\/huidenlaserkliniekzeeland.nl\/product\/rosamin-getonte-dagcreme-spf50\/\",\"name\":\"Rosamin Get\u00f6nte dagcr\u00e8me SPF50 - Huidenlaserkliniekzeeland\",\"isPartOf\":{\"@id\":\"https:\/\/huidenlaserkliniekzeeland.nl\/#website\"},\"primaryImageOfPage\":{\"@id\":\"https:\/\/huidenlaserkliniekzeeland.nl\/product\/rosamin-getonte-dagcreme-spf50\/#primaryimage\"},\"image\":{\"@id\":\"https:\/\/huidenlaserkliniekzeeland.nl\/product\/rosamin-getonte-dagcreme-spf50\/#primaryimage\"},\"thumbnailUrl\":\"https:\/\/huidenlaserkliniekzeeland.nl\/wp-content\/uploads\/2023\/06\/RosaMin_getinte_50ml.png\",\"datePublished\":\"2023-06-23T07:37:29+00:00\",\"dateModified\":\"2026-02-09T16:27:17+00:00\",\"breadcrumb\":{\"@id\":\"https:\/\/huidenlaserkliniekzeeland.nl\/product\/rosamin-getonte-dagcreme-spf50\/#breadcrumb\"},\"inLanguage\":\"en-US\",\"potentialAction\":[{\"@type\":\"ReadAction\",\"target\":[\"https:\/\/huidenlaserkliniekzeeland.nl\/product\/rosamin-getonte-dagcreme-spf50\/\"]}]},{\"@type\":\"ImageObject\",\"inLanguage\":\"en-US\",\"@id\":\"https:\/\/huidenlaserkliniekzeeland.nl\/product\/rosamin-getonte-dagcreme-spf50\/#primaryimage\",\"url\":\"https:\/\/huidenlaserkliniekzeeland.nl\/wp-content\/uploads\/2023\/06\/RosaMin_getinte_50ml.png\",\"contentUrl\":\"https:\/\/huidenlaserkliniekzeeland.nl\/wp-content\/uploads\/2023\/06\/RosaMin_getinte_50ml.png\",\"width\":700,\"height\":700},{\"@type\":\"BreadcrumbList\",\"@id\":\"https:\/\/huidenlaserkliniekzeeland.nl\/product\/rosamin-getonte-dagcreme-spf50\/#breadcrumb\",\"itemListElement\":[{\"@type\":\"ListItem\",\"position\":1,\"name\":\"Home\",\"item\":\"https:\/\/huidenlaserkliniekzeeland.nl\/\"},{\"@type\":\"ListItem\",\"position\":2,\"name\":\"Shop\",\"item\":\"https:\/\/huidenlaserkliniekzeeland.nl\/shop\/\"},{\"@type\":\"ListItem\",\"position\":3,\"name\":\"Rosamin Get\u00f6nte dagcr\u00e8me SPF50\"}]},{\"@type\":\"WebSite\",\"@id\":\"https:\/\/huidenlaserkliniekzeeland.nl\/#website\",\"url\":\"https:\/\/huidenlaserkliniekzeeland.nl\/\",\"name\":\"Huidenlaserkliniekzeeland\",\"description\":\"Cosmetische chirurgie en huidtherapie in Zeeland\",\"publisher\":{\"@id\":\"https:\/\/huidenlaserkliniekzeeland.nl\/#organization\"},\"potentialAction\":[{\"@type\":\"SearchAction\",\"target\":{\"@type\":\"EntryPoint\",\"urlTemplate\":\"https:\/\/huidenlaserkliniekzeeland.nl\/?s={search_term_string}\"},\"query-input\":{\"@type\":\"PropertyValueSpecification\",\"valueRequired\":true,\"valueName\":\"search_term_string\"}}],\"inLanguage\":\"en-US\"},{\"@type\":\"Organization\",\"@id\":\"https:\/\/huidenlaserkliniekzeeland.nl\/#organization\",\"name\":\"Contrainer\",\"url\":\"https:\/\/huidenlaserkliniekzeeland.nl\/\",\"logo\":{\"@type\":\"ImageObject\",\"inLanguage\":\"en-US\",\"@id\":\"https:\/\/huidenlaserkliniekzeeland.nl\/#\/schema\/logo\/image\/\",\"url\":\"https:\/\/huidenlaserkliniekzeeland.nl\/wp-content\/uploads\/2023\/02\/Contrainer-logo-volledig.png\",\"contentUrl\":\"https:\/\/huidenlaserkliniekzeeland.nl\/wp-content\/uploads\/2023\/02\/Contrainer-logo-volledig.png\",\"width\":1579,\"height\":493,\"caption\":\"Contrainer\"},\"image\":{\"@id\":\"https:\/\/huidenlaserkliniekzeeland.nl\/#\/schema\/logo\/image\/\"}}]}<\/script>\n<!-- \/ Yoast SEO Premium plugin. -->","yoast_head_json":{"title":"Rosamin Get\u00f6nte dagcr\u00e8me SPF50 - Huidenlaserkliniekzeeland","robots":{"index":"index","follow":"follow","max-snippet":"max-snippet:-1","max-image-preview":"max-image-preview:large","max-video-preview":"max-video-preview:-1"},"canonical":"https:\/\/huidenlaserkliniekzeeland.nl\/en\/product\/rosamin-getonte-dagcreme-spf50\/","og_locale":"en_US","og_type":"article","og_title":"Rosamin Get\u00f6nte dagcr\u00e8me SPF50","og_description":"Een camouflerende gelcr\u00e8me met een hoge beschermingsfactor voor een tot couperose en rosacea neigende huid","og_url":"https:\/\/huidenlaserkliniekzeeland.nl\/en\/product\/rosamin-getonte-dagcreme-spf50\/","og_site_name":"Huidenlaserkliniekzeeland","article_modified_time":"2026-02-09T16:27:17+00:00","og_image":[{"width":700,"height":700,"url":"https:\/\/huidenlaserkliniekzeeland.nl\/wp-content\/uploads\/2023\/06\/RosaMin_getinte_50ml.png","type":"image\/png"}],"twitter_card":"summary_large_image","twitter_misc":{"Est. reading time":"1 minute"},"schema":{"@context":"https:\/\/schema.org","@graph":[{"@type":"WebPage","@id":"https:\/\/huidenlaserkliniekzeeland.nl\/product\/rosamin-getonte-dagcreme-spf50\/","url":"https:\/\/huidenlaserkliniekzeeland.nl\/product\/rosamin-getonte-dagcreme-spf50\/","name":"Rosamin Get\u00f6nte dagcr\u00e8me SPF50 - Huidenlaserkliniekzeeland","isPartOf":{"@id":"https:\/\/huidenlaserkliniekzeeland.nl\/#website"},"primaryImageOfPage":{"@id":"https:\/\/huidenlaserkliniekzeeland.nl\/product\/rosamin-getonte-dagcreme-spf50\/#primaryimage"},"image":{"@id":"https:\/\/huidenlaserkliniekzeeland.nl\/product\/rosamin-getonte-dagcreme-spf50\/#primaryimage"},"thumbnailUrl":"https:\/\/huidenlaserkliniekzeeland.nl\/wp-content\/uploads\/2023\/06\/RosaMin_getinte_50ml.png","datePublished":"2023-06-23T07:37:29+00:00","dateModified":"2026-02-09T16:27:17+00:00","breadcrumb":{"@id":"https:\/\/huidenlaserkliniekzeeland.nl\/product\/rosamin-getonte-dagcreme-spf50\/#breadcrumb"},"inLanguage":"en-US","potentialAction":[{"@type":"ReadAction","target":["https:\/\/huidenlaserkliniekzeeland.nl\/product\/rosamin-getonte-dagcreme-spf50\/"]}]},{"@type":"ImageObject","inLanguage":"en-US","@id":"https:\/\/huidenlaserkliniekzeeland.nl\/product\/rosamin-getonte-dagcreme-spf50\/#primaryimage","url":"https:\/\/huidenlaserkliniekzeeland.nl\/wp-content\/uploads\/2023\/06\/RosaMin_getinte_50ml.png","contentUrl":"https:\/\/huidenlaserkliniekzeeland.nl\/wp-content\/uploads\/2023\/06\/RosaMin_getinte_50ml.png","width":700,"height":700},{"@type":"BreadcrumbList","@id":"https:\/\/huidenlaserkliniekzeeland.nl\/product\/rosamin-getonte-dagcreme-spf50\/#breadcrumb","itemListElement":[{"@type":"ListItem","position":1,"name":"Home","item":"https:\/\/huidenlaserkliniekzeeland.nl\/"},{"@type":"ListItem","position":2,"name":"Shop","item":"https:\/\/huidenlaserkliniekzeeland.nl\/shop\/"},{"@type":"ListItem","position":3,"name":"Rosamin Get\u00f6nte dagcr\u00e8me SPF50"}]},{"@type":"WebSite","@id":"https:\/\/huidenlaserkliniekzeeland.nl\/#website","url":"https:\/\/huidenlaserkliniekzeeland.nl\/","name":"Skin laser cliniczeeland","description":"Cosmetic surgery and skin therapy in Zeeland","publisher":{"@id":"https:\/\/huidenlaserkliniekzeeland.nl\/#organization"},"potentialAction":[{"@type":"SearchAction","target":{"@type":"EntryPoint","urlTemplate":"https:\/\/huidenlaserkliniekzeeland.nl\/?s={search_term_string}"},"query-input":{"@type":"PropertyValueSpecification","valueRequired":true,"valueName":"search_term_string"}}],"inLanguage":"en-US"},{"@type":"Organization","@id":"https:\/\/huidenlaserkliniekzeeland.nl\/#organization","name":"Contrainer","url":"https:\/\/huidenlaserkliniekzeeland.nl\/","logo":{"@type":"ImageObject","inLanguage":"en-US","@id":"https:\/\/huidenlaserkliniekzeeland.nl\/#\/schema\/logo\/image\/","url":"https:\/\/huidenlaserkliniekzeeland.nl\/wp-content\/uploads\/2023\/02\/Contrainer-logo-volledig.png","contentUrl":"https:\/\/huidenlaserkliniekzeeland.nl\/wp-content\/uploads\/2023\/02\/Contrainer-logo-volledig.png","width":1579,"height":493,"caption":"Contrainer"},"image":{"@id":"https:\/\/huidenlaserkliniekzeeland.nl\/#\/schema\/logo\/image\/"}}]}},"_links":{"self":[{"href":"https:\/\/huidenlaserkliniekzeeland.nl\/en\/wp-json\/wp\/v2\/product\/12322","targetHints":{"allow":["GET"]}}],"collection":[{"href":"https:\/\/huidenlaserkliniekzeeland.nl\/en\/wp-json\/wp\/v2\/product"}],"about":[{"href":"https:\/\/huidenlaserkliniekzeeland.nl\/en\/wp-json\/wp\/v2\/types\/product"}],"replies":[{"embeddable":true,"href":"https:\/\/huidenlaserkliniekzeeland.nl\/en\/wp-json\/wp\/v2\/comments?post=12322"}],"wp:featuredmedia":[{"embeddable":true,"href":"https:\/\/huidenlaserkliniekzeeland.nl\/en\/wp-json\/wp\/v2\/media\/12352"}],"wp:attachment":[{"href":"https:\/\/huidenlaserkliniekzeeland.nl\/en\/wp-json\/wp\/v2\/media?parent=12322"}],"wp:term":[{"taxonomy":"product_brand","embeddable":true,"href":"https:\/\/huidenlaserkliniekzeeland.nl\/en\/wp-json\/wp\/v2\/product_brand?post=12322"},{"taxonomy":"product_cat","embeddable":true,"href":"https:\/\/huidenlaserkliniekzeeland.nl\/en\/wp-json\/wp\/v2\/product_cat?post=12322"},{"taxonomy":"product_tag","embeddable":true,"href":"https:\/\/huidenlaserkliniekzeeland.nl\/en\/wp-json\/wp\/v2\/product_tag?post=12322"}],"curies":[{"name":"wp","href":"https:\/\/api.w.org\/{rel}","templated":true}]}}